{"id":118746,"date":"2025-02-07T13:10:35","date_gmt":"2025-02-07T18:10:35","guid":{"rendered":"https:\/\/plattalaw.com\/kampania-radiowa-na-stronie-podziekowania\/"},"modified":"2026-03-06T13:59:44","modified_gmt":"2026-03-06T18:59:44","slug":"kampania-radiowa-na-stronie-podziekowania","status":"publish","type":"page","link":"https:\/\/plattalaw.com\/pl\/kampania-radiowa-na-stronie-podziekowania\/","title":{"rendered":"Kampania radiowa na stronie podzi\u0119kowania"},"content":{"rendered":"\t\t<div data-elementor-type=\"wp-page\" data-elementor-id=\"118746\" class=\"elementor elementor-118746 elementor-92802\" data-elementor-post-type=\"page\">\n\t\t\t\t<div class=\"elementor-element elementor-element-75631aa e-flex e-con-boxed e-con e-parent\" data-id=\"75631aa\" data-element_type=\"container\" data-e-type=\"container\" data-settings=\"{&quot;background_background&quot;:&quot;classic&quot;}\">\n\t\t\t\t\t<div class=\"e-con-inner\">\n\t\t\t\t<div class=\"elementor-element elementor-element-e9fddf7 elementor-widget elementor-widget-heading\" data-id=\"e9fddf7\" data-element_type=\"widget\" data-e-type=\"widget\" data-widget_type=\"heading.default\">\n\t\t\t\t\t<h1 class=\"elementor-heading-title elementor-size-default\"><span style=\"font-size:50px\">Dzi\u0119kujemy!<\/span><\/h1>\t\t\t\t<\/div>\n\t\t\t\t<div class=\"elementor-element elementor-element-53444aa elementor-widget elementor-widget-text-editor\" data-id=\"53444aa\" data-element_type=\"widget\" data-e-type=\"widget\" data-widget_type=\"text-editor.default\">\n\t\t\t\t\t\t\t\t\tDzi\u0119kujemy za zapytanie. Przyj\u0119li\u015bmy Pa\u0144stwa spraw\u0119 do rozpatrzenia przez nasz\u0105 kancelari\u0119 prawn\u0105.  <br>Nasi prawnicy skontaktuj\u0105 si\u0119 z Pa\u0144stwem niezw\u0142ocznie\t\t\t\t\t\t\t\t<\/div>\n\t\t\t\t\t<\/div>\n\t\t\t\t<\/div>\n\t\t\t\t<\/div>\n\t\t","protected":false},"excerpt":{"rendered":"<p>Dzi\u0119kujemy! Dzi\u0119kujemy za zapytanie. Przyj\u0119li\u015bmy Pa\u0144stwa spraw\u0119 do rozpatrzenia przez nasz\u0105 kancelari\u0119 prawn\u0105. Nasi prawnicy skontaktuj\u0105 si\u0119 z Pa\u0144stwem niezw\u0142ocznie<\/p>\n","protected":false},"author":2,"featured_media":0,"parent":0,"menu_order":0,"comment_status":"closed","ping_status":"closed","template":"elementor_header_footer","meta":{"footnotes":""},"class_list":["post-118746","page","type-page","status-publish","hentry"],"yoast_head":"<!-- This site is optimized with the Yoast SEO Premium plugin v27.3 (Yoast SEO v27.3) - https:\/\/yoast.com\/product\/yoast-seo-premium-wordpress\/ -->\n<title>Kampania radiowa na stronie podzi\u0119kowania - The Platta Law Firm<\/title>\n<meta name=\"robots\" content=\"noindex, nofollow\" \/>\n<meta property=\"og:locale\" content=\"pl_PL\" \/>\n<meta property=\"og:type\" content=\"article\" \/>\n<meta property=\"og:title\" content=\"Kampania radiowa na stronie podzi\u0119kowania\" \/>\n<meta property=\"og:description\" content=\"Dzi\u0119kujemy! Dzi\u0119kujemy za zapytanie. Przyj\u0119li\u015bmy Pa\u0144stwa spraw\u0119 do rozpatrzenia przez nasz\u0105 kancelari\u0119 prawn\u0105. Nasi prawnicy skontaktuj\u0105 si\u0119 z Pa\u0144stwem niezw\u0142ocznie\" \/>\n<meta property=\"og:url\" content=\"https:\/\/plattalaw.com\/pl\/kampania-radiowa-na-stronie-podziekowania\/\" \/>\n<meta property=\"og:site_name\" content=\"The Platta Law Firm\" \/>\n<meta property=\"article:modified_time\" content=\"2026-03-06T18:59:44+00:00\" \/>\n<meta name=\"twitter:card\" content=\"summary_large_image\" \/>\n<script type=\"application\/ld+json\" class=\"yoast-schema-graph\">{\"@context\":\"https:\\\/\\\/schema.org\",\"@graph\":[{\"@type\":\"WebPage\",\"@id\":\"https:\\\/\\\/plattalaw.com\\\/pl\\\/kampania-radiowa-na-stronie-podziekowania\\\/\",\"url\":\"https:\\\/\\\/plattalaw.com\\\/pl\\\/kampania-radiowa-na-stronie-podziekowania\\\/\",\"name\":\"Kampania radiowa na stronie podzi\u0119kowania - The Platta Law Firm\",\"isPartOf\":{\"@id\":\"https:\\\/\\\/plattalaw.com\\\/pl\\\/#website\"},\"datePublished\":\"2025-02-07T18:10:35+00:00\",\"dateModified\":\"2026-03-06T18:59:44+00:00\",\"breadcrumb\":{\"@id\":\"https:\\\/\\\/plattalaw.com\\\/pl\\\/kampania-radiowa-na-stronie-podziekowania\\\/#breadcrumb\"},\"inLanguage\":\"pl-PL\",\"potentialAction\":[{\"@type\":\"ReadAction\",\"target\":[\"https:\\\/\\\/plattalaw.com\\\/pl\\\/kampania-radiowa-na-stronie-podziekowania\\\/\"]}]},{\"@type\":\"BreadcrumbList\",\"@id\":\"https:\\\/\\\/plattalaw.com\\\/pl\\\/kampania-radiowa-na-stronie-podziekowania\\\/#breadcrumb\",\"itemListElement\":[{\"@type\":\"ListItem\",\"position\":1,\"name\":\"Strona g\u0142\u00f3wna\",\"item\":\"https:\\\/\\\/plattalaw.com\\\/pl\\\/\"},{\"@type\":\"ListItem\",\"position\":2,\"name\":\"Kampania radiowa na stronie podzi\u0119kowania\"}]},{\"@type\":\"WebSite\",\"@id\":\"https:\\\/\\\/plattalaw.com\\\/pl\\\/#website\",\"url\":\"https:\\\/\\\/plattalaw.com\\\/pl\\\/\",\"name\":\"The Platta Law Firm\",\"description\":\"Personal Injury Lawyer\",\"publisher\":{\"@id\":\"https:\\\/\\\/plattalaw.com\\\/pl\\\/#organization\"},\"potentialAction\":[{\"@type\":\"SearchAction\",\"target\":{\"@type\":\"EntryPoint\",\"urlTemplate\":\"https:\\\/\\\/plattalaw.com\\\/pl\\\/?s={search_term_string}\"},\"query-input\":{\"@type\":\"PropertyValueSpecification\",\"valueRequired\":true,\"valueName\":\"search_term_string\"}}],\"inLanguage\":\"pl-PL\"},{\"@type\":\"Organization\",\"@id\":\"https:\\\/\\\/plattalaw.com\\\/pl\\\/#organization\",\"name\":\"Kancelaria Prawna Platta\",\"url\":\"https:\\\/\\\/plattalaw.com\\\/pl\\\/\",\"logo\":{\"@type\":\"ImageObject\",\"inLanguage\":\"pl-PL\",\"@id\":\"https:\\\/\\\/plattalaw.com\\\/pl\\\/#\\\/schema\\\/logo\\\/image\\\/\",\"url\":\"https:\\\/\\\/plattalaw.com\\\/wp-content\\\/uploads\\\/2021\\\/07\\\/The-Platta-Law-Firm-Website-Logo.webp\",\"contentUrl\":\"https:\\\/\\\/plattalaw.com\\\/wp-content\\\/uploads\\\/2021\\\/07\\\/The-Platta-Law-Firm-Website-Logo.webp\",\"width\":1648,\"height\":198,\"caption\":\"Kancelaria Prawna Platta\"},\"image\":{\"@id\":\"https:\\\/\\\/plattalaw.com\\\/pl\\\/#\\\/schema\\\/logo\\\/image\\\/\"}}]}<\/script>\n<!-- \/ Yoast SEO Premium plugin. -->","yoast_head_json":{"title":"Kampania radiowa na stronie podzi\u0119kowania - The Platta Law Firm","robots":{"index":"noindex","follow":"nofollow"},"og_locale":"pl_PL","og_type":"article","og_title":"Kampania radiowa na stronie podzi\u0119kowania","og_description":"Dzi\u0119kujemy! Dzi\u0119kujemy za zapytanie. Przyj\u0119li\u015bmy Pa\u0144stwa spraw\u0119 do rozpatrzenia przez nasz\u0105 kancelari\u0119 prawn\u0105. Nasi prawnicy skontaktuj\u0105 si\u0119 z Pa\u0144stwem niezw\u0142ocznie","og_url":"https:\/\/plattalaw.com\/pl\/kampania-radiowa-na-stronie-podziekowania\/","og_site_name":"The Platta Law Firm","article_modified_time":"2026-03-06T18:59:44+00:00","twitter_card":"summary_large_image","schema":{"@context":"https:\/\/schema.org","@graph":[{"@type":"WebPage","@id":"https:\/\/plattalaw.com\/pl\/kampania-radiowa-na-stronie-podziekowania\/","url":"https:\/\/plattalaw.com\/pl\/kampania-radiowa-na-stronie-podziekowania\/","name":"Kampania radiowa na stronie podzi\u0119kowania - The Platta Law Firm","isPartOf":{"@id":"https:\/\/plattalaw.com\/pl\/#website"},"datePublished":"2025-02-07T18:10:35+00:00","dateModified":"2026-03-06T18:59:44+00:00","breadcrumb":{"@id":"https:\/\/plattalaw.com\/pl\/kampania-radiowa-na-stronie-podziekowania\/#breadcrumb"},"inLanguage":"pl-PL","potentialAction":[{"@type":"ReadAction","target":["https:\/\/plattalaw.com\/pl\/kampania-radiowa-na-stronie-podziekowania\/"]}]},{"@type":"BreadcrumbList","@id":"https:\/\/plattalaw.com\/pl\/kampania-radiowa-na-stronie-podziekowania\/#breadcrumb","itemListElement":[{"@type":"ListItem","position":1,"name":"Strona g\u0142\u00f3wna","item":"https:\/\/plattalaw.com\/pl\/"},{"@type":"ListItem","position":2,"name":"Kampania radiowa na stronie podzi\u0119kowania"}]},{"@type":"WebSite","@id":"https:\/\/plattalaw.com\/pl\/#website","url":"https:\/\/plattalaw.com\/pl\/","name":"The Platta Law Firm","description":"Personal Injury Lawyer","publisher":{"@id":"https:\/\/plattalaw.com\/pl\/#organization"},"potentialAction":[{"@type":"SearchAction","target":{"@type":"EntryPoint","urlTemplate":"https:\/\/plattalaw.com\/pl\/?s={search_term_string}"},"query-input":{"@type":"PropertyValueSpecification","valueRequired":true,"valueName":"search_term_string"}}],"inLanguage":"pl-PL"},{"@type":"Organization","@id":"https:\/\/plattalaw.com\/pl\/#organization","name":"Kancelaria Prawna Platta","url":"https:\/\/plattalaw.com\/pl\/","logo":{"@type":"ImageObject","inLanguage":"pl-PL","@id":"https:\/\/plattalaw.com\/pl\/#\/schema\/logo\/image\/","url":"https:\/\/plattalaw.com\/wp-content\/uploads\/2021\/07\/The-Platta-Law-Firm-Website-Logo.webp","contentUrl":"https:\/\/plattalaw.com\/wp-content\/uploads\/2021\/07\/The-Platta-Law-Firm-Website-Logo.webp","width":1648,"height":198,"caption":"Kancelaria Prawna Platta"},"image":{"@id":"https:\/\/plattalaw.com\/pl\/#\/schema\/logo\/image\/"}}]}},"_links":{"self":[{"href":"https:\/\/plattalaw.com\/pl\/wp-json\/wp\/v2\/pages\/118746","targetHints":{"allow":["GET"]}}],"collection":[{"href":"https:\/\/plattalaw.com\/pl\/wp-json\/wp\/v2\/pages"}],"about":[{"href":"https:\/\/plattalaw.com\/pl\/wp-json\/wp\/v2\/types\/page"}],"author":[{"embeddable":true,"href":"https:\/\/plattalaw.com\/pl\/wp-json\/wp\/v2\/users\/2"}],"replies":[{"embeddable":true,"href":"https:\/\/plattalaw.com\/pl\/wp-json\/wp\/v2\/comments?post=118746"}],"version-history":[{"count":0,"href":"https:\/\/plattalaw.com\/pl\/wp-json\/wp\/v2\/pages\/118746\/revisions"}],"wp:attachment":[{"href":"https:\/\/plattalaw.com\/pl\/wp-json\/wp\/v2\/media?parent=118746"}],"curies":[{"name":"wp","href":"https:\/\/api.w.org\/{rel}","templated":true}]}}