{"id":118710,"date":"2024-04-19T11:47:16","date_gmt":"2024-04-19T15:47:16","guid":{"rendered":"https:\/\/plattalaw.com\/laureat-stypendium-2023\/"},"modified":"2026-03-06T13:52:33","modified_gmt":"2026-03-06T18:52:33","slug":"laureat-stypendium-2023","status":"publish","type":"page","link":"https:\/\/plattalaw.com\/pl\/laureat-stypendium-2023\/","title":{"rendered":"Laureat Stypendium 2023"},"content":{"rendered":"\t\t<div data-elementor-type=\"wp-page\" data-elementor-id=\"118710\" class=\"elementor elementor-118710 elementor-76229\" data-elementor-post-type=\"page\">\n\t\t\t\t<div class=\"elementor-element elementor-element-0d1ba14 elementor-hidden-tablet e-flex e-con-boxed e-con e-parent\" data-id=\"0d1ba14\" data-element_type=\"container\" data-e-type=\"container\" data-settings=\"{&quot;background_background&quot;:&quot;classic&quot;}\">\n\t\t\t\t\t<div class=\"e-con-inner\">\n\t\t\t\t<div class=\"elementor-element elementor-element-a8ea13d elementor-hidden-desktop elementor-hidden-tablet elementor-widget-mobile__width-initial elementor-widget elementor-widget-heading\" data-id=\"a8ea13d\" data-element_type=\"widget\" data-e-type=\"widget\" data-widget_type=\"heading.default\">\n\t\t\t\t\t<p class=\"elementor-heading-title elementor-size-default\">STYPENDIUM DLA OS\u00d3B Z NIEPE\u0141NOSPRAWNO\u015aCIAMI<\/p>\t\t\t\t<\/div>\n\t\t\t\t<div class=\"elementor-element elementor-element-c64a00c elementor-align-center elementor-hidden-desktop elementor-hidden-tablet elementor-widget elementor-widget-button\" data-id=\"c64a00c\" data-element_type=\"widget\" data-e-type=\"widget\" data-widget_type=\"button.default\">\n\t\t\t\t\t\t\t\t\t\t<a class=\"elementor-button elementor-button-link elementor-size-sm elementor-animation-shrink\" href=\"#free-case-evaluation\">\n\t\t\t\t\t\t<span class=\"elementor-button-content-wrapper\">\n\t\t\t\t\t\t\t\t\t<span class=\"elementor-button-text\">Bezp\u0142atna ocena sprawy<\/span>\n\t\t\t\t\t<\/span>\n\t\t\t\t\t<\/a>\n\t\t\t\t\t\t\t\t<\/div>\n\t\t\t\t\t<\/div>\n\t\t\t\t<\/div>\n\t\t<div class=\"elementor-element elementor-element-c929cf2 e-flex e-con-boxed e-con e-parent\" data-id=\"c929cf2\" data-element_type=\"container\" data-e-type=\"container\">\n\t\t\t\t\t<div class=\"e-con-inner\">\n\t\t<div class=\"elementor-element elementor-element-d61512d e-con-full e-flex e-con e-child\" data-id=\"d61512d\" data-element_type=\"container\" data-e-type=\"container\" data-settings=\"{&quot;background_background&quot;:&quot;classic&quot;}\">\n\t\t\t\t<div class=\"elementor-element elementor-element-cc19f9a elementor-widget elementor-widget-spacer\" data-id=\"cc19f9a\" data-element_type=\"widget\" data-e-type=\"widget\" data-widget_type=\"spacer.default\">\n\t\t\t\t\t\t\t<div class=\"elementor-spacer\">\n\t\t\t<div class=\"elementor-spacer-inner\"><\/div>\n\t\t<\/div>\n\t\t\t\t\t\t<\/div>\n\t\t\t\t<\/div>\n\t\t<div class=\"elementor-element elementor-element-e48a05f e-con-full e-flex e-con e-child\" data-id=\"e48a05f\" data-element_type=\"container\" data-e-type=\"container\">\n\t\t\t\t<div class=\"elementor-element elementor-element-30656a3 elementor-widget elementor-widget-heading\" data-id=\"30656a3\" data-element_type=\"widget\" data-e-type=\"widget\" data-widget_type=\"heading.default\">\n\t\t\t\t\t<h1 class=\"elementor-heading-title elementor-size-default\">Laureat Stypendium 2023<\/h1>\t\t\t\t<\/div>\n\t\t\t\t<div class=\"elementor-element elementor-element-9706648 elementor-widget elementor-widget-text-editor\" data-id=\"9706648\" data-element_type=\"widget\" data-e-type=\"widget\" data-widget_type=\"text-editor.default\">\n\t\t\t\t\t\t\t\t\t<p>Jeste\u015bmy niezmiernie dumni, og\u0142aszaj\u0105c laureata tegorocznego Stypendium dla Student\u00f3w z Niepe\u0142nosprawno\u015bciami: Jonathan Walton! \ud83c\udf89 B\u0119d\u0105cy wzorem inspiracji i wytrwa\u0142o\u015bci, Jonathan pochodzi z Georgii, ale obecnie nazywa NYU swoim domem, realizuj\u0105c swoje marzenia i aspiracje akademickie. <\/p><p>To stypendium to nie tylko uznanie osi\u0105gni\u0119\u0107 akademickich; to celebracja pokonywania przeszk\u00f3d, przekraczania oczekiwa\u0144 i wykorzystywania swojego prawdziwego potencja\u0142u w obliczu przeciwno\u015bci losu. Podr\u00f3\u017c Jonathana uosabia ducha odporno\u015bci, determinacji i niezachwianego zaanga\u017cowania w d\u0105\u017cenie do doskona\u0142o\u015bci, kt\u00f3re g\u0142\u0119boko podziwiamy i wspieramy w Kancelarii Prawnej Platta. <\/p><p>Sk\u0142adaj\u0105c Jonathanowi serdeczne gratulacje, wyra\u017camy r\u00f3wnie\u017c wdzi\u0119czno\u015b\u0107 wszystkim kandydatom, kt\u00f3rzy podzielili si\u0119 z nami swoimi niezwyk\u0142ymi historiami. Wasza odwaga, pasja i wytrwa\u0142o\u015b\u0107 inspiruj\u0105 nas ka\u017cdego dnia, przypominaj\u0105c o sile ludzkiego ducha w pokonywaniu wyzwa\u0144. <\/p><p>\u017byczymy Jonathanowi dalszych sukces\u00f3w i przysz\u0142o\u015bci pe\u0142nej mo\u017cliwo\u015bci! <\/p>\t\t\t\t\t\t\t\t<\/div>\n\t\t\t\t<\/div>\n\t\t\t\t\t<\/div>\n\t\t\t\t<\/div>\n\t\t\t\t<\/div>\n\t\t","protected":false},"excerpt":{"rendered":"<p>STYPENDIUM DLA OS\u00d3B Z NIEPE\u0141NOSPRAWNO\u015aCIAMI Bezp\u0142atna ocena sprawy Laureat Stypendium 2023 Jeste\u015bmy niezmiernie dumni, og\u0142aszaj\u0105c laureata tegorocznego Stypendium dla Student\u00f3w z Niepe\u0142nosprawno\u015bciami: Jonathan Walton! \ud83c\udf89 B\u0119d\u0105cy wzorem inspiracji i wytrwa\u0142o\u015bci, Jonathan pochodzi z Georgii, ale obecnie nazywa NYU swoim domem, realizuj\u0105c swoje marzenia i aspiracje akademickie. To stypendium to nie tylko uznanie osi\u0105gni\u0119\u0107 akademickich; to [&hellip;]<\/p>\n","protected":false},"author":2,"featured_media":0,"parent":0,"menu_order":0,"comment_status":"closed","ping_status":"closed","template":"elementor_header_footer","meta":{"footnotes":""},"class_list":["post-118710","page","type-page","status-publish","hentry"],"yoast_head":"<!-- This site is optimized with the Yoast SEO Premium plugin v27.4 (Yoast SEO v27.4) - https:\/\/yoast.com\/product\/yoast-seo-premium-wordpress\/ -->\n<title>Laureat Stypendium 2023<\/title>\n<meta name=\"description\" content=\"Kancelaria Prawna Platta z dum\u0105 og\u0142asza laureata naszego pierwszego stypendium dla student\u00f3w z niepe\u0142nosprawno\u015bciami. Nasz laureat jest pocz\u0105tkuj\u0105cym muzykiem.\" \/>\n<meta name=\"robots\" content=\"index, follow, max-snippet:-1, max-image-preview:large, max-video-preview:-1\" \/>\n<link rel=\"canonical\" href=\"https:\/\/plattalaw.com\/pl\/laureat-stypendium-2023\/\" \/>\n<meta property=\"og:locale\" content=\"pl_PL\" \/>\n<meta property=\"og:type\" content=\"article\" \/>\n<meta property=\"og:title\" content=\"Laureat Stypendium 2023\" \/>\n<meta property=\"og:description\" content=\"Kancelaria Prawna Platta z dum\u0105 og\u0142asza laureata naszego pierwszego stypendium dla student\u00f3w z niepe\u0142nosprawno\u015bciami. Nasz laureat jest pocz\u0105tkuj\u0105cym muzykiem.\" \/>\n<meta property=\"og:url\" content=\"https:\/\/plattalaw.com\/pl\/laureat-stypendium-2023\/\" \/>\n<meta property=\"og:site_name\" content=\"The Platta Law Firm\" \/>\n<meta property=\"article:modified_time\" content=\"2026-03-06T18:52:33+00:00\" \/>\n<meta name=\"twitter:card\" content=\"summary_large_image\" \/>\n<meta name=\"twitter:label1\" content=\"Szacowany czas czytania\" \/>\n\t<meta name=\"twitter:data1\" content=\"1 minuta\" \/>\n<script type=\"application\/ld+json\" class=\"yoast-schema-graph\">{\"@context\":\"https:\\\/\\\/schema.org\",\"@graph\":[{\"@type\":\"WebPage\",\"@id\":\"https:\\\/\\\/plattalaw.com\\\/pl\\\/laureat-stypendium-2023\\\/\",\"url\":\"https:\\\/\\\/plattalaw.com\\\/pl\\\/laureat-stypendium-2023\\\/\",\"name\":\"Laureat Stypendium 2023\",\"isPartOf\":{\"@id\":\"https:\\\/\\\/plattalaw.com\\\/pl\\\/#website\"},\"datePublished\":\"2024-04-19T15:47:16+00:00\",\"dateModified\":\"2026-03-06T18:52:33+00:00\",\"description\":\"Kancelaria Prawna Platta z dum\u0105 og\u0142asza laureata naszego pierwszego stypendium dla student\u00f3w z niepe\u0142nosprawno\u015bciami. Nasz laureat jest pocz\u0105tkuj\u0105cym muzykiem.\",\"breadcrumb\":{\"@id\":\"https:\\\/\\\/plattalaw.com\\\/pl\\\/laureat-stypendium-2023\\\/#breadcrumb\"},\"inLanguage\":\"pl-PL\",\"potentialAction\":[{\"@type\":\"ReadAction\",\"target\":[\"https:\\\/\\\/plattalaw.com\\\/pl\\\/laureat-stypendium-2023\\\/\"]}]},{\"@type\":\"BreadcrumbList\",\"@id\":\"https:\\\/\\\/plattalaw.com\\\/pl\\\/laureat-stypendium-2023\\\/#breadcrumb\",\"itemListElement\":[{\"@type\":\"ListItem\",\"position\":1,\"name\":\"Strona g\u0142\u00f3wna\",\"item\":\"https:\\\/\\\/plattalaw.com\\\/pl\\\/\"},{\"@type\":\"ListItem\",\"position\":2,\"name\":\"Laureat Stypendium 2023\"}]},{\"@type\":\"WebSite\",\"@id\":\"https:\\\/\\\/plattalaw.com\\\/pl\\\/#website\",\"url\":\"https:\\\/\\\/plattalaw.com\\\/pl\\\/\",\"name\":\"The Platta Law Firm\",\"description\":\"Personal Injury Lawyer\",\"publisher\":{\"@id\":\"https:\\\/\\\/plattalaw.com\\\/pl\\\/#organization\"},\"potentialAction\":[{\"@type\":\"SearchAction\",\"target\":{\"@type\":\"EntryPoint\",\"urlTemplate\":\"https:\\\/\\\/plattalaw.com\\\/pl\\\/?s={search_term_string}\"},\"query-input\":{\"@type\":\"PropertyValueSpecification\",\"valueRequired\":true,\"valueName\":\"search_term_string\"}}],\"inLanguage\":\"pl-PL\"},{\"@type\":\"Organization\",\"@id\":\"https:\\\/\\\/plattalaw.com\\\/pl\\\/#organization\",\"name\":\"Kancelaria Prawna Platta\",\"url\":\"https:\\\/\\\/plattalaw.com\\\/pl\\\/\",\"logo\":{\"@type\":\"ImageObject\",\"inLanguage\":\"pl-PL\",\"@id\":\"https:\\\/\\\/plattalaw.com\\\/pl\\\/#\\\/schema\\\/logo\\\/image\\\/\",\"url\":\"https:\\\/\\\/plattalaw.com\\\/wp-content\\\/uploads\\\/2021\\\/07\\\/The-Platta-Law-Firm-Website-Logo.webp\",\"contentUrl\":\"https:\\\/\\\/plattalaw.com\\\/wp-content\\\/uploads\\\/2021\\\/07\\\/The-Platta-Law-Firm-Website-Logo.webp\",\"width\":1648,\"height\":198,\"caption\":\"Kancelaria Prawna Platta\"},\"image\":{\"@id\":\"https:\\\/\\\/plattalaw.com\\\/pl\\\/#\\\/schema\\\/logo\\\/image\\\/\"}}]}<\/script>\n<!-- \/ Yoast SEO Premium plugin. -->","yoast_head_json":{"title":"Laureat Stypendium 2023","description":"Kancelaria Prawna Platta z dum\u0105 og\u0142asza laureata naszego pierwszego stypendium dla student\u00f3w z niepe\u0142nosprawno\u015bciami. Nasz laureat jest pocz\u0105tkuj\u0105cym muzykiem.","robots":{"index":"index","follow":"follow","max-snippet":"max-snippet:-1","max-image-preview":"max-image-preview:large","max-video-preview":"max-video-preview:-1"},"canonical":"https:\/\/plattalaw.com\/pl\/laureat-stypendium-2023\/","og_locale":"pl_PL","og_type":"article","og_title":"Laureat Stypendium 2023","og_description":"Kancelaria Prawna Platta z dum\u0105 og\u0142asza laureata naszego pierwszego stypendium dla student\u00f3w z niepe\u0142nosprawno\u015bciami. Nasz laureat jest pocz\u0105tkuj\u0105cym muzykiem.","og_url":"https:\/\/plattalaw.com\/pl\/laureat-stypendium-2023\/","og_site_name":"The Platta Law Firm","article_modified_time":"2026-03-06T18:52:33+00:00","twitter_card":"summary_large_image","twitter_misc":{"Szacowany czas czytania":"1 minuta"},"schema":{"@context":"https:\/\/schema.org","@graph":[{"@type":"WebPage","@id":"https:\/\/plattalaw.com\/pl\/laureat-stypendium-2023\/","url":"https:\/\/plattalaw.com\/pl\/laureat-stypendium-2023\/","name":"Laureat Stypendium 2023","isPartOf":{"@id":"https:\/\/plattalaw.com\/pl\/#website"},"datePublished":"2024-04-19T15:47:16+00:00","dateModified":"2026-03-06T18:52:33+00:00","description":"Kancelaria Prawna Platta z dum\u0105 og\u0142asza laureata naszego pierwszego stypendium dla student\u00f3w z niepe\u0142nosprawno\u015bciami. Nasz laureat jest pocz\u0105tkuj\u0105cym muzykiem.","breadcrumb":{"@id":"https:\/\/plattalaw.com\/pl\/laureat-stypendium-2023\/#breadcrumb"},"inLanguage":"pl-PL","potentialAction":[{"@type":"ReadAction","target":["https:\/\/plattalaw.com\/pl\/laureat-stypendium-2023\/"]}]},{"@type":"BreadcrumbList","@id":"https:\/\/plattalaw.com\/pl\/laureat-stypendium-2023\/#breadcrumb","itemListElement":[{"@type":"ListItem","position":1,"name":"Strona g\u0142\u00f3wna","item":"https:\/\/plattalaw.com\/pl\/"},{"@type":"ListItem","position":2,"name":"Laureat Stypendium 2023"}]},{"@type":"WebSite","@id":"https:\/\/plattalaw.com\/pl\/#website","url":"https:\/\/plattalaw.com\/pl\/","name":"The Platta Law Firm","description":"Personal Injury Lawyer","publisher":{"@id":"https:\/\/plattalaw.com\/pl\/#organization"},"potentialAction":[{"@type":"SearchAction","target":{"@type":"EntryPoint","urlTemplate":"https:\/\/plattalaw.com\/pl\/?s={search_term_string}"},"query-input":{"@type":"PropertyValueSpecification","valueRequired":true,"valueName":"search_term_string"}}],"inLanguage":"pl-PL"},{"@type":"Organization","@id":"https:\/\/plattalaw.com\/pl\/#organization","name":"Kancelaria Prawna Platta","url":"https:\/\/plattalaw.com\/pl\/","logo":{"@type":"ImageObject","inLanguage":"pl-PL","@id":"https:\/\/plattalaw.com\/pl\/#\/schema\/logo\/image\/","url":"https:\/\/plattalaw.com\/wp-content\/uploads\/2021\/07\/The-Platta-Law-Firm-Website-Logo.webp","contentUrl":"https:\/\/plattalaw.com\/wp-content\/uploads\/2021\/07\/The-Platta-Law-Firm-Website-Logo.webp","width":1648,"height":198,"caption":"Kancelaria Prawna Platta"},"image":{"@id":"https:\/\/plattalaw.com\/pl\/#\/schema\/logo\/image\/"}}]}},"_links":{"self":[{"href":"https:\/\/plattalaw.com\/pl\/wp-json\/wp\/v2\/pages\/118710","targetHints":{"allow":["GET"]}}],"collection":[{"href":"https:\/\/plattalaw.com\/pl\/wp-json\/wp\/v2\/pages"}],"about":[{"href":"https:\/\/plattalaw.com\/pl\/wp-json\/wp\/v2\/types\/page"}],"author":[{"embeddable":true,"href":"https:\/\/plattalaw.com\/pl\/wp-json\/wp\/v2\/users\/2"}],"replies":[{"embeddable":true,"href":"https:\/\/plattalaw.com\/pl\/wp-json\/wp\/v2\/comments?post=118710"}],"version-history":[{"count":0,"href":"https:\/\/plattalaw.com\/pl\/wp-json\/wp\/v2\/pages\/118710\/revisions"}],"wp:attachment":[{"href":"https:\/\/plattalaw.com\/pl\/wp-json\/wp\/v2\/media?parent=118710"}],"curies":[{"name":"wp","href":"https:\/\/api.w.org\/{rel}","templated":true}]}}