{"id":118615,"date":"2025-02-24T10:16:25","date_gmt":"2025-02-24T15:16:25","guid":{"rendered":"https:\/\/plattalaw.com\/nasi-prawnicy\/kyeko-m-stewart\/"},"modified":"2026-03-10T10:18:07","modified_gmt":"2026-03-10T14:18:07","slug":"kyeko-m-stewart","status":"publish","type":"page","link":"https:\/\/plattalaw.com\/pl\/nasi-prawnicy\/kyeko-m-stewart\/","title":{"rendered":"Kyeko M. Stewart"},"content":{"rendered":"\t\t<div data-elementor-type=\"wp-page\" data-elementor-id=\"118615\" class=\"elementor elementor-118615 elementor-94683\" data-elementor-post-type=\"page\">\n\t\t\t\t<div class=\"elementor-element elementor-element-fa830e4 elementor-hidden-tablet e-flex e-con-boxed e-con e-parent\" data-id=\"fa830e4\" data-element_type=\"container\" data-e-type=\"container\" data-settings=\"{&quot;background_background&quot;:&quot;classic&quot;}\">\n\t\t\t\t\t<div class=\"e-con-inner\">\n\t\t\t\t<div class=\"elementor-element elementor-element-cd98afc elementor-hidden-desktop elementor-hidden-tablet elementor-widget-mobile__width-initial elementor-widget elementor-widget-heading\" data-id=\"cd98afc\" data-element_type=\"widget\" data-e-type=\"widget\" data-widget_type=\"heading.default\">\n\t\t\t\t\t<p class=\"elementor-heading-title elementor-size-default\">Nasi prawnicy<\/p>\t\t\t\t<\/div>\n\t\t\t\t<div class=\"elementor-element elementor-element-8c51b57 elementor-align-center elementor-hidden-desktop elementor-hidden-tablet elementor-widget elementor-widget-button\" data-id=\"8c51b57\" data-element_type=\"widget\" data-e-type=\"widget\" data-widget_type=\"button.default\">\n\t\t\t\t\t\t\t\t\t\t<a class=\"elementor-button elementor-button-link elementor-size-sm elementor-animation-shrink\" href=\"#free-case-evaluation\">\n\t\t\t\t\t\t<span class=\"elementor-button-content-wrapper\">\n\t\t\t\t\t\t\t\t\t<span class=\"elementor-button-text\">Bezp\u0142atna ocena sprawy<\/span>\n\t\t\t\t\t<\/span>\n\t\t\t\t\t<\/a>\n\t\t\t\t\t\t\t\t<\/div>\n\t\t\t\t\t<\/div>\n\t\t\t\t<\/div>\n\t\t<div class=\"elementor-element elementor-element-004614c e-flex e-con-boxed e-con e-parent\" data-id=\"004614c\" data-element_type=\"container\" data-e-type=\"container\">\n\t\t\t\t\t<div class=\"e-con-inner\">\n\t\t\t\t<div class=\"elementor-element elementor-element-2fac0df elementor-widget__width-initial elementor-position-top elementor-widget elementor-widget-image-box\" data-id=\"2fac0df\" data-element_type=\"widget\" data-e-type=\"widget\" data-widget_type=\"image-box.default\">\n\t\t\t\t\t<div class=\"elementor-image-box-wrapper\"><figure class=\"elementor-image-box-img\"><img decoding=\"async\" width=\"300\" height=\"300\" src=\"https:\/\/plattalaw.com\/wp-content\/uploads\/2025\/08\/Kyeko-M.-Stewart-Esq.-The-Platta-Law-Firm-300x300-1.webp\" class=\"attachment-full size-full wp-image-117048\" alt=\"Kyeko M. Stewart, Esq.\" srcset=\"https:\/\/plattalaw.com\/wp-content\/uploads\/2025\/08\/Kyeko-M.-Stewart-Esq.-The-Platta-Law-Firm-300x300-1.webp 300w, https:\/\/plattalaw.com\/wp-content\/uploads\/2025\/08\/Kyeko-M.-Stewart-Esq.-The-Platta-Law-Firm-300x300-1-150x150.webp 150w\" sizes=\"(max-width: 300px) 100vw, 300px\" \/><\/figure><div class=\"elementor-image-box-content\"><h1 class=\"elementor-image-box-title\">Kyeko M. Stewart<\/h1><p class=\"elementor-image-box-description\"><p style=\"margin-top: -15px;font-size: 20px;color: #5d5d5d\">Prawnik Stowarzyszony<\/p>\n<p style=\"margin-top: 20px;font-size: 20px;color: #5d5d5d;font-weight:500\">Telefon: <a href=\"tel:2125145100\">(212) 514-5100<\/a><\/p>\n<p style=\"margin-top: -15px;font-size: 20px;color: #5d5d5d;font-weight:500\">E-mail: <a href=\"mailto:kms@plattalaw.com\">Wy\u015blij e-mail<\/a><\/p><\/p><\/div><\/div>\t\t\t\t<\/div>\n\t\t<div class=\"elementor-element elementor-element-2503f61 e-con-full e-flex e-con e-child\" data-id=\"2503f61\" data-element_type=\"container\" data-e-type=\"container\">\n\t\t\t\t<div class=\"elementor-element elementor-element-524c10e elementor-tabs-view-horizontal elementor-widget elementor-widget-tabs\" data-id=\"524c10e\" data-element_type=\"widget\" data-e-type=\"widget\" data-widget_type=\"tabs.default\">\n\t\t\t\t\t\t\t<div class=\"elementor-tabs\">\n\t\t\t<div class=\"elementor-tabs-wrapper\" role=\"tablist\" >\n\t\t\t\t\t\t\t\t\t<div id=\"elementor-tab-title-8621\" class=\"elementor-tab-title elementor-tab-desktop-title\" aria-selected=\"true\" data-tab=\"1\" role=\"tab\" tabindex=\"0\" aria-controls=\"elementor-tab-content-8621\" aria-expanded=\"false\">Wyr\u00f3\u017cnienia i Stowarzyszenia<\/div>\n\t\t\t\t\t\t\t\t\t<div id=\"elementor-tab-title-8622\" class=\"elementor-tab-title elementor-tab-desktop-title\" aria-selected=\"false\" data-tab=\"2\" role=\"tab\" tabindex=\"-1\" aria-controls=\"elementor-tab-content-8622\" aria-expanded=\"false\">Uprawnienia Adwokackie<\/div>\n\t\t\t\t\t\t\t\t\t<div id=\"elementor-tab-title-8623\" class=\"elementor-tab-title elementor-tab-desktop-title\" aria-selected=\"false\" data-tab=\"3\" role=\"tab\" tabindex=\"-1\" aria-controls=\"elementor-tab-content-8623\" aria-expanded=\"false\">Wykszta\u0142cenie<\/div>\n\t\t\t\t\t\t\t<\/div>\n\t\t\t<div class=\"elementor-tabs-content-wrapper\" role=\"tablist\" aria-orientation=\"vertical\">\n\t\t\t\t\t\t\t\t\t<div class=\"elementor-tab-title elementor-tab-mobile-title\" aria-selected=\"true\" data-tab=\"1\" role=\"tab\" tabindex=\"0\" aria-controls=\"elementor-tab-content-8621\" aria-expanded=\"false\">Wyr\u00f3\u017cnienia i Stowarzyszenia<\/div>\n\t\t\t\t\t<div id=\"elementor-tab-content-8621\" class=\"elementor-tab-content elementor-clearfix\" data-tab=\"1\" role=\"tabpanel\" aria-labelledby=\"elementor-tab-title-8621\" tabindex=\"0\" hidden=\"false\"><ul style=\"margin-left: -10px;\">\n<li>Super Lawyers, Wschodz\u0105ca Gwiazda \u2013 Nowy Jork Metro, 2021 \u2013 2025<\/li>\n<li>Stowarzyszenie Prawnik\u00f3w Procesowych Stanu Nowy Jork<\/li>\n<\/ul>\n<\/div>\n\t\t\t\t\t\t\t\t\t<div class=\"elementor-tab-title elementor-tab-mobile-title\" aria-selected=\"false\" data-tab=\"2\" role=\"tab\" tabindex=\"-1\" aria-controls=\"elementor-tab-content-8622\" aria-expanded=\"false\">Uprawnienia Adwokackie<\/div>\n\t\t\t\t\t<div id=\"elementor-tab-content-8622\" class=\"elementor-tab-content elementor-clearfix\" data-tab=\"2\" role=\"tabpanel\" aria-labelledby=\"elementor-tab-title-8622\" tabindex=\"0\" hidden=\"hidden\"><ul style=\"margin-left: -10px;\">\n<li>Kalifornia<\/li>\n<li>Nowy Jork<\/li>\n<li>Wschodni Dystrykt Nowego Jorku<\/li>\n<li>Po\u0142udniowy Dystrykt Nowego Jorku<\/li>\n<\/ul>\n<\/div>\n\t\t\t\t\t\t\t\t\t<div class=\"elementor-tab-title elementor-tab-mobile-title\" aria-selected=\"false\" data-tab=\"3\" role=\"tab\" tabindex=\"-1\" aria-controls=\"elementor-tab-content-8623\" aria-expanded=\"false\">Wykszta\u0142cenie<\/div>\n\t\t\t\t\t<div id=\"elementor-tab-content-8623\" class=\"elementor-tab-content elementor-clearfix\" data-tab=\"3\" role=\"tabpanel\" aria-labelledby=\"elementor-tab-title-8623\" tabindex=\"0\" hidden=\"hidden\"><ul style=\"margin-left: -10px;\">\n<li>Benjamin N. Cardozo School of Law, J.D. 2015<\/li>\n<li>Fordham University, B.A. 2010<\/li>\n<\/ul>\n<\/div>\n\t\t\t\t\t\t\t<\/div>\n\t\t<\/div>\n\t\t\t\t\t\t<\/div>\n\t\t\t\t<div class=\"elementor-element elementor-element-4ebeed4 elementor-widget elementor-widget-heading\" data-id=\"4ebeed4\" data-element_type=\"widget\" data-e-type=\"widget\" data-widget_type=\"heading.default\">\n\t\t\t\t\t<h2 class=\"elementor-heading-title elementor-size-default\">Co najbardziej lubi Pan\/Pani w swojej pracy?<\/h2>\t\t\t\t<\/div>\n\t\t\t\t<div class=\"elementor-element elementor-element-faca572 elementor-widget elementor-widget-text-editor\" data-id=\"faca572\" data-element_type=\"widget\" data-e-type=\"widget\" data-widget_type=\"text-editor.default\">\n\t\t\t\t\t\t\t\t\t<p>Pomaganie ludziom. Motywuje mnie mo\u017cliwo\u015b\u0107 znacz\u0105cego wp\u0142ywu na \u017cycie ludzi w ich cz\u0119sto najtrudniejszym momencie. Uwielbiam uczy\u0107 klient\u00f3w, \u017ce system prawny istnieje dla ich dobra, poci\u0105gaj\u0105c strony do odpowiedzialno\u015bci za wyrz\u0105dzone szkody.  <\/p>\t\t\t\t\t\t\t\t<\/div>\n\t\t\t\t<div class=\"elementor-element elementor-element-5a613fb elementor-widget elementor-widget-heading\" data-id=\"5a613fb\" data-element_type=\"widget\" data-e-type=\"widget\" data-widget_type=\"heading.default\">\n\t\t\t\t\t<h2 class=\"elementor-heading-title elementor-size-default\">Czego Pan\/Pani nie lubi najbardziej?<\/h2>\t\t\t\t<\/div>\n\t\t\t\t<div class=\"elementor-element elementor-element-481a50b elementor-widget elementor-widget-text-editor\" data-id=\"481a50b\" data-element_type=\"widget\" data-e-type=\"widget\" data-widget_type=\"text-editor.default\">\n\t\t\t\t\t\t\t\t\t<p>Firmy ubezpieczeniowe. Niestety, firmy ubezpieczeniowe bardziej dbaj\u0105 o swoje zyski ni\u017c o naprawianie krzywd wyrz\u0105dzonych przez swoich ubezpieczonych, stosuj\u0105c r\u00f3\u017cnorodne taktyki w celu zminimalizowania lub unikni\u0119cia wyp\u0142aty odszkodowania poszkodowanemu, nawet po wydaniu wyroku. <\/p>\t\t\t\t\t\t\t\t<\/div>\n\t\t\t\t<div class=\"elementor-element elementor-element-ad0be22 elementor-widget elementor-widget-heading\" data-id=\"ad0be22\" data-element_type=\"widget\" data-e-type=\"widget\" data-widget_type=\"heading.default\">\n\t\t\t\t\t<h2 class=\"elementor-heading-title elementor-size-default\">Jak opisa\u0142by Pan\/Pani swoje podej\u015bcie do sprawy?<\/h2>\t\t\t\t<\/div>\n\t\t\t\t<div class=\"elementor-element elementor-element-69c19db elementor-widget elementor-widget-text-editor\" data-id=\"69c19db\" data-element_type=\"widget\" data-e-type=\"widget\" data-widget_type=\"text-editor.default\">\n\t\t\t\t\t\t\t\t\t<p>Przygotowanie, przygotowanie, przygotowanie! Ka\u017cda droga do sprawiedliwo\u015bci napotyka po drodze unikalne przeszkody. Najpewniejszym sposobem na pokonanie ka\u017cdej przeszkody jest bycie zawsze o krok do przodu poprzez bie\u017c\u0105ce \u015bledzenie odpowiedniego orzecznictwa, budowanie silnych relacji z s\u0119dziami, adwokatami strony przeciwnej i firmami ubezpieczeniowymi, a tak\u017ce po\u015bwi\u0119canie niezliczonych godzin, aby zapewni\u0107 klientom najlepszy wynik.  <\/p>\t\t\t\t\t\t\t\t<\/div>\n\t\t\t\t<\/div>\n\t\t\t\t\t<\/div>\n\t\t\t\t<\/div>\n\t\t\t\t<\/div>\n\t\t","protected":false},"excerpt":{"rendered":"<p>Nasi prawnicy Bezp\u0142atna ocena sprawy Kyeko M. Stewart Prawnik Stowarzyszony Telefon: (212) 514-5100 E-mail: Wy\u015blij e-mail Wyr\u00f3\u017cnienia i Stowarzyszenia Uprawnienia Adwokackie Wykszta\u0142cenie Wyr\u00f3\u017cnienia i Stowarzyszenia Super Lawyers, Wschodz\u0105ca Gwiazda \u2013 Nowy Jork Metro, 2021 \u2013 2025 Stowarzyszenie Prawnik\u00f3w Procesowych Stanu Nowy Jork Uprawnienia Adwokackie Kalifornia Nowy Jork Wschodni Dystrykt Nowego Jorku Po\u0142udniowy Dystrykt Nowego Jorku [&hellip;]<\/p>\n","protected":false},"author":2,"featured_media":0,"parent":117090,"menu_order":0,"comment_status":"closed","ping_status":"closed","template":"elementor_header_footer","meta":{"footnotes":""},"class_list":["post-118615","page","type-page","status-publish","hentry"],"yoast_head":"<!-- This site is optimized with the Yoast SEO Premium plugin v27.4 (Yoast SEO v27.4) - https:\/\/yoast.com\/product\/yoast-seo-premium-wordpress\/ -->\n<title>Kyeko M. Stewart, Esq.<\/title>\n<meta name=\"description\" content=\"Motywuje mnie mo\u017cliwo\u015b\u0107 znacz\u0105cego wp\u0142ywu na \u017cycie ludzi w ich cz\u0119sto najtrudniejszym momencie.\" \/>\n<meta name=\"robots\" content=\"index, follow, max-snippet:-1, max-image-preview:large, max-video-preview:-1\" \/>\n<link rel=\"canonical\" href=\"https:\/\/plattalaw.com\/pl\/nasi-prawnicy\/kyeko-m-stewart\/\" \/>\n<meta property=\"og:locale\" content=\"pl_PL\" \/>\n<meta property=\"og:type\" content=\"article\" \/>\n<meta property=\"og:title\" content=\"Kyeko M. Stewart\" \/>\n<meta property=\"og:description\" content=\"Motywuje mnie mo\u017cliwo\u015b\u0107 znacz\u0105cego wp\u0142ywu na \u017cycie ludzi w ich cz\u0119sto najtrudniejszym momencie.\" \/>\n<meta property=\"og:url\" content=\"https:\/\/plattalaw.com\/pl\/nasi-prawnicy\/kyeko-m-stewart\/\" \/>\n<meta property=\"og:site_name\" content=\"The Platta Law Firm\" \/>\n<meta property=\"article:modified_time\" content=\"2026-03-10T14:18:07+00:00\" \/>\n<meta property=\"og:image\" content=\"https:\/\/plattalaw.com\/wp-content\/uploads\/2025\/08\/Kyeko-M.-Stewart-Esq.-The-Platta-Law-Firm-300x300-1.webp\" \/>\n<meta name=\"twitter:card\" content=\"summary_large_image\" \/>\n<meta name=\"twitter:label1\" content=\"Szacowany czas czytania\" \/>\n\t<meta name=\"twitter:data1\" content=\"2 minuty\" \/>\n<script type=\"application\/ld+json\" class=\"yoast-schema-graph\">{\"@context\":\"https:\\\/\\\/schema.org\",\"@graph\":[{\"@type\":\"WebPage\",\"@id\":\"https:\\\/\\\/plattalaw.com\\\/pl\\\/nasi-prawnicy\\\/kyeko-m-stewart\\\/\",\"url\":\"https:\\\/\\\/plattalaw.com\\\/pl\\\/nasi-prawnicy\\\/kyeko-m-stewart\\\/\",\"name\":\"Kyeko M. Stewart, Esq.\",\"isPartOf\":{\"@id\":\"https:\\\/\\\/plattalaw.com\\\/pl\\\/#website\"},\"primaryImageOfPage\":{\"@id\":\"https:\\\/\\\/plattalaw.com\\\/pl\\\/nasi-prawnicy\\\/kyeko-m-stewart\\\/#primaryimage\"},\"image\":{\"@id\":\"https:\\\/\\\/plattalaw.com\\\/pl\\\/nasi-prawnicy\\\/kyeko-m-stewart\\\/#primaryimage\"},\"thumbnailUrl\":\"https:\\\/\\\/plattalaw.com\\\/wp-content\\\/uploads\\\/2025\\\/08\\\/Kyeko-M.-Stewart-Esq.-The-Platta-Law-Firm-300x300-1.webp\",\"datePublished\":\"2025-02-24T15:16:25+00:00\",\"dateModified\":\"2026-03-10T14:18:07+00:00\",\"description\":\"Motywuje mnie mo\u017cliwo\u015b\u0107 znacz\u0105cego wp\u0142ywu na \u017cycie ludzi w ich cz\u0119sto najtrudniejszym momencie.\",\"breadcrumb\":{\"@id\":\"https:\\\/\\\/plattalaw.com\\\/pl\\\/nasi-prawnicy\\\/kyeko-m-stewart\\\/#breadcrumb\"},\"inLanguage\":\"pl-PL\",\"potentialAction\":[{\"@type\":\"ReadAction\",\"target\":[\"https:\\\/\\\/plattalaw.com\\\/pl\\\/nasi-prawnicy\\\/kyeko-m-stewart\\\/\"]}]},{\"@type\":\"ImageObject\",\"inLanguage\":\"pl-PL\",\"@id\":\"https:\\\/\\\/plattalaw.com\\\/pl\\\/nasi-prawnicy\\\/kyeko-m-stewart\\\/#primaryimage\",\"url\":\"https:\\\/\\\/plattalaw.com\\\/wp-content\\\/uploads\\\/2025\\\/08\\\/Kyeko-M.-Stewart-Esq.-The-Platta-Law-Firm-300x300-1.webp\",\"contentUrl\":\"https:\\\/\\\/plattalaw.com\\\/wp-content\\\/uploads\\\/2025\\\/08\\\/Kyeko-M.-Stewart-Esq.-The-Platta-Law-Firm-300x300-1.webp\"},{\"@type\":\"BreadcrumbList\",\"@id\":\"https:\\\/\\\/plattalaw.com\\\/pl\\\/nasi-prawnicy\\\/kyeko-m-stewart\\\/#breadcrumb\",\"itemListElement\":[{\"@type\":\"ListItem\",\"position\":1,\"name\":\"Strona g\u0142\u00f3wna\",\"item\":\"https:\\\/\\\/plattalaw.com\\\/pl\\\/\"},{\"@type\":\"ListItem\",\"position\":2,\"name\":\"Nasi prawnicy\",\"item\":\"https:\\\/\\\/plattalaw.com\\\/pl\\\/our-attorneys\\\/\"},{\"@type\":\"ListItem\",\"position\":3,\"name\":\"Kyeko M. Stewart\"}]},{\"@type\":\"WebSite\",\"@id\":\"https:\\\/\\\/plattalaw.com\\\/pl\\\/#website\",\"url\":\"https:\\\/\\\/plattalaw.com\\\/pl\\\/\",\"name\":\"The Platta Law Firm\",\"description\":\"Personal Injury Lawyer\",\"publisher\":{\"@id\":\"https:\\\/\\\/plattalaw.com\\\/pl\\\/#organization\"},\"potentialAction\":[{\"@type\":\"SearchAction\",\"target\":{\"@type\":\"EntryPoint\",\"urlTemplate\":\"https:\\\/\\\/plattalaw.com\\\/pl\\\/?s={search_term_string}\"},\"query-input\":{\"@type\":\"PropertyValueSpecification\",\"valueRequired\":true,\"valueName\":\"search_term_string\"}}],\"inLanguage\":\"pl-PL\"},{\"@type\":\"Organization\",\"@id\":\"https:\\\/\\\/plattalaw.com\\\/pl\\\/#organization\",\"name\":\"Kancelaria Prawna Platta\",\"url\":\"https:\\\/\\\/plattalaw.com\\\/pl\\\/\",\"logo\":{\"@type\":\"ImageObject\",\"inLanguage\":\"pl-PL\",\"@id\":\"https:\\\/\\\/plattalaw.com\\\/pl\\\/#\\\/schema\\\/logo\\\/image\\\/\",\"url\":\"https:\\\/\\\/plattalaw.com\\\/wp-content\\\/uploads\\\/2021\\\/07\\\/The-Platta-Law-Firm-Website-Logo.webp\",\"contentUrl\":\"https:\\\/\\\/plattalaw.com\\\/wp-content\\\/uploads\\\/2021\\\/07\\\/The-Platta-Law-Firm-Website-Logo.webp\",\"width\":1648,\"height\":198,\"caption\":\"Kancelaria Prawna Platta\"},\"image\":{\"@id\":\"https:\\\/\\\/plattalaw.com\\\/pl\\\/#\\\/schema\\\/logo\\\/image\\\/\"}}]}<\/script>\n<!-- \/ Yoast SEO Premium plugin. -->","yoast_head_json":{"title":"Kyeko M. Stewart, Esq.","description":"Motywuje mnie mo\u017cliwo\u015b\u0107 znacz\u0105cego wp\u0142ywu na \u017cycie ludzi w ich cz\u0119sto najtrudniejszym momencie.","robots":{"index":"index","follow":"follow","max-snippet":"max-snippet:-1","max-image-preview":"max-image-preview:large","max-video-preview":"max-video-preview:-1"},"canonical":"https:\/\/plattalaw.com\/pl\/nasi-prawnicy\/kyeko-m-stewart\/","og_locale":"pl_PL","og_type":"article","og_title":"Kyeko M. Stewart","og_description":"Motywuje mnie mo\u017cliwo\u015b\u0107 znacz\u0105cego wp\u0142ywu na \u017cycie ludzi w ich cz\u0119sto najtrudniejszym momencie.","og_url":"https:\/\/plattalaw.com\/pl\/nasi-prawnicy\/kyeko-m-stewart\/","og_site_name":"The Platta Law Firm","article_modified_time":"2026-03-10T14:18:07+00:00","og_image":[{"url":"https:\/\/plattalaw.com\/wp-content\/uploads\/2025\/08\/Kyeko-M.-Stewart-Esq.-The-Platta-Law-Firm-300x300-1.webp","type":"","width":"","height":""}],"twitter_card":"summary_large_image","twitter_misc":{"Szacowany czas czytania":"2 minuty"},"schema":{"@context":"https:\/\/schema.org","@graph":[{"@type":"WebPage","@id":"https:\/\/plattalaw.com\/pl\/nasi-prawnicy\/kyeko-m-stewart\/","url":"https:\/\/plattalaw.com\/pl\/nasi-prawnicy\/kyeko-m-stewart\/","name":"Kyeko M. Stewart, Esq.","isPartOf":{"@id":"https:\/\/plattalaw.com\/pl\/#website"},"primaryImageOfPage":{"@id":"https:\/\/plattalaw.com\/pl\/nasi-prawnicy\/kyeko-m-stewart\/#primaryimage"},"image":{"@id":"https:\/\/plattalaw.com\/pl\/nasi-prawnicy\/kyeko-m-stewart\/#primaryimage"},"thumbnailUrl":"https:\/\/plattalaw.com\/wp-content\/uploads\/2025\/08\/Kyeko-M.-Stewart-Esq.-The-Platta-Law-Firm-300x300-1.webp","datePublished":"2025-02-24T15:16:25+00:00","dateModified":"2026-03-10T14:18:07+00:00","description":"Motywuje mnie mo\u017cliwo\u015b\u0107 znacz\u0105cego wp\u0142ywu na \u017cycie ludzi w ich cz\u0119sto najtrudniejszym momencie.","breadcrumb":{"@id":"https:\/\/plattalaw.com\/pl\/nasi-prawnicy\/kyeko-m-stewart\/#breadcrumb"},"inLanguage":"pl-PL","potentialAction":[{"@type":"ReadAction","target":["https:\/\/plattalaw.com\/pl\/nasi-prawnicy\/kyeko-m-stewart\/"]}]},{"@type":"ImageObject","inLanguage":"pl-PL","@id":"https:\/\/plattalaw.com\/pl\/nasi-prawnicy\/kyeko-m-stewart\/#primaryimage","url":"https:\/\/plattalaw.com\/wp-content\/uploads\/2025\/08\/Kyeko-M.-Stewart-Esq.-The-Platta-Law-Firm-300x300-1.webp","contentUrl":"https:\/\/plattalaw.com\/wp-content\/uploads\/2025\/08\/Kyeko-M.-Stewart-Esq.-The-Platta-Law-Firm-300x300-1.webp"},{"@type":"BreadcrumbList","@id":"https:\/\/plattalaw.com\/pl\/nasi-prawnicy\/kyeko-m-stewart\/#breadcrumb","itemListElement":[{"@type":"ListItem","position":1,"name":"Strona g\u0142\u00f3wna","item":"https:\/\/plattalaw.com\/pl\/"},{"@type":"ListItem","position":2,"name":"Nasi prawnicy","item":"https:\/\/plattalaw.com\/pl\/our-attorneys\/"},{"@type":"ListItem","position":3,"name":"Kyeko M. Stewart"}]},{"@type":"WebSite","@id":"https:\/\/plattalaw.com\/pl\/#website","url":"https:\/\/plattalaw.com\/pl\/","name":"The Platta Law Firm","description":"Personal Injury Lawyer","publisher":{"@id":"https:\/\/plattalaw.com\/pl\/#organization"},"potentialAction":[{"@type":"SearchAction","target":{"@type":"EntryPoint","urlTemplate":"https:\/\/plattalaw.com\/pl\/?s={search_term_string}"},"query-input":{"@type":"PropertyValueSpecification","valueRequired":true,"valueName":"search_term_string"}}],"inLanguage":"pl-PL"},{"@type":"Organization","@id":"https:\/\/plattalaw.com\/pl\/#organization","name":"Kancelaria Prawna Platta","url":"https:\/\/plattalaw.com\/pl\/","logo":{"@type":"ImageObject","inLanguage":"pl-PL","@id":"https:\/\/plattalaw.com\/pl\/#\/schema\/logo\/image\/","url":"https:\/\/plattalaw.com\/wp-content\/uploads\/2021\/07\/The-Platta-Law-Firm-Website-Logo.webp","contentUrl":"https:\/\/plattalaw.com\/wp-content\/uploads\/2021\/07\/The-Platta-Law-Firm-Website-Logo.webp","width":1648,"height":198,"caption":"Kancelaria Prawna Platta"},"image":{"@id":"https:\/\/plattalaw.com\/pl\/#\/schema\/logo\/image\/"}}]}},"_links":{"self":[{"href":"https:\/\/plattalaw.com\/pl\/wp-json\/wp\/v2\/pages\/118615","targetHints":{"allow":["GET"]}}],"collection":[{"href":"https:\/\/plattalaw.com\/pl\/wp-json\/wp\/v2\/pages"}],"about":[{"href":"https:\/\/plattalaw.com\/pl\/wp-json\/wp\/v2\/types\/page"}],"author":[{"embeddable":true,"href":"https:\/\/plattalaw.com\/pl\/wp-json\/wp\/v2\/users\/2"}],"replies":[{"embeddable":true,"href":"https:\/\/plattalaw.com\/pl\/wp-json\/wp\/v2\/comments?post=118615"}],"version-history":[{"count":0,"href":"https:\/\/plattalaw.com\/pl\/wp-json\/wp\/v2\/pages\/118615\/revisions"}],"up":[{"embeddable":true,"href":"https:\/\/plattalaw.com\/pl\/wp-json\/wp\/v2\/pages\/117090"}],"wp:attachment":[{"href":"https:\/\/plattalaw.com\/pl\/wp-json\/wp\/v2\/media?parent=118615"}],"curies":[{"name":"wp","href":"https:\/\/api.w.org\/{rel}","templated":true}]}}