{"id":118252,"date":"2024-04-15T10:56:20","date_gmt":"2024-04-15T14:56:20","guid":{"rendered":"https:\/\/plattalaw.com\/stypendium-dla-studentow-z-niepelnosprawnosciami\/"},"modified":"2026-04-03T16:08:33","modified_gmt":"2026-04-03T20:08:33","slug":"stypendium-dla-studentow-z-niepelnosprawnosciami","status":"publish","type":"page","link":"https:\/\/plattalaw.com\/pl\/stypendium-dla-studentow-z-niepelnosprawnosciami\/","title":{"rendered":"Stypendium dla student\u00f3w z niepe\u0142nosprawno\u015bciami"},"content":{"rendered":"\t\t<div data-elementor-type=\"wp-page\" data-elementor-id=\"118252\" class=\"elementor elementor-118252 elementor-75531\" data-elementor-post-type=\"page\">\n\t\t\t\t<div class=\"elementor-element elementor-element-79ca398 elementor-hidden-tablet e-flex e-con-boxed e-con e-parent\" data-id=\"79ca398\" data-element_type=\"container\" data-e-type=\"container\" data-settings=\"{&quot;background_background&quot;:&quot;classic&quot;}\">\n\t\t\t\t\t<div class=\"e-con-inner\">\n\t\t<div class=\"elementor-element elementor-element-f914b60 e-con-full e-flex e-con e-child\" data-id=\"f914b60\" data-element_type=\"container\" data-e-type=\"container\">\n\t\t\t\t<div class=\"elementor-element elementor-element-e59c82c elementor-hidden-desktop elementor-hidden-tablet elementor-widget-mobile__width-initial elementor-widget elementor-widget-heading\" data-id=\"e59c82c\" data-element_type=\"widget\" data-e-type=\"widget\" data-widget_type=\"heading.default\">\n\t\t\t\t\t<p class=\"elementor-heading-title elementor-size-default\">STYPENDIUM DLA STUDENT\u00d3W Z NIEPE\u0141NOSPRAWNO\u015aCIAMI<\/p>\t\t\t\t<\/div>\n\t\t\t\t<\/div>\n\t\t\t\t\t<\/div>\n\t\t\t\t<\/div>\n\t\t<div class=\"elementor-element elementor-element-7cfd15a e-flex e-con-boxed e-con e-parent\" data-id=\"7cfd15a\" data-element_type=\"container\" data-e-type=\"container\">\n\t\t\t\t\t<div class=\"e-con-inner\">\n\t\t<div class=\"elementor-element elementor-element-3a4e2c8 e-con-full e-flex e-con e-child\" data-id=\"3a4e2c8\" data-element_type=\"container\" data-e-type=\"container\" data-settings=\"{&quot;background_background&quot;:&quot;classic&quot;}\">\n\t\t\t\t<div class=\"elementor-element elementor-element-4569f80 elementor-widget elementor-widget-spacer\" data-id=\"4569f80\" data-element_type=\"widget\" data-e-type=\"widget\" data-widget_type=\"spacer.default\">\n\t\t\t\t\t\t\t<div class=\"elementor-spacer\">\n\t\t\t<div class=\"elementor-spacer-inner\"><\/div>\n\t\t<\/div>\n\t\t\t\t\t\t<\/div>\n\t\t\t\t<\/div>\n\t\t<div class=\"elementor-element elementor-element-1d324cc e-con-full e-flex e-con e-child\" data-id=\"1d324cc\" data-element_type=\"container\" data-e-type=\"container\">\n\t\t\t\t<div class=\"elementor-element elementor-element-1a126e8 elementor-widget elementor-widget-image\" data-id=\"1a126e8\" data-element_type=\"widget\" data-e-type=\"widget\" data-widget_type=\"image.default\">\n\t\t\t\t\t\t\t\t\t\t\t\t\t\t\t<img decoding=\"async\" width=\"800\" height=\"246\" src=\"https:\/\/plattalaw.com\/wp-content\/uploads\/2025\/03\/Students-with-Disabilities-Scholarship-2025-1024x315.webp\" class=\"attachment-large size-large wp-image-118255\" alt=\"Stypendium dla student\u00f3w z niepe\u0142nosprawno\u015bciami 2025\" srcset=\"https:\/\/plattalaw.com\/wp-content\/uploads\/2025\/03\/Students-with-Disabilities-Scholarship-2025-1024x315.webp 1024w, https:\/\/plattalaw.com\/wp-content\/uploads\/2025\/03\/Students-with-Disabilities-Scholarship-2025-300x92.webp 300w, https:\/\/plattalaw.com\/wp-content\/uploads\/2025\/03\/Students-with-Disabilities-Scholarship-2025-768x236.webp 768w, https:\/\/plattalaw.com\/wp-content\/uploads\/2025\/03\/Students-with-Disabilities-Scholarship-2025.webp 1500w\" sizes=\"(max-width: 800px) 100vw, 800px\" \/>\t\t\t\t\t\t\t\t\t\t\t\t\t\t\t<\/div>\n\t\t\t\t<div class=\"elementor-element elementor-element-10dbc82 elementor-hidden-mobile elementor-widget elementor-widget-heading\" data-id=\"10dbc82\" data-element_type=\"widget\" data-e-type=\"widget\" data-widget_type=\"heading.default\">\n\t\t\t\t\t<h1 class=\"elementor-heading-title elementor-size-default\">Stypendium dla student\u00f3w z niepe\u0142nosprawno\u015bciami w wysoko\u015bci 5000 $<\/h1>\t\t\t\t<\/div>\n\t\t\t\t<div class=\"elementor-element elementor-element-d7b937b elementor-widget elementor-widget-text-editor\" data-id=\"d7b937b\" data-element_type=\"widget\" data-e-type=\"widget\" data-widget_type=\"text-editor.default\">\n\t\t\t\t\t\t\t\t\t<div><p>Dorastanie z niepe\u0142nosprawno\u015bci\u0105 wi\u0105\u017ce si\u0119 z licznymi wyzwaniami, kt\u00f3re mog\u0105 pokrzy\u017cowa\u0107 marzenia o zdobyciu wy\u017cszego wykszta\u0142cenia. Kancelaria Prawna Platta reprezentuje zwyk\u0142ych ludzi, u kt\u00f3rych niepe\u0142nosprawno\u015b\u0107 rozwin\u0119\u0142a si\u0119 w wyniku nieszcz\u0119\u015bliwych wypadk\u00f3w. <\/p><p><span style=\"color: red;\">*<strong>NIE<\/strong> nale\u017cy korzysta\u0107 z naszej infolinii w przypadku pyta\u0144 zwi\u0105zanych ze stypendium. Jest ona przeznaczona wy\u0142\u0105cznie dla potencjalnych klient\u00f3w. <\/span><\/p><h3 style=\"margin-top: 50px !important; font-weight: 300 !important; color: #001d3d;\"><strong>Kryteria kwalifikacji<\/strong><\/h3><p>Stypendium jest przeznaczone dla student\u00f3w osi\u0105gaj\u0105cych wysokie wyniki w nauce, kt\u00f3rzy spe\u0142niaj\u0105 dwa kluczowe kryteria:<\/p><ul><li>Dokumentacja medyczna potwierdzaj\u0105ca niepe\u0142nosprawno\u015b\u0107.<\/li><li>Kandydat musi by\u0107 studentem akredytowanej uczelni wy\u017cszej, uniwersytetu lub szko\u0142y \u015bredniej w Stanach Zjednoczonych.<\/li><\/ul><p>Przesy\u0142aj\u0105c wniosek, zgadzasz si\u0119, \u017ce zapozna\u0142e\u015b si\u0119 z naszymi <a href=\"https:\/\/plattalaw.com\/wp-content\/uploads\/2025\/07\/5000-Students-with-Disabilities-Scholarship-Terms-and-Conditions-2025.docx\" target=\"_blank\" rel=\"noopener\">Warunkami<\/a>. Wszystkie zg\u0142oszenia musz\u0105 zosta\u0107 przes\u0142ane do pi\u0105tku, 14<sup> listopada 2025 roku. Nie jeste\u015bmy w stanie odpowiedzie\u0107 na ka\u017cde indywidualne pytanie. Prosimy o dok\u0142adne zapoznanie si\u0119 ze wszystkimi instrukcjami i z\u0142o\u017cenie wniosku w najlepszy mo\u017cliwy spos\u00f3b. Prosimy o za\u0142\u0105czenie wszystkich materia\u0142\u00f3w w jednej wiadomo\u015bci e-mail. Nie nale\u017cy wysy\u0142a\u0107 kilku wiadomo\u015bci z r\u00f3\u017cnymi za\u0142\u0105cznikami.<\/sup>     <\/p><\/div><div style=\"margin-right: 50px;\"><h3 style=\"margin: 50px 0 20px 0 !important; font-weight: 300; color: #001d3d;\"><strong>FAQ dotycz\u0105ce stypendium<\/strong><\/h3><details style=\"margin-bottom: 20px; background-color: #f5f5f5; padding: 20px; box-shadow: 0px 0px 10px -6px #000000;\"><summary style=\"font-size: 20px; color: #162d3f; font-weight: 600;\">Czy mog\u0119 z\u0142o\u017cy\u0107 wniosek po uko\u0144czeniu studi\u00f3w, aby pom\u00f3c w sp\u0142acie d\u0142ugu studenckiego?<\/summary><p style=\"padding: 20px 20px 0;\">Niestety nie. Musisz by\u0107 studentem akredytowanej uczelni lub uniwersytetu w USA. <\/p><\/details><details style=\"margin-bottom: 20px; background-color: #f5f5f5; padding: 20px; box-shadow: 0px 0px 10px -6px #000000;\"><summary style=\"font-size: 20px; color: #162d3f; font-weight: 600;\">Czy mog\u0119 z\u0142o\u017cy\u0107 wniosek po terminie?<\/summary><p style=\"padding: 20px 20px 0;\">Nie, ale mo\u017cesz z\u0142o\u017cy\u0107 wniosek w nast\u0119pnym cyklu. Prosimy nie kontaktowa\u0107 si\u0119 z nami z pytaniem o termin. Wszystkie informacje b\u0119d\u0105 aktualizowane na stronie internetowej.  <\/p><\/details><details style=\"margin-bottom: 20px; background-color: #f5f5f5; padding: 20px; box-shadow: 0px 0px 10px -6px #000000;\"><summary style=\"font-size: 20px; color: #162d3f; font-weight: 600;\">Nie otrzymam listu akceptacyjnego z uczelni przed up\u0142ywem terminu. Czy nadal mog\u0119 z\u0142o\u017cy\u0107 wniosek? <\/summary><p style=\"padding: 20px 20px 0;\">Tak, ale nie w tym cyklu. Aby wniosek zosta\u0142 rozpatrzony, musisz przes\u0142a\u0107 list akceptacyjny. <\/p><\/details><\/div><div style=\"margin: 50px !important;\"><a href=\"https:\/\/plattalaw.com\/pl\/laureat-stypendium-2023\/\">&#8211; Laureat stypendium 2023<\/a><br><a href=\"https:\/\/plattalaw.com\/pl\/laureat-stypendium-2024\/\">&#8211; Laureat stypendium 2024<\/a><\/div>\t\t\t\t\t\t\t\t<\/div>\n\t\t\t\t<div class=\"elementor-element elementor-element-469c830 elementor-align-justify elementor-widget__width-initial elementor-widget elementor-widget-button\" data-id=\"469c830\" data-element_type=\"widget\" data-e-type=\"widget\" data-widget_type=\"button.default\">\n\t\t\t\t\t\t\t\t\t\t<a class=\"elementor-button elementor-button-link elementor-size-sm elementor-animation-shrink\" href=\"https:\/\/plattalaw.com\/wp-content\/uploads\/2025\/07\/Platta-Disability-Scholarship-2025.pdf\" target=\"_blank\">\n\t\t\t\t\t\t<span class=\"elementor-button-content-wrapper\">\n\t\t\t\t\t\t\t\t\t<span class=\"elementor-button-text\">Pobierz wniosek<\/span>\n\t\t\t\t\t<\/span>\n\t\t\t\t\t<\/a>\n\t\t\t\t\t\t\t\t<\/div>\n\t\t\t\t<\/div>\n\t\t\t\t\t<\/div>\n\t\t\t\t<\/div>\n\t\t\t\t<\/div>\n\t\t","protected":false},"excerpt":{"rendered":"<p>STYPENDIUM DLA STUDENT\u00d3W Z NIEPE\u0141NOSPRAWNO\u015aCIAMI Stypendium dla student\u00f3w z niepe\u0142nosprawno\u015bciami w wysoko\u015bci 5000 $ Dorastanie z niepe\u0142nosprawno\u015bci\u0105 wi\u0105\u017ce si\u0119 z licznymi wyzwaniami, kt\u00f3re mog\u0105 pokrzy\u017cowa\u0107 marzenia o zdobyciu wy\u017cszego wykszta\u0142cenia. Kancelaria Prawna Platta reprezentuje zwyk\u0142ych ludzi, u kt\u00f3rych niepe\u0142nosprawno\u015b\u0107 rozwin\u0119\u0142a si\u0119 w wyniku nieszcz\u0119\u015bliwych wypadk\u00f3w. *NIE nale\u017cy korzysta\u0107 z naszej infolinii w przypadku pyta\u0144 zwi\u0105zanych [&hellip;]<\/p>\n","protected":false},"author":2,"featured_media":0,"parent":0,"menu_order":0,"comment_status":"closed","ping_status":"closed","template":"elementor_header_footer","meta":{"footnotes":""},"class_list":["post-118252","page","type-page","status-publish","hentry"],"yoast_head":"<!-- This site is optimized with the Yoast SEO Premium plugin v27.4 (Yoast SEO v27.4) - https:\/\/yoast.com\/product\/yoast-seo-premium-wordpress\/ -->\n<title>Stypendium dla student\u00f3w z niepe\u0142nosprawno\u015bciami<\/title>\n<meta name=\"description\" content=\"Kancelaria Prawna Platta przyznaje roczne stypendium w wysoko\u015bci 5000 $ studentowi z niepe\u0142nosprawno\u015bci\u0105, osi\u0105gaj\u0105cemu wysokie wyniki w nauce. Nab\u00f3r wniosk\u00f3w jest otwarty.\" \/>\n<meta name=\"robots\" content=\"index, follow, max-snippet:-1, max-image-preview:large, max-video-preview:-1\" \/>\n<link rel=\"canonical\" href=\"https:\/\/plattalaw.com\/pl\/stypendium-dla-studentow-z-niepelnosprawnosciami\/\" \/>\n<meta property=\"og:locale\" content=\"pl_PL\" \/>\n<meta property=\"og:type\" content=\"article\" \/>\n<meta property=\"og:title\" content=\"Stypendium dla student\u00f3w z niepe\u0142nosprawno\u015bciami\" \/>\n<meta property=\"og:description\" content=\"Kancelaria Prawna Platta przyznaje roczne stypendium w wysoko\u015bci 5000 $ studentowi z niepe\u0142nosprawno\u015bci\u0105, osi\u0105gaj\u0105cemu wysokie wyniki w nauce. Nab\u00f3r wniosk\u00f3w jest otwarty.\" \/>\n<meta property=\"og:url\" content=\"https:\/\/plattalaw.com\/pl\/stypendium-dla-studentow-z-niepelnosprawnosciami\/\" \/>\n<meta property=\"og:site_name\" content=\"The Platta Law Firm\" \/>\n<meta property=\"article:modified_time\" content=\"2026-04-03T20:08:33+00:00\" \/>\n<meta property=\"og:image\" content=\"https:\/\/plattalaw.com\/wp-content\/uploads\/2025\/03\/Students-with-Disabilities-Scholarship-2025.webp\" \/>\n\t<meta property=\"og:image:width\" content=\"1500\" \/>\n\t<meta property=\"og:image:height\" content=\"461\" \/>\n\t<meta property=\"og:image:type\" content=\"image\/webp\" \/>\n<meta name=\"twitter:card\" content=\"summary_large_image\" \/>\n<meta name=\"twitter:label1\" content=\"Szacowany czas czytania\" \/>\n\t<meta name=\"twitter:data1\" content=\"2 minuty\" \/>\n<script type=\"application\/ld+json\" class=\"yoast-schema-graph\">{\"@context\":\"https:\\\/\\\/schema.org\",\"@graph\":[{\"@type\":\"WebPage\",\"@id\":\"https:\\\/\\\/plattalaw.com\\\/pl\\\/stypendium-dla-studentow-z-niepelnosprawnosciami\\\/\",\"url\":\"https:\\\/\\\/plattalaw.com\\\/pl\\\/stypendium-dla-studentow-z-niepelnosprawnosciami\\\/\",\"name\":\"Stypendium dla student\u00f3w z niepe\u0142nosprawno\u015bciami\",\"isPartOf\":{\"@id\":\"https:\\\/\\\/plattalaw.com\\\/pl\\\/#website\"},\"primaryImageOfPage\":{\"@id\":\"https:\\\/\\\/plattalaw.com\\\/pl\\\/stypendium-dla-studentow-z-niepelnosprawnosciami\\\/#primaryimage\"},\"image\":{\"@id\":\"https:\\\/\\\/plattalaw.com\\\/pl\\\/stypendium-dla-studentow-z-niepelnosprawnosciami\\\/#primaryimage\"},\"thumbnailUrl\":\"https:\\\/\\\/plattalaw.com\\\/wp-content\\\/uploads\\\/2025\\\/03\\\/Students-with-Disabilities-Scholarship-2025-1024x315.webp\",\"datePublished\":\"2024-04-15T14:56:20+00:00\",\"dateModified\":\"2026-04-03T20:08:33+00:00\",\"description\":\"Kancelaria Prawna Platta przyznaje roczne stypendium w wysoko\u015bci 5000 $ studentowi z niepe\u0142nosprawno\u015bci\u0105, osi\u0105gaj\u0105cemu wysokie wyniki w nauce. Nab\u00f3r wniosk\u00f3w jest otwarty.\",\"breadcrumb\":{\"@id\":\"https:\\\/\\\/plattalaw.com\\\/pl\\\/stypendium-dla-studentow-z-niepelnosprawnosciami\\\/#breadcrumb\"},\"inLanguage\":\"pl-PL\",\"potentialAction\":[{\"@type\":\"ReadAction\",\"target\":[\"https:\\\/\\\/plattalaw.com\\\/pl\\\/stypendium-dla-studentow-z-niepelnosprawnosciami\\\/\"]}]},{\"@type\":\"ImageObject\",\"inLanguage\":\"pl-PL\",\"@id\":\"https:\\\/\\\/plattalaw.com\\\/pl\\\/stypendium-dla-studentow-z-niepelnosprawnosciami\\\/#primaryimage\",\"url\":\"https:\\\/\\\/plattalaw.com\\\/wp-content\\\/uploads\\\/2025\\\/03\\\/Students-with-Disabilities-Scholarship-2025-1024x315.webp\",\"contentUrl\":\"https:\\\/\\\/plattalaw.com\\\/wp-content\\\/uploads\\\/2025\\\/03\\\/Students-with-Disabilities-Scholarship-2025-1024x315.webp\"},{\"@type\":\"BreadcrumbList\",\"@id\":\"https:\\\/\\\/plattalaw.com\\\/pl\\\/stypendium-dla-studentow-z-niepelnosprawnosciami\\\/#breadcrumb\",\"itemListElement\":[{\"@type\":\"ListItem\",\"position\":1,\"name\":\"Strona g\u0142\u00f3wna\",\"item\":\"https:\\\/\\\/plattalaw.com\\\/pl\\\/strona-glowna\\\/\"},{\"@type\":\"ListItem\",\"position\":2,\"name\":\"Stypendium dla student\u00f3w z niepe\u0142nosprawno\u015bciami\"}]},{\"@type\":\"WebSite\",\"@id\":\"https:\\\/\\\/plattalaw.com\\\/pl\\\/#website\",\"url\":\"https:\\\/\\\/plattalaw.com\\\/pl\\\/\",\"name\":\"The Platta Law Firm\",\"description\":\"Personal Injury Lawyer\",\"publisher\":{\"@id\":\"https:\\\/\\\/plattalaw.com\\\/pl\\\/#organization\"},\"potentialAction\":[{\"@type\":\"SearchAction\",\"target\":{\"@type\":\"EntryPoint\",\"urlTemplate\":\"https:\\\/\\\/plattalaw.com\\\/pl\\\/?s={search_term_string}\"},\"query-input\":{\"@type\":\"PropertyValueSpecification\",\"valueRequired\":true,\"valueName\":\"search_term_string\"}}],\"inLanguage\":\"pl-PL\"},{\"@type\":\"Organization\",\"@id\":\"https:\\\/\\\/plattalaw.com\\\/pl\\\/#organization\",\"name\":\"Kancelaria Prawna Platta\",\"url\":\"https:\\\/\\\/plattalaw.com\\\/pl\\\/\",\"logo\":{\"@type\":\"ImageObject\",\"inLanguage\":\"pl-PL\",\"@id\":\"https:\\\/\\\/plattalaw.com\\\/pl\\\/#\\\/schema\\\/logo\\\/image\\\/\",\"url\":\"https:\\\/\\\/plattalaw.com\\\/wp-content\\\/uploads\\\/2021\\\/07\\\/The-Platta-Law-Firm-Website-Logo.webp\",\"contentUrl\":\"https:\\\/\\\/plattalaw.com\\\/wp-content\\\/uploads\\\/2021\\\/07\\\/The-Platta-Law-Firm-Website-Logo.webp\",\"width\":1648,\"height\":198,\"caption\":\"Kancelaria Prawna Platta\"},\"image\":{\"@id\":\"https:\\\/\\\/plattalaw.com\\\/pl\\\/#\\\/schema\\\/logo\\\/image\\\/\"}}]}<\/script>\n<!-- \/ Yoast SEO Premium plugin. -->","yoast_head_json":{"title":"Stypendium dla student\u00f3w z niepe\u0142nosprawno\u015bciami","description":"Kancelaria Prawna Platta przyznaje roczne stypendium w wysoko\u015bci 5000 $ studentowi z niepe\u0142nosprawno\u015bci\u0105, osi\u0105gaj\u0105cemu wysokie wyniki w nauce. Nab\u00f3r wniosk\u00f3w jest otwarty.","robots":{"index":"index","follow":"follow","max-snippet":"max-snippet:-1","max-image-preview":"max-image-preview:large","max-video-preview":"max-video-preview:-1"},"canonical":"https:\/\/plattalaw.com\/pl\/stypendium-dla-studentow-z-niepelnosprawnosciami\/","og_locale":"pl_PL","og_type":"article","og_title":"Stypendium dla student\u00f3w z niepe\u0142nosprawno\u015bciami","og_description":"Kancelaria Prawna Platta przyznaje roczne stypendium w wysoko\u015bci 5000 $ studentowi z niepe\u0142nosprawno\u015bci\u0105, osi\u0105gaj\u0105cemu wysokie wyniki w nauce. Nab\u00f3r wniosk\u00f3w jest otwarty.","og_url":"https:\/\/plattalaw.com\/pl\/stypendium-dla-studentow-z-niepelnosprawnosciami\/","og_site_name":"The Platta Law Firm","article_modified_time":"2026-04-03T20:08:33+00:00","og_image":[{"width":1500,"height":461,"url":"https:\/\/plattalaw.com\/wp-content\/uploads\/2025\/03\/Students-with-Disabilities-Scholarship-2025.webp","type":"image\/webp"}],"twitter_card":"summary_large_image","twitter_misc":{"Szacowany czas czytania":"2 minuty"},"schema":{"@context":"https:\/\/schema.org","@graph":[{"@type":"WebPage","@id":"https:\/\/plattalaw.com\/pl\/stypendium-dla-studentow-z-niepelnosprawnosciami\/","url":"https:\/\/plattalaw.com\/pl\/stypendium-dla-studentow-z-niepelnosprawnosciami\/","name":"Stypendium dla student\u00f3w z niepe\u0142nosprawno\u015bciami","isPartOf":{"@id":"https:\/\/plattalaw.com\/pl\/#website"},"primaryImageOfPage":{"@id":"https:\/\/plattalaw.com\/pl\/stypendium-dla-studentow-z-niepelnosprawnosciami\/#primaryimage"},"image":{"@id":"https:\/\/plattalaw.com\/pl\/stypendium-dla-studentow-z-niepelnosprawnosciami\/#primaryimage"},"thumbnailUrl":"https:\/\/plattalaw.com\/wp-content\/uploads\/2025\/03\/Students-with-Disabilities-Scholarship-2025-1024x315.webp","datePublished":"2024-04-15T14:56:20+00:00","dateModified":"2026-04-03T20:08:33+00:00","description":"Kancelaria Prawna Platta przyznaje roczne stypendium w wysoko\u015bci 5000 $ studentowi z niepe\u0142nosprawno\u015bci\u0105, osi\u0105gaj\u0105cemu wysokie wyniki w nauce. Nab\u00f3r wniosk\u00f3w jest otwarty.","breadcrumb":{"@id":"https:\/\/plattalaw.com\/pl\/stypendium-dla-studentow-z-niepelnosprawnosciami\/#breadcrumb"},"inLanguage":"pl-PL","potentialAction":[{"@type":"ReadAction","target":["https:\/\/plattalaw.com\/pl\/stypendium-dla-studentow-z-niepelnosprawnosciami\/"]}]},{"@type":"ImageObject","inLanguage":"pl-PL","@id":"https:\/\/plattalaw.com\/pl\/stypendium-dla-studentow-z-niepelnosprawnosciami\/#primaryimage","url":"https:\/\/plattalaw.com\/wp-content\/uploads\/2025\/03\/Students-with-Disabilities-Scholarship-2025-1024x315.webp","contentUrl":"https:\/\/plattalaw.com\/wp-content\/uploads\/2025\/03\/Students-with-Disabilities-Scholarship-2025-1024x315.webp"},{"@type":"BreadcrumbList","@id":"https:\/\/plattalaw.com\/pl\/stypendium-dla-studentow-z-niepelnosprawnosciami\/#breadcrumb","itemListElement":[{"@type":"ListItem","position":1,"name":"Strona g\u0142\u00f3wna","item":"https:\/\/plattalaw.com\/pl\/strona-glowna\/"},{"@type":"ListItem","position":2,"name":"Stypendium dla student\u00f3w z niepe\u0142nosprawno\u015bciami"}]},{"@type":"WebSite","@id":"https:\/\/plattalaw.com\/pl\/#website","url":"https:\/\/plattalaw.com\/pl\/","name":"The Platta Law Firm","description":"Personal Injury Lawyer","publisher":{"@id":"https:\/\/plattalaw.com\/pl\/#organization"},"potentialAction":[{"@type":"SearchAction","target":{"@type":"EntryPoint","urlTemplate":"https:\/\/plattalaw.com\/pl\/?s={search_term_string}"},"query-input":{"@type":"PropertyValueSpecification","valueRequired":true,"valueName":"search_term_string"}}],"inLanguage":"pl-PL"},{"@type":"Organization","@id":"https:\/\/plattalaw.com\/pl\/#organization","name":"Kancelaria Prawna Platta","url":"https:\/\/plattalaw.com\/pl\/","logo":{"@type":"ImageObject","inLanguage":"pl-PL","@id":"https:\/\/plattalaw.com\/pl\/#\/schema\/logo\/image\/","url":"https:\/\/plattalaw.com\/wp-content\/uploads\/2021\/07\/The-Platta-Law-Firm-Website-Logo.webp","contentUrl":"https:\/\/plattalaw.com\/wp-content\/uploads\/2021\/07\/The-Platta-Law-Firm-Website-Logo.webp","width":1648,"height":198,"caption":"Kancelaria Prawna Platta"},"image":{"@id":"https:\/\/plattalaw.com\/pl\/#\/schema\/logo\/image\/"}}]}},"_links":{"self":[{"href":"https:\/\/plattalaw.com\/pl\/wp-json\/wp\/v2\/pages\/118252","targetHints":{"allow":["GET"]}}],"collection":[{"href":"https:\/\/plattalaw.com\/pl\/wp-json\/wp\/v2\/pages"}],"about":[{"href":"https:\/\/plattalaw.com\/pl\/wp-json\/wp\/v2\/types\/page"}],"author":[{"embeddable":true,"href":"https:\/\/plattalaw.com\/pl\/wp-json\/wp\/v2\/users\/2"}],"replies":[{"embeddable":true,"href":"https:\/\/plattalaw.com\/pl\/wp-json\/wp\/v2\/comments?post=118252"}],"version-history":[{"count":1,"href":"https:\/\/plattalaw.com\/pl\/wp-json\/wp\/v2\/pages\/118252\/revisions"}],"predecessor-version":[{"id":120658,"href":"https:\/\/plattalaw.com\/pl\/wp-json\/wp\/v2\/pages\/118252\/revisions\/120658"}],"wp:attachment":[{"href":"https:\/\/plattalaw.com\/pl\/wp-json\/wp\/v2\/media?parent=118252"}],"curies":[{"name":"wp","href":"https:\/\/api.w.org\/{rel}","templated":true}]}}