{"id":118237,"date":"2024-09-12T10:35:19","date_gmt":"2024-09-12T14:35:19","guid":{"rendered":"https:\/\/plattalaw.com\/nasi-prawnicy\/robert-miraglia\/"},"modified":"2026-03-10T10:16:58","modified_gmt":"2026-03-10T14:16:58","slug":"robert-miraglia","status":"publish","type":"page","link":"https:\/\/plattalaw.com\/pl\/nasi-prawnicy\/robert-miraglia\/","title":{"rendered":"Robert Miraglia"},"content":{"rendered":"\t\t<div data-elementor-type=\"wp-page\" data-elementor-id=\"118237\" class=\"elementor elementor-118237 elementor-83161\" data-elementor-post-type=\"page\">\n\t\t\t\t<div class=\"elementor-element elementor-element-89da0b1 elementor-hidden-tablet e-flex e-con-boxed e-con e-parent\" data-id=\"89da0b1\" data-element_type=\"container\" data-e-type=\"container\" data-settings=\"{&quot;background_background&quot;:&quot;classic&quot;}\">\n\t\t\t\t\t<div class=\"e-con-inner\">\n\t\t\t\t<div class=\"elementor-element elementor-element-ace1186 elementor-hidden-desktop elementor-hidden-tablet elementor-widget-mobile__width-initial elementor-widget elementor-widget-heading\" data-id=\"ace1186\" data-element_type=\"widget\" data-e-type=\"widget\" data-widget_type=\"heading.default\">\n\t\t\t\t\t<p class=\"elementor-heading-title elementor-size-default\">Nasi prawnicy<\/p>\t\t\t\t<\/div>\n\t\t\t\t<div class=\"elementor-element elementor-element-bc2f0f3 elementor-align-center elementor-hidden-desktop elementor-hidden-tablet elementor-widget elementor-widget-button\" data-id=\"bc2f0f3\" data-element_type=\"widget\" data-e-type=\"widget\" data-widget_type=\"button.default\">\n\t\t\t\t\t\t\t\t\t\t<a class=\"elementor-button elementor-button-link elementor-size-sm elementor-animation-shrink\" href=\"#free-case-evaluation\">\n\t\t\t\t\t\t<span class=\"elementor-button-content-wrapper\">\n\t\t\t\t\t\t\t\t\t<span class=\"elementor-button-text\">Bezp\u0142atna ocena sprawy<\/span>\n\t\t\t\t\t<\/span>\n\t\t\t\t\t<\/a>\n\t\t\t\t\t\t\t\t<\/div>\n\t\t\t\t\t<\/div>\n\t\t\t\t<\/div>\n\t\t<div class=\"elementor-element elementor-element-ea45b47 e-flex e-con-boxed e-con e-parent\" data-id=\"ea45b47\" data-element_type=\"container\" data-e-type=\"container\">\n\t\t\t\t\t<div class=\"e-con-inner\">\n\t\t\t\t<div class=\"elementor-element elementor-element-96bffb6 elementor-widget__width-initial elementor-position-top elementor-widget elementor-widget-image-box\" data-id=\"96bffb6\" data-element_type=\"widget\" data-e-type=\"widget\" data-widget_type=\"image-box.default\">\n\t\t\t\t\t<div class=\"elementor-image-box-wrapper\"><figure class=\"elementor-image-box-img\"><img decoding=\"async\" width=\"300\" height=\"300\" src=\"https:\/\/plattalaw.com\/wp-content\/uploads\/2025\/08\/The-Platta-Law-Firm-Robert-Miraglia.webp\" class=\"attachment-full size-full wp-image-117047\" alt=\"Robert Miraglia, Esq.\" srcset=\"https:\/\/plattalaw.com\/wp-content\/uploads\/2025\/08\/The-Platta-Law-Firm-Robert-Miraglia.webp 300w, https:\/\/plattalaw.com\/wp-content\/uploads\/2025\/08\/The-Platta-Law-Firm-Robert-Miraglia-150x150.webp 150w\" sizes=\"(max-width: 300px) 100vw, 300px\" \/><\/figure><div class=\"elementor-image-box-content\"><h1 class=\"elementor-image-box-title\">Robert Miraglia<\/h1><p class=\"elementor-image-box-description\">\n<p style=\"margin-top: -15px;font-size: 20px;color: #5d5d5d\">Prawnik Stowarzyszony<\/p>\n<p style=\"margin-top: 20px;font-size: 20px;color: #5d5d5d;font-weight:600\">Telefon: <a href=\"tel:2125145100\">(212) 514-5100<\/a><\/p>\n<p style=\"margin-top: -15px;font-size: 20px;color: #5d5d5d;font-weight:600\">E-mail: <a href=\"mailto:rm@plattalaw.com\">Wy\u015blij e-mail<\/a><\/p><\/p><\/div><\/div>\t\t\t\t<\/div>\n\t\t<div class=\"elementor-element elementor-element-54ebd05 e-con-full e-flex e-con e-child\" data-id=\"54ebd05\" data-element_type=\"container\" data-e-type=\"container\">\n\t\t\t\t<div class=\"elementor-element elementor-element-f12152f elementor-tabs-view-horizontal elementor-widget elementor-widget-tabs\" data-id=\"f12152f\" data-element_type=\"widget\" data-e-type=\"widget\" data-widget_type=\"tabs.default\">\n\t\t\t\t\t\t\t<div class=\"elementor-tabs\">\n\t\t\t<div class=\"elementor-tabs-wrapper\" role=\"tablist\" >\n\t\t\t\t\t\t\t\t\t<div id=\"elementor-tab-title-2521\" class=\"elementor-tab-title elementor-tab-desktop-title\" aria-selected=\"true\" data-tab=\"1\" role=\"tab\" tabindex=\"0\" aria-controls=\"elementor-tab-content-2521\" aria-expanded=\"false\">Wyr\u00f3\u017cnienia i Stowarzyszenia<\/div>\n\t\t\t\t\t\t\t\t\t<div id=\"elementor-tab-title-2522\" class=\"elementor-tab-title elementor-tab-desktop-title\" aria-selected=\"false\" data-tab=\"2\" role=\"tab\" tabindex=\"-1\" aria-controls=\"elementor-tab-content-2522\" aria-expanded=\"false\">Uprawnienia Adwokackie<\/div>\n\t\t\t\t\t\t\t\t\t<div id=\"elementor-tab-title-2523\" class=\"elementor-tab-title elementor-tab-desktop-title\" aria-selected=\"false\" data-tab=\"3\" role=\"tab\" tabindex=\"-1\" aria-controls=\"elementor-tab-content-2523\" aria-expanded=\"false\">Wykszta\u0142cenie<\/div>\n\t\t\t\t\t\t\t<\/div>\n\t\t\t<div class=\"elementor-tabs-content-wrapper\" role=\"tablist\" aria-orientation=\"vertical\">\n\t\t\t\t\t\t\t\t\t<div class=\"elementor-tab-title elementor-tab-mobile-title\" aria-selected=\"true\" data-tab=\"1\" role=\"tab\" tabindex=\"0\" aria-controls=\"elementor-tab-content-2521\" aria-expanded=\"false\">Wyr\u00f3\u017cnienia i Stowarzyszenia<\/div>\n\t\t\t\t\t<div id=\"elementor-tab-content-2521\" class=\"elementor-tab-content elementor-clearfix\" data-tab=\"1\" role=\"tabpanel\" aria-labelledby=\"elementor-tab-title-2521\" tabindex=\"0\" hidden=\"false\"><ul style=\"margin-left: -10px;\">\n<li>Stowarzyszenie Prawnik\u00f3w Procesowych Stanu Nowy Jork<\/li>\n<\/ul>\n<\/div>\n\t\t\t\t\t\t\t\t\t<div class=\"elementor-tab-title elementor-tab-mobile-title\" aria-selected=\"false\" data-tab=\"2\" role=\"tab\" tabindex=\"-1\" aria-controls=\"elementor-tab-content-2522\" aria-expanded=\"false\">Uprawnienia Adwokackie<\/div>\n\t\t\t\t\t<div id=\"elementor-tab-content-2522\" class=\"elementor-tab-content elementor-clearfix\" data-tab=\"2\" role=\"tabpanel\" aria-labelledby=\"elementor-tab-title-2522\" tabindex=\"0\" hidden=\"hidden\"><ul style=\"margin-left: -10px;\">\n<li>Stan Nowy Jork<\/li>\n<li>S\u0105d Okr\u0119gowy Stan\u00f3w Zjednoczonych \u2013 Po\u0142udniowy Dystrykt Nowego Jorku<\/li>\n<li>S\u0105d Okr\u0119gowy Stan\u00f3w Zjednoczonych \u2013 Wschodni Dystrykt Nowego Jorku<\/li>\n<\/ul>\n<\/div>\n\t\t\t\t\t\t\t\t\t<div class=\"elementor-tab-title elementor-tab-mobile-title\" aria-selected=\"false\" data-tab=\"3\" role=\"tab\" tabindex=\"-1\" aria-controls=\"elementor-tab-content-2523\" aria-expanded=\"false\">Wykszta\u0142cenie<\/div>\n\t\t\t\t\t<div id=\"elementor-tab-content-2523\" class=\"elementor-tab-content elementor-clearfix\" data-tab=\"3\" role=\"tabpanel\" aria-labelledby=\"elementor-tab-title-2523\" tabindex=\"0\" hidden=\"hidden\"><ul style=\"margin-left: -10px;\">\n<li>Uniwersytet Fordham \u2013 Licencjat z psychologii, 2000<\/li>\n<li>New York Law School \u2013 Doktorat z prawa, 2009<\/li>\n<\/ul>\n<\/div>\n\t\t\t\t\t\t\t<\/div>\n\t\t<\/div>\n\t\t\t\t\t\t<\/div>\n\t\t\t\t<div class=\"elementor-element elementor-element-d9b1231 elementor-widget elementor-widget-heading\" data-id=\"d9b1231\" data-element_type=\"widget\" data-e-type=\"widget\" data-widget_type=\"heading.default\">\n\t\t\t\t\t<h2 class=\"elementor-heading-title elementor-size-default\">Co najbardziej lubi Pan\/Pani w swojej pracy?<\/h2>\t\t\t\t<\/div>\n\t\t\t\t<div class=\"elementor-element elementor-element-bba76d5 elementor-widget elementor-widget-text-editor\" data-id=\"bba76d5\" data-element_type=\"widget\" data-e-type=\"widget\" data-widget_type=\"text-editor.default\">\n\t\t\t\t\t\t\t\t\t<p>Jako prawnik zajmuj\u0105cy si\u0119 obra\u017ceniami cia\u0142a, lubi\u0119 stawa\u0107 w obronie praw moich klient\u00f3w, pomaga\u0107 im w trudnym okresie ich \u017cycia i walczy\u0107 o uzyskanie pe\u0142nego odszkodowania, na kt\u00f3re zas\u0142uguj\u0105.<\/p>\t\t\t\t\t\t\t\t<\/div>\n\t\t\t\t<div class=\"elementor-element elementor-element-e941f4b elementor-widget elementor-widget-heading\" data-id=\"e941f4b\" data-element_type=\"widget\" data-e-type=\"widget\" data-widget_type=\"heading.default\">\n\t\t\t\t\t<h2 class=\"elementor-heading-title elementor-size-default\">Czego Pan\/Pani nie lubi najbardziej?<\/h2>\t\t\t\t<\/div>\n\t\t\t\t<div class=\"elementor-element elementor-element-2a3d24e elementor-widget elementor-widget-text-editor\" data-id=\"2a3d24e\" data-element_type=\"widget\" data-e-type=\"widget\" data-widget_type=\"text-editor.default\">\n\t\t\t\t\t\t\t\t\t<p>Nigdy nie lubi\u0119 musie\u0107 wyja\u015bnia\u0107 klientowi ogranicze\u0144 systemu prawnego, w tym powolnego procesu s\u0105dowego i przepis\u00f3w ubezpieczeniowych, kt\u00f3re ograniczaj\u0105 ich zdolno\u015b\u0107 do uzyskania pe\u0142nego zado\u015b\u0107uczynienia.<\/p>\t\t\t\t\t\t\t\t<\/div>\n\t\t\t\t<div class=\"elementor-element elementor-element-7cebe5e elementor-widget elementor-widget-heading\" data-id=\"7cebe5e\" data-element_type=\"widget\" data-e-type=\"widget\" data-widget_type=\"heading.default\">\n\t\t\t\t\t<h2 class=\"elementor-heading-title elementor-size-default\">Jak opisa\u0142by Pan\/Pani swoje podej\u015bcie do sprawy?<\/h2>\t\t\t\t<\/div>\n\t\t\t\t<div class=\"elementor-element elementor-element-3c4b471 elementor-widget elementor-widget-text-editor\" data-id=\"3c4b471\" data-element_type=\"widget\" data-e-type=\"widget\" data-widget_type=\"text-editor.default\">\n\t\t\t\t\t\t\t\t\t<p>Od pierwszego spotkania z klientem staram si\u0119 pozna\u0107 jego histori\u0119, dowiedzie\u0107 si\u0119, czego do\u015bwiadczy\u0142 i jak wypadek zmieni\u0142 jego \u017cycie. Przygotowuj\u0119 ka\u017cd\u0105 spraw\u0119 tak, jakby mia\u0142a trafi\u0107 na rozpraw\u0119 s\u0105dow\u0105, nie pozostawiaj\u0105c niczego przypadkowi. Ten poziom przygotowania to jedyny spos\u00f3b, aby przedstawi\u0107 histori\u0119 klienta \u0142awie przysi\u0119g\u0142ych.  <\/p>\t\t\t\t\t\t\t\t<\/div>\n\t\t\t\t<\/div>\n\t\t\t\t\t<\/div>\n\t\t\t\t<\/div>\n\t\t\t\t<\/div>\n\t\t","protected":false},"excerpt":{"rendered":"<p>Nasi prawnicy Bezp\u0142atna ocena sprawy Robert Miraglia Prawnik Stowarzyszony Telefon: (212) 514-5100 E-mail: Wy\u015blij e-mail Wyr\u00f3\u017cnienia i Stowarzyszenia Uprawnienia Adwokackie Wykszta\u0142cenie Wyr\u00f3\u017cnienia i Stowarzyszenia Stowarzyszenie Prawnik\u00f3w Procesowych Stanu Nowy Jork Uprawnienia Adwokackie Stan Nowy Jork S\u0105d Okr\u0119gowy Stan\u00f3w Zjednoczonych \u2013 Po\u0142udniowy Dystrykt Nowego Jorku S\u0105d Okr\u0119gowy Stan\u00f3w Zjednoczonych \u2013 Wschodni Dystrykt Nowego Jorku Wykszta\u0142cenie Uniwersytet [&hellip;]<\/p>\n","protected":false},"author":2,"featured_media":118238,"parent":117090,"menu_order":0,"comment_status":"closed","ping_status":"closed","template":"elementor_header_footer","meta":{"footnotes":""},"class_list":["post-118237","page","type-page","status-publish","has-post-thumbnail","hentry"],"yoast_head":"<!-- This site is optimized with the Yoast SEO Premium plugin v27.4 (Yoast SEO v27.4) - https:\/\/yoast.com\/product\/yoast-seo-premium-wordpress\/ -->\n<title>Robert Miraglia - The Platta Law Firm<\/title>\n<meta name=\"description\" content=\"Przygotowuj\u0119 ka\u017cd\u0105 spraw\u0119 tak, jakby mia\u0142a trafi\u0107 na rozpraw\u0119 s\u0105dow\u0105. To jedyny spos\u00f3b, aby przedstawi\u0107 histori\u0119 klienta \u0142awie przysi\u0119g\u0142ych.\" \/>\n<meta name=\"robots\" content=\"index, follow, max-snippet:-1, max-image-preview:large, max-video-preview:-1\" \/>\n<link rel=\"canonical\" href=\"https:\/\/plattalaw.com\/pl\/nasi-prawnicy\/robert-miraglia\/\" \/>\n<meta property=\"og:locale\" content=\"pl_PL\" \/>\n<meta property=\"og:type\" content=\"article\" \/>\n<meta property=\"og:title\" content=\"Robert Miraglia\" \/>\n<meta property=\"og:description\" content=\"Przygotowuj\u0119 ka\u017cd\u0105 spraw\u0119 tak, jakby mia\u0142a trafi\u0107 na rozpraw\u0119 s\u0105dow\u0105. To jedyny spos\u00f3b, aby przedstawi\u0107 histori\u0119 klienta \u0142awie przysi\u0119g\u0142ych.\" \/>\n<meta property=\"og:url\" content=\"https:\/\/plattalaw.com\/pl\/nasi-prawnicy\/robert-miraglia\/\" \/>\n<meta property=\"og:site_name\" content=\"The Platta Law Firm\" \/>\n<meta property=\"article:modified_time\" content=\"2026-03-10T14:16:58+00:00\" \/>\n<meta property=\"og:image\" content=\"https:\/\/plattalaw.com\/wp-content\/uploads\/2025\/08\/The-Platta-Law-Firm-Robert-Miraglia-1.webp\" \/>\n\t<meta property=\"og:image:width\" content=\"300\" \/>\n\t<meta property=\"og:image:height\" content=\"300\" \/>\n\t<meta property=\"og:image:type\" content=\"image\/webp\" \/>\n<meta name=\"twitter:card\" content=\"summary_large_image\" \/>\n<meta name=\"twitter:label1\" content=\"Szacowany czas czytania\" \/>\n\t<meta name=\"twitter:data1\" content=\"2 minuty\" \/>\n<script type=\"application\/ld+json\" class=\"yoast-schema-graph\">{\"@context\":\"https:\\\/\\\/schema.org\",\"@graph\":[{\"@type\":\"WebPage\",\"@id\":\"https:\\\/\\\/plattalaw.com\\\/pl\\\/nasi-prawnicy\\\/robert-miraglia\\\/\",\"url\":\"https:\\\/\\\/plattalaw.com\\\/pl\\\/nasi-prawnicy\\\/robert-miraglia\\\/\",\"name\":\"Robert Miraglia - The Platta Law Firm\",\"isPartOf\":{\"@id\":\"https:\\\/\\\/plattalaw.com\\\/pl\\\/#website\"},\"primaryImageOfPage\":{\"@id\":\"https:\\\/\\\/plattalaw.com\\\/pl\\\/nasi-prawnicy\\\/robert-miraglia\\\/#primaryimage\"},\"image\":{\"@id\":\"https:\\\/\\\/plattalaw.com\\\/pl\\\/nasi-prawnicy\\\/robert-miraglia\\\/#primaryimage\"},\"thumbnailUrl\":\"https:\\\/\\\/plattalaw.com\\\/wp-content\\\/uploads\\\/2025\\\/08\\\/The-Platta-Law-Firm-Robert-Miraglia-1.webp\",\"datePublished\":\"2024-09-12T14:35:19+00:00\",\"dateModified\":\"2026-03-10T14:16:58+00:00\",\"description\":\"Przygotowuj\u0119 ka\u017cd\u0105 spraw\u0119 tak, jakby mia\u0142a trafi\u0107 na rozpraw\u0119 s\u0105dow\u0105. To jedyny spos\u00f3b, aby przedstawi\u0107 histori\u0119 klienta \u0142awie przysi\u0119g\u0142ych.\",\"breadcrumb\":{\"@id\":\"https:\\\/\\\/plattalaw.com\\\/pl\\\/nasi-prawnicy\\\/robert-miraglia\\\/#breadcrumb\"},\"inLanguage\":\"pl-PL\",\"potentialAction\":[{\"@type\":\"ReadAction\",\"target\":[\"https:\\\/\\\/plattalaw.com\\\/pl\\\/nasi-prawnicy\\\/robert-miraglia\\\/\"]}]},{\"@type\":\"ImageObject\",\"inLanguage\":\"pl-PL\",\"@id\":\"https:\\\/\\\/plattalaw.com\\\/pl\\\/nasi-prawnicy\\\/robert-miraglia\\\/#primaryimage\",\"url\":\"https:\\\/\\\/plattalaw.com\\\/wp-content\\\/uploads\\\/2025\\\/08\\\/The-Platta-Law-Firm-Robert-Miraglia-1.webp\",\"contentUrl\":\"https:\\\/\\\/plattalaw.com\\\/wp-content\\\/uploads\\\/2025\\\/08\\\/The-Platta-Law-Firm-Robert-Miraglia-1.webp\",\"width\":300,\"height\":300,\"caption\":\"Kancelaria Prawna Platta \u2013 Robert Miraglia, Esq.\"},{\"@type\":\"BreadcrumbList\",\"@id\":\"https:\\\/\\\/plattalaw.com\\\/pl\\\/nasi-prawnicy\\\/robert-miraglia\\\/#breadcrumb\",\"itemListElement\":[{\"@type\":\"ListItem\",\"position\":1,\"name\":\"Strona g\u0142\u00f3wna\",\"item\":\"https:\\\/\\\/plattalaw.com\\\/pl\\\/strona-glowna\\\/\"},{\"@type\":\"ListItem\",\"position\":2,\"name\":\"Nasi prawnicy\",\"item\":\"https:\\\/\\\/plattalaw.com\\\/pl\\\/our-attorneys\\\/\"},{\"@type\":\"ListItem\",\"position\":3,\"name\":\"Robert Miraglia\"}]},{\"@type\":\"WebSite\",\"@id\":\"https:\\\/\\\/plattalaw.com\\\/pl\\\/#website\",\"url\":\"https:\\\/\\\/plattalaw.com\\\/pl\\\/\",\"name\":\"The Platta Law Firm\",\"description\":\"Personal Injury Lawyer\",\"publisher\":{\"@id\":\"https:\\\/\\\/plattalaw.com\\\/pl\\\/#organization\"},\"potentialAction\":[{\"@type\":\"SearchAction\",\"target\":{\"@type\":\"EntryPoint\",\"urlTemplate\":\"https:\\\/\\\/plattalaw.com\\\/pl\\\/?s={search_term_string}\"},\"query-input\":{\"@type\":\"PropertyValueSpecification\",\"valueRequired\":true,\"valueName\":\"search_term_string\"}}],\"inLanguage\":\"pl-PL\"},{\"@type\":\"Organization\",\"@id\":\"https:\\\/\\\/plattalaw.com\\\/pl\\\/#organization\",\"name\":\"Kancelaria Prawna Platta\",\"url\":\"https:\\\/\\\/plattalaw.com\\\/pl\\\/\",\"logo\":{\"@type\":\"ImageObject\",\"inLanguage\":\"pl-PL\",\"@id\":\"https:\\\/\\\/plattalaw.com\\\/pl\\\/#\\\/schema\\\/logo\\\/image\\\/\",\"url\":\"https:\\\/\\\/plattalaw.com\\\/wp-content\\\/uploads\\\/2021\\\/07\\\/The-Platta-Law-Firm-Website-Logo.webp\",\"contentUrl\":\"https:\\\/\\\/plattalaw.com\\\/wp-content\\\/uploads\\\/2021\\\/07\\\/The-Platta-Law-Firm-Website-Logo.webp\",\"width\":1648,\"height\":198,\"caption\":\"Kancelaria Prawna Platta\"},\"image\":{\"@id\":\"https:\\\/\\\/plattalaw.com\\\/pl\\\/#\\\/schema\\\/logo\\\/image\\\/\"}}]}<\/script>\n<!-- \/ Yoast SEO Premium plugin. -->","yoast_head_json":{"title":"Robert Miraglia - The Platta Law Firm","description":"Przygotowuj\u0119 ka\u017cd\u0105 spraw\u0119 tak, jakby mia\u0142a trafi\u0107 na rozpraw\u0119 s\u0105dow\u0105. To jedyny spos\u00f3b, aby przedstawi\u0107 histori\u0119 klienta \u0142awie przysi\u0119g\u0142ych.","robots":{"index":"index","follow":"follow","max-snippet":"max-snippet:-1","max-image-preview":"max-image-preview:large","max-video-preview":"max-video-preview:-1"},"canonical":"https:\/\/plattalaw.com\/pl\/nasi-prawnicy\/robert-miraglia\/","og_locale":"pl_PL","og_type":"article","og_title":"Robert Miraglia","og_description":"Przygotowuj\u0119 ka\u017cd\u0105 spraw\u0119 tak, jakby mia\u0142a trafi\u0107 na rozpraw\u0119 s\u0105dow\u0105. To jedyny spos\u00f3b, aby przedstawi\u0107 histori\u0119 klienta \u0142awie przysi\u0119g\u0142ych.","og_url":"https:\/\/plattalaw.com\/pl\/nasi-prawnicy\/robert-miraglia\/","og_site_name":"The Platta Law Firm","article_modified_time":"2026-03-10T14:16:58+00:00","og_image":[{"width":300,"height":300,"url":"https:\/\/plattalaw.com\/wp-content\/uploads\/2025\/08\/The-Platta-Law-Firm-Robert-Miraglia-1.webp","type":"image\/webp"}],"twitter_card":"summary_large_image","twitter_misc":{"Szacowany czas czytania":"2 minuty"},"schema":{"@context":"https:\/\/schema.org","@graph":[{"@type":"WebPage","@id":"https:\/\/plattalaw.com\/pl\/nasi-prawnicy\/robert-miraglia\/","url":"https:\/\/plattalaw.com\/pl\/nasi-prawnicy\/robert-miraglia\/","name":"Robert Miraglia - The Platta Law Firm","isPartOf":{"@id":"https:\/\/plattalaw.com\/pl\/#website"},"primaryImageOfPage":{"@id":"https:\/\/plattalaw.com\/pl\/nasi-prawnicy\/robert-miraglia\/#primaryimage"},"image":{"@id":"https:\/\/plattalaw.com\/pl\/nasi-prawnicy\/robert-miraglia\/#primaryimage"},"thumbnailUrl":"https:\/\/plattalaw.com\/wp-content\/uploads\/2025\/08\/The-Platta-Law-Firm-Robert-Miraglia-1.webp","datePublished":"2024-09-12T14:35:19+00:00","dateModified":"2026-03-10T14:16:58+00:00","description":"Przygotowuj\u0119 ka\u017cd\u0105 spraw\u0119 tak, jakby mia\u0142a trafi\u0107 na rozpraw\u0119 s\u0105dow\u0105. To jedyny spos\u00f3b, aby przedstawi\u0107 histori\u0119 klienta \u0142awie przysi\u0119g\u0142ych.","breadcrumb":{"@id":"https:\/\/plattalaw.com\/pl\/nasi-prawnicy\/robert-miraglia\/#breadcrumb"},"inLanguage":"pl-PL","potentialAction":[{"@type":"ReadAction","target":["https:\/\/plattalaw.com\/pl\/nasi-prawnicy\/robert-miraglia\/"]}]},{"@type":"ImageObject","inLanguage":"pl-PL","@id":"https:\/\/plattalaw.com\/pl\/nasi-prawnicy\/robert-miraglia\/#primaryimage","url":"https:\/\/plattalaw.com\/wp-content\/uploads\/2025\/08\/The-Platta-Law-Firm-Robert-Miraglia-1.webp","contentUrl":"https:\/\/plattalaw.com\/wp-content\/uploads\/2025\/08\/The-Platta-Law-Firm-Robert-Miraglia-1.webp","width":300,"height":300,"caption":"Kancelaria Prawna Platta \u2013 Robert Miraglia, Esq."},{"@type":"BreadcrumbList","@id":"https:\/\/plattalaw.com\/pl\/nasi-prawnicy\/robert-miraglia\/#breadcrumb","itemListElement":[{"@type":"ListItem","position":1,"name":"Strona g\u0142\u00f3wna","item":"https:\/\/plattalaw.com\/pl\/strona-glowna\/"},{"@type":"ListItem","position":2,"name":"Nasi prawnicy","item":"https:\/\/plattalaw.com\/pl\/our-attorneys\/"},{"@type":"ListItem","position":3,"name":"Robert Miraglia"}]},{"@type":"WebSite","@id":"https:\/\/plattalaw.com\/pl\/#website","url":"https:\/\/plattalaw.com\/pl\/","name":"The Platta Law Firm","description":"Personal Injury Lawyer","publisher":{"@id":"https:\/\/plattalaw.com\/pl\/#organization"},"potentialAction":[{"@type":"SearchAction","target":{"@type":"EntryPoint","urlTemplate":"https:\/\/plattalaw.com\/pl\/?s={search_term_string}"},"query-input":{"@type":"PropertyValueSpecification","valueRequired":true,"valueName":"search_term_string"}}],"inLanguage":"pl-PL"},{"@type":"Organization","@id":"https:\/\/plattalaw.com\/pl\/#organization","name":"Kancelaria Prawna Platta","url":"https:\/\/plattalaw.com\/pl\/","logo":{"@type":"ImageObject","inLanguage":"pl-PL","@id":"https:\/\/plattalaw.com\/pl\/#\/schema\/logo\/image\/","url":"https:\/\/plattalaw.com\/wp-content\/uploads\/2021\/07\/The-Platta-Law-Firm-Website-Logo.webp","contentUrl":"https:\/\/plattalaw.com\/wp-content\/uploads\/2021\/07\/The-Platta-Law-Firm-Website-Logo.webp","width":1648,"height":198,"caption":"Kancelaria Prawna Platta"},"image":{"@id":"https:\/\/plattalaw.com\/pl\/#\/schema\/logo\/image\/"}}]}},"_links":{"self":[{"href":"https:\/\/plattalaw.com\/pl\/wp-json\/wp\/v2\/pages\/118237","targetHints":{"allow":["GET"]}}],"collection":[{"href":"https:\/\/plattalaw.com\/pl\/wp-json\/wp\/v2\/pages"}],"about":[{"href":"https:\/\/plattalaw.com\/pl\/wp-json\/wp\/v2\/types\/page"}],"author":[{"embeddable":true,"href":"https:\/\/plattalaw.com\/pl\/wp-json\/wp\/v2\/users\/2"}],"replies":[{"embeddable":true,"href":"https:\/\/plattalaw.com\/pl\/wp-json\/wp\/v2\/comments?post=118237"}],"version-history":[{"count":0,"href":"https:\/\/plattalaw.com\/pl\/wp-json\/wp\/v2\/pages\/118237\/revisions"}],"up":[{"embeddable":true,"href":"https:\/\/plattalaw.com\/pl\/wp-json\/wp\/v2\/pages\/117090"}],"wp:featuredmedia":[{"embeddable":true,"href":"https:\/\/plattalaw.com\/pl\/wp-json\/wp\/v2\/media\/118238"}],"wp:attachment":[{"href":"https:\/\/plattalaw.com\/pl\/wp-json\/wp\/v2\/media?parent=118237"}],"curies":[{"name":"wp","href":"https:\/\/api.w.org\/{rel}","templated":true}]}}