{"id":118216,"date":"2025-06-23T16:27:08","date_gmt":"2025-06-23T20:27:08","guid":{"rendered":"https:\/\/plattalaw.com\/laureat-stypendium-2024\/"},"modified":"2026-03-06T12:57:00","modified_gmt":"2026-03-06T17:57:00","slug":"laureat-stypendium-2024","status":"publish","type":"page","link":"https:\/\/plattalaw.com\/pl\/laureat-stypendium-2024\/","title":{"rendered":"Laureat Stypendium 2024"},"content":{"rendered":"\t\t<div data-elementor-type=\"wp-page\" data-elementor-id=\"118216\" class=\"elementor elementor-118216 elementor-101517\" data-elementor-post-type=\"page\">\n\t\t\t\t<div class=\"elementor-element elementor-element-75265bf elementor-hidden-tablet e-flex e-con-boxed e-con e-parent\" data-id=\"75265bf\" data-element_type=\"container\" data-e-type=\"container\" data-settings=\"{&quot;background_background&quot;:&quot;classic&quot;}\">\n\t\t\t\t\t<div class=\"e-con-inner\">\n\t\t\t\t<div class=\"elementor-element elementor-element-68223a1 elementor-hidden-desktop elementor-hidden-tablet elementor-widget-mobile__width-initial elementor-widget elementor-widget-heading\" data-id=\"68223a1\" data-element_type=\"widget\" data-e-type=\"widget\" data-widget_type=\"heading.default\">\n\t\t\t\t\t<p class=\"elementor-heading-title elementor-size-default\">STYPENDIUM DLA OS\u00d3B Z NIEPE\u0141NOSPRAWNO\u015aCIAMI<\/p>\t\t\t\t<\/div>\n\t\t\t\t<div class=\"elementor-element elementor-element-650df6f elementor-align-center elementor-hidden-desktop elementor-hidden-tablet elementor-widget elementor-widget-button\" data-id=\"650df6f\" data-element_type=\"widget\" data-e-type=\"widget\" data-widget_type=\"button.default\">\n\t\t\t\t\t\t\t\t\t\t<a class=\"elementor-button elementor-button-link elementor-size-sm elementor-animation-shrink\" href=\"#free-case-evaluation\">\n\t\t\t\t\t\t<span class=\"elementor-button-content-wrapper\">\n\t\t\t\t\t\t\t\t\t<span class=\"elementor-button-text\">Bezp\u0142atna ocena sprawy<\/span>\n\t\t\t\t\t<\/span>\n\t\t\t\t\t<\/a>\n\t\t\t\t\t\t\t\t<\/div>\n\t\t\t\t\t<\/div>\n\t\t\t\t<\/div>\n\t\t<div class=\"elementor-element elementor-element-95d2c2b e-flex e-con-boxed e-con e-parent\" data-id=\"95d2c2b\" data-element_type=\"container\" data-e-type=\"container\">\n\t\t\t\t\t<div class=\"e-con-inner\">\n\t\t<div class=\"elementor-element elementor-element-f6c9b7c e-con-full e-flex e-con e-child\" data-id=\"f6c9b7c\" data-element_type=\"container\" data-e-type=\"container\" data-settings=\"{&quot;background_background&quot;:&quot;classic&quot;}\">\n\t\t\t\t<div class=\"elementor-element elementor-element-6351380 elementor-widget elementor-widget-video\" data-id=\"6351380\" data-element_type=\"widget\" data-e-type=\"widget\" data-settings=\"{&quot;youtube_url&quot;:&quot;https:\\\/\\\/www.youtube.com\\\/watch?v=H0TV-3Mr1N0&quot;,&quot;video_type&quot;:&quot;youtube&quot;,&quot;controls&quot;:&quot;yes&quot;}\" data-widget_type=\"video.default\">\n\t\t\t\t\t\t\t<div class=\"elementor-wrapper elementor-open-inline\">\n\t\t\t<div class=\"elementor-video\"><\/div>\t\t<\/div>\n\t\t\t\t\t\t<\/div>\n\t\t\t\t<\/div>\n\t\t<div class=\"elementor-element elementor-element-5077fb8 e-con-full e-flex e-con e-child\" data-id=\"5077fb8\" data-element_type=\"container\" data-e-type=\"container\">\n\t\t\t\t<div class=\"elementor-element elementor-element-22bd642 elementor-widget elementor-widget-heading\" data-id=\"22bd642\" data-element_type=\"widget\" data-e-type=\"widget\" data-widget_type=\"heading.default\">\n\t\t\t\t\t<h1 class=\"elementor-heading-title elementor-size-default\">Laureat Stypendium 2024<\/h1>\t\t\t\t<\/div>\n\t\t\t\t<div class=\"elementor-element elementor-element-ac55bbb elementor-widget elementor-widget-text-editor\" data-id=\"ac55bbb\" data-element_type=\"widget\" data-e-type=\"widget\" data-widget_type=\"text-editor.default\">\n\t\t\t\t\t\t\t\t\t<p>Adele to wyr\u00f3\u017cniaj\u0105ca si\u0119 studentka i przysz\u0142a profesjonalistka w dziedzinie opieki zdrowotnej, kt\u00f3rej doskona\u0142e wyniki w nauce, wolontariat i niezachwiane po\u015bwi\u0119cenie dla medycyny zapewni\u0142y jej tegoroczne stypendium dla os\u00f3b z niepe\u0142nosprawno\u015bciami. Jako studentka kierunku Nauki Biologiczne z wynikiem 4.0 GPA i cz\u0142onkini Towarzystwa Honorowego Beta Beta Beta Biological, Adele wykazuje wyj\u0105tkow\u0105 motywacj\u0119 i dyscyplin\u0119 w swoich studiach na Saint Elizabeth University. <\/p><p>Jej zaanga\u017cowanie w opiek\u0119 zdrowotn\u0105 wykracza daleko poza sal\u0119 wyk\u0142adow\u0105 \u2014 odby\u0142a sta\u017c w medycynie ratunkowej, pracowa\u0142a jako pediatryczny pracownik s\u0142u\u017cby zdrowia i intensywnie anga\u017cowa\u0142a si\u0119 w wolontariat, w tym jako ratownik medyczny w Jefferson Township Rescue Squad.<\/p><p>To, co wyr\u00f3\u017cnia Adele, to nie tylko jej imponuj\u0105ce CV, ale tak\u017ce wsp\u00f3\u0142czucie, zdolno\u015bci przyw\u00f3dcze i odporno\u015b\u0107. Jak zauwa\u017cy\u0142 jej by\u0142y prze\u0142o\u017cony z Rescue Squad, Adele konsekwentnie przekracza oczekiwania \u2014 nawet w szczytowym okresie pandemii COVID-19 \u2014 oferuj\u0105c sta\u0142e wsparcie swojemu zespo\u0142owi i wykazuj\u0105c spokojn\u0105 determinacj\u0119 w sytuacjach wysokiego ci\u015bnienia. <\/p><p>Jej do\u015bwiadczenia \u017cyciowe nap\u0119dza\u0142y siln\u0105 motywacj\u0119 do kontynuowania kariery w medycynie. Zdolno\u015b\u0107 Adele do podnoszenia na duchu innych sprawia, \u017ce jest ona prawdziwie zas\u0142u\u017con\u0105 laureatk\u0105 tej nagrody. <\/p>\t\t\t\t\t\t\t\t<\/div>\n\t\t\t\t<\/div>\n\t\t\t\t\t<\/div>\n\t\t\t\t<\/div>\n\t\t\t\t<\/div>\n\t\t","protected":false},"excerpt":{"rendered":"<p>STYPENDIUM DLA OS\u00d3B Z NIEPE\u0141NOSPRAWNO\u015aCIAMI Bezp\u0142atna ocena sprawy https:\/\/www.youtube.com\/watch?v=H0TV-3Mr1N0 Laureat Stypendium 2024 Adele to wyr\u00f3\u017cniaj\u0105ca si\u0119 studentka i przysz\u0142a profesjonalistka w dziedzinie opieki zdrowotnej, kt\u00f3rej doskona\u0142e wyniki w nauce, wolontariat i niezachwiane po\u015bwi\u0119cenie dla medycyny zapewni\u0142y jej tegoroczne stypendium dla os\u00f3b z niepe\u0142nosprawno\u015bciami. Jako studentka kierunku Nauki Biologiczne z wynikiem 4.0 GPA i cz\u0142onkini Towarzystwa [&hellip;]<\/p>\n","protected":false},"author":2,"featured_media":0,"parent":0,"menu_order":0,"comment_status":"closed","ping_status":"closed","template":"elementor_header_footer","meta":{"footnotes":""},"class_list":["post-118216","page","type-page","status-publish","hentry"],"yoast_head":"<!-- This site is optimized with the Yoast SEO Premium plugin v27.3 (Yoast SEO v27.3) - https:\/\/yoast.com\/product\/yoast-seo-premium-wordpress\/ -->\n<title>Laureat Stypendium 2024<\/title>\n<meta name=\"description\" content=\"Adele to wyr\u00f3\u017cniaj\u0105ca si\u0119 studentka, kt\u00f3rej doskona\u0142e wyniki w nauce zapewni\u0142y jej tegoroczne stypendium dla os\u00f3b z niepe\u0142nosprawno\u015bciami.\" \/>\n<meta name=\"robots\" content=\"index, follow, max-snippet:-1, max-image-preview:large, max-video-preview:-1\" \/>\n<link rel=\"canonical\" href=\"https:\/\/plattalaw.com\/pl\/laureat-stypendium-2024\/\" \/>\n<meta property=\"og:locale\" content=\"pl_PL\" \/>\n<meta property=\"og:type\" content=\"article\" \/>\n<meta property=\"og:title\" content=\"Laureat Stypendium 2024\" \/>\n<meta property=\"og:description\" content=\"Adele to wyr\u00f3\u017cniaj\u0105ca si\u0119 studentka, kt\u00f3rej doskona\u0142e wyniki w nauce zapewni\u0142y jej tegoroczne stypendium dla os\u00f3b z niepe\u0142nosprawno\u015bciami.\" \/>\n<meta property=\"og:url\" content=\"https:\/\/plattalaw.com\/pl\/laureat-stypendium-2024\/\" \/>\n<meta property=\"og:site_name\" content=\"The Platta Law Firm\" \/>\n<meta property=\"article:modified_time\" content=\"2026-03-06T17:57:00+00:00\" \/>\n<meta name=\"twitter:card\" content=\"summary_large_image\" \/>\n<meta name=\"twitter:label1\" content=\"Szacowany czas czytania\" \/>\n\t<meta name=\"twitter:data1\" content=\"1 minuta\" \/>\n<script type=\"application\/ld+json\" class=\"yoast-schema-graph\">{\"@context\":\"https:\\\/\\\/schema.org\",\"@graph\":[{\"@type\":\"WebPage\",\"@id\":\"https:\\\/\\\/plattalaw.com\\\/pl\\\/laureat-stypendium-2024\\\/\",\"url\":\"https:\\\/\\\/plattalaw.com\\\/pl\\\/laureat-stypendium-2024\\\/\",\"name\":\"Laureat Stypendium 2024\",\"isPartOf\":{\"@id\":\"https:\\\/\\\/plattalaw.com\\\/pl\\\/#website\"},\"datePublished\":\"2025-06-23T20:27:08+00:00\",\"dateModified\":\"2026-03-06T17:57:00+00:00\",\"description\":\"Adele to wyr\u00f3\u017cniaj\u0105ca si\u0119 studentka, kt\u00f3rej doskona\u0142e wyniki w nauce zapewni\u0142y jej tegoroczne stypendium dla os\u00f3b z niepe\u0142nosprawno\u015bciami.\",\"breadcrumb\":{\"@id\":\"https:\\\/\\\/plattalaw.com\\\/pl\\\/laureat-stypendium-2024\\\/#breadcrumb\"},\"inLanguage\":\"pl-PL\",\"potentialAction\":[{\"@type\":\"ReadAction\",\"target\":[\"https:\\\/\\\/plattalaw.com\\\/pl\\\/laureat-stypendium-2024\\\/\"]}]},{\"@type\":\"BreadcrumbList\",\"@id\":\"https:\\\/\\\/plattalaw.com\\\/pl\\\/laureat-stypendium-2024\\\/#breadcrumb\",\"itemListElement\":[{\"@type\":\"ListItem\",\"position\":1,\"name\":\"Strona g\u0142\u00f3wna\",\"item\":\"https:\\\/\\\/plattalaw.com\\\/pl\\\/\"},{\"@type\":\"ListItem\",\"position\":2,\"name\":\"Laureat Stypendium 2024\"}]},{\"@type\":\"WebSite\",\"@id\":\"https:\\\/\\\/plattalaw.com\\\/pl\\\/#website\",\"url\":\"https:\\\/\\\/plattalaw.com\\\/pl\\\/\",\"name\":\"The Platta Law Firm\",\"description\":\"Personal Injury Lawyer\",\"publisher\":{\"@id\":\"https:\\\/\\\/plattalaw.com\\\/pl\\\/#organization\"},\"potentialAction\":[{\"@type\":\"SearchAction\",\"target\":{\"@type\":\"EntryPoint\",\"urlTemplate\":\"https:\\\/\\\/plattalaw.com\\\/pl\\\/?s={search_term_string}\"},\"query-input\":{\"@type\":\"PropertyValueSpecification\",\"valueRequired\":true,\"valueName\":\"search_term_string\"}}],\"inLanguage\":\"pl-PL\"},{\"@type\":\"Organization\",\"@id\":\"https:\\\/\\\/plattalaw.com\\\/pl\\\/#organization\",\"name\":\"Kancelaria Prawna Platta\",\"url\":\"https:\\\/\\\/plattalaw.com\\\/pl\\\/\",\"logo\":{\"@type\":\"ImageObject\",\"inLanguage\":\"pl-PL\",\"@id\":\"https:\\\/\\\/plattalaw.com\\\/pl\\\/#\\\/schema\\\/logo\\\/image\\\/\",\"url\":\"https:\\\/\\\/plattalaw.com\\\/wp-content\\\/uploads\\\/2021\\\/07\\\/The-Platta-Law-Firm-Website-Logo.webp\",\"contentUrl\":\"https:\\\/\\\/plattalaw.com\\\/wp-content\\\/uploads\\\/2021\\\/07\\\/The-Platta-Law-Firm-Website-Logo.webp\",\"width\":1648,\"height\":198,\"caption\":\"Kancelaria Prawna Platta\"},\"image\":{\"@id\":\"https:\\\/\\\/plattalaw.com\\\/pl\\\/#\\\/schema\\\/logo\\\/image\\\/\"}}]}<\/script>\n<!-- \/ Yoast SEO Premium plugin. -->","yoast_head_json":{"title":"Laureat Stypendium 2024","description":"Adele to wyr\u00f3\u017cniaj\u0105ca si\u0119 studentka, kt\u00f3rej doskona\u0142e wyniki w nauce zapewni\u0142y jej tegoroczne stypendium dla os\u00f3b z niepe\u0142nosprawno\u015bciami.","robots":{"index":"index","follow":"follow","max-snippet":"max-snippet:-1","max-image-preview":"max-image-preview:large","max-video-preview":"max-video-preview:-1"},"canonical":"https:\/\/plattalaw.com\/pl\/laureat-stypendium-2024\/","og_locale":"pl_PL","og_type":"article","og_title":"Laureat Stypendium 2024","og_description":"Adele to wyr\u00f3\u017cniaj\u0105ca si\u0119 studentka, kt\u00f3rej doskona\u0142e wyniki w nauce zapewni\u0142y jej tegoroczne stypendium dla os\u00f3b z niepe\u0142nosprawno\u015bciami.","og_url":"https:\/\/plattalaw.com\/pl\/laureat-stypendium-2024\/","og_site_name":"The Platta Law Firm","article_modified_time":"2026-03-06T17:57:00+00:00","twitter_card":"summary_large_image","twitter_misc":{"Szacowany czas czytania":"1 minuta"},"schema":{"@context":"https:\/\/schema.org","@graph":[{"@type":"WebPage","@id":"https:\/\/plattalaw.com\/pl\/laureat-stypendium-2024\/","url":"https:\/\/plattalaw.com\/pl\/laureat-stypendium-2024\/","name":"Laureat Stypendium 2024","isPartOf":{"@id":"https:\/\/plattalaw.com\/pl\/#website"},"datePublished":"2025-06-23T20:27:08+00:00","dateModified":"2026-03-06T17:57:00+00:00","description":"Adele to wyr\u00f3\u017cniaj\u0105ca si\u0119 studentka, kt\u00f3rej doskona\u0142e wyniki w nauce zapewni\u0142y jej tegoroczne stypendium dla os\u00f3b z niepe\u0142nosprawno\u015bciami.","breadcrumb":{"@id":"https:\/\/plattalaw.com\/pl\/laureat-stypendium-2024\/#breadcrumb"},"inLanguage":"pl-PL","potentialAction":[{"@type":"ReadAction","target":["https:\/\/plattalaw.com\/pl\/laureat-stypendium-2024\/"]}]},{"@type":"BreadcrumbList","@id":"https:\/\/plattalaw.com\/pl\/laureat-stypendium-2024\/#breadcrumb","itemListElement":[{"@type":"ListItem","position":1,"name":"Strona g\u0142\u00f3wna","item":"https:\/\/plattalaw.com\/pl\/"},{"@type":"ListItem","position":2,"name":"Laureat Stypendium 2024"}]},{"@type":"WebSite","@id":"https:\/\/plattalaw.com\/pl\/#website","url":"https:\/\/plattalaw.com\/pl\/","name":"The Platta Law Firm","description":"Personal Injury Lawyer","publisher":{"@id":"https:\/\/plattalaw.com\/pl\/#organization"},"potentialAction":[{"@type":"SearchAction","target":{"@type":"EntryPoint","urlTemplate":"https:\/\/plattalaw.com\/pl\/?s={search_term_string}"},"query-input":{"@type":"PropertyValueSpecification","valueRequired":true,"valueName":"search_term_string"}}],"inLanguage":"pl-PL"},{"@type":"Organization","@id":"https:\/\/plattalaw.com\/pl\/#organization","name":"Kancelaria Prawna Platta","url":"https:\/\/plattalaw.com\/pl\/","logo":{"@type":"ImageObject","inLanguage":"pl-PL","@id":"https:\/\/plattalaw.com\/pl\/#\/schema\/logo\/image\/","url":"https:\/\/plattalaw.com\/wp-content\/uploads\/2021\/07\/The-Platta-Law-Firm-Website-Logo.webp","contentUrl":"https:\/\/plattalaw.com\/wp-content\/uploads\/2021\/07\/The-Platta-Law-Firm-Website-Logo.webp","width":1648,"height":198,"caption":"Kancelaria Prawna Platta"},"image":{"@id":"https:\/\/plattalaw.com\/pl\/#\/schema\/logo\/image\/"}}]}},"_links":{"self":[{"href":"https:\/\/plattalaw.com\/pl\/wp-json\/wp\/v2\/pages\/118216","targetHints":{"allow":["GET"]}}],"collection":[{"href":"https:\/\/plattalaw.com\/pl\/wp-json\/wp\/v2\/pages"}],"about":[{"href":"https:\/\/plattalaw.com\/pl\/wp-json\/wp\/v2\/types\/page"}],"author":[{"embeddable":true,"href":"https:\/\/plattalaw.com\/pl\/wp-json\/wp\/v2\/users\/2"}],"replies":[{"embeddable":true,"href":"https:\/\/plattalaw.com\/pl\/wp-json\/wp\/v2\/comments?post=118216"}],"version-history":[{"count":0,"href":"https:\/\/plattalaw.com\/pl\/wp-json\/wp\/v2\/pages\/118216\/revisions"}],"wp:attachment":[{"href":"https:\/\/plattalaw.com\/pl\/wp-json\/wp\/v2\/media?parent=118216"}],"curies":[{"name":"wp","href":"https:\/\/api.w.org\/{rel}","templated":true}]}}