{"id":117200,"date":"2022-02-07T16:14:17","date_gmt":"2022-02-07T21:14:17","guid":{"rendered":"https:\/\/plattalaw.com\/nasi-prawnicy\/michael-taub\/"},"modified":"2026-03-10T10:10:46","modified_gmt":"2026-03-10T14:10:46","slug":"michael-taub","status":"publish","type":"page","link":"https:\/\/plattalaw.com\/pl\/nasi-prawnicy\/michael-taub\/","title":{"rendered":"Michael Taub"},"content":{"rendered":"\t\t<div data-elementor-type=\"wp-page\" data-elementor-id=\"117200\" class=\"elementor elementor-117200 elementor-48532\" data-elementor-post-type=\"page\">\n\t\t\t\t<div class=\"elementor-element elementor-element-5f2b09e elementor-hidden-tablet e-flex e-con-boxed e-con e-parent\" data-id=\"5f2b09e\" data-element_type=\"container\" data-e-type=\"container\" data-settings=\"{&quot;background_background&quot;:&quot;classic&quot;}\">\n\t\t\t\t\t<div class=\"e-con-inner\">\n\t\t\t\t<div class=\"elementor-element elementor-element-8cd6e87 elementor-hidden-desktop elementor-hidden-tablet elementor-widget-mobile__width-initial elementor-widget elementor-widget-heading\" data-id=\"8cd6e87\" data-element_type=\"widget\" data-e-type=\"widget\" data-widget_type=\"heading.default\">\n\t\t\t\t\t<p class=\"elementor-heading-title elementor-size-default\">Nasi prawnicy<\/p>\t\t\t\t<\/div>\n\t\t\t\t<div class=\"elementor-element elementor-element-cceb2e3 elementor-align-center elementor-hidden-desktop elementor-hidden-tablet elementor-widget elementor-widget-button\" data-id=\"cceb2e3\" data-element_type=\"widget\" data-e-type=\"widget\" data-widget_type=\"button.default\">\n\t\t\t\t\t\t\t\t\t\t<a class=\"elementor-button elementor-button-link elementor-size-sm elementor-animation-shrink\" href=\"#free-case-evaluation\">\n\t\t\t\t\t\t<span class=\"elementor-button-content-wrapper\">\n\t\t\t\t\t\t\t\t\t<span class=\"elementor-button-text\">Bezp\u0142atna ocena sprawy<\/span>\n\t\t\t\t\t<\/span>\n\t\t\t\t\t<\/a>\n\t\t\t\t\t\t\t\t<\/div>\n\t\t\t\t\t<\/div>\n\t\t\t\t<\/div>\n\t\t<div class=\"elementor-element elementor-element-a539916 e-flex e-con-boxed e-con e-parent\" data-id=\"a539916\" data-element_type=\"container\" data-e-type=\"container\">\n\t\t\t\t\t<div class=\"e-con-inner\">\n\t\t\t\t<div class=\"elementor-element elementor-element-458a05f elementor-widget__width-initial elementor-position-top elementor-widget elementor-widget-image-box\" data-id=\"458a05f\" data-element_type=\"widget\" data-e-type=\"widget\" data-widget_type=\"image-box.default\">\n\t\t\t\t\t<div class=\"elementor-image-box-wrapper\"><figure class=\"elementor-image-box-img\"><img decoding=\"async\" width=\"300\" height=\"300\" src=\"https:\/\/plattalaw.com\/wp-content\/uploads\/2025\/08\/Michael-Taub-Personal-Injury-Attorney-300x300-1.webp\" class=\"attachment-full size-full wp-image-117043\" alt=\"Michael Taub, Esq.\" srcset=\"https:\/\/plattalaw.com\/wp-content\/uploads\/2025\/08\/Michael-Taub-Personal-Injury-Attorney-300x300-1.webp 300w, https:\/\/plattalaw.com\/wp-content\/uploads\/2025\/08\/Michael-Taub-Personal-Injury-Attorney-300x300-1-150x150.webp 150w\" sizes=\"(max-width: 300px) 100vw, 300px\" \/><\/figure><div class=\"elementor-image-box-content\"><h1 class=\"elementor-image-box-title\">Michael Taub<\/h1><p class=\"elementor-image-box-description\">\n<p style=\"margin-top: -20px;font-size: 20px;color: #5d5d5d\">Partner<\/p>\n<p style=\"margin-top: 20px;font-size: 20px;color: #5d5d5d;font-weight: 500\">Telefon: <a href=\"tel:2125145100\">(212) 514-5100<\/a><\/p>\n<p style=\"margin-top: -15px;font-size: 20px;color: #5d5d5d;font-weight: 500\">E-mail: <a href=\"mailto:mt@plattalaw.com\">Wy\u015blij e-mail<\/a><\/p><\/p><\/div><\/div>\t\t\t\t<\/div>\n\t\t<div class=\"elementor-element elementor-element-3e9395b e-con-full e-flex e-con e-child\" data-id=\"3e9395b\" data-element_type=\"container\" data-e-type=\"container\">\n\t\t\t\t<div class=\"elementor-element elementor-element-9d1b13c elementor-tabs-view-horizontal elementor-widget elementor-widget-tabs\" data-id=\"9d1b13c\" data-element_type=\"widget\" data-e-type=\"widget\" data-widget_type=\"tabs.default\">\n\t\t\t\t\t\t\t<div class=\"elementor-tabs\">\n\t\t\t<div class=\"elementor-tabs-wrapper\" role=\"tablist\" >\n\t\t\t\t\t\t\t\t\t<div id=\"elementor-tab-title-1641\" class=\"elementor-tab-title elementor-tab-desktop-title\" aria-selected=\"true\" data-tab=\"1\" role=\"tab\" tabindex=\"0\" aria-controls=\"elementor-tab-content-1641\" aria-expanded=\"false\">Wyr\u00f3\u017cnienia i Stowarzyszenia<\/div>\n\t\t\t\t\t\t\t\t\t<div id=\"elementor-tab-title-1642\" class=\"elementor-tab-title elementor-tab-desktop-title\" aria-selected=\"false\" data-tab=\"2\" role=\"tab\" tabindex=\"-1\" aria-controls=\"elementor-tab-content-1642\" aria-expanded=\"false\">Uprawnienia Adwokackie<\/div>\n\t\t\t\t\t\t\t\t\t<div id=\"elementor-tab-title-1643\" class=\"elementor-tab-title elementor-tab-desktop-title\" aria-selected=\"false\" data-tab=\"3\" role=\"tab\" tabindex=\"-1\" aria-controls=\"elementor-tab-content-1643\" aria-expanded=\"false\">Wykszta\u0142cenie<\/div>\n\t\t\t\t\t\t\t<\/div>\n\t\t\t<div class=\"elementor-tabs-content-wrapper\" role=\"tablist\" aria-orientation=\"vertical\">\n\t\t\t\t\t\t\t\t\t<div class=\"elementor-tab-title elementor-tab-mobile-title\" aria-selected=\"true\" data-tab=\"1\" role=\"tab\" tabindex=\"0\" aria-controls=\"elementor-tab-content-1641\" aria-expanded=\"false\">Wyr\u00f3\u017cnienia i Stowarzyszenia<\/div>\n\t\t\t\t\t<div id=\"elementor-tab-content-1641\" class=\"elementor-tab-content elementor-clearfix\" data-tab=\"1\" role=\"tabpanel\" aria-labelledby=\"elementor-tab-title-1641\" tabindex=\"0\" hidden=\"false\"><ul style=\"margin-left: -10px;\">\n<li>Stowarzyszenie Adwokackie Stanu Nowy Jork<\/li>\n<li>Stowarzyszenie Prawnik\u00f3w Procesowych Stanu Nowy Jork<\/li>\n<li>Stowarzyszenie Adwokackie Hrabstwa Westchester<\/li>\n<li>Super Lawyers, 2018-2024<\/li>\n<\/ul>\n<\/div>\n\t\t\t\t\t\t\t\t\t<div class=\"elementor-tab-title elementor-tab-mobile-title\" aria-selected=\"false\" data-tab=\"2\" role=\"tab\" tabindex=\"-1\" aria-controls=\"elementor-tab-content-1642\" aria-expanded=\"false\">Uprawnienia Adwokackie<\/div>\n\t\t\t\t\t<div id=\"elementor-tab-content-1642\" class=\"elementor-tab-content elementor-clearfix\" data-tab=\"2\" role=\"tabpanel\" aria-labelledby=\"elementor-tab-title-1642\" tabindex=\"0\" hidden=\"hidden\"><ul style=\"margin-left: -10px;\">\n<li>Nowy Jork<\/li>\n<li>S\u0105d Okr\u0119gowy Stan\u00f3w Zjednoczonych, Po\u0142udniowy Okr\u0119g Nowego Jorku<\/li>\n<li>S\u0105d Okr\u0119gowy Stan\u00f3w Zjednoczonych, Wschodni Okr\u0119g Nowego Jorku<\/li>\n<li>S\u0105d Okr\u0119gowy Stan\u00f3w Zjednoczonych, Okr\u0119g Connecticut<\/li>\n<\/ul>\n<\/div>\n\t\t\t\t\t\t\t\t\t<div class=\"elementor-tab-title elementor-tab-mobile-title\" aria-selected=\"false\" data-tab=\"3\" role=\"tab\" tabindex=\"-1\" aria-controls=\"elementor-tab-content-1643\" aria-expanded=\"false\">Wykszta\u0142cenie<\/div>\n\t\t\t\t\t<div id=\"elementor-tab-content-1643\" class=\"elementor-tab-content elementor-clearfix\" data-tab=\"3\" role=\"tabpanel\" aria-labelledby=\"elementor-tab-title-1643\" tabindex=\"0\" hidden=\"hidden\"><ul style=\"margin-left: -10px;\">\n<li>Licencjat, Uniwersytet Stanowy Nowego Jorku w Binghamton.<\/li>\n<li>Doktor Prawa, American University, Washington College of Law<\/li>\n<\/ul>\n<\/div>\n\t\t\t\t\t\t\t<\/div>\n\t\t<\/div>\n\t\t\t\t\t\t<\/div>\n\t\t\t\t<div class=\"elementor-element elementor-element-bc9c32f elementor-widget elementor-widget-heading\" data-id=\"bc9c32f\" data-element_type=\"widget\" data-e-type=\"widget\" data-widget_type=\"heading.default\">\n\t\t\t\t\t<h2 class=\"elementor-heading-title elementor-size-default\">Co najbardziej lubi Pan\/Pani w swojej pracy?<\/h2>\t\t\t\t<\/div>\n\t\t\t\t<div class=\"elementor-element elementor-element-02b3d6e elementor-widget elementor-widget-text-editor\" data-id=\"02b3d6e\" data-element_type=\"widget\" data-e-type=\"widget\" data-widget_type=\"text-editor.default\">\n\t\t\t\t\t\t\t\t\t<p>Nasi klienci przychodz\u0105 do nas w jednym z najtrudniejszych moment\u00f3w swojego \u017cycia. Moim celem jest, aby klient rozumia\u0142 proces prawny oraz spos\u00f3b, w jaki prowadzona jest jego sprawa. \u015awiadomo\u015b\u0107, \u017ce moje starania pomog\u0142y osi\u0105gn\u0105\u0107 pozytywny rezultat, daje poczucie osobistej satysfakcji i dumy.  <\/p>\t\t\t\t\t\t\t\t<\/div>\n\t\t\t\t<div class=\"elementor-element elementor-element-b12a845 elementor-widget elementor-widget-heading\" data-id=\"b12a845\" data-element_type=\"widget\" data-e-type=\"widget\" data-widget_type=\"heading.default\">\n\t\t\t\t\t<h2 class=\"elementor-heading-title elementor-size-default\">Czego Pan\/Pani nie lubi najbardziej?<\/h2>\t\t\t\t<\/div>\n\t\t\t\t<div class=\"elementor-element elementor-element-34debcb elementor-widget elementor-widget-text-editor\" data-id=\"34debcb\" data-element_type=\"widget\" data-e-type=\"widget\" data-widget_type=\"text-editor.default\">\n\t\t\t\t\t\t\t\t\t<p>Zdarzaj\u0105 si\u0119 sytuacje, w kt\u00f3rych klient nie mo\u017ce uzyska\u0107 odszkodowania wystarczaj\u0105cego do zrekompensowania mu szkody, nawet gdy dozna\u0142 powa\u017cnego urazu bez w\u0142asnej winy. Rzeczywisto\u015b\u0107 praktyki w zakresie obra\u017ce\u0144 cia\u0142a jest taka, \u017ce musi by\u0107 dost\u0119pne wystarczaj\u0105ce ubezpieczenie, aby zrekompensowa\u0107 danej osobie jej strat\u0119. Sytuacje, w kt\u00f3rych tak si\u0119 nie dzieje, pog\u0142\u0119biaj\u0105 i tak ju\u017c trudn\u0105 sytuacj\u0119. Ograniczone pokrycie ubezpieczeniowe utrudnia osi\u0105gni\u0119cie sprawiedliwego odszkodowania za b\u00f3l i cierpienie danej osoby.   <\/p>\t\t\t\t\t\t\t\t<\/div>\n\t\t\t\t<div class=\"elementor-element elementor-element-f1d22ea elementor-widget elementor-widget-heading\" data-id=\"f1d22ea\" data-element_type=\"widget\" data-e-type=\"widget\" data-widget_type=\"heading.default\">\n\t\t\t\t\t<h2 class=\"elementor-heading-title elementor-size-default\">Jak opisa\u0142by Pan\/Pani swoje podej\u015bcie do sprawy?<\/h2>\t\t\t\t<\/div>\n\t\t\t\t<div class=\"elementor-element elementor-element-7029e67 elementor-widget elementor-widget-text-editor\" data-id=\"7029e67\" data-element_type=\"widget\" data-e-type=\"widget\" data-widget_type=\"text-editor.default\">\n\t\t\t\t\t\t\t\t\t<p>Przygotowuj\u0119 ka\u017cd\u0105 spraw\u0119 tak, jakby mia\u0142a by\u0107 rozpatrywana w s\u0105dzie. Oznacza to po\u015bwi\u0119cenie czasu na pozornie drobne szczeg\u00f3\u0142y, kt\u00f3re mog\u0105 sta\u0107 si\u0119 niezwykle istotne na sali s\u0105dowej. Przygotowanie jest kluczem do pomy\u015blnego wyniku. Podstawowa si\u0142a sprawy jest oczywi\u015bcie wa\u017cna, ale nawet najsilniejsza sprawa wymaga odpowiedniego przygotowania.   <\/p>\t\t\t\t\t\t\t\t<\/div>\n\t\t\t\t<\/div>\n\t\t\t\t\t<\/div>\n\t\t\t\t<\/div>\n\t\t\t\t<\/div>\n\t\t","protected":false},"excerpt":{"rendered":"<p>Nasi prawnicy Bezp\u0142atna ocena sprawy Michael Taub Partner Telefon: (212) 514-5100 E-mail: Wy\u015blij e-mail Wyr\u00f3\u017cnienia i Stowarzyszenia Uprawnienia Adwokackie Wykszta\u0142cenie Wyr\u00f3\u017cnienia i Stowarzyszenia Stowarzyszenie Adwokackie Stanu Nowy Jork Stowarzyszenie Prawnik\u00f3w Procesowych Stanu Nowy Jork Stowarzyszenie Adwokackie Hrabstwa Westchester Super Lawyers, 2018-2024 Uprawnienia Adwokackie Nowy Jork S\u0105d Okr\u0119gowy Stan\u00f3w Zjednoczonych, Po\u0142udniowy Okr\u0119g Nowego Jorku S\u0105d Okr\u0119gowy [&hellip;]<\/p>\n","protected":false},"author":2,"featured_media":0,"parent":117090,"menu_order":0,"comment_status":"closed","ping_status":"closed","template":"elementor_header_footer","meta":{"footnotes":""},"class_list":["post-117200","page","type-page","status-publish","hentry"],"yoast_head":"<!-- This site is optimized with the Yoast SEO Premium plugin v27.4 (Yoast SEO v27.4) - https:\/\/yoast.com\/product\/yoast-seo-premium-wordpress\/ -->\n<title>Michael Taub - Kancelaria Prawna Platta<\/title>\n<meta name=\"description\" content=\"Nasi klienci przychodz\u0105 do nas w jednym z najtrudniejszych moment\u00f3w swojego \u017cycia. Moim celem jest, aby rozumieli proces prawny. - Michael Taub.\" \/>\n<meta name=\"robots\" content=\"index, follow, max-snippet:-1, max-image-preview:large, max-video-preview:-1\" \/>\n<link rel=\"canonical\" href=\"https:\/\/plattalaw.com\/pl\/nasi-prawnicy\/michael-taub\/\" \/>\n<meta property=\"og:locale\" content=\"pl_PL\" \/>\n<meta property=\"og:type\" content=\"article\" \/>\n<meta property=\"og:title\" content=\"Michael Taub\" \/>\n<meta property=\"og:description\" content=\"Nasi klienci przychodz\u0105 do nas w jednym z najtrudniejszych moment\u00f3w swojego \u017cycia. Moim celem jest, aby rozumieli proces prawny. - Michael Taub.\" \/>\n<meta property=\"og:url\" content=\"https:\/\/plattalaw.com\/pl\/nasi-prawnicy\/michael-taub\/\" \/>\n<meta property=\"og:site_name\" content=\"The Platta Law Firm\" \/>\n<meta property=\"article:modified_time\" content=\"2026-03-10T14:10:46+00:00\" \/>\n<meta property=\"og:image\" content=\"https:\/\/plattalaw.com\/wp-content\/uploads\/2025\/08\/Michael-Taub-Personal-Injury-Attorney-300x300-1.webp\" \/>\n<meta name=\"twitter:card\" content=\"summary_large_image\" \/>\n<meta name=\"twitter:label1\" content=\"Szacowany czas czytania\" \/>\n\t<meta name=\"twitter:data1\" content=\"2 minuty\" \/>\n<script type=\"application\/ld+json\" class=\"yoast-schema-graph\">{\"@context\":\"https:\\\/\\\/schema.org\",\"@graph\":[{\"@type\":\"WebPage\",\"@id\":\"https:\\\/\\\/plattalaw.com\\\/pl\\\/nasi-prawnicy\\\/michael-taub\\\/\",\"url\":\"https:\\\/\\\/plattalaw.com\\\/pl\\\/nasi-prawnicy\\\/michael-taub\\\/\",\"name\":\"Michael Taub - Kancelaria Prawna Platta\",\"isPartOf\":{\"@id\":\"https:\\\/\\\/plattalaw.com\\\/pl\\\/#website\"},\"primaryImageOfPage\":{\"@id\":\"https:\\\/\\\/plattalaw.com\\\/pl\\\/nasi-prawnicy\\\/michael-taub\\\/#primaryimage\"},\"image\":{\"@id\":\"https:\\\/\\\/plattalaw.com\\\/pl\\\/nasi-prawnicy\\\/michael-taub\\\/#primaryimage\"},\"thumbnailUrl\":\"https:\\\/\\\/plattalaw.com\\\/wp-content\\\/uploads\\\/2025\\\/08\\\/Michael-Taub-Personal-Injury-Attorney-300x300-1.webp\",\"datePublished\":\"2022-02-07T21:14:17+00:00\",\"dateModified\":\"2026-03-10T14:10:46+00:00\",\"description\":\"Nasi klienci przychodz\u0105 do nas w jednym z najtrudniejszych moment\u00f3w swojego \u017cycia. Moim celem jest, aby rozumieli proces prawny. - Michael Taub.\",\"breadcrumb\":{\"@id\":\"https:\\\/\\\/plattalaw.com\\\/pl\\\/nasi-prawnicy\\\/michael-taub\\\/#breadcrumb\"},\"inLanguage\":\"pl-PL\",\"potentialAction\":[{\"@type\":\"ReadAction\",\"target\":[\"https:\\\/\\\/plattalaw.com\\\/pl\\\/nasi-prawnicy\\\/michael-taub\\\/\"]}]},{\"@type\":\"ImageObject\",\"inLanguage\":\"pl-PL\",\"@id\":\"https:\\\/\\\/plattalaw.com\\\/pl\\\/nasi-prawnicy\\\/michael-taub\\\/#primaryimage\",\"url\":\"https:\\\/\\\/plattalaw.com\\\/wp-content\\\/uploads\\\/2025\\\/08\\\/Michael-Taub-Personal-Injury-Attorney-300x300-1.webp\",\"contentUrl\":\"https:\\\/\\\/plattalaw.com\\\/wp-content\\\/uploads\\\/2025\\\/08\\\/Michael-Taub-Personal-Injury-Attorney-300x300-1.webp\"},{\"@type\":\"BreadcrumbList\",\"@id\":\"https:\\\/\\\/plattalaw.com\\\/pl\\\/nasi-prawnicy\\\/michael-taub\\\/#breadcrumb\",\"itemListElement\":[{\"@type\":\"ListItem\",\"position\":1,\"name\":\"Strona g\u0142\u00f3wna\",\"item\":\"https:\\\/\\\/plattalaw.com\\\/pl\\\/strona-glowna\\\/\"},{\"@type\":\"ListItem\",\"position\":2,\"name\":\"Nasi prawnicy\",\"item\":\"https:\\\/\\\/plattalaw.com\\\/pl\\\/our-attorneys\\\/\"},{\"@type\":\"ListItem\",\"position\":3,\"name\":\"Michael Taub\"}]},{\"@type\":\"WebSite\",\"@id\":\"https:\\\/\\\/plattalaw.com\\\/pl\\\/#website\",\"url\":\"https:\\\/\\\/plattalaw.com\\\/pl\\\/\",\"name\":\"The Platta Law Firm\",\"description\":\"Personal Injury Lawyer\",\"publisher\":{\"@id\":\"https:\\\/\\\/plattalaw.com\\\/pl\\\/#organization\"},\"potentialAction\":[{\"@type\":\"SearchAction\",\"target\":{\"@type\":\"EntryPoint\",\"urlTemplate\":\"https:\\\/\\\/plattalaw.com\\\/pl\\\/?s={search_term_string}\"},\"query-input\":{\"@type\":\"PropertyValueSpecification\",\"valueRequired\":true,\"valueName\":\"search_term_string\"}}],\"inLanguage\":\"pl-PL\"},{\"@type\":\"Organization\",\"@id\":\"https:\\\/\\\/plattalaw.com\\\/pl\\\/#organization\",\"name\":\"Kancelaria Prawna Platta\",\"url\":\"https:\\\/\\\/plattalaw.com\\\/pl\\\/\",\"logo\":{\"@type\":\"ImageObject\",\"inLanguage\":\"pl-PL\",\"@id\":\"https:\\\/\\\/plattalaw.com\\\/pl\\\/#\\\/schema\\\/logo\\\/image\\\/\",\"url\":\"https:\\\/\\\/plattalaw.com\\\/wp-content\\\/uploads\\\/2021\\\/07\\\/The-Platta-Law-Firm-Website-Logo.webp\",\"contentUrl\":\"https:\\\/\\\/plattalaw.com\\\/wp-content\\\/uploads\\\/2021\\\/07\\\/The-Platta-Law-Firm-Website-Logo.webp\",\"width\":1648,\"height\":198,\"caption\":\"Kancelaria Prawna Platta\"},\"image\":{\"@id\":\"https:\\\/\\\/plattalaw.com\\\/pl\\\/#\\\/schema\\\/logo\\\/image\\\/\"}}]}<\/script>\n<!-- \/ Yoast SEO Premium plugin. -->","yoast_head_json":{"title":"Michael Taub - Kancelaria Prawna Platta","description":"Nasi klienci przychodz\u0105 do nas w jednym z najtrudniejszych moment\u00f3w swojego \u017cycia. Moim celem jest, aby rozumieli proces prawny. - Michael Taub.","robots":{"index":"index","follow":"follow","max-snippet":"max-snippet:-1","max-image-preview":"max-image-preview:large","max-video-preview":"max-video-preview:-1"},"canonical":"https:\/\/plattalaw.com\/pl\/nasi-prawnicy\/michael-taub\/","og_locale":"pl_PL","og_type":"article","og_title":"Michael Taub","og_description":"Nasi klienci przychodz\u0105 do nas w jednym z najtrudniejszych moment\u00f3w swojego \u017cycia. Moim celem jest, aby rozumieli proces prawny. - Michael Taub.","og_url":"https:\/\/plattalaw.com\/pl\/nasi-prawnicy\/michael-taub\/","og_site_name":"The Platta Law Firm","article_modified_time":"2026-03-10T14:10:46+00:00","og_image":[{"url":"https:\/\/plattalaw.com\/wp-content\/uploads\/2025\/08\/Michael-Taub-Personal-Injury-Attorney-300x300-1.webp","type":"","width":"","height":""}],"twitter_card":"summary_large_image","twitter_misc":{"Szacowany czas czytania":"2 minuty"},"schema":{"@context":"https:\/\/schema.org","@graph":[{"@type":"WebPage","@id":"https:\/\/plattalaw.com\/pl\/nasi-prawnicy\/michael-taub\/","url":"https:\/\/plattalaw.com\/pl\/nasi-prawnicy\/michael-taub\/","name":"Michael Taub - Kancelaria Prawna Platta","isPartOf":{"@id":"https:\/\/plattalaw.com\/pl\/#website"},"primaryImageOfPage":{"@id":"https:\/\/plattalaw.com\/pl\/nasi-prawnicy\/michael-taub\/#primaryimage"},"image":{"@id":"https:\/\/plattalaw.com\/pl\/nasi-prawnicy\/michael-taub\/#primaryimage"},"thumbnailUrl":"https:\/\/plattalaw.com\/wp-content\/uploads\/2025\/08\/Michael-Taub-Personal-Injury-Attorney-300x300-1.webp","datePublished":"2022-02-07T21:14:17+00:00","dateModified":"2026-03-10T14:10:46+00:00","description":"Nasi klienci przychodz\u0105 do nas w jednym z najtrudniejszych moment\u00f3w swojego \u017cycia. Moim celem jest, aby rozumieli proces prawny. - Michael Taub.","breadcrumb":{"@id":"https:\/\/plattalaw.com\/pl\/nasi-prawnicy\/michael-taub\/#breadcrumb"},"inLanguage":"pl-PL","potentialAction":[{"@type":"ReadAction","target":["https:\/\/plattalaw.com\/pl\/nasi-prawnicy\/michael-taub\/"]}]},{"@type":"ImageObject","inLanguage":"pl-PL","@id":"https:\/\/plattalaw.com\/pl\/nasi-prawnicy\/michael-taub\/#primaryimage","url":"https:\/\/plattalaw.com\/wp-content\/uploads\/2025\/08\/Michael-Taub-Personal-Injury-Attorney-300x300-1.webp","contentUrl":"https:\/\/plattalaw.com\/wp-content\/uploads\/2025\/08\/Michael-Taub-Personal-Injury-Attorney-300x300-1.webp"},{"@type":"BreadcrumbList","@id":"https:\/\/plattalaw.com\/pl\/nasi-prawnicy\/michael-taub\/#breadcrumb","itemListElement":[{"@type":"ListItem","position":1,"name":"Strona g\u0142\u00f3wna","item":"https:\/\/plattalaw.com\/pl\/strona-glowna\/"},{"@type":"ListItem","position":2,"name":"Nasi prawnicy","item":"https:\/\/plattalaw.com\/pl\/our-attorneys\/"},{"@type":"ListItem","position":3,"name":"Michael Taub"}]},{"@type":"WebSite","@id":"https:\/\/plattalaw.com\/pl\/#website","url":"https:\/\/plattalaw.com\/pl\/","name":"The Platta Law Firm","description":"Personal Injury Lawyer","publisher":{"@id":"https:\/\/plattalaw.com\/pl\/#organization"},"potentialAction":[{"@type":"SearchAction","target":{"@type":"EntryPoint","urlTemplate":"https:\/\/plattalaw.com\/pl\/?s={search_term_string}"},"query-input":{"@type":"PropertyValueSpecification","valueRequired":true,"valueName":"search_term_string"}}],"inLanguage":"pl-PL"},{"@type":"Organization","@id":"https:\/\/plattalaw.com\/pl\/#organization","name":"Kancelaria Prawna Platta","url":"https:\/\/plattalaw.com\/pl\/","logo":{"@type":"ImageObject","inLanguage":"pl-PL","@id":"https:\/\/plattalaw.com\/pl\/#\/schema\/logo\/image\/","url":"https:\/\/plattalaw.com\/wp-content\/uploads\/2021\/07\/The-Platta-Law-Firm-Website-Logo.webp","contentUrl":"https:\/\/plattalaw.com\/wp-content\/uploads\/2021\/07\/The-Platta-Law-Firm-Website-Logo.webp","width":1648,"height":198,"caption":"Kancelaria Prawna Platta"},"image":{"@id":"https:\/\/plattalaw.com\/pl\/#\/schema\/logo\/image\/"}}]}},"_links":{"self":[{"href":"https:\/\/plattalaw.com\/pl\/wp-json\/wp\/v2\/pages\/117200","targetHints":{"allow":["GET"]}}],"collection":[{"href":"https:\/\/plattalaw.com\/pl\/wp-json\/wp\/v2\/pages"}],"about":[{"href":"https:\/\/plattalaw.com\/pl\/wp-json\/wp\/v2\/types\/page"}],"author":[{"embeddable":true,"href":"https:\/\/plattalaw.com\/pl\/wp-json\/wp\/v2\/users\/2"}],"replies":[{"embeddable":true,"href":"https:\/\/plattalaw.com\/pl\/wp-json\/wp\/v2\/comments?post=117200"}],"version-history":[{"count":0,"href":"https:\/\/plattalaw.com\/pl\/wp-json\/wp\/v2\/pages\/117200\/revisions"}],"up":[{"embeddable":true,"href":"https:\/\/plattalaw.com\/pl\/wp-json\/wp\/v2\/pages\/117090"}],"wp:attachment":[{"href":"https:\/\/plattalaw.com\/pl\/wp-json\/wp\/v2\/media?parent=117200"}],"curies":[{"name":"wp","href":"https:\/\/api.w.org\/{rel}","templated":true}]}}