{"id":117189,"date":"2021-08-11T15:16:46","date_gmt":"2021-08-11T19:16:46","guid":{"rendered":"https:\/\/plattalaw.com\/czesto-zadawane-pytania\/czy-warto-zatrudnic-prawnika-ds-obrazen-ciala\/"},"modified":"2026-04-06T10:32:45","modified_gmt":"2026-04-06T14:32:45","slug":"czy-warto-zatrudnic-prawnika-ds-obrazen-ciala","status":"publish","type":"page","link":"https:\/\/plattalaw.com\/pl\/czesto-zadawane-pytania\/czy-warto-zatrudnic-prawnika-ds-obrazen-ciala\/","title":{"rendered":"Czy warto zatrudni\u0107 prawnika ds. obra\u017ce\u0144 cia\u0142a?"},"content":{"rendered":"\t\t<div data-elementor-type=\"wp-page\" data-elementor-id=\"117189\" class=\"elementor elementor-117189 elementor-4418\" data-elementor-post-type=\"page\">\n\t\t\t\t<div class=\"elementor-element elementor-element-44c992b elementor-hidden-tablet e-flex e-con-boxed e-con e-parent\" data-id=\"44c992b\" data-element_type=\"container\" data-e-type=\"container\" data-settings=\"{&quot;background_background&quot;:&quot;classic&quot;}\">\n\t\t\t\t\t<div class=\"e-con-inner\">\n\t\t<div class=\"elementor-element elementor-element-52fb1a3 e-con-full e-flex e-con e-child\" data-id=\"52fb1a3\" data-element_type=\"container\" data-e-type=\"container\">\n\t\t\t\t<div class=\"elementor-element elementor-element-be8bb55 elementor-hidden-desktop elementor-hidden-tablet elementor-widget-mobile__width-initial elementor-widget elementor-widget-heading\" data-id=\"be8bb55\" data-element_type=\"widget\" data-e-type=\"widget\" data-widget_type=\"heading.default\">\n\t\t\t\t\t<p class=\"elementor-heading-title elementor-size-default\">Cz\u0119ste pytania dotycz\u0105ce prawnika ds. obra\u017ce\u0144 cia\u0142a<\/p>\t\t\t\t<\/div>\n\t\t\t\t<div class=\"elementor-element elementor-element-de20646 elementor-align-center elementor-hidden-desktop elementor-hidden-tablet elementor-hidden-laptop elementor-widget elementor-widget-button\" data-id=\"de20646\" data-element_type=\"widget\" data-e-type=\"widget\" data-widget_type=\"button.default\">\n\t\t\t\t\t\t\t\t\t\t<a class=\"elementor-button elementor-button-link elementor-size-sm elementor-animation-shrink\" href=\"#free-case-evaluation\">\n\t\t\t\t\t\t<span class=\"elementor-button-content-wrapper\">\n\t\t\t\t\t\t\t\t\t<span class=\"elementor-button-text\">Bezp\u0142atna ocena sprawy<\/span>\n\t\t\t\t\t<\/span>\n\t\t\t\t\t<\/a>\n\t\t\t\t\t\t\t\t<\/div>\n\t\t\t\t<\/div>\n\t\t\t\t\t<\/div>\n\t\t\t\t<\/div>\n\t\t<div class=\"elementor-element elementor-element-980233f e-flex e-con-boxed e-con e-parent\" data-id=\"980233f\" data-element_type=\"container\" data-e-type=\"container\">\n\t\t\t\t\t<div class=\"e-con-inner\">\n\t\t<div class=\"elementor-element elementor-element-ac55b5d e-con-full e-flex e-con e-child\" data-id=\"ac55b5d\" data-element_type=\"container\" data-e-type=\"container\">\n\t\t\t\t<div class=\"elementor-element elementor-element-3f2e301 elementor-hidden-mobile elementor-widget elementor-widget-heading\" data-id=\"3f2e301\" data-element_type=\"widget\" data-e-type=\"widget\" data-widget_type=\"heading.default\">\n\t\t\t\t\t<h1 class=\"elementor-heading-title elementor-size-default\"> Czy warto zatrudni\u0107 prawnika ds. obra\u017ce\u0144 cia\u0142a?<\/h1>\t\t\t\t<\/div>\n\t\t\t\t<div class=\"elementor-element elementor-element-0ef87b3 elementor-widget elementor-widget-text-editor\" data-id=\"0ef87b3\" data-element_type=\"widget\" data-e-type=\"widget\" data-widget_type=\"text-editor.default\">\n\t\t\t\t\t\t\t\t\tJe\u015bli zastanawiaj\u0105 si\u0119 Pa\u0144stwo, czy warto zatrudni\u0107 prawnika ds. obra\u017ce\u0144 cia\u0142a, to zadaj\u0105 Pa\u0144stwo niew\u0142a\u015bciwe pytanie. Prawdziwe pytanie brzmi, czy sta\u0107 Pa\u0144stwa na to, aby nie zatrudnia\u0107 prawnika. Wiem, co mog\u0105 Pa\u0144stwo my\u015ble\u0107. Oczywi\u015bcie, strona internetowa prawnika b\u0119dzie Pa\u0144stwu m\u00f3wi\u0107, aby zatrudni\u0107 prawnika. To prawda, jako prawnicy mamy uzasadniony interes w Pa\u0144stwa decyzji. Jednak rzeczywisto\u015b\u0107 jest taka, \u017ce zatrudnienie prawnika nic Pa\u0144stwa nie kosztuje, chyba \u017ce wygraj\u0105 Pa\u0144stwo spraw\u0119.     \n<h3 style=\"color:#001d3d;\">Brak op\u0142at, chyba \u017ce wygrasz?<\/h3>\nZawsze warto zatrudni\u0107 nasz\u0105 kancelari\u0119 jako prawnika ds. obra\u017ce\u0144 cia\u0142a, poniewa\u017c nie pobieramy op\u0142at, chyba \u017ce wygraj\u0105 Pa\u0144stwo spraw\u0119. Koszt Pa\u0144stwa sprawy dzieli si\u0119 na dwie g\u0142\u00f3wne cz\u0119\u015bci: koszty i honorarium. Koszty to wydatki poniesione w zwi\u0105zku ze spraw\u0105, a honorarium to wynagrodzenie za czas i wiedz\u0119 prawnika.   \n<h3 style=\"color:#001d3d;\">Koszty<\/h3>\nW Kancelarii Prawnej Platta zaoferujemy Pa\u0144stwu mo\u017cliwo\u015b\u0107 pokrycia przez nas pocz\u0105tkowych koszt\u00f3w Pa\u0144stwa sprawy. W typowej sprawie koszty obejmuj\u0105 takie rzeczy jak op\u0142aty s\u0105dowe, dokumentacja medyczna, dochodzenia, dowody s\u0105dowe i honoraria \u015bwiadk\u00f3w. Chocia\u017c s\u0105 one niezb\u0119dne do prawid\u0142owego prowadzenia Pa\u0144stwa sprawy, koszty te mog\u0105 szybko narasta\u0107. Wiemy, \u017ce kiedy pr\u00f3buj\u0105 Pa\u0144stwo doj\u015b\u0107 do siebie po powa\u017cnym urazie, ostatni\u0105 rzecz\u0105, o kt\u00f3r\u0105 musz\u0105 si\u0119 Pa\u0144stwo martwi\u0107, jest koszt Pa\u0144stwa sprawy. Dlatego pokryjemy koszty z g\u00f3ry i zostaniemy zrefundowani na koniec sprawy. Co wi\u0119cej, je\u015bli z jakiego\u015b powodu nie uzyskaj\u0105 Pa\u0144stwo odszkodowania w swojej sprawie, nie b\u0119d\u0105 Pa\u0144stwo nic winni. Zgadza si\u0119, pokryjemy koszty, nawet je\u015bli nie uzyskaj\u0105 Pa\u0144stwo odszkodowania.      \n\nG\u0142\u0119boko wierzymy w sprawy, kt\u00f3re prowadzimy, i w ludzi, kt\u00f3rych reprezentujemy. Co wi\u0119cej, mamy pe\u0142ne zaufanie do naszych prawnik\u00f3w. Dlatego podejmujemy ryzyko koszt\u00f3w za Pa\u0144stwa.  \n<h3 style=\"color:#001d3d;\">Honorarium<\/h3>\nPonownie, musz\u0105 Pa\u0144stwo zap\u0142aci\u0107 honorarium prawnika tylko wtedy, gdy wygraj\u0105 Pa\u0144stwo swoj\u0105 spraw\u0119. Jako Pa\u0144stwa prawnicy wiemy, \u017ce Pa\u0144stwa \u017cycie przyj\u0119\u0142o nieoczekiwany obr\u00f3t. Nasza struktura op\u0142at jest prosta. Je\u015bli wygramy, nasza kancelaria otrzyma 1\/3 kwoty ugody, co jest standardem w Nowym Jorku. Je\u015bli z jakiego\u015b powodu nie uzyskaj\u0105 Pa\u0144stwo niczego w swojej sprawie, nie otrzymamy ani grosza. To kolejny przyk\u0142ad tego, jak bardzo wierzymy w sprawy naszych klient\u00f3w. Wiele spraw mo\u017ce trwa\u0107 kilka lat. W tym czasie pracujemy bez wynagrodzenia, poniewa\u017c wierzymy w Pa\u0144stwa spraw\u0119, wierzymy w Pa\u0144stwa walk\u0119 i wierzymy w Pa\u0144stwa.       \n<h3 style=\"color:#001d3d;\">Uzyskaj wi\u0119ksze odszkodowanie<\/h3>\nRozwa\u017caj\u0105c, czy warto zatrudni\u0107 prawnika ds. obra\u017ce\u0144 cia\u0142a, nale\u017cy wzi\u0105\u0107 pod uwag\u0119 znacznie wi\u0119cej ni\u017c tylko koszty. Musz\u0105 Pa\u0144stwo r\u00f3wnie\u017c zastanowi\u0107 si\u0119, co otrzymaj\u0105 Pa\u0144stwo w zamian. Sprawy prowadzone przez prawnik\u00f3w ko\u0144cz\u0105 si\u0119 wy\u017cszymi ugodami. Dlatego firmy ubezpieczeniowe pr\u00f3buj\u0105 si\u0119 z Pa\u0144stwem skontaktowa\u0107 jak najszybciej. Je\u015bli mieli Pa\u0144stwo wypadek i nie zatrudnili prawnika od razu, istnieje du\u017ca szansa, \u017ce firma ubezpieczeniowa ju\u017c do Pa\u0144stwa dzwoni\u0142a. Dzieje si\u0119 tak, poniewa\u017c chc\u0105, aby Pa\u0144stwo zawarli ugod\u0119 lub powiedzieli co\u015b, co zaszkodzi Pa\u0144stwa sprawie, zanim uzyskaj\u0105 Pa\u0144stwo reprezentacj\u0119 prawn\u0105.     \n\nNie wierz\u0105 mi Pa\u0144stwo? Prosz\u0119 pomy\u015ble\u0107 o tym. Prawnicy maj\u0105 zakaz kontaktowania si\u0119 z klientem, chyba \u017ce ta osoba skontaktowa\u0142a si\u0119 z nimi jako pierwsza. Pomimo okre\u015blenia \u201e\u0142owca karetek\u201d, prawnicy nie mog\u0105 tam by\u0107, chyba \u017ce zostali zaproszeni. To samo nie dotyczy firm ubezpieczeniowych. Firmy ubezpieczeniowe mog\u0105 dzwoni\u0107 do Pa\u0144stwa bezpo\u015brednio lub udawa\u0107 si\u0119 do szpitala lub domu bez zaproszenia w dowolnym momencie. Cz\u0119sto pr\u00f3buj\u0105 nak\u0142oni\u0107 Pa\u0144stwa do szybkiej ugody za nisk\u0105 kwot\u0119. Je\u015bli potrzebuj\u0105 Pa\u0144stwo wi\u0119cej dowod\u00f3w na to, \u017ce sprawy prowadzone przez prawnik\u00f3w ko\u0144cz\u0105 si\u0119 wy\u017cszymi ugodami, wystarczy spojrze\u0107 na prawo, kt\u00f3re firma ubezpieczeniowa pomog\u0142a stworzy\u0107.       \n<h3 style=\"color:#001d3d;\">Wyr\u00f3wnanie szans<\/h3>\nWreszcie, warto mie\u0107 prawnika, aby wyr\u00f3wna\u0107 szanse. Firmy ubezpieczeniowe i du\u017ce korporacje maj\u0105 wszystkie zasoby \u015bwiata. Wa\u017cne jest, aby mieli Pa\u0144stwo kogo\u015b do\u015bwiadczonego, kto b\u0119dzie walczy\u0142 o Pa\u0144stwa. W\u0142a\u015bciwy prawnik zapewni Pa\u0144stwu spok\u00f3j ducha, \u017ce maj\u0105 Pa\u0144stwo silnego sojusznika, kt\u00f3ry zadba o to, aby otrzymali Pa\u0144stwo nale\u017cne odszkodowanie. W Kancelarii Prawnej Platta mamy do\u015bwiadczonych prawnik\u00f3w, kt\u00f3rzy stawali w szranki z najwi\u0119kszymi firmami na \u015bwiecie i wygrywali. My nie tylko wyr\u00f3wnujemy szanse, my je dominujemy.     \t\t\t\t\t\t\t\t<\/div>\n\t\t\t\t<\/div>\n\t\t\t\t\t<\/div>\n\t\t\t\t<\/div>\n\t\t\t\t<\/div>\n\t\t","protected":false},"excerpt":{"rendered":"<p>Cz\u0119ste pytania dotycz\u0105ce prawnika ds. obra\u017ce\u0144 cia\u0142a Bezp\u0142atna ocena sprawy Czy warto zatrudni\u0107 prawnika ds. obra\u017ce\u0144 cia\u0142a? Je\u015bli zastanawiaj\u0105 si\u0119 Pa\u0144stwo, czy warto zatrudni\u0107 prawnika ds. obra\u017ce\u0144 cia\u0142a, to zadaj\u0105 Pa\u0144stwo niew\u0142a\u015bciwe pytanie. Prawdziwe pytanie brzmi, czy sta\u0107 Pa\u0144stwa na to, aby nie zatrudnia\u0107 prawnika. Wiem, co mog\u0105 Pa\u0144stwo my\u015ble\u0107. Oczywi\u015bcie, strona internetowa prawnika b\u0119dzie [&hellip;]<\/p>\n","protected":false},"author":2,"featured_media":117120,"parent":117118,"menu_order":0,"comment_status":"closed","ping_status":"closed","template":"elementor_header_footer","meta":{"footnotes":""},"class_list":["post-117189","page","type-page","status-publish","has-post-thumbnail","hentry"],"yoast_head":"<!-- This site is optimized with the Yoast SEO Premium plugin v27.4 (Yoast SEO v27.4) - https:\/\/yoast.com\/product\/yoast-seo-premium-wordpress\/ -->\n<title>Czy warto zatrudni\u0107 prawnika ds. obra\u017ce\u0144 cia\u0142a?<\/title>\n<meta name=\"description\" content=\"Kancelaria Prawna Platta dzia\u0142a na zasadzie success fee, co pomaga odci\u0105\u017cy\u0107 wielu klient\u00f3w. Je\u015bli nie zostanie uzyskane odszkodowanie, klient nie jest nam nic winien.\" \/>\n<meta name=\"robots\" content=\"index, follow, max-snippet:-1, max-image-preview:large, max-video-preview:-1\" \/>\n<link rel=\"canonical\" href=\"https:\/\/plattalaw.com\/pl\/czesto-zadawane-pytania\/czy-warto-zatrudnic-prawnika-ds-obrazen-ciala\/\" \/>\n<meta property=\"og:locale\" content=\"pl_PL\" \/>\n<meta property=\"og:type\" content=\"article\" \/>\n<meta property=\"og:title\" content=\"Czy warto zatrudni\u0107 prawnika ds. obra\u017ce\u0144 cia\u0142a?\" \/>\n<meta property=\"og:description\" content=\"Kancelaria Prawna Platta dzia\u0142a na zasadzie success fee, co pomaga odci\u0105\u017cy\u0107 wielu klient\u00f3w. Je\u015bli nie zostanie uzyskane odszkodowanie, klient nie jest nam nic winien.\" \/>\n<meta property=\"og:url\" content=\"https:\/\/plattalaw.com\/pl\/czesto-zadawane-pytania\/czy-warto-zatrudnic-prawnika-ds-obrazen-ciala\/\" \/>\n<meta property=\"og:site_name\" content=\"The Platta Law Firm\" \/>\n<meta property=\"article:modified_time\" content=\"2026-04-06T14:32:45+00:00\" \/>\n<meta property=\"og:image\" content=\"https:\/\/plattalaw.com\/wp-content\/uploads\/2024\/11\/FAQ-Title-3-768x480-1.webp\" \/>\n\t<meta property=\"og:image:width\" content=\"768\" \/>\n\t<meta property=\"og:image:height\" content=\"480\" \/>\n\t<meta property=\"og:image:type\" content=\"image\/webp\" \/>\n<meta name=\"twitter:card\" content=\"summary_large_image\" \/>\n<meta name=\"twitter:label1\" content=\"Szacowany czas czytania\" \/>\n\t<meta name=\"twitter:data1\" content=\"4 minuty\" \/>\n<script type=\"application\/ld+json\" class=\"yoast-schema-graph\">{\"@context\":\"https:\\\/\\\/schema.org\",\"@graph\":[{\"@type\":\"WebPage\",\"@id\":\"https:\\\/\\\/plattalaw.com\\\/pl\\\/czesto-zadawane-pytania\\\/czy-warto-zatrudnic-prawnika-ds-obrazen-ciala\\\/\",\"url\":\"https:\\\/\\\/plattalaw.com\\\/pl\\\/czesto-zadawane-pytania\\\/czy-warto-zatrudnic-prawnika-ds-obrazen-ciala\\\/\",\"name\":\"Czy warto zatrudni\u0107 prawnika ds. obra\u017ce\u0144 cia\u0142a?\",\"isPartOf\":{\"@id\":\"https:\\\/\\\/plattalaw.com\\\/pl\\\/#website\"},\"primaryImageOfPage\":{\"@id\":\"https:\\\/\\\/plattalaw.com\\\/pl\\\/czesto-zadawane-pytania\\\/czy-warto-zatrudnic-prawnika-ds-obrazen-ciala\\\/#primaryimage\"},\"image\":{\"@id\":\"https:\\\/\\\/plattalaw.com\\\/pl\\\/czesto-zadawane-pytania\\\/czy-warto-zatrudnic-prawnika-ds-obrazen-ciala\\\/#primaryimage\"},\"thumbnailUrl\":\"https:\\\/\\\/plattalaw.com\\\/wp-content\\\/uploads\\\/2024\\\/11\\\/FAQ-Title-3-768x480-1.webp\",\"datePublished\":\"2021-08-11T19:16:46+00:00\",\"dateModified\":\"2026-04-06T14:32:45+00:00\",\"description\":\"Kancelaria Prawna Platta dzia\u0142a na zasadzie success fee, co pomaga odci\u0105\u017cy\u0107 wielu klient\u00f3w. Je\u015bli nie zostanie uzyskane odszkodowanie, klient nie jest nam nic winien.\",\"breadcrumb\":{\"@id\":\"https:\\\/\\\/plattalaw.com\\\/pl\\\/czesto-zadawane-pytania\\\/czy-warto-zatrudnic-prawnika-ds-obrazen-ciala\\\/#breadcrumb\"},\"inLanguage\":\"pl-PL\",\"potentialAction\":[{\"@type\":\"ReadAction\",\"target\":[\"https:\\\/\\\/plattalaw.com\\\/pl\\\/czesto-zadawane-pytania\\\/czy-warto-zatrudnic-prawnika-ds-obrazen-ciala\\\/\"]}]},{\"@type\":\"ImageObject\",\"inLanguage\":\"pl-PL\",\"@id\":\"https:\\\/\\\/plattalaw.com\\\/pl\\\/czesto-zadawane-pytania\\\/czy-warto-zatrudnic-prawnika-ds-obrazen-ciala\\\/#primaryimage\",\"url\":\"https:\\\/\\\/plattalaw.com\\\/wp-content\\\/uploads\\\/2024\\\/11\\\/FAQ-Title-3-768x480-1.webp\",\"contentUrl\":\"https:\\\/\\\/plattalaw.com\\\/wp-content\\\/uploads\\\/2024\\\/11\\\/FAQ-Title-3-768x480-1.webp\",\"width\":768,\"height\":480,\"caption\":\"Zatrudnienie prawnika specjalizuj\u0105cego si\u0119 w sprawach o odszkodowanie za obra\u017cenia osobiste \u2013 Kancelaria Prawna Platta\"},{\"@type\":\"BreadcrumbList\",\"@id\":\"https:\\\/\\\/plattalaw.com\\\/pl\\\/czesto-zadawane-pytania\\\/czy-warto-zatrudnic-prawnika-ds-obrazen-ciala\\\/#breadcrumb\",\"itemListElement\":[{\"@type\":\"ListItem\",\"position\":1,\"name\":\"Strona g\u0142\u00f3wna\",\"item\":\"https:\\\/\\\/plattalaw.com\\\/pl\\\/\"},{\"@type\":\"ListItem\",\"position\":2,\"name\":\"Cz\u0119sto zadawane pytania\",\"item\":\"https:\\\/\\\/plattalaw.com\\\/pl\\\/czesto-zadawane-pytania\\\/\"},{\"@type\":\"ListItem\",\"position\":3,\"name\":\"Czy warto zatrudni\u0107 prawnika ds. obra\u017ce\u0144 cia\u0142a?\"}]},{\"@type\":\"WebSite\",\"@id\":\"https:\\\/\\\/plattalaw.com\\\/pl\\\/#website\",\"url\":\"https:\\\/\\\/plattalaw.com\\\/pl\\\/\",\"name\":\"The Platta Law Firm\",\"description\":\"Personal Injury Lawyer\",\"publisher\":{\"@id\":\"https:\\\/\\\/plattalaw.com\\\/pl\\\/#organization\"},\"potentialAction\":[{\"@type\":\"SearchAction\",\"target\":{\"@type\":\"EntryPoint\",\"urlTemplate\":\"https:\\\/\\\/plattalaw.com\\\/pl\\\/?s={search_term_string}\"},\"query-input\":{\"@type\":\"PropertyValueSpecification\",\"valueRequired\":true,\"valueName\":\"search_term_string\"}}],\"inLanguage\":\"pl-PL\"},{\"@type\":\"Organization\",\"@id\":\"https:\\\/\\\/plattalaw.com\\\/pl\\\/#organization\",\"name\":\"Kancelaria Prawna Platta\",\"url\":\"https:\\\/\\\/plattalaw.com\\\/pl\\\/\",\"logo\":{\"@type\":\"ImageObject\",\"inLanguage\":\"pl-PL\",\"@id\":\"https:\\\/\\\/plattalaw.com\\\/pl\\\/#\\\/schema\\\/logo\\\/image\\\/\",\"url\":\"https:\\\/\\\/plattalaw.com\\\/wp-content\\\/uploads\\\/2021\\\/07\\\/The-Platta-Law-Firm-Website-Logo.webp\",\"contentUrl\":\"https:\\\/\\\/plattalaw.com\\\/wp-content\\\/uploads\\\/2021\\\/07\\\/The-Platta-Law-Firm-Website-Logo.webp\",\"width\":1648,\"height\":198,\"caption\":\"Kancelaria Prawna Platta\"},\"image\":{\"@id\":\"https:\\\/\\\/plattalaw.com\\\/pl\\\/#\\\/schema\\\/logo\\\/image\\\/\"}}]}<\/script>\n<!-- \/ Yoast SEO Premium plugin. -->","yoast_head_json":{"title":"Czy warto zatrudni\u0107 prawnika ds. obra\u017ce\u0144 cia\u0142a?","description":"Kancelaria Prawna Platta dzia\u0142a na zasadzie success fee, co pomaga odci\u0105\u017cy\u0107 wielu klient\u00f3w. Je\u015bli nie zostanie uzyskane odszkodowanie, klient nie jest nam nic winien.","robots":{"index":"index","follow":"follow","max-snippet":"max-snippet:-1","max-image-preview":"max-image-preview:large","max-video-preview":"max-video-preview:-1"},"canonical":"https:\/\/plattalaw.com\/pl\/czesto-zadawane-pytania\/czy-warto-zatrudnic-prawnika-ds-obrazen-ciala\/","og_locale":"pl_PL","og_type":"article","og_title":"Czy warto zatrudni\u0107 prawnika ds. obra\u017ce\u0144 cia\u0142a?","og_description":"Kancelaria Prawna Platta dzia\u0142a na zasadzie success fee, co pomaga odci\u0105\u017cy\u0107 wielu klient\u00f3w. Je\u015bli nie zostanie uzyskane odszkodowanie, klient nie jest nam nic winien.","og_url":"https:\/\/plattalaw.com\/pl\/czesto-zadawane-pytania\/czy-warto-zatrudnic-prawnika-ds-obrazen-ciala\/","og_site_name":"The Platta Law Firm","article_modified_time":"2026-04-06T14:32:45+00:00","og_image":[{"width":768,"height":480,"url":"https:\/\/plattalaw.com\/wp-content\/uploads\/2024\/11\/FAQ-Title-3-768x480-1.webp","type":"image\/webp"}],"twitter_card":"summary_large_image","twitter_misc":{"Szacowany czas czytania":"4 minuty"},"schema":{"@context":"https:\/\/schema.org","@graph":[{"@type":"WebPage","@id":"https:\/\/plattalaw.com\/pl\/czesto-zadawane-pytania\/czy-warto-zatrudnic-prawnika-ds-obrazen-ciala\/","url":"https:\/\/plattalaw.com\/pl\/czesto-zadawane-pytania\/czy-warto-zatrudnic-prawnika-ds-obrazen-ciala\/","name":"Czy warto zatrudni\u0107 prawnika ds. obra\u017ce\u0144 cia\u0142a?","isPartOf":{"@id":"https:\/\/plattalaw.com\/pl\/#website"},"primaryImageOfPage":{"@id":"https:\/\/plattalaw.com\/pl\/czesto-zadawane-pytania\/czy-warto-zatrudnic-prawnika-ds-obrazen-ciala\/#primaryimage"},"image":{"@id":"https:\/\/plattalaw.com\/pl\/czesto-zadawane-pytania\/czy-warto-zatrudnic-prawnika-ds-obrazen-ciala\/#primaryimage"},"thumbnailUrl":"https:\/\/plattalaw.com\/wp-content\/uploads\/2024\/11\/FAQ-Title-3-768x480-1.webp","datePublished":"2021-08-11T19:16:46+00:00","dateModified":"2026-04-06T14:32:45+00:00","description":"Kancelaria Prawna Platta dzia\u0142a na zasadzie success fee, co pomaga odci\u0105\u017cy\u0107 wielu klient\u00f3w. Je\u015bli nie zostanie uzyskane odszkodowanie, klient nie jest nam nic winien.","breadcrumb":{"@id":"https:\/\/plattalaw.com\/pl\/czesto-zadawane-pytania\/czy-warto-zatrudnic-prawnika-ds-obrazen-ciala\/#breadcrumb"},"inLanguage":"pl-PL","potentialAction":[{"@type":"ReadAction","target":["https:\/\/plattalaw.com\/pl\/czesto-zadawane-pytania\/czy-warto-zatrudnic-prawnika-ds-obrazen-ciala\/"]}]},{"@type":"ImageObject","inLanguage":"pl-PL","@id":"https:\/\/plattalaw.com\/pl\/czesto-zadawane-pytania\/czy-warto-zatrudnic-prawnika-ds-obrazen-ciala\/#primaryimage","url":"https:\/\/plattalaw.com\/wp-content\/uploads\/2024\/11\/FAQ-Title-3-768x480-1.webp","contentUrl":"https:\/\/plattalaw.com\/wp-content\/uploads\/2024\/11\/FAQ-Title-3-768x480-1.webp","width":768,"height":480,"caption":"Zatrudnienie prawnika specjalizuj\u0105cego si\u0119 w sprawach o odszkodowanie za obra\u017cenia osobiste \u2013 Kancelaria Prawna Platta"},{"@type":"BreadcrumbList","@id":"https:\/\/plattalaw.com\/pl\/czesto-zadawane-pytania\/czy-warto-zatrudnic-prawnika-ds-obrazen-ciala\/#breadcrumb","itemListElement":[{"@type":"ListItem","position":1,"name":"Strona g\u0142\u00f3wna","item":"https:\/\/plattalaw.com\/pl\/"},{"@type":"ListItem","position":2,"name":"Cz\u0119sto zadawane pytania","item":"https:\/\/plattalaw.com\/pl\/czesto-zadawane-pytania\/"},{"@type":"ListItem","position":3,"name":"Czy warto zatrudni\u0107 prawnika ds. obra\u017ce\u0144 cia\u0142a?"}]},{"@type":"WebSite","@id":"https:\/\/plattalaw.com\/pl\/#website","url":"https:\/\/plattalaw.com\/pl\/","name":"The Platta Law Firm","description":"Personal Injury Lawyer","publisher":{"@id":"https:\/\/plattalaw.com\/pl\/#organization"},"potentialAction":[{"@type":"SearchAction","target":{"@type":"EntryPoint","urlTemplate":"https:\/\/plattalaw.com\/pl\/?s={search_term_string}"},"query-input":{"@type":"PropertyValueSpecification","valueRequired":true,"valueName":"search_term_string"}}],"inLanguage":"pl-PL"},{"@type":"Organization","@id":"https:\/\/plattalaw.com\/pl\/#organization","name":"Kancelaria Prawna Platta","url":"https:\/\/plattalaw.com\/pl\/","logo":{"@type":"ImageObject","inLanguage":"pl-PL","@id":"https:\/\/plattalaw.com\/pl\/#\/schema\/logo\/image\/","url":"https:\/\/plattalaw.com\/wp-content\/uploads\/2021\/07\/The-Platta-Law-Firm-Website-Logo.webp","contentUrl":"https:\/\/plattalaw.com\/wp-content\/uploads\/2021\/07\/The-Platta-Law-Firm-Website-Logo.webp","width":1648,"height":198,"caption":"Kancelaria Prawna Platta"},"image":{"@id":"https:\/\/plattalaw.com\/pl\/#\/schema\/logo\/image\/"}}]}},"_links":{"self":[{"href":"https:\/\/plattalaw.com\/pl\/wp-json\/wp\/v2\/pages\/117189","targetHints":{"allow":["GET"]}}],"collection":[{"href":"https:\/\/plattalaw.com\/pl\/wp-json\/wp\/v2\/pages"}],"about":[{"href":"https:\/\/plattalaw.com\/pl\/wp-json\/wp\/v2\/types\/page"}],"author":[{"embeddable":true,"href":"https:\/\/plattalaw.com\/pl\/wp-json\/wp\/v2\/users\/2"}],"replies":[{"embeddable":true,"href":"https:\/\/plattalaw.com\/pl\/wp-json\/wp\/v2\/comments?post=117189"}],"version-history":[{"count":1,"href":"https:\/\/plattalaw.com\/pl\/wp-json\/wp\/v2\/pages\/117189\/revisions"}],"predecessor-version":[{"id":120989,"href":"https:\/\/plattalaw.com\/pl\/wp-json\/wp\/v2\/pages\/117189\/revisions\/120989"}],"up":[{"embeddable":true,"href":"https:\/\/plattalaw.com\/pl\/wp-json\/wp\/v2\/pages\/117118"}],"wp:featuredmedia":[{"embeddable":true,"href":"https:\/\/plattalaw.com\/pl\/wp-json\/wp\/v2\/media\/117120"}],"wp:attachment":[{"href":"https:\/\/plattalaw.com\/pl\/wp-json\/wp\/v2\/media?parent=117189"}],"curies":[{"name":"wp","href":"https:\/\/api.w.org\/{rel}","templated":true}]}}