{"id":117187,"date":"2021-08-11T15:12:21","date_gmt":"2021-08-11T19:12:21","guid":{"rendered":"https:\/\/plattalaw.com\/czesto-zadawane-pytania\/zmiana-prawnika\/"},"modified":"2026-03-19T14:13:46","modified_gmt":"2026-03-19T18:13:46","slug":"zmiana-prawnika","status":"publish","type":"page","link":"https:\/\/plattalaw.com\/pl\/czesto-zadawane-pytania\/zmiana-prawnika\/","title":{"rendered":"Zmiana prawnika"},"content":{"rendered":"\t\t<div data-elementor-type=\"wp-page\" data-elementor-id=\"117187\" class=\"elementor elementor-117187 elementor-4410\" data-elementor-post-type=\"page\">\n\t\t\t\t<div class=\"elementor-element elementor-element-1e3e6f0 elementor-hidden-tablet e-flex e-con-boxed e-con e-parent\" data-id=\"1e3e6f0\" data-element_type=\"container\" data-e-type=\"container\" data-settings=\"{&quot;background_background&quot;:&quot;classic&quot;}\">\n\t\t\t\t\t<div class=\"e-con-inner\">\n\t\t<div class=\"elementor-element elementor-element-d06c1f2 e-con-full e-flex e-con e-child\" data-id=\"d06c1f2\" data-element_type=\"container\" data-e-type=\"container\">\n\t\t\t\t<div class=\"elementor-element elementor-element-78689b6 elementor-hidden-desktop elementor-hidden-tablet elementor-widget-mobile__width-initial elementor-widget elementor-widget-heading\" data-id=\"78689b6\" data-element_type=\"widget\" data-e-type=\"widget\" data-widget_type=\"heading.default\">\n\t\t\t\t\t<p class=\"elementor-heading-title elementor-size-default\">Cz\u0119sto Zadawane Pytania Dotycz\u0105ce Zmiany Prawnika<\/p>\t\t\t\t<\/div>\n\t\t\t\t<div class=\"elementor-element elementor-element-789703a elementor-align-center elementor-hidden-desktop elementor-hidden-tablet elementor-widget elementor-widget-button\" data-id=\"789703a\" data-element_type=\"widget\" data-e-type=\"widget\" data-widget_type=\"button.default\">\n\t\t\t\t\t\t\t\t\t\t<a class=\"elementor-button elementor-button-link elementor-size-sm elementor-animation-shrink\" href=\"#free-case-evaluation\">\n\t\t\t\t\t\t<span class=\"elementor-button-content-wrapper\">\n\t\t\t\t\t\t\t\t\t<span class=\"elementor-button-text\">Bezp\u0142atna ocena sprawy<\/span>\n\t\t\t\t\t<\/span>\n\t\t\t\t\t<\/a>\n\t\t\t\t\t\t\t\t<\/div>\n\t\t\t\t<\/div>\n\t\t\t\t\t<\/div>\n\t\t\t\t<\/div>\n\t\t<div class=\"elementor-element elementor-element-2de08c5 e-flex e-con-boxed e-con e-parent\" data-id=\"2de08c5\" data-element_type=\"container\" data-e-type=\"container\">\n\t\t\t\t\t<div class=\"e-con-inner\">\n\t\t<div class=\"elementor-element elementor-element-c1e0612 e-con-full e-flex e-con e-child\" data-id=\"c1e0612\" data-element_type=\"container\" data-e-type=\"container\">\n\t\t\t\t<div class=\"elementor-element elementor-element-718f973 elementor-hidden-mobile elementor-widget elementor-widget-heading\" data-id=\"718f973\" data-element_type=\"widget\" data-e-type=\"widget\" data-widget_type=\"heading.default\">\n\t\t\t\t\t<h1 class=\"elementor-heading-title elementor-size-default\">Zmiana prawnika<\/h1>\t\t\t\t<\/div>\n\t\t\t\t<div class=\"elementor-element elementor-element-e2e29aa elementor-widget elementor-widget-text-editor\" data-id=\"e2e29aa\" data-element_type=\"widget\" data-e-type=\"widget\" data-widget_type=\"text-editor.default\">\n\t\t\t\t\t\t\t\t\tZmiana prawnika w sprawie o odszkodowanie za obra\u017cenia cia\u0142a jest stosunkowo \u0142atwym procesem. Czasami relacje mi\u0119dzy prawnikami a klientami nie uk\u0142adaj\u0105 si\u0119 pomy\u015blnie. Mog\u0105 wyst\u0105pi\u0107 bariery j\u0119zykowe lub inne problemy komunikacyjne mi\u0119dzy ich biurem a Tob\u0105. Mo\u017cesz znale\u017a\u0107 innego prawnika, kt\u00f3ry Twoim zdaniem b\u0119dzie Ci lepiej odpowiada\u0142. By\u0107 mo\u017ce otrzyma\u0142e\u015b rekomendacj\u0119 od przyjaciela lub cz\u0142onka rodziny, kt\u00f3ry osi\u0105gn\u0105\u0142 \u015bwietne wyniki.    \n\nIstnieje wiele powod\u00f3w, dla kt\u00f3rych mo\u017cesz zdecydowa\u0107, \u017ce zmiana prawnika jest dla Ciebie w\u0142a\u015bciwym krokiem. Gdy masz spraw\u0119 o katastrofalne obra\u017cenia cia\u0142a, powierzasz swoj\u0105 przysz\u0142o\u015b\u0107 w r\u0119ce prawnika. Niezwykle wa\u017cne jest, aby Tw\u00f3j prawnik by\u0142 osob\u0105, kt\u00f3rej ufasz bezgranicznie. Je\u015bli tak nie jest, powiniene\u015b rozwa\u017cy\u0107 zmian\u0119 prawnika.   \n<h2 style=\"color: #001d3d;\">Twoje Prawo do Zmiany Prawnika<\/h2>\nNa szcz\u0119\u015bcie mo\u017cesz zmieni\u0107 prawnika w dowolnym momencie. Je\u015bli zdecydujesz si\u0119 na zmian\u0119 adwokata, rozs\u0105dnie jest mie\u0107 ju\u017c nowego prawnika, zanim poinformujesz o tym swojego dotychczasowego. Gdy podpiszesz umow\u0119 z nowym adwokatem, skontaktuje si\u0119 on z Twoim poprzednim prawnikiem. Poprosz\u0105 Ci\u0119 o przygotowanie pisma \u201estop work\u201d (zaprzestanie pracy). B\u0119dzie ono prosi\u0107 Twoich poprzednich prawnik\u00f3w o zaprzestanie wszelkich prac nad Twoj\u0105 spraw\u0105. Z\u0142o\u017c\u0105 to wraz z dokumentem \u201econsent to change\u201d (zgoda na zmian\u0119 adwokata). Ten dokument informuje s\u0105d, \u017ce masz nowych adwokat\u00f3w, kt\u00f3rzy reprezentuj\u0105 Ci\u0119 w Twojej sprawie.      \n\nPo wype\u0142nieniu tych dokument\u00f3w, Tw\u00f3j poprzedni adwokat przekazuje akta sprawy Twojemu nowemu adwokatowi. Zazwyczaj proces ten trwa tylko tydzie\u0144 lub dwa. Je\u015bli Tw\u00f3j poprzedni adwokat nie wsp\u00f3\u0142pracuje, Tw\u00f3j nowy adwokat mo\u017ce zwr\u00f3ci\u0107 si\u0119 do s\u0105du o nakazanie poprzednim adwokatom przekazania akt. Nie martw si\u0119: nie zdarza si\u0119 to cz\u0119sto.   \n<h2 style=\"color: #001d3d;\">Jak Zmiana Wp\u0142ywa na Moje Op\u0142aty?<\/h2>\nPrawnicy zajmuj\u0105cy si\u0119 sprawami o odszkodowanie za obra\u017cenia cia\u0142a w Nowym Jorku pobieraj\u0105 od swoich klient\u00f3w op\u0142aty na zasadzie prowizji od sukcesu. Og\u00f3lnie rzecz bior\u0105c, oznacza to, \u017ce prawnicy pobieraj\u0105 jedn\u0105 trzeci\u0105, czyli 33,33% kwoty, kt\u00f3r\u0105 odzyskasz w ramach ugody lub wyroku s\u0105dowego. Je\u015bli nie odzyskasz nic w swojej sprawie, nie jeste\u015b nic winien swojemu prawnikowi.  \n\nZmiana prawnika nie zmienia tej struktury op\u0142at. Nigdy nie zap\u0142acisz wi\u0119cej ni\u017c jedn\u0105 trzeci\u0105 ca\u0142kowitej kwoty odszkodowania. Ta jedna trzecia honorarium adwokackiego zostanie podzielona mi\u0119dzy wszystkich prawnik\u00f3w, kt\u00f3rzy zajmowali si\u0119 Twoj\u0105 spraw\u0105. Nie musisz martwi\u0107 si\u0119 o to, kt\u00f3ry adwokat otrzyma jak\u0105 kwot\u0119. Wszyscy prawnicy zaanga\u017cowani w Twoj\u0105 spraw\u0119 sami ustal\u0105 podzia\u0142 jednej trzeciej honorarium adwokackiego.    \n<h2 style=\"color: #001d3d;\">Tw\u00f3j Prawnik Pracuje dla Ciebie<\/h2>\nJako klient, to Ty zarz\u0105dzasz swoj\u0105 spraw\u0105. Jeste\u015b szefem. Tw\u00f3j prawnik pracuje dla Ciebie. Ostatecznie musisz znale\u017a\u0107 prawnika, z kt\u00f3rym czujesz si\u0119 najbardziej komfortowo. Musisz znale\u017a\u0107 prawnika, kt\u00f3ry b\u0119dzie chroni\u0142 Twoje prawa i walczy\u0142 o Ciebie i Twoj\u0105 rodzin\u0119. Je\u015bli jeste\u015b zainteresowany zmian\u0105 prawnika, skontaktuj si\u0119 z Kancelari\u0105 Prawn\u0105 Platta ju\u017c dzi\u015b.     \t\t\t\t\t\t\t\t<\/div>\n\t\t\t\t<\/div>\n\t\t\t\t\t<\/div>\n\t\t\t\t<\/div>\n\t\t\t\t<\/div>\n\t\t","protected":false},"excerpt":{"rendered":"<p>Cz\u0119sto Zadawane Pytania Dotycz\u0105ce Zmiany Prawnika Bezp\u0142atna ocena sprawy Zmiana prawnika Zmiana prawnika w sprawie o odszkodowanie za obra\u017cenia cia\u0142a jest stosunkowo \u0142atwym procesem. Czasami relacje mi\u0119dzy prawnikami a klientami nie uk\u0142adaj\u0105 si\u0119 pomy\u015blnie. Mog\u0105 wyst\u0105pi\u0107 bariery j\u0119zykowe lub inne problemy komunikacyjne mi\u0119dzy ich biurem a Tob\u0105. Mo\u017cesz znale\u017a\u0107 innego prawnika, kt\u00f3ry Twoim zdaniem b\u0119dzie [&hellip;]<\/p>\n","protected":false},"author":2,"featured_media":0,"parent":117118,"menu_order":0,"comment_status":"closed","ping_status":"closed","template":"elementor_header_footer","meta":{"footnotes":""},"class_list":["post-117187","page","type-page","status-publish","hentry"],"yoast_head":"<!-- This site is optimized with the Yoast SEO Premium plugin v27.4 (Yoast SEO v27.4) - https:\/\/yoast.com\/product\/yoast-seo-premium-wordpress\/ -->\n<title>Zmiana Prawnika w Nowym Jorku \u2013 Kancelaria Prawna Platta<\/title>\n<meta name=\"description\" content=\"Je\u015bli chcesz zmieni\u0107 swojego prawnika, prosimy o kontakt telefoniczny z Kancelari\u0105 Prawn\u0105 Platta ju\u017c dzi\u015b. Om\u00f3wimy, co nasza kancelaria mo\u017ce dla Ciebie zrobi\u0107 i pomo\u017cemy w Twojej sprawie.\" \/>\n<meta name=\"robots\" content=\"index, follow, max-snippet:-1, max-image-preview:large, max-video-preview:-1\" \/>\n<link rel=\"canonical\" href=\"https:\/\/plattalaw.com\/pl\/czesto-zadawane-pytania\/zmiana-prawnika\/\" \/>\n<meta property=\"og:locale\" content=\"pl_PL\" \/>\n<meta property=\"og:type\" content=\"article\" \/>\n<meta property=\"og:title\" content=\"Zmiana prawnika\" \/>\n<meta property=\"og:description\" content=\"Je\u015bli chcesz zmieni\u0107 swojego prawnika, prosimy o kontakt telefoniczny z Kancelari\u0105 Prawn\u0105 Platta ju\u017c dzi\u015b. Om\u00f3wimy, co nasza kancelaria mo\u017ce dla Ciebie zrobi\u0107 i pomo\u017cemy w Twojej sprawie.\" \/>\n<meta property=\"og:url\" content=\"https:\/\/plattalaw.com\/pl\/czesto-zadawane-pytania\/zmiana-prawnika\/\" \/>\n<meta property=\"og:site_name\" content=\"The Platta Law Firm\" \/>\n<meta property=\"article:modified_time\" content=\"2026-03-19T18:13:46+00:00\" \/>\n<meta name=\"twitter:card\" content=\"summary_large_image\" \/>\n<meta name=\"twitter:label1\" content=\"Szacowany czas czytania\" \/>\n\t<meta name=\"twitter:data1\" content=\"2 minuty\" \/>\n<script type=\"application\/ld+json\" class=\"yoast-schema-graph\">{\"@context\":\"https:\\\/\\\/schema.org\",\"@graph\":[{\"@type\":\"WebPage\",\"@id\":\"https:\\\/\\\/plattalaw.com\\\/pl\\\/czesto-zadawane-pytania\\\/zmiana-prawnika\\\/\",\"url\":\"https:\\\/\\\/plattalaw.com\\\/pl\\\/czesto-zadawane-pytania\\\/zmiana-prawnika\\\/\",\"name\":\"Zmiana Prawnika w Nowym Jorku \u2013 Kancelaria Prawna Platta\",\"isPartOf\":{\"@id\":\"https:\\\/\\\/plattalaw.com\\\/pl\\\/#website\"},\"datePublished\":\"2021-08-11T19:12:21+00:00\",\"dateModified\":\"2026-03-19T18:13:46+00:00\",\"description\":\"Je\u015bli chcesz zmieni\u0107 swojego prawnika, prosimy o kontakt telefoniczny z Kancelari\u0105 Prawn\u0105 Platta ju\u017c dzi\u015b. Om\u00f3wimy, co nasza kancelaria mo\u017ce dla Ciebie zrobi\u0107 i pomo\u017cemy w Twojej sprawie.\",\"breadcrumb\":{\"@id\":\"https:\\\/\\\/plattalaw.com\\\/pl\\\/czesto-zadawane-pytania\\\/zmiana-prawnika\\\/#breadcrumb\"},\"inLanguage\":\"pl-PL\",\"potentialAction\":[{\"@type\":\"ReadAction\",\"target\":[\"https:\\\/\\\/plattalaw.com\\\/pl\\\/czesto-zadawane-pytania\\\/zmiana-prawnika\\\/\"]}]},{\"@type\":\"BreadcrumbList\",\"@id\":\"https:\\\/\\\/plattalaw.com\\\/pl\\\/czesto-zadawane-pytania\\\/zmiana-prawnika\\\/#breadcrumb\",\"itemListElement\":[{\"@type\":\"ListItem\",\"position\":1,\"name\":\"Strona g\u0142\u00f3wna\",\"item\":\"https:\\\/\\\/plattalaw.com\\\/pl\\\/\"},{\"@type\":\"ListItem\",\"position\":2,\"name\":\"Cz\u0119sto zadawane pytania\",\"item\":\"https:\\\/\\\/plattalaw.com\\\/pl\\\/czesto-zadawane-pytania\\\/\"},{\"@type\":\"ListItem\",\"position\":3,\"name\":\"Zmiana prawnika\"}]},{\"@type\":\"WebSite\",\"@id\":\"https:\\\/\\\/plattalaw.com\\\/pl\\\/#website\",\"url\":\"https:\\\/\\\/plattalaw.com\\\/pl\\\/\",\"name\":\"The Platta Law Firm\",\"description\":\"Personal Injury Lawyer\",\"publisher\":{\"@id\":\"https:\\\/\\\/plattalaw.com\\\/pl\\\/#organization\"},\"potentialAction\":[{\"@type\":\"SearchAction\",\"target\":{\"@type\":\"EntryPoint\",\"urlTemplate\":\"https:\\\/\\\/plattalaw.com\\\/pl\\\/?s={search_term_string}\"},\"query-input\":{\"@type\":\"PropertyValueSpecification\",\"valueRequired\":true,\"valueName\":\"search_term_string\"}}],\"inLanguage\":\"pl-PL\"},{\"@type\":\"Organization\",\"@id\":\"https:\\\/\\\/plattalaw.com\\\/pl\\\/#organization\",\"name\":\"Kancelaria Prawna Platta\",\"url\":\"https:\\\/\\\/plattalaw.com\\\/pl\\\/\",\"logo\":{\"@type\":\"ImageObject\",\"inLanguage\":\"pl-PL\",\"@id\":\"https:\\\/\\\/plattalaw.com\\\/pl\\\/#\\\/schema\\\/logo\\\/image\\\/\",\"url\":\"https:\\\/\\\/plattalaw.com\\\/wp-content\\\/uploads\\\/2021\\\/07\\\/The-Platta-Law-Firm-Website-Logo.webp\",\"contentUrl\":\"https:\\\/\\\/plattalaw.com\\\/wp-content\\\/uploads\\\/2021\\\/07\\\/The-Platta-Law-Firm-Website-Logo.webp\",\"width\":1648,\"height\":198,\"caption\":\"Kancelaria Prawna Platta\"},\"image\":{\"@id\":\"https:\\\/\\\/plattalaw.com\\\/pl\\\/#\\\/schema\\\/logo\\\/image\\\/\"}}]}<\/script>\n<!-- \/ Yoast SEO Premium plugin. -->","yoast_head_json":{"title":"Zmiana Prawnika w Nowym Jorku \u2013 Kancelaria Prawna Platta","description":"Je\u015bli chcesz zmieni\u0107 swojego prawnika, prosimy o kontakt telefoniczny z Kancelari\u0105 Prawn\u0105 Platta ju\u017c dzi\u015b. Om\u00f3wimy, co nasza kancelaria mo\u017ce dla Ciebie zrobi\u0107 i pomo\u017cemy w Twojej sprawie.","robots":{"index":"index","follow":"follow","max-snippet":"max-snippet:-1","max-image-preview":"max-image-preview:large","max-video-preview":"max-video-preview:-1"},"canonical":"https:\/\/plattalaw.com\/pl\/czesto-zadawane-pytania\/zmiana-prawnika\/","og_locale":"pl_PL","og_type":"article","og_title":"Zmiana prawnika","og_description":"Je\u015bli chcesz zmieni\u0107 swojego prawnika, prosimy o kontakt telefoniczny z Kancelari\u0105 Prawn\u0105 Platta ju\u017c dzi\u015b. Om\u00f3wimy, co nasza kancelaria mo\u017ce dla Ciebie zrobi\u0107 i pomo\u017cemy w Twojej sprawie.","og_url":"https:\/\/plattalaw.com\/pl\/czesto-zadawane-pytania\/zmiana-prawnika\/","og_site_name":"The Platta Law Firm","article_modified_time":"2026-03-19T18:13:46+00:00","twitter_card":"summary_large_image","twitter_misc":{"Szacowany czas czytania":"2 minuty"},"schema":{"@context":"https:\/\/schema.org","@graph":[{"@type":"WebPage","@id":"https:\/\/plattalaw.com\/pl\/czesto-zadawane-pytania\/zmiana-prawnika\/","url":"https:\/\/plattalaw.com\/pl\/czesto-zadawane-pytania\/zmiana-prawnika\/","name":"Zmiana Prawnika w Nowym Jorku \u2013 Kancelaria Prawna Platta","isPartOf":{"@id":"https:\/\/plattalaw.com\/pl\/#website"},"datePublished":"2021-08-11T19:12:21+00:00","dateModified":"2026-03-19T18:13:46+00:00","description":"Je\u015bli chcesz zmieni\u0107 swojego prawnika, prosimy o kontakt telefoniczny z Kancelari\u0105 Prawn\u0105 Platta ju\u017c dzi\u015b. Om\u00f3wimy, co nasza kancelaria mo\u017ce dla Ciebie zrobi\u0107 i pomo\u017cemy w Twojej sprawie.","breadcrumb":{"@id":"https:\/\/plattalaw.com\/pl\/czesto-zadawane-pytania\/zmiana-prawnika\/#breadcrumb"},"inLanguage":"pl-PL","potentialAction":[{"@type":"ReadAction","target":["https:\/\/plattalaw.com\/pl\/czesto-zadawane-pytania\/zmiana-prawnika\/"]}]},{"@type":"BreadcrumbList","@id":"https:\/\/plattalaw.com\/pl\/czesto-zadawane-pytania\/zmiana-prawnika\/#breadcrumb","itemListElement":[{"@type":"ListItem","position":1,"name":"Strona g\u0142\u00f3wna","item":"https:\/\/plattalaw.com\/pl\/"},{"@type":"ListItem","position":2,"name":"Cz\u0119sto zadawane pytania","item":"https:\/\/plattalaw.com\/pl\/czesto-zadawane-pytania\/"},{"@type":"ListItem","position":3,"name":"Zmiana prawnika"}]},{"@type":"WebSite","@id":"https:\/\/plattalaw.com\/pl\/#website","url":"https:\/\/plattalaw.com\/pl\/","name":"The Platta Law Firm","description":"Personal Injury Lawyer","publisher":{"@id":"https:\/\/plattalaw.com\/pl\/#organization"},"potentialAction":[{"@type":"SearchAction","target":{"@type":"EntryPoint","urlTemplate":"https:\/\/plattalaw.com\/pl\/?s={search_term_string}"},"query-input":{"@type":"PropertyValueSpecification","valueRequired":true,"valueName":"search_term_string"}}],"inLanguage":"pl-PL"},{"@type":"Organization","@id":"https:\/\/plattalaw.com\/pl\/#organization","name":"Kancelaria Prawna Platta","url":"https:\/\/plattalaw.com\/pl\/","logo":{"@type":"ImageObject","inLanguage":"pl-PL","@id":"https:\/\/plattalaw.com\/pl\/#\/schema\/logo\/image\/","url":"https:\/\/plattalaw.com\/wp-content\/uploads\/2021\/07\/The-Platta-Law-Firm-Website-Logo.webp","contentUrl":"https:\/\/plattalaw.com\/wp-content\/uploads\/2021\/07\/The-Platta-Law-Firm-Website-Logo.webp","width":1648,"height":198,"caption":"Kancelaria Prawna Platta"},"image":{"@id":"https:\/\/plattalaw.com\/pl\/#\/schema\/logo\/image\/"}}]}},"_links":{"self":[{"href":"https:\/\/plattalaw.com\/pl\/wp-json\/wp\/v2\/pages\/117187","targetHints":{"allow":["GET"]}}],"collection":[{"href":"https:\/\/plattalaw.com\/pl\/wp-json\/wp\/v2\/pages"}],"about":[{"href":"https:\/\/plattalaw.com\/pl\/wp-json\/wp\/v2\/types\/page"}],"author":[{"embeddable":true,"href":"https:\/\/plattalaw.com\/pl\/wp-json\/wp\/v2\/users\/2"}],"replies":[{"embeddable":true,"href":"https:\/\/plattalaw.com\/pl\/wp-json\/wp\/v2\/comments?post=117187"}],"version-history":[{"count":0,"href":"https:\/\/plattalaw.com\/pl\/wp-json\/wp\/v2\/pages\/117187\/revisions"}],"up":[{"embeddable":true,"href":"https:\/\/plattalaw.com\/pl\/wp-json\/wp\/v2\/pages\/117118"}],"wp:attachment":[{"href":"https:\/\/plattalaw.com\/pl\/wp-json\/wp\/v2\/media?parent=117187"}],"curies":[{"name":"wp","href":"https:\/\/api.w.org\/{rel}","templated":true}]}}