{"id":117180,"date":"2021-08-09T16:08:10","date_gmt":"2021-08-09T20:08:10","guid":{"rendered":"https:\/\/plattalaw.com\/nasi-prawnicy\/howard-frederick\/"},"modified":"2026-03-10T10:09:26","modified_gmt":"2026-03-10T14:09:26","slug":"howard-frederick","status":"publish","type":"page","link":"https:\/\/plattalaw.com\/pl\/nasi-prawnicy\/howard-frederick\/","title":{"rendered":"Howard Frederick"},"content":{"rendered":"\t\t<div data-elementor-type=\"wp-page\" data-elementor-id=\"117180\" class=\"elementor elementor-117180 elementor-3291\" data-elementor-post-type=\"page\">\n\t\t\t\t<div class=\"elementor-element elementor-element-de229a7 elementor-hidden-tablet e-flex e-con-boxed e-con e-parent\" data-id=\"de229a7\" data-element_type=\"container\" data-e-type=\"container\" data-settings=\"{&quot;background_background&quot;:&quot;classic&quot;}\">\n\t\t\t\t\t<div class=\"e-con-inner\">\n\t\t\t\t<div class=\"elementor-element elementor-element-7434dd2 elementor-hidden-desktop elementor-hidden-tablet elementor-widget-mobile__width-initial elementor-widget elementor-widget-heading\" data-id=\"7434dd2\" data-element_type=\"widget\" data-e-type=\"widget\" data-widget_type=\"heading.default\">\n\t\t\t\t\t<p class=\"elementor-heading-title elementor-size-default\">Nasi prawnicy<\/p>\t\t\t\t<\/div>\n\t\t\t\t<div class=\"elementor-element elementor-element-2abbf10 elementor-align-center elementor-hidden-desktop elementor-hidden-tablet elementor-widget elementor-widget-button\" data-id=\"2abbf10\" data-element_type=\"widget\" data-e-type=\"widget\" data-widget_type=\"button.default\">\n\t\t\t\t\t\t\t\t\t\t<a class=\"elementor-button elementor-button-link elementor-size-sm elementor-animation-shrink\" href=\"#free-case-evaluation\">\n\t\t\t\t\t\t<span class=\"elementor-button-content-wrapper\">\n\t\t\t\t\t\t\t\t\t<span class=\"elementor-button-text\">Bezp\u0142atna ocena sprawy<\/span>\n\t\t\t\t\t<\/span>\n\t\t\t\t\t<\/a>\n\t\t\t\t\t\t\t\t<\/div>\n\t\t\t\t\t<\/div>\n\t\t\t\t<\/div>\n\t\t<div class=\"elementor-element elementor-element-e21f8e5 e-flex e-con-boxed e-con e-parent\" data-id=\"e21f8e5\" data-element_type=\"container\" data-e-type=\"container\">\n\t\t\t\t\t<div class=\"e-con-inner\">\n\t\t\t\t<div class=\"elementor-element elementor-element-fbd014c elementor-widget__width-initial elementor-position-top elementor-widget elementor-widget-image-box\" data-id=\"fbd014c\" data-element_type=\"widget\" data-e-type=\"widget\" data-widget_type=\"image-box.default\">\n\t\t\t\t\t<div class=\"elementor-image-box-wrapper\"><figure class=\"elementor-image-box-img\"><img decoding=\"async\" width=\"300\" height=\"300\" src=\"https:\/\/plattalaw.com\/wp-content\/uploads\/2025\/08\/Howard-Frederick-abogado-de-lesiones-personales-en-ny.webp\" class=\"attachment-full size-full wp-image-117044\" alt=\"Howard Frederick, Esq.\" srcset=\"https:\/\/plattalaw.com\/wp-content\/uploads\/2025\/08\/Howard-Frederick-abogado-de-lesiones-personales-en-ny.webp 300w, https:\/\/plattalaw.com\/wp-content\/uploads\/2025\/08\/Howard-Frederick-abogado-de-lesiones-personales-en-ny-150x150.webp 150w\" sizes=\"(max-width: 300px) 100vw, 300px\" \/><\/figure><div class=\"elementor-image-box-content\"><h1 class=\"elementor-image-box-title\">Howard Frederick<\/h1><p class=\"elementor-image-box-description\">\n<p style=\"margin-top: -15px;font-size: 20px;color: #5d5d5d\">Partner<\/p>\n<p style=\"margin-top: 20px;font-size: 20px;color: #5d5d5d;font-weight:600\">Telefon: <a href=\"tel:2125145100\">(212) 514-5100<\/a><\/p>\n<p style=\"margin-top: -15px;font-size: 20px;color: #5d5d5d;font-weight:600\">E-mail: <a href=\"mailto:hf@plattalaw.com\">Wy\u015blij wiadomo\u015b\u0107<\/a><\/p><\/p><\/div><\/div>\t\t\t\t<\/div>\n\t\t<div class=\"elementor-element elementor-element-06b5143 e-con-full e-flex e-con e-child\" data-id=\"06b5143\" data-element_type=\"container\" data-e-type=\"container\">\n\t\t\t\t<div class=\"elementor-element elementor-element-86ac120 elementor-tabs-view-horizontal elementor-widget elementor-widget-tabs\" data-id=\"86ac120\" data-element_type=\"widget\" data-e-type=\"widget\" data-widget_type=\"tabs.default\">\n\t\t\t\t\t\t\t<div class=\"elementor-tabs\">\n\t\t\t<div class=\"elementor-tabs-wrapper\" role=\"tablist\" >\n\t\t\t\t\t\t\t\t\t<div id=\"elementor-tab-title-1411\" class=\"elementor-tab-title elementor-tab-desktop-title\" aria-selected=\"true\" data-tab=\"1\" role=\"tab\" tabindex=\"0\" aria-controls=\"elementor-tab-content-1411\" aria-expanded=\"false\">Nagrody i przynale\u017cno\u015bci<\/div>\n\t\t\t\t\t\t\t\t\t<div id=\"elementor-tab-title-1412\" class=\"elementor-tab-title elementor-tab-desktop-title\" aria-selected=\"false\" data-tab=\"2\" role=\"tab\" tabindex=\"-1\" aria-controls=\"elementor-tab-content-1412\" aria-expanded=\"false\">Uprawnienia adwokackie<\/div>\n\t\t\t\t\t\t\t\t\t<div id=\"elementor-tab-title-1413\" class=\"elementor-tab-title elementor-tab-desktop-title\" aria-selected=\"false\" data-tab=\"3\" role=\"tab\" tabindex=\"-1\" aria-controls=\"elementor-tab-content-1413\" aria-expanded=\"false\">Wykszta\u0142cenie<\/div>\n\t\t\t\t\t\t\t<\/div>\n\t\t\t<div class=\"elementor-tabs-content-wrapper\" role=\"tablist\" aria-orientation=\"vertical\">\n\t\t\t\t\t\t\t\t\t<div class=\"elementor-tab-title elementor-tab-mobile-title\" aria-selected=\"true\" data-tab=\"1\" role=\"tab\" tabindex=\"0\" aria-controls=\"elementor-tab-content-1411\" aria-expanded=\"false\">Nagrody i przynale\u017cno\u015bci<\/div>\n\t\t\t\t\t<div id=\"elementor-tab-content-1411\" class=\"elementor-tab-content elementor-clearfix\" data-tab=\"1\" role=\"tabpanel\" aria-labelledby=\"elementor-tab-title-1411\" tabindex=\"0\" hidden=\"false\"><ul style=\"margin-left: -10px;\">\n<li>Wyrok nr 1 w sprawach o b\u0142\u0119dy medyczne oraz wyrok nr 1 w sprawach pasa\u017cer\u00f3w pojazd\u00f3w mechanicznych w stanie Nowy Jork w 2012 roku wed\u0142ug New York Law Journal.<\/li>\n<li>Najwy\u017csze wyr\u00f3\u017cnienie przyznawane przez czo\u0142owych prawnik\u00f3w Nowego Jorku w obszarze metropolitalnym przez ponad dekad\u0119.<\/li>\n<li>10 najlepszych prawnik\u00f3w wed\u0142ug America&#8217;s Institute of Personal Injury Attorneys.<\/li>\n<li>Cz\u0142onek America&#8217;s Top 100 High Stakes Litigators.<\/li>\n<li>Najwy\u017csze wyr\u00f3\u017cnienie przyznawane przez Super Lawyers \u2013 Metro Edition przez ponad dekad\u0119.<\/li>\n<li>Opublikowane wydanie Verdict\u2019s Search \u201eCzo\u0142owe wyroki w Nowym Jorku\u201d i \u201eCzo\u0142owe ugody w Nowym Jorku\u201d.<\/li>\n<li>Wyr\u00f3\u017cniony wyrok na kwot\u0119 6,6 miliona dolar\u00f3w w New York Law Journal z 30 czerwca 2017 roku.<\/li>\n<li>Cz\u0142onek New York State Trial Lawyers Association.<\/li>\n<\/ul>\n<\/div>\n\t\t\t\t\t\t\t\t\t<div class=\"elementor-tab-title elementor-tab-mobile-title\" aria-selected=\"false\" data-tab=\"2\" role=\"tab\" tabindex=\"-1\" aria-controls=\"elementor-tab-content-1412\" aria-expanded=\"false\">Uprawnienia adwokackie<\/div>\n\t\t\t\t\t<div id=\"elementor-tab-content-1412\" class=\"elementor-tab-content elementor-clearfix\" data-tab=\"2\" role=\"tabpanel\" aria-labelledby=\"elementor-tab-title-1412\" tabindex=\"0\" hidden=\"hidden\"><ul style=\"margin-left: -10px;\">\n<li>1991, Nowy Jork.<\/li>\n<li>1996, S\u0105d Okr\u0119gowy Stan\u00f3w Zjednoczonych, Dystrykt Po\u0142udniowy Nowego Jorku,<br \/>Sektor publiczny.<\/li>\n<li>By\u0142y asystent prokuratora okr\u0119gowego, hrabstwo Bronx 1990-1994.<\/li>\n<\/ul>\n<\/div>\n\t\t\t\t\t\t\t\t\t<div class=\"elementor-tab-title elementor-tab-mobile-title\" aria-selected=\"false\" data-tab=\"3\" role=\"tab\" tabindex=\"-1\" aria-controls=\"elementor-tab-content-1413\" aria-expanded=\"false\">Wykszta\u0142cenie<\/div>\n\t\t\t\t\t<div id=\"elementor-tab-content-1413\" class=\"elementor-tab-content elementor-clearfix\" data-tab=\"3\" role=\"tabpanel\" aria-labelledby=\"elementor-tab-title-1413\" tabindex=\"0\" hidden=\"hidden\"><ul style=\"margin-left: -10px;\">\n<li>Western New England College School (1987-1990).<\/li>\n<li>West Chester University of Pennsylvania (1982-1986).<\/li>\n<\/ul>\n<\/div>\n\t\t\t\t\t\t\t<\/div>\n\t\t<\/div>\n\t\t\t\t\t\t<\/div>\n\t\t\t\t<div class=\"elementor-element elementor-element-1f678c4 elementor-widget elementor-widget-heading\" data-id=\"1f678c4\" data-element_type=\"widget\" data-e-type=\"widget\" data-widget_type=\"heading.default\">\n\t\t\t\t\t<h2 class=\"elementor-heading-title elementor-size-default\">Co najbardziej Pan lubi w swojej pracy?<\/h2>\t\t\t\t<\/div>\n\t\t\t\t<div class=\"elementor-element elementor-element-1b356a4 elementor-widget elementor-widget-text-editor\" data-id=\"1b356a4\" data-element_type=\"widget\" data-e-type=\"widget\" data-widget_type=\"text-editor.default\">\n\t\t\t\t\t\t\t\t\t<p>Pi\u0119kno praktyki prawniczej polega na tym, \u017ce \u017cadne dwa dni nie s\u0105 takie same. Ka\u017cda sprawa jest inna. Ka\u017cdy klient jest wyj\u0105tkowy. Naszym obowi\u0105zkiem jako prawnik\u00f3w jest spotka\u0107 naszych klient\u00f3w tam, gdzie znajduj\u0105 si\u0119 w \u017cyciu. Musimy ich pozna\u0107, a to wykracza daleko poza ich obecn\u0105 sytuacj\u0119. Do nas nale\u017cy prawdziwe zrozumienie ich szczeg\u00f3lnych potrzeb, a nast\u0119pnie musimy dostosowa\u0107 nasze reprezentowanie do tych potrzeb. Je\u015bli chodzi o reprezentacj\u0119 prawn\u0105, jeden rozmiar nie pasuje do wszystkich; jednak w\u0142a\u015bnie w ten spos\u00f3b wi\u0119kszo\u015b\u0107 klient\u00f3w jest traktowana w wi\u0119kszo\u015bci kancelarii prawnych.      <\/p><p>Jako prawnik procesowy sp\u0119dzam niezliczone godziny na przygotowywaniu klienta do procesu. To przygotowanie wykracza daleko poza poznanie okoliczno\u015bci, w jakich klient dozna\u0142 obra\u017ce\u0144. Pozwalam moim klientom zacz\u0105\u0107 od opowiedzenia mi, gdzie si\u0119 urodzili, i idziemy dalej. Chc\u0119 wiedzie\u0107 o ka\u017cdym z nich jak najwi\u0119cej, poniewa\u017c tylko w ten spos\u00f3b mog\u0119 by\u0107 pewien, \u017ce \u0142awa przysi\u0119g\u0142ych wyda sprawiedliwy i s\u0142uszny wyrok na ich korzy\u015b\u0107. Musi powsta\u0107 osobista wi\u0119\u017a mi\u0119dzy przysi\u0119g\u0142ym a klientem, a tego nie mo\u017cna osi\u0105gn\u0105\u0107, je\u015bli nie rozumiem naprawd\u0119 potrzeb moich klient\u00f3w, a to jest r\u00f3wnie\u017c moj\u0105 ulubion\u0105 cz\u0119\u015bci\u0105 pracy. Lubi\u0119 zanurza\u0107 si\u0119 w tych historiach i ceni\u0119 sobie mo\u017cliwo\u015b\u0107 pomocy w ich ponownym opowiedzeniu. To w\u0142a\u015bnie ten proces uwa\u017cam za tak satysfakcjonuj\u0105cy.      <\/p>\t\t\t\t\t\t\t\t<\/div>\n\t\t\t\t<div class=\"elementor-element elementor-element-0dc5f2e elementor-widget elementor-widget-heading\" data-id=\"0dc5f2e\" data-element_type=\"widget\" data-e-type=\"widget\" data-widget_type=\"heading.default\">\n\t\t\t\t\t<h2 class=\"elementor-heading-title elementor-size-default\">Co Pan lubi najmniej?<\/h2>\t\t\t\t<\/div>\n\t\t\t\t<div class=\"elementor-element elementor-element-2b49d86 elementor-widget elementor-widget-text-editor\" data-id=\"2b49d86\" data-element_type=\"widget\" data-e-type=\"widget\" data-widget_type=\"text-editor.default\">\n\t\t\t\t\t\t\t\t\t<p>Chocia\u017c ka\u017cdy klient zas\u0142uguje na szczeg\u00f3ln\u0105 uwag\u0119, system s\u0105dowy nie jest przygotowany do zapewnienia takiego poziomu opieki. S\u0119dziowie s\u0105 przepracowani. Kalendarze s\u0105dowe s\u0105 powa\u017cnie op\u00f3\u017anione. Prawnicy obrony nie s\u0105 zainteresowani zrozumieniem, dlaczego sprawa mojego klienta jest tak wyj\u0105tkowa i wa\u017cna, a likwidatorzy szk\u00f3d ubezpieczeniowych dbaj\u0105 tylko o korporacyjny wynik finansowy. To jest rzeczywisto\u015b\u0107 post\u0119powania cywilnego. To r\u00f3wnie\u017c moja najmniej ulubiona cz\u0119\u015b\u0107 pracy.     <\/p><p>Co sprawia, \u017ce tym wa\u017cniejsze jest, abym wykona\u0142 swoj\u0105 cz\u0119\u015b\u0107 pracy, aby upewni\u0107 si\u0119, \u017ce g\u0142os mojego klienta zostanie wys\u0142uchany, a jego potrzeby zostan\u0105 uwzgl\u0119dnione. Nikt inny w tym procesie nie dba o nich. S\u0105 niezwykle bezbronni i zazwyczaj gubi\u0105 si\u0119 w g\u0105szczu biurokracji. To z\u0142a wiadomo\u015b\u0107. Dobra wiadomo\u015b\u0107 jest taka, \u017ce to rozumiem i robi\u0119 wszystko, co w mojej mocy, aby moi klienci zostali wys\u0142uchani, a ich potrzeby uwzgl\u0119dnione.     <\/p><p>To oczywi\u015bcie nie jest \u0142atwe. Wymaga ci\u0119\u017ckiej pracy, staranno\u015bci i zdolno\u015bci do wytrwania w obliczu zaciek\u0142ego oporu. Wsp\u00f3lnie b\u0119dziemy pracowa\u0107 nad usprawnieniem drako\u0144ski system sprawiedliwo\u015bci, kt\u00f3ry cz\u0119sto nie jest sprawiedliwy, i zrobimy to jako zesp\u00f3\u0142. Moim zadaniem jest przewodzi\u0107, reprezentowa\u0107 i wyja\u015bnia\u0107, a zadaniem klienta jest dba\u0107 o swoje obra\u017cenia i stara\u0107 si\u0119 wyzdrowie\u0107. B\u0119dziemy wsp\u00f3lnie porusza\u0107 si\u0119 po polu minowym, rozumiej\u0105c niedoci\u0105gni\u0119cia systemu i ostatecznie wykorzystuj\u0105c te niedoskona\u0142o\u015bci na nasz\u0105 korzy\u015b\u0107.    <\/p>\t\t\t\t\t\t\t\t<\/div>\n\t\t\t\t<div class=\"elementor-element elementor-element-197bcee elementor-widget elementor-widget-heading\" data-id=\"197bcee\" data-element_type=\"widget\" data-e-type=\"widget\" data-widget_type=\"heading.default\">\n\t\t\t\t\t<h2 class=\"elementor-heading-title elementor-size-default\">Jak opisa\u0142by Pan swoje podej\u015bcie do sprawy?<\/h2>\t\t\t\t<\/div>\n\t\t\t\t<div class=\"elementor-element elementor-element-8e77c20 elementor-widget elementor-widget-text-editor\" data-id=\"8e77c20\" data-element_type=\"widget\" data-e-type=\"widget\" data-widget_type=\"text-editor.default\">\n\t\t\t\t\t\t\t\t\t<p>Kluczem do skutecznego prowadzenia post\u0119powania w sprawie odszkodowania za szkody na osobie jest komunikacja. Musz\u0119 by\u0107 w stanie komunikowa\u0107 si\u0119 z moim klientem, s\u0119dzi\u0105, przeciwnym pe\u0142nomocnikiem i firm\u0105 ubezpieczeniow\u0105. Ka\u017cda z tych stron odgrywa kluczow\u0105 rol\u0119 w post\u0119powaniu. Musz\u0119 nie tylko rozumie\u0107 potrzeby i pragnienia mojego klienta, ale tak\u017ce zasady i protoko\u0142y s\u0119dziego, argumenty przeciwnego pe\u0142nomocnika oraz ograniczenia ubezpieczycieli. Wszystkie te informacje musz\u0105 zosta\u0107 om\u00f3wione, przedyskutowane i zsyntetyzowane w spos\u00f3b najbardziej korzystny dla mojego klienta. Prawdziwe zrozumienie, jak te czynniki si\u0119 \u0142\u0105cz\u0105, to jedyny spos\u00f3b, w jaki mog\u0119 by\u0107 pewien, \u017ce sprawiedliwo\u015bci stanie si\u0119 zado\u015b\u0107, a m\u00f3j klient otrzyma takie odszkodowanie, na jakie zas\u0142uguje zgodnie z prawem.     <\/p>\t\t\t\t\t\t\t\t<\/div>\n\t\t\t\t<\/div>\n\t\t\t\t\t<\/div>\n\t\t\t\t<\/div>\n\t\t\t\t<\/div>\n\t\t","protected":false},"excerpt":{"rendered":"<p>Nasi prawnicy Bezp\u0142atna ocena sprawy Howard Frederick Partner Telefon: (212) 514-5100 E-mail: Wy\u015blij wiadomo\u015b\u0107 Nagrody i przynale\u017cno\u015bci Uprawnienia adwokackie Wykszta\u0142cenie Nagrody i przynale\u017cno\u015bci Wyrok nr 1 w sprawach o b\u0142\u0119dy medyczne oraz wyrok nr 1 w sprawach pasa\u017cer\u00f3w pojazd\u00f3w mechanicznych w stanie Nowy Jork w 2012 roku wed\u0142ug New York Law Journal. Najwy\u017csze wyr\u00f3\u017cnienie przyznawane [&hellip;]<\/p>\n","protected":false},"author":2,"featured_media":0,"parent":117090,"menu_order":0,"comment_status":"closed","ping_status":"closed","template":"elementor_header_footer","meta":{"footnotes":""},"class_list":["post-117180","page","type-page","status-publish","hentry"],"yoast_head":"<!-- This site is optimized with the Yoast SEO Premium plugin v27.4 (Yoast SEO v27.4) - https:\/\/yoast.com\/product\/yoast-seo-premium-wordpress\/ -->\n<title>Howard Frederick, Esq. - Kancelaria Prawna Platta<\/title>\n<meta name=\"description\" content=\"\u017badne dwa dni nie s\u0105 takie same w praktyce prawniczej. Ka\u017cda sprawa jest inna. Naszym obowi\u0105zkiem jest spotka\u0107 naszych klient\u00f3w tam, gdzie znajduj\u0105 si\u0119 w \u017cyciu.\" \/>\n<meta name=\"robots\" content=\"index, follow, max-snippet:-1, max-image-preview:large, max-video-preview:-1\" \/>\n<link rel=\"canonical\" href=\"https:\/\/plattalaw.com\/pl\/nasi-prawnicy\/howard-frederick\/\" \/>\n<meta property=\"og:locale\" content=\"pl_PL\" \/>\n<meta property=\"og:type\" content=\"article\" \/>\n<meta property=\"og:title\" content=\"Howard Frederick\" \/>\n<meta property=\"og:description\" content=\"\u017badne dwa dni nie s\u0105 takie same w praktyce prawniczej. Ka\u017cda sprawa jest inna. Naszym obowi\u0105zkiem jest spotka\u0107 naszych klient\u00f3w tam, gdzie znajduj\u0105 si\u0119 w \u017cyciu.\" \/>\n<meta property=\"og:url\" content=\"https:\/\/plattalaw.com\/pl\/nasi-prawnicy\/howard-frederick\/\" \/>\n<meta property=\"og:site_name\" content=\"The Platta Law Firm\" \/>\n<meta property=\"article:modified_time\" content=\"2026-03-10T14:09:26+00:00\" \/>\n<meta property=\"og:image\" content=\"https:\/\/plattalaw.com\/wp-content\/uploads\/2025\/08\/Howard-Frederick-abogado-de-lesiones-personales-en-ny.webp\" \/>\n<meta name=\"twitter:card\" content=\"summary_large_image\" \/>\n<meta name=\"twitter:label1\" content=\"Szacowany czas czytania\" \/>\n\t<meta name=\"twitter:data1\" content=\"4 minuty\" \/>\n<script type=\"application\/ld+json\" class=\"yoast-schema-graph\">{\"@context\":\"https:\\\/\\\/schema.org\",\"@graph\":[{\"@type\":\"WebPage\",\"@id\":\"https:\\\/\\\/plattalaw.com\\\/pl\\\/nasi-prawnicy\\\/howard-frederick\\\/\",\"url\":\"https:\\\/\\\/plattalaw.com\\\/pl\\\/nasi-prawnicy\\\/howard-frederick\\\/\",\"name\":\"Howard Frederick, Esq. - Kancelaria Prawna Platta\",\"isPartOf\":{\"@id\":\"https:\\\/\\\/plattalaw.com\\\/pl\\\/#website\"},\"primaryImageOfPage\":{\"@id\":\"https:\\\/\\\/plattalaw.com\\\/pl\\\/nasi-prawnicy\\\/howard-frederick\\\/#primaryimage\"},\"image\":{\"@id\":\"https:\\\/\\\/plattalaw.com\\\/pl\\\/nasi-prawnicy\\\/howard-frederick\\\/#primaryimage\"},\"thumbnailUrl\":\"https:\\\/\\\/plattalaw.com\\\/wp-content\\\/uploads\\\/2025\\\/08\\\/Howard-Frederick-abogado-de-lesiones-personales-en-ny.webp\",\"datePublished\":\"2021-08-09T20:08:10+00:00\",\"dateModified\":\"2026-03-10T14:09:26+00:00\",\"description\":\"\u017badne dwa dni nie s\u0105 takie same w praktyce prawniczej. Ka\u017cda sprawa jest inna. Naszym obowi\u0105zkiem jest spotka\u0107 naszych klient\u00f3w tam, gdzie znajduj\u0105 si\u0119 w \u017cyciu.\",\"breadcrumb\":{\"@id\":\"https:\\\/\\\/plattalaw.com\\\/pl\\\/nasi-prawnicy\\\/howard-frederick\\\/#breadcrumb\"},\"inLanguage\":\"pl-PL\",\"potentialAction\":[{\"@type\":\"ReadAction\",\"target\":[\"https:\\\/\\\/plattalaw.com\\\/pl\\\/nasi-prawnicy\\\/howard-frederick\\\/\"]}]},{\"@type\":\"ImageObject\",\"inLanguage\":\"pl-PL\",\"@id\":\"https:\\\/\\\/plattalaw.com\\\/pl\\\/nasi-prawnicy\\\/howard-frederick\\\/#primaryimage\",\"url\":\"https:\\\/\\\/plattalaw.com\\\/wp-content\\\/uploads\\\/2025\\\/08\\\/Howard-Frederick-abogado-de-lesiones-personales-en-ny.webp\",\"contentUrl\":\"https:\\\/\\\/plattalaw.com\\\/wp-content\\\/uploads\\\/2025\\\/08\\\/Howard-Frederick-abogado-de-lesiones-personales-en-ny.webp\"},{\"@type\":\"BreadcrumbList\",\"@id\":\"https:\\\/\\\/plattalaw.com\\\/pl\\\/nasi-prawnicy\\\/howard-frederick\\\/#breadcrumb\",\"itemListElement\":[{\"@type\":\"ListItem\",\"position\":1,\"name\":\"Strona g\u0142\u00f3wna\",\"item\":\"https:\\\/\\\/plattalaw.com\\\/pl\\\/strona-glowna\\\/\"},{\"@type\":\"ListItem\",\"position\":2,\"name\":\"Nasi prawnicy\",\"item\":\"https:\\\/\\\/plattalaw.com\\\/pl\\\/our-attorneys\\\/\"},{\"@type\":\"ListItem\",\"position\":3,\"name\":\"Howard Frederick\"}]},{\"@type\":\"WebSite\",\"@id\":\"https:\\\/\\\/plattalaw.com\\\/pl\\\/#website\",\"url\":\"https:\\\/\\\/plattalaw.com\\\/pl\\\/\",\"name\":\"The Platta Law Firm\",\"description\":\"Personal Injury Lawyer\",\"publisher\":{\"@id\":\"https:\\\/\\\/plattalaw.com\\\/pl\\\/#organization\"},\"potentialAction\":[{\"@type\":\"SearchAction\",\"target\":{\"@type\":\"EntryPoint\",\"urlTemplate\":\"https:\\\/\\\/plattalaw.com\\\/pl\\\/?s={search_term_string}\"},\"query-input\":{\"@type\":\"PropertyValueSpecification\",\"valueRequired\":true,\"valueName\":\"search_term_string\"}}],\"inLanguage\":\"pl-PL\"},{\"@type\":\"Organization\",\"@id\":\"https:\\\/\\\/plattalaw.com\\\/pl\\\/#organization\",\"name\":\"Kancelaria Prawna Platta\",\"url\":\"https:\\\/\\\/plattalaw.com\\\/pl\\\/\",\"logo\":{\"@type\":\"ImageObject\",\"inLanguage\":\"pl-PL\",\"@id\":\"https:\\\/\\\/plattalaw.com\\\/pl\\\/#\\\/schema\\\/logo\\\/image\\\/\",\"url\":\"https:\\\/\\\/plattalaw.com\\\/wp-content\\\/uploads\\\/2021\\\/07\\\/The-Platta-Law-Firm-Website-Logo.webp\",\"contentUrl\":\"https:\\\/\\\/plattalaw.com\\\/wp-content\\\/uploads\\\/2021\\\/07\\\/The-Platta-Law-Firm-Website-Logo.webp\",\"width\":1648,\"height\":198,\"caption\":\"Kancelaria Prawna Platta\"},\"image\":{\"@id\":\"https:\\\/\\\/plattalaw.com\\\/pl\\\/#\\\/schema\\\/logo\\\/image\\\/\"}}]}<\/script>\n<!-- \/ Yoast SEO Premium plugin. -->","yoast_head_json":{"title":"Howard Frederick, Esq. - Kancelaria Prawna Platta","description":"\u017badne dwa dni nie s\u0105 takie same w praktyce prawniczej. Ka\u017cda sprawa jest inna. Naszym obowi\u0105zkiem jest spotka\u0107 naszych klient\u00f3w tam, gdzie znajduj\u0105 si\u0119 w \u017cyciu.","robots":{"index":"index","follow":"follow","max-snippet":"max-snippet:-1","max-image-preview":"max-image-preview:large","max-video-preview":"max-video-preview:-1"},"canonical":"https:\/\/plattalaw.com\/pl\/nasi-prawnicy\/howard-frederick\/","og_locale":"pl_PL","og_type":"article","og_title":"Howard Frederick","og_description":"\u017badne dwa dni nie s\u0105 takie same w praktyce prawniczej. Ka\u017cda sprawa jest inna. Naszym obowi\u0105zkiem jest spotka\u0107 naszych klient\u00f3w tam, gdzie znajduj\u0105 si\u0119 w \u017cyciu.","og_url":"https:\/\/plattalaw.com\/pl\/nasi-prawnicy\/howard-frederick\/","og_site_name":"The Platta Law Firm","article_modified_time":"2026-03-10T14:09:26+00:00","og_image":[{"url":"https:\/\/plattalaw.com\/wp-content\/uploads\/2025\/08\/Howard-Frederick-abogado-de-lesiones-personales-en-ny.webp","type":"","width":"","height":""}],"twitter_card":"summary_large_image","twitter_misc":{"Szacowany czas czytania":"4 minuty"},"schema":{"@context":"https:\/\/schema.org","@graph":[{"@type":"WebPage","@id":"https:\/\/plattalaw.com\/pl\/nasi-prawnicy\/howard-frederick\/","url":"https:\/\/plattalaw.com\/pl\/nasi-prawnicy\/howard-frederick\/","name":"Howard Frederick, Esq. - Kancelaria Prawna Platta","isPartOf":{"@id":"https:\/\/plattalaw.com\/pl\/#website"},"primaryImageOfPage":{"@id":"https:\/\/plattalaw.com\/pl\/nasi-prawnicy\/howard-frederick\/#primaryimage"},"image":{"@id":"https:\/\/plattalaw.com\/pl\/nasi-prawnicy\/howard-frederick\/#primaryimage"},"thumbnailUrl":"https:\/\/plattalaw.com\/wp-content\/uploads\/2025\/08\/Howard-Frederick-abogado-de-lesiones-personales-en-ny.webp","datePublished":"2021-08-09T20:08:10+00:00","dateModified":"2026-03-10T14:09:26+00:00","description":"\u017badne dwa dni nie s\u0105 takie same w praktyce prawniczej. Ka\u017cda sprawa jest inna. Naszym obowi\u0105zkiem jest spotka\u0107 naszych klient\u00f3w tam, gdzie znajduj\u0105 si\u0119 w \u017cyciu.","breadcrumb":{"@id":"https:\/\/plattalaw.com\/pl\/nasi-prawnicy\/howard-frederick\/#breadcrumb"},"inLanguage":"pl-PL","potentialAction":[{"@type":"ReadAction","target":["https:\/\/plattalaw.com\/pl\/nasi-prawnicy\/howard-frederick\/"]}]},{"@type":"ImageObject","inLanguage":"pl-PL","@id":"https:\/\/plattalaw.com\/pl\/nasi-prawnicy\/howard-frederick\/#primaryimage","url":"https:\/\/plattalaw.com\/wp-content\/uploads\/2025\/08\/Howard-Frederick-abogado-de-lesiones-personales-en-ny.webp","contentUrl":"https:\/\/plattalaw.com\/wp-content\/uploads\/2025\/08\/Howard-Frederick-abogado-de-lesiones-personales-en-ny.webp"},{"@type":"BreadcrumbList","@id":"https:\/\/plattalaw.com\/pl\/nasi-prawnicy\/howard-frederick\/#breadcrumb","itemListElement":[{"@type":"ListItem","position":1,"name":"Strona g\u0142\u00f3wna","item":"https:\/\/plattalaw.com\/pl\/strona-glowna\/"},{"@type":"ListItem","position":2,"name":"Nasi prawnicy","item":"https:\/\/plattalaw.com\/pl\/our-attorneys\/"},{"@type":"ListItem","position":3,"name":"Howard Frederick"}]},{"@type":"WebSite","@id":"https:\/\/plattalaw.com\/pl\/#website","url":"https:\/\/plattalaw.com\/pl\/","name":"The Platta Law Firm","description":"Personal Injury Lawyer","publisher":{"@id":"https:\/\/plattalaw.com\/pl\/#organization"},"potentialAction":[{"@type":"SearchAction","target":{"@type":"EntryPoint","urlTemplate":"https:\/\/plattalaw.com\/pl\/?s={search_term_string}"},"query-input":{"@type":"PropertyValueSpecification","valueRequired":true,"valueName":"search_term_string"}}],"inLanguage":"pl-PL"},{"@type":"Organization","@id":"https:\/\/plattalaw.com\/pl\/#organization","name":"Kancelaria Prawna Platta","url":"https:\/\/plattalaw.com\/pl\/","logo":{"@type":"ImageObject","inLanguage":"pl-PL","@id":"https:\/\/plattalaw.com\/pl\/#\/schema\/logo\/image\/","url":"https:\/\/plattalaw.com\/wp-content\/uploads\/2021\/07\/The-Platta-Law-Firm-Website-Logo.webp","contentUrl":"https:\/\/plattalaw.com\/wp-content\/uploads\/2021\/07\/The-Platta-Law-Firm-Website-Logo.webp","width":1648,"height":198,"caption":"Kancelaria Prawna Platta"},"image":{"@id":"https:\/\/plattalaw.com\/pl\/#\/schema\/logo\/image\/"}}]}},"_links":{"self":[{"href":"https:\/\/plattalaw.com\/pl\/wp-json\/wp\/v2\/pages\/117180","targetHints":{"allow":["GET"]}}],"collection":[{"href":"https:\/\/plattalaw.com\/pl\/wp-json\/wp\/v2\/pages"}],"about":[{"href":"https:\/\/plattalaw.com\/pl\/wp-json\/wp\/v2\/types\/page"}],"author":[{"embeddable":true,"href":"https:\/\/plattalaw.com\/pl\/wp-json\/wp\/v2\/users\/2"}],"replies":[{"embeddable":true,"href":"https:\/\/plattalaw.com\/pl\/wp-json\/wp\/v2\/comments?post=117180"}],"version-history":[{"count":0,"href":"https:\/\/plattalaw.com\/pl\/wp-json\/wp\/v2\/pages\/117180\/revisions"}],"up":[{"embeddable":true,"href":"https:\/\/plattalaw.com\/pl\/wp-json\/wp\/v2\/pages\/117090"}],"wp:attachment":[{"href":"https:\/\/plattalaw.com\/pl\/wp-json\/wp\/v2\/media?parent=117180"}],"curies":[{"name":"wp","href":"https:\/\/api.w.org\/{rel}","templated":true}]}}