{"id":117171,"date":"2021-08-10T15:23:43","date_gmt":"2021-08-10T19:23:43","guid":{"rendered":"https:\/\/plattalaw.com\/o-nas\/sprawa-wilinskiego\/"},"modified":"2026-04-03T16:15:44","modified_gmt":"2026-04-03T20:15:44","slug":"sprawa-wilinskiego","status":"publish","type":"page","link":"https:\/\/plattalaw.com\/pl\/o-nas\/sprawa-wilinskiego\/","title":{"rendered":"Sprawa Wilinskiego"},"content":{"rendered":"\t\t<div data-elementor-type=\"wp-page\" data-elementor-id=\"117171\" class=\"elementor elementor-117171 elementor-3769\" data-elementor-post-type=\"page\">\n\t\t\t\t<div class=\"elementor-element elementor-element-a66ea41 elementor-hidden-tablet e-flex e-con-boxed e-con e-parent\" data-id=\"a66ea41\" data-element_type=\"container\" data-e-type=\"container\" data-settings=\"{&quot;background_background&quot;:&quot;classic&quot;}\">\n\t\t\t\t\t<div class=\"e-con-inner\">\n\t\t\t\t<div class=\"elementor-element elementor-element-fbb4944 elementor-hidden-desktop elementor-hidden-tablet elementor-widget-mobile__width-initial elementor-widget elementor-widget-heading\" data-id=\"fbb4944\" data-element_type=\"widget\" data-e-type=\"widget\" data-widget_type=\"heading.default\">\n\t\t\t\t\t<p class=\"elementor-heading-title elementor-size-default\">WA\u017bNA SPRAWA<\/p>\t\t\t\t<\/div>\n\t\t\t\t<div class=\"elementor-element elementor-element-fbcfd4f elementor-align-center elementor-hidden-desktop elementor-hidden-tablet elementor-hidden-laptop elementor-widget elementor-widget-button\" data-id=\"fbcfd4f\" data-element_type=\"widget\" data-e-type=\"widget\" data-widget_type=\"button.default\">\n\t\t\t\t\t\t\t\t\t\t<a class=\"elementor-button elementor-button-link elementor-size-sm elementor-animation-shrink\" href=\"#free-case-evaluation\">\n\t\t\t\t\t\t<span class=\"elementor-button-content-wrapper\">\n\t\t\t\t\t\t\t\t\t<span class=\"elementor-button-text\">Bezp\u0142atna ocena sprawy<\/span>\n\t\t\t\t\t<\/span>\n\t\t\t\t\t<\/a>\n\t\t\t\t\t\t\t\t<\/div>\n\t\t\t\t\t<\/div>\n\t\t\t\t<\/div>\n\t\t<div class=\"elementor-element elementor-element-52f25b1 e-flex e-con-boxed e-con e-parent\" data-id=\"52f25b1\" data-element_type=\"container\" data-e-type=\"container\">\n\t\t\t\t\t<div class=\"e-con-inner\">\n\t\t\t\t<div class=\"elementor-element elementor-element-728fad9 elementor-hidden-mobile elementor-widget elementor-widget-heading\" data-id=\"728fad9\" data-element_type=\"widget\" data-e-type=\"widget\" data-widget_type=\"heading.default\">\n\t\t\t\t\t<h1 class=\"elementor-heading-title elementor-size-default\">Wilinski przeciwko 334 E. 92ND Hous. Dev. Fund Corp.  <\/h1>\t\t\t\t<\/div>\n\t\t\t\t<div class=\"elementor-element elementor-element-37b39b5 elementor-widget elementor-widget-text-editor\" data-id=\"37b39b5\" data-element_type=\"widget\" data-e-type=\"widget\" data-widget_type=\"text-editor.default\">\n\t\t\t\t\t\t\t\t\t<p style=\"font-size: 30px; margin-bottom: 40px;\">Wy\u017csze odszkodowania pieni\u0119\u017cne obecnie przyznawane pracownikom budowlanym<br>poszkodowanym przez spadaj\u0105ce przedmioty<\/p><p>Wybieraj\u0105c kancelari\u0119 prawn\u0105 zajmuj\u0105c\u0105 si\u0119 obra\u017ceniami cia\u0142a, niewiele znajdziesz takich, kt\u00f3re faktycznie zmieni\u0142y bieg prawa w Nowym Jorku na korzy\u015b\u0107 pracownik\u00f3w budowlanych. Kancelaria Platta Law Firm, PLLC w\u0142a\u015bnie to zrobi\u0142a. W 2011 roku nasza kancelaria prowadzi\u0142a spraw\u0119 o nazwie <a href=\"https:\/\/www.nycourts.gov\/reporter\/3dseries\/2011\/2011_07477.htm\" target=\"_blank\" rel=\"noopener\">Wilinski przeciwko 334 E. 92nd Hous. Dev. Fund. Corp.<\/a> przed najwy\u017cszym s\u0105dem stanowym, co doprowadzi\u0142o do znacz\u0105cej zmiany w prawie i doda\u0142o dalsze zabezpieczenia dla pracownik\u00f3w. Zmiana ta polega\u0142a na s\u0105dowym uznaniu, \u017ce istniej\u0105ce prawo pracy \u2014 nieformalnie znane jako \u201ePrawo rusztowa\u0144\u201d \u2014 ma teraz zastosowanie do spadaj\u0105cych przedmiot\u00f3w, kt\u00f3re znajduj\u0105 si\u0119 na tym samym poziomie co poszkodowany pracownik.   <\/p><p>W prze\u0142omowej sprawie Wilinskiego dwie metalowe rury hydrauliczne spad\u0142y i uderzy\u0142y pana Wilinskiego podczas wyburzania sufitu i pod\u0142ogi. Metalowe rury znajdowa\u0142y si\u0119 na wysoko\u015bci oko\u0142o 3 metr\u00f3w i spad\u0142y co najmniej 1,2 metra, zanim uderzy\u0142y naszego klienta. S\u0105d orzek\u0142, \u017ce \u201ePrawo rusztowa\u0144\u201d mia\u0142o zastosowanie, poniewa\u017c pan Wilinski dozna\u0142 obra\u017ce\u0144 bezpo\u015brednio spowodowanych si\u0142\u0105 spadaj\u0105cych rur. W wyniku rozszerzenia prawa \u2014 osi\u0105gni\u0119tego dzi\u0119ki naszemu sukcesowi w tej sprawie \u2014 pracownicy budowlani, kt\u00f3rym w przesz\u0142o\u015bci odm\u00f3wiono by odszkodowania za obra\u017cenia spowodowane spadaj\u0105cymi przedmiotami, mog\u0105 teraz uzyska\u0107 pieni\u0105dze potrzebne na pokrycie rachunk\u00f3w medycznych i utrzymanie rodzin. Zaanga\u017cowanie naszych wykwalifikowanych i oddanych prawnik\u00f3w w sprawie Wilinskiego nie tylko pomog\u0142o naszemu klientowi otrzyma\u0107 wysokie odszkodowanie pieni\u0119\u017cne, ale tak\u017ce stanowi\u0142o wielkie zwyci\u0119stwo dla pracownik\u00f3w budowlanych w ca\u0142ym stanie Nowy Jork.    <\/p><p>Chocia\u017c zmienili\u015bmy prawo w kwestii spadaj\u0105cych rur i innych przedmiot\u00f3w, reprezentujemy wszelkiego rodzaju osoby poszkodowane. Nasza kancelaria prawna specjalizuj\u0105ca si\u0119 w sprawach o odszkodowania za obra\u017cenia cia\u0142a jest szczeg\u00f3lnie dumna z pomagania ci\u0119\u017cko pracuj\u0105cym m\u0119\u017cczyznom i kobietom z bran\u017cy budowlanej w Nowym Jorku w uzyskaniu wysokich odszkodowa\u0144 pieni\u0119\u017cnych, na kt\u00f3re zas\u0142uguj\u0105 po wypadku. Zadzwo\u0144 pod numer <a href=\"tel:2125145100\">(212) 514-5100<\/a> ca\u0142odobowo, aby uzyska\u0107 BEZP\u0141ATN\u0104 konsultacj\u0119.  <\/p>\t\t\t\t\t\t\t\t<\/div>\n\t\t<div class=\"elementor-element elementor-element-bea2aae e-flex e-con-boxed e-con e-child\" data-id=\"bea2aae\" data-element_type=\"container\" data-e-type=\"container\">\n\t\t\t\t\t<div class=\"e-con-inner\">\n\t\t\t\t<div class=\"elementor-element elementor-element-f4befbe elementor-widget elementor-widget-video\" data-id=\"f4befbe\" data-element_type=\"widget\" data-e-type=\"widget\" data-settings=\"{&quot;youtube_url&quot;:&quot;https:\\\/\\\/www.youtube.com\\\/watch?v=36595fw4yFU&amp;t=1s&quot;,&quot;image_overlay&quot;:{&quot;url&quot;:&quot;https:\\\/\\\/plattalaw.com\\\/wp-content\\\/uploads\\\/2024\\\/09\\\/Wilinski-Case-Video-Thumbnail-The-Platta-Law-Firm.webp&quot;,&quot;id&quot;:116977,&quot;size&quot;:&quot;&quot;,&quot;alt&quot;:&quot;Wilinski Case Video Thumbnail - The Platta Law Firm&quot;,&quot;source&quot;:&quot;library&quot;},&quot;show_image_overlay&quot;:&quot;yes&quot;,&quot;video_type&quot;:&quot;youtube&quot;,&quot;controls&quot;:&quot;yes&quot;}\" data-widget_type=\"video.default\">\n\t\t\t\t\t\t\t<div class=\"elementor-wrapper elementor-open-inline\">\n\t\t\t<div class=\"elementor-video\"><\/div>\t\t\t\t<div class=\"elementor-custom-embed-image-overlay\" style=\"background-image: url(https:\/\/plattalaw.com\/wp-content\/uploads\/2024\/09\/Wilinski-Case-Video-Thumbnail-The-Platta-Law-Firm.webp);\">\n\t\t\t\t\t\t\t\t\t\t\t\t\t\t\t\t<div class=\"elementor-custom-embed-play\" role=\"button\" aria-label=\"Odtw\u00f3rz film o Wilinski Case Video Thumbnail - The Platta Law Firm\" tabindex=\"0\">\n\t\t\t\t\t\t\t<svg aria-hidden=\"true\" class=\"e-font-icon-svg e-eicon-play\" viewBox=\"0 0 1000 1000\" xmlns=\"http:\/\/www.w3.org\/2000\/svg\"><path d=\"M838 162C746 71 633 25 500 25 371 25 258 71 163 162 71 254 25 367 25 500 25 633 71 746 163 837 254 929 367 979 500 979 633 979 746 933 838 837 929 746 975 633 975 500 975 367 929 254 838 162M808 192C892 279 933 379 933 500 933 621 892 725 808 808 725 892 621 938 500 938 379 938 279 896 196 808 113 725 67 621 67 500 67 379 108 279 196 192 279 108 383 62 500 62 621 62 721 108 808 192M438 392V642L642 517 438 392Z\"><\/path><\/svg>\t\t\t\t\t\t<\/div>\n\t\t\t\t\t\t\t\t\t<\/div>\n\t\t\t\t\t<\/div>\n\t\t\t\t\t\t<\/div>\n\t\t\t\t\t<\/div>\n\t\t\t\t<\/div>\n\t\t\t\t\t<\/div>\n\t\t\t\t<\/div>\n\t\t\t\t<\/div>\n\t\t","protected":false},"excerpt":{"rendered":"<p>WA\u017bNA SPRAWA Bezp\u0142atna ocena sprawy Wilinski przeciwko 334 E. 92ND Hous. Dev. Fund Corp. Wy\u017csze odszkodowania pieni\u0119\u017cne obecnie przyznawane pracownikom budowlanymposzkodowanym przez spadaj\u0105ce przedmioty Wybieraj\u0105c kancelari\u0119 prawn\u0105 zajmuj\u0105c\u0105 si\u0119 obra\u017ceniami cia\u0142a, niewiele znajdziesz takich, kt\u00f3re faktycznie zmieni\u0142y bieg prawa w Nowym Jorku na korzy\u015b\u0107 pracownik\u00f3w budowlanych. Kancelaria Platta Law Firm, PLLC w\u0142a\u015bnie to zrobi\u0142a. W [&hellip;]<\/p>\n","protected":false},"author":2,"featured_media":0,"parent":116963,"menu_order":0,"comment_status":"closed","ping_status":"closed","template":"elementor_header_footer","meta":{"footnotes":""},"class_list":["post-117171","page","type-page","status-publish","hentry"],"yoast_head":"<!-- This site is optimized with the Yoast SEO Premium plugin v27.4 (Yoast SEO v27.4) - https:\/\/yoast.com\/product\/yoast-seo-premium-wordpress\/ -->\n<title>Sprawa Wilinskiego - The Platta Law Firm<\/title>\n<meta name=\"description\" content=\"Kancelaria Prawna Platta mie\u015bci si\u0119 w Dzielnicy Finansowej Manhattanu. Nasze zaanga\u017cowanie w spraw\u0119 Wilinskiego pomog\u0142o zmieni\u0107 przepisy w celu zwi\u0119kszenia ochrony pracownik\u00f3w.\" \/>\n<meta name=\"robots\" content=\"index, follow, max-snippet:-1, max-image-preview:large, max-video-preview:-1\" \/>\n<link rel=\"canonical\" href=\"https:\/\/plattalaw.com\/pl\/o-nas\/sprawa-wilinskiego\/\" \/>\n<meta property=\"og:locale\" content=\"pl_PL\" \/>\n<meta property=\"og:type\" content=\"article\" \/>\n<meta property=\"og:title\" content=\"Sprawa Wilinskiego\" \/>\n<meta property=\"og:description\" content=\"Kancelaria Prawna Platta mie\u015bci si\u0119 w Dzielnicy Finansowej Manhattanu. Nasze zaanga\u017cowanie w spraw\u0119 Wilinskiego pomog\u0142o zmieni\u0107 przepisy w celu zwi\u0119kszenia ochrony pracownik\u00f3w.\" \/>\n<meta property=\"og:url\" content=\"https:\/\/plattalaw.com\/pl\/o-nas\/sprawa-wilinskiego\/\" \/>\n<meta property=\"og:site_name\" content=\"The Platta Law Firm\" \/>\n<meta property=\"article:modified_time\" content=\"2026-04-03T20:15:44+00:00\" \/>\n<meta name=\"twitter:card\" content=\"summary_large_image\" \/>\n<meta name=\"twitter:label1\" content=\"Szacowany czas czytania\" \/>\n\t<meta name=\"twitter:data1\" content=\"2 minuty\" \/>\n<script type=\"application\/ld+json\" class=\"yoast-schema-graph\">{\"@context\":\"https:\\\/\\\/schema.org\",\"@graph\":[{\"@type\":\"WebPage\",\"@id\":\"https:\\\/\\\/plattalaw.com\\\/pl\\\/o-nas\\\/sprawa-wilinskiego\\\/\",\"url\":\"https:\\\/\\\/plattalaw.com\\\/pl\\\/o-nas\\\/sprawa-wilinskiego\\\/\",\"name\":\"Sprawa Wilinskiego - The Platta Law Firm\",\"isPartOf\":{\"@id\":\"https:\\\/\\\/plattalaw.com\\\/pl\\\/#website\"},\"datePublished\":\"2021-08-10T19:23:43+00:00\",\"dateModified\":\"2026-04-03T20:15:44+00:00\",\"description\":\"Kancelaria Prawna Platta mie\u015bci si\u0119 w Dzielnicy Finansowej Manhattanu. Nasze zaanga\u017cowanie w spraw\u0119 Wilinskiego pomog\u0142o zmieni\u0107 przepisy w celu zwi\u0119kszenia ochrony pracownik\u00f3w.\",\"breadcrumb\":{\"@id\":\"https:\\\/\\\/plattalaw.com\\\/pl\\\/o-nas\\\/sprawa-wilinskiego\\\/#breadcrumb\"},\"inLanguage\":\"pl-PL\",\"potentialAction\":[{\"@type\":\"ReadAction\",\"target\":[\"https:\\\/\\\/plattalaw.com\\\/pl\\\/o-nas\\\/sprawa-wilinskiego\\\/\"]}]},{\"@type\":\"BreadcrumbList\",\"@id\":\"https:\\\/\\\/plattalaw.com\\\/pl\\\/o-nas\\\/sprawa-wilinskiego\\\/#breadcrumb\",\"itemListElement\":[{\"@type\":\"ListItem\",\"position\":1,\"name\":\"Strona g\u0142\u00f3wna\",\"item\":\"https:\\\/\\\/plattalaw.com\\\/pl\\\/\"},{\"@type\":\"ListItem\",\"position\":2,\"name\":\"O nas\",\"item\":\"https:\\\/\\\/plattalaw.com\\\/pl\\\/about-the-firm\\\/\"},{\"@type\":\"ListItem\",\"position\":3,\"name\":\"Sprawa Wilinskiego\"}]},{\"@type\":\"WebSite\",\"@id\":\"https:\\\/\\\/plattalaw.com\\\/pl\\\/#website\",\"url\":\"https:\\\/\\\/plattalaw.com\\\/pl\\\/\",\"name\":\"The Platta Law Firm\",\"description\":\"Personal Injury Lawyer\",\"publisher\":{\"@id\":\"https:\\\/\\\/plattalaw.com\\\/pl\\\/#organization\"},\"potentialAction\":[{\"@type\":\"SearchAction\",\"target\":{\"@type\":\"EntryPoint\",\"urlTemplate\":\"https:\\\/\\\/plattalaw.com\\\/pl\\\/?s={search_term_string}\"},\"query-input\":{\"@type\":\"PropertyValueSpecification\",\"valueRequired\":true,\"valueName\":\"search_term_string\"}}],\"inLanguage\":\"pl-PL\"},{\"@type\":\"Organization\",\"@id\":\"https:\\\/\\\/plattalaw.com\\\/pl\\\/#organization\",\"name\":\"Kancelaria Prawna Platta\",\"url\":\"https:\\\/\\\/plattalaw.com\\\/pl\\\/\",\"logo\":{\"@type\":\"ImageObject\",\"inLanguage\":\"pl-PL\",\"@id\":\"https:\\\/\\\/plattalaw.com\\\/pl\\\/#\\\/schema\\\/logo\\\/image\\\/\",\"url\":\"https:\\\/\\\/plattalaw.com\\\/wp-content\\\/uploads\\\/2021\\\/07\\\/The-Platta-Law-Firm-Website-Logo.webp\",\"contentUrl\":\"https:\\\/\\\/plattalaw.com\\\/wp-content\\\/uploads\\\/2021\\\/07\\\/The-Platta-Law-Firm-Website-Logo.webp\",\"width\":1648,\"height\":198,\"caption\":\"Kancelaria Prawna Platta\"},\"image\":{\"@id\":\"https:\\\/\\\/plattalaw.com\\\/pl\\\/#\\\/schema\\\/logo\\\/image\\\/\"}}]}<\/script>\n<!-- \/ Yoast SEO Premium plugin. -->","yoast_head_json":{"title":"Sprawa Wilinskiego - The Platta Law Firm","description":"Kancelaria Prawna Platta mie\u015bci si\u0119 w Dzielnicy Finansowej Manhattanu. Nasze zaanga\u017cowanie w spraw\u0119 Wilinskiego pomog\u0142o zmieni\u0107 przepisy w celu zwi\u0119kszenia ochrony pracownik\u00f3w.","robots":{"index":"index","follow":"follow","max-snippet":"max-snippet:-1","max-image-preview":"max-image-preview:large","max-video-preview":"max-video-preview:-1"},"canonical":"https:\/\/plattalaw.com\/pl\/o-nas\/sprawa-wilinskiego\/","og_locale":"pl_PL","og_type":"article","og_title":"Sprawa Wilinskiego","og_description":"Kancelaria Prawna Platta mie\u015bci si\u0119 w Dzielnicy Finansowej Manhattanu. Nasze zaanga\u017cowanie w spraw\u0119 Wilinskiego pomog\u0142o zmieni\u0107 przepisy w celu zwi\u0119kszenia ochrony pracownik\u00f3w.","og_url":"https:\/\/plattalaw.com\/pl\/o-nas\/sprawa-wilinskiego\/","og_site_name":"The Platta Law Firm","article_modified_time":"2026-04-03T20:15:44+00:00","twitter_card":"summary_large_image","twitter_misc":{"Szacowany czas czytania":"2 minuty"},"schema":{"@context":"https:\/\/schema.org","@graph":[{"@type":"WebPage","@id":"https:\/\/plattalaw.com\/pl\/o-nas\/sprawa-wilinskiego\/","url":"https:\/\/plattalaw.com\/pl\/o-nas\/sprawa-wilinskiego\/","name":"Sprawa Wilinskiego - The Platta Law Firm","isPartOf":{"@id":"https:\/\/plattalaw.com\/pl\/#website"},"datePublished":"2021-08-10T19:23:43+00:00","dateModified":"2026-04-03T20:15:44+00:00","description":"Kancelaria Prawna Platta mie\u015bci si\u0119 w Dzielnicy Finansowej Manhattanu. Nasze zaanga\u017cowanie w spraw\u0119 Wilinskiego pomog\u0142o zmieni\u0107 przepisy w celu zwi\u0119kszenia ochrony pracownik\u00f3w.","breadcrumb":{"@id":"https:\/\/plattalaw.com\/pl\/o-nas\/sprawa-wilinskiego\/#breadcrumb"},"inLanguage":"pl-PL","potentialAction":[{"@type":"ReadAction","target":["https:\/\/plattalaw.com\/pl\/o-nas\/sprawa-wilinskiego\/"]}]},{"@type":"BreadcrumbList","@id":"https:\/\/plattalaw.com\/pl\/o-nas\/sprawa-wilinskiego\/#breadcrumb","itemListElement":[{"@type":"ListItem","position":1,"name":"Strona g\u0142\u00f3wna","item":"https:\/\/plattalaw.com\/pl\/"},{"@type":"ListItem","position":2,"name":"O nas","item":"https:\/\/plattalaw.com\/pl\/about-the-firm\/"},{"@type":"ListItem","position":3,"name":"Sprawa Wilinskiego"}]},{"@type":"WebSite","@id":"https:\/\/plattalaw.com\/pl\/#website","url":"https:\/\/plattalaw.com\/pl\/","name":"The Platta Law Firm","description":"Personal Injury Lawyer","publisher":{"@id":"https:\/\/plattalaw.com\/pl\/#organization"},"potentialAction":[{"@type":"SearchAction","target":{"@type":"EntryPoint","urlTemplate":"https:\/\/plattalaw.com\/pl\/?s={search_term_string}"},"query-input":{"@type":"PropertyValueSpecification","valueRequired":true,"valueName":"search_term_string"}}],"inLanguage":"pl-PL"},{"@type":"Organization","@id":"https:\/\/plattalaw.com\/pl\/#organization","name":"Kancelaria Prawna Platta","url":"https:\/\/plattalaw.com\/pl\/","logo":{"@type":"ImageObject","inLanguage":"pl-PL","@id":"https:\/\/plattalaw.com\/pl\/#\/schema\/logo\/image\/","url":"https:\/\/plattalaw.com\/wp-content\/uploads\/2021\/07\/The-Platta-Law-Firm-Website-Logo.webp","contentUrl":"https:\/\/plattalaw.com\/wp-content\/uploads\/2021\/07\/The-Platta-Law-Firm-Website-Logo.webp","width":1648,"height":198,"caption":"Kancelaria Prawna Platta"},"image":{"@id":"https:\/\/plattalaw.com\/pl\/#\/schema\/logo\/image\/"}}]}},"_links":{"self":[{"href":"https:\/\/plattalaw.com\/pl\/wp-json\/wp\/v2\/pages\/117171","targetHints":{"allow":["GET"]}}],"collection":[{"href":"https:\/\/plattalaw.com\/pl\/wp-json\/wp\/v2\/pages"}],"about":[{"href":"https:\/\/plattalaw.com\/pl\/wp-json\/wp\/v2\/types\/page"}],"author":[{"embeddable":true,"href":"https:\/\/plattalaw.com\/pl\/wp-json\/wp\/v2\/users\/2"}],"replies":[{"embeddable":true,"href":"https:\/\/plattalaw.com\/pl\/wp-json\/wp\/v2\/comments?post=117171"}],"version-history":[{"count":2,"href":"https:\/\/plattalaw.com\/pl\/wp-json\/wp\/v2\/pages\/117171\/revisions"}],"predecessor-version":[{"id":120688,"href":"https:\/\/plattalaw.com\/pl\/wp-json\/wp\/v2\/pages\/117171\/revisions\/120688"}],"up":[{"embeddable":true,"href":"https:\/\/plattalaw.com\/pl\/wp-json\/wp\/v2\/pages\/116963"}],"wp:attachment":[{"href":"https:\/\/plattalaw.com\/pl\/wp-json\/wp\/v2\/media?parent=117171"}],"curies":[{"name":"wp","href":"https:\/\/api.w.org\/{rel}","templated":true}]}}