{"id":117166,"date":"2021-08-10T16:49:01","date_gmt":"2021-08-10T20:49:01","guid":{"rendered":"https:\/\/plattalaw.com\/o-nas\/polecenia-prawnikow\/"},"modified":"2026-04-03T16:08:27","modified_gmt":"2026-04-03T20:08:27","slug":"polecenia-prawnikow","status":"publish","type":"page","link":"https:\/\/plattalaw.com\/pl\/o-nas\/polecenia-prawnikow\/","title":{"rendered":"Polecenia prawnik\u00f3w"},"content":{"rendered":"\t\t<div data-elementor-type=\"wp-page\" data-elementor-id=\"117166\" class=\"elementor elementor-117166 elementor-3898\" data-elementor-post-type=\"page\">\n\t\t\t\t<div class=\"elementor-element elementor-element-63408fa elementor-hidden-tablet e-flex e-con-boxed e-con e-parent\" data-id=\"63408fa\" data-element_type=\"container\" data-e-type=\"container\" data-settings=\"{&quot;background_background&quot;:&quot;classic&quot;}\">\n\t\t\t\t\t<div class=\"e-con-inner\">\n\t\t<div class=\"elementor-element elementor-element-4e1ea18 e-con-full e-flex e-con e-child\" data-id=\"4e1ea18\" data-element_type=\"container\" data-e-type=\"container\">\n\t\t\t\t<div class=\"elementor-element elementor-element-e46e979 elementor-hidden-desktop elementor-hidden-tablet elementor-widget-mobile__width-initial elementor-widget elementor-widget-heading\" data-id=\"e46e979\" data-element_type=\"widget\" data-e-type=\"widget\" data-widget_type=\"heading.default\">\n\t\t\t\t\t<p class=\"elementor-heading-title elementor-size-default\">POLECENIA PRAWNIK\u00d3W<\/p>\t\t\t\t<\/div>\n\t\t\t\t<div class=\"elementor-element elementor-element-f30ec2b elementor-align-center elementor-hidden-desktop elementor-hidden-tablet elementor-hidden-laptop elementor-widget elementor-widget-button\" data-id=\"f30ec2b\" data-element_type=\"widget\" data-e-type=\"widget\" data-widget_type=\"button.default\">\n\t\t\t\t\t\t\t\t\t\t<a class=\"elementor-button elementor-button-link elementor-size-sm elementor-animation-shrink\" href=\"#free-case-evaluation\">\n\t\t\t\t\t\t<span class=\"elementor-button-content-wrapper\">\n\t\t\t\t\t\t\t\t\t<span class=\"elementor-button-text\">Bezp\u0142atna ocena sprawy<\/span>\n\t\t\t\t\t<\/span>\n\t\t\t\t\t<\/a>\n\t\t\t\t\t\t\t\t<\/div>\n\t\t\t\t<\/div>\n\t\t\t\t\t<\/div>\n\t\t\t\t<\/div>\n\t\t<div class=\"elementor-element elementor-element-b567234 e-flex e-con-boxed e-con e-parent\" data-id=\"b567234\" data-element_type=\"container\" data-e-type=\"container\">\n\t\t\t\t\t<div class=\"e-con-inner\">\n\t\t<div class=\"elementor-element elementor-element-cbc7c11 e-con-full e-flex e-con e-child\" data-id=\"cbc7c11\" data-element_type=\"container\" data-e-type=\"container\" data-settings=\"{&quot;background_background&quot;:&quot;classic&quot;}\">\n\t\t\t\t<div class=\"elementor-element elementor-element-4675147 elementor-widget elementor-widget-image\" data-id=\"4675147\" data-element_type=\"widget\" data-e-type=\"widget\" data-widget_type=\"image.default\">\n\t\t\t\t\t\t\t\t\t\t\t\t\t\t\t<img decoding=\"async\" width=\"300\" height=\"300\" src=\"https:\/\/plattalaw.com\/wp-content\/uploads\/2025\/08\/Slawek-Platta-300x300-1.webp\" class=\"attachment-large size-large wp-image-117042\" alt=\"S\u0142awek Platta, Esq.\" srcset=\"https:\/\/plattalaw.com\/wp-content\/uploads\/2025\/08\/Slawek-Platta-300x300-1.webp 300w, https:\/\/plattalaw.com\/wp-content\/uploads\/2025\/08\/Slawek-Platta-300x300-1-150x150.webp 150w\" sizes=\"(max-width: 300px) 100vw, 300px\" \/>\t\t\t\t\t\t\t\t\t\t\t\t\t\t\t<\/div>\n\t\t\t\t<\/div>\n\t\t<div class=\"elementor-element elementor-element-03e1131 e-con-full e-flex e-con e-child\" data-id=\"03e1131\" data-element_type=\"container\" data-e-type=\"container\">\n\t\t\t\t<div class=\"elementor-element elementor-element-a21ce7c elementor-hidden-mobile elementor-widget elementor-widget-heading\" data-id=\"a21ce7c\" data-element_type=\"widget\" data-e-type=\"widget\" data-widget_type=\"heading.default\">\n\t\t\t\t\t<h1 class=\"elementor-heading-title elementor-size-default\">Nie ma znaczenia, gdzie si\u0119 Pa\u0144stwo znajduj\u0105<\/h1>\t\t\t\t<\/div>\n\t\t\t\t<div class=\"elementor-element elementor-element-08b37b5 elementor-widget elementor-widget-text-editor\" data-id=\"08b37b5\" data-element_type=\"widget\" data-e-type=\"widget\" data-widget_type=\"text-editor.default\">\n\t\t\t\t\t\t\t\t\t<p>W Platta Law Firm przyjmujemy polecenia spraw dotycz\u0105cych obra\u017ce\u0144 cia\u0142a z ca\u0142ego kraju. Je\u015bli maj\u0105 Pa\u0144stwo spraw\u0119 dotycz\u0105c\u0105 obra\u017ce\u0144 cia\u0142a, kt\u00f3r\u0105 chcieliby Pa\u0144stwo skierowa\u0107, prosimy o kontakt z S\u0142awomirem Platt\u0105, Esq. pod adresem <a href=\"mailto:swp@plattalaw.com\">swp@plattalaw.com<\/a> lub <a href=\"tel:2125145100\">(212) 514-5100<\/a> wew. 101. Czekamy na wsp\u00f3\u0142prac\u0119 z Pa\u0144stwem.  <\/p>\t\t\t\t\t\t\t\t<\/div>\n\t\t\t\t<\/div>\n\t\t\t\t\t<\/div>\n\t\t\t\t<\/div>\n\t\t\t\t<\/div>\n\t\t","protected":false},"excerpt":{"rendered":"<p>POLECENIA PRAWNIK\u00d3W Bezp\u0142atna ocena sprawy Nie ma znaczenia, gdzie si\u0119 Pa\u0144stwo znajduj\u0105 W Platta Law Firm przyjmujemy polecenia spraw dotycz\u0105cych obra\u017ce\u0144 cia\u0142a z ca\u0142ego kraju. Je\u015bli maj\u0105 Pa\u0144stwo spraw\u0119 dotycz\u0105c\u0105 obra\u017ce\u0144 cia\u0142a, kt\u00f3r\u0105 chcieliby Pa\u0144stwo skierowa\u0107, prosimy o kontakt z S\u0142awomirem Platt\u0105, Esq. pod adresem swp@plattalaw.com lub (212) 514-5100 wew. 101. Czekamy na wsp\u00f3\u0142prac\u0119 z [&hellip;]<\/p>\n","protected":false},"author":2,"featured_media":0,"parent":116963,"menu_order":0,"comment_status":"closed","ping_status":"closed","template":"elementor_header_footer","meta":{"footnotes":""},"class_list":["post-117166","page","type-page","status-publish","hentry"],"yoast_head":"<!-- This site is optimized with the Yoast SEO Premium plugin v27.4 (Yoast SEO v27.4) - https:\/\/yoast.com\/product\/yoast-seo-premium-wordpress\/ -->\n<title>Polecenia prawnik\u00f3w - The Platta Law Firm - plattalaw.com<\/title>\n<meta name=\"description\" content=\"Je\u015bli s\u0105 Pa\u0144stwo zainteresowani skierowaniem sprawy do The Platta Law Firm, prosimy o przes\u0142anie zapytania online poprzez nasz\u0105 stron\u0119 internetow\u0105 lub kontakt telefoniczny pod numerem (212) 514-5100.\" \/>\n<meta name=\"robots\" content=\"index, follow, max-snippet:-1, max-image-preview:large, max-video-preview:-1\" \/>\n<link rel=\"canonical\" href=\"https:\/\/plattalaw.com\/pl\/o-nas\/polecenia-prawnikow\/\" \/>\n<meta property=\"og:locale\" content=\"pl_PL\" \/>\n<meta property=\"og:type\" content=\"article\" \/>\n<meta property=\"og:title\" content=\"Polecenia prawnik\u00f3w\" \/>\n<meta property=\"og:description\" content=\"Je\u015bli s\u0105 Pa\u0144stwo zainteresowani skierowaniem sprawy do The Platta Law Firm, prosimy o przes\u0142anie zapytania online poprzez nasz\u0105 stron\u0119 internetow\u0105 lub kontakt telefoniczny pod numerem (212) 514-5100.\" \/>\n<meta property=\"og:url\" content=\"https:\/\/plattalaw.com\/pl\/o-nas\/polecenia-prawnikow\/\" \/>\n<meta property=\"og:site_name\" content=\"The Platta Law Firm\" \/>\n<meta property=\"article:modified_time\" content=\"2026-04-03T20:08:27+00:00\" \/>\n<meta property=\"og:image\" content=\"https:\/\/plattalaw.com\/wp-content\/uploads\/2025\/08\/Slawek-Platta-300x300-1.webp\" \/>\n\t<meta property=\"og:image:width\" content=\"300\" \/>\n\t<meta property=\"og:image:height\" content=\"300\" \/>\n\t<meta property=\"og:image:type\" content=\"image\/webp\" \/>\n<meta name=\"twitter:card\" content=\"summary_large_image\" \/>\n<script type=\"application\/ld+json\" class=\"yoast-schema-graph\">{\"@context\":\"https:\\\/\\\/schema.org\",\"@graph\":[{\"@type\":\"WebPage\",\"@id\":\"https:\\\/\\\/plattalaw.com\\\/pl\\\/o-nas\\\/polecenia-prawnikow\\\/\",\"url\":\"https:\\\/\\\/plattalaw.com\\\/pl\\\/o-nas\\\/polecenia-prawnikow\\\/\",\"name\":\"Polecenia prawnik\u00f3w - The Platta Law Firm - plattalaw.com\",\"isPartOf\":{\"@id\":\"https:\\\/\\\/plattalaw.com\\\/pl\\\/#website\"},\"primaryImageOfPage\":{\"@id\":\"https:\\\/\\\/plattalaw.com\\\/pl\\\/o-nas\\\/polecenia-prawnikow\\\/#primaryimage\"},\"image\":{\"@id\":\"https:\\\/\\\/plattalaw.com\\\/pl\\\/o-nas\\\/polecenia-prawnikow\\\/#primaryimage\"},\"thumbnailUrl\":\"https:\\\/\\\/plattalaw.com\\\/wp-content\\\/uploads\\\/2025\\\/08\\\/Slawek-Platta-300x300-1.webp\",\"datePublished\":\"2021-08-10T20:49:01+00:00\",\"dateModified\":\"2026-04-03T20:08:27+00:00\",\"description\":\"Je\u015bli s\u0105 Pa\u0144stwo zainteresowani skierowaniem sprawy do The Platta Law Firm, prosimy o przes\u0142anie zapytania online poprzez nasz\u0105 stron\u0119 internetow\u0105 lub kontakt telefoniczny pod numerem (212) 514-5100.\",\"breadcrumb\":{\"@id\":\"https:\\\/\\\/plattalaw.com\\\/pl\\\/o-nas\\\/polecenia-prawnikow\\\/#breadcrumb\"},\"inLanguage\":\"pl-PL\",\"potentialAction\":[{\"@type\":\"ReadAction\",\"target\":[\"https:\\\/\\\/plattalaw.com\\\/pl\\\/o-nas\\\/polecenia-prawnikow\\\/\"]}]},{\"@type\":\"ImageObject\",\"inLanguage\":\"pl-PL\",\"@id\":\"https:\\\/\\\/plattalaw.com\\\/pl\\\/o-nas\\\/polecenia-prawnikow\\\/#primaryimage\",\"url\":\"https:\\\/\\\/plattalaw.com\\\/wp-content\\\/uploads\\\/2025\\\/08\\\/Slawek-Platta-300x300-1.webp\",\"contentUrl\":\"https:\\\/\\\/plattalaw.com\\\/wp-content\\\/uploads\\\/2025\\\/08\\\/Slawek-Platta-300x300-1.webp\"},{\"@type\":\"BreadcrumbList\",\"@id\":\"https:\\\/\\\/plattalaw.com\\\/pl\\\/o-nas\\\/polecenia-prawnikow\\\/#breadcrumb\",\"itemListElement\":[{\"@type\":\"ListItem\",\"position\":1,\"name\":\"Strona g\u0142\u00f3wna\",\"item\":\"https:\\\/\\\/plattalaw.com\\\/pl\\\/\"},{\"@type\":\"ListItem\",\"position\":2,\"name\":\"O nas\",\"item\":\"https:\\\/\\\/plattalaw.com\\\/pl\\\/about-the-firm\\\/\"},{\"@type\":\"ListItem\",\"position\":3,\"name\":\"Polecenia prawnik\u00f3w\"}]},{\"@type\":\"WebSite\",\"@id\":\"https:\\\/\\\/plattalaw.com\\\/pl\\\/#website\",\"url\":\"https:\\\/\\\/plattalaw.com\\\/pl\\\/\",\"name\":\"The Platta Law Firm\",\"description\":\"Personal Injury Lawyer\",\"publisher\":{\"@id\":\"https:\\\/\\\/plattalaw.com\\\/pl\\\/#organization\"},\"potentialAction\":[{\"@type\":\"SearchAction\",\"target\":{\"@type\":\"EntryPoint\",\"urlTemplate\":\"https:\\\/\\\/plattalaw.com\\\/pl\\\/?s={search_term_string}\"},\"query-input\":{\"@type\":\"PropertyValueSpecification\",\"valueRequired\":true,\"valueName\":\"search_term_string\"}}],\"inLanguage\":\"pl-PL\"},{\"@type\":\"Organization\",\"@id\":\"https:\\\/\\\/plattalaw.com\\\/pl\\\/#organization\",\"name\":\"Kancelaria Prawna Platta\",\"url\":\"https:\\\/\\\/plattalaw.com\\\/pl\\\/\",\"logo\":{\"@type\":\"ImageObject\",\"inLanguage\":\"pl-PL\",\"@id\":\"https:\\\/\\\/plattalaw.com\\\/pl\\\/#\\\/schema\\\/logo\\\/image\\\/\",\"url\":\"https:\\\/\\\/plattalaw.com\\\/wp-content\\\/uploads\\\/2021\\\/07\\\/The-Platta-Law-Firm-Website-Logo.webp\",\"contentUrl\":\"https:\\\/\\\/plattalaw.com\\\/wp-content\\\/uploads\\\/2021\\\/07\\\/The-Platta-Law-Firm-Website-Logo.webp\",\"width\":1648,\"height\":198,\"caption\":\"Kancelaria Prawna Platta\"},\"image\":{\"@id\":\"https:\\\/\\\/plattalaw.com\\\/pl\\\/#\\\/schema\\\/logo\\\/image\\\/\"}}]}<\/script>\n<!-- \/ Yoast SEO Premium plugin. -->","yoast_head_json":{"title":"Polecenia prawnik\u00f3w - The Platta Law Firm - plattalaw.com","description":"Je\u015bli s\u0105 Pa\u0144stwo zainteresowani skierowaniem sprawy do The Platta Law Firm, prosimy o przes\u0142anie zapytania online poprzez nasz\u0105 stron\u0119 internetow\u0105 lub kontakt telefoniczny pod numerem (212) 514-5100.","robots":{"index":"index","follow":"follow","max-snippet":"max-snippet:-1","max-image-preview":"max-image-preview:large","max-video-preview":"max-video-preview:-1"},"canonical":"https:\/\/plattalaw.com\/pl\/o-nas\/polecenia-prawnikow\/","og_locale":"pl_PL","og_type":"article","og_title":"Polecenia prawnik\u00f3w","og_description":"Je\u015bli s\u0105 Pa\u0144stwo zainteresowani skierowaniem sprawy do The Platta Law Firm, prosimy o przes\u0142anie zapytania online poprzez nasz\u0105 stron\u0119 internetow\u0105 lub kontakt telefoniczny pod numerem (212) 514-5100.","og_url":"https:\/\/plattalaw.com\/pl\/o-nas\/polecenia-prawnikow\/","og_site_name":"The Platta Law Firm","article_modified_time":"2026-04-03T20:08:27+00:00","og_image":[{"width":300,"height":300,"url":"https:\/\/plattalaw.com\/wp-content\/uploads\/2025\/08\/Slawek-Platta-300x300-1.webp","type":"image\/webp"}],"twitter_card":"summary_large_image","schema":{"@context":"https:\/\/schema.org","@graph":[{"@type":"WebPage","@id":"https:\/\/plattalaw.com\/pl\/o-nas\/polecenia-prawnikow\/","url":"https:\/\/plattalaw.com\/pl\/o-nas\/polecenia-prawnikow\/","name":"Polecenia prawnik\u00f3w - The Platta Law Firm - plattalaw.com","isPartOf":{"@id":"https:\/\/plattalaw.com\/pl\/#website"},"primaryImageOfPage":{"@id":"https:\/\/plattalaw.com\/pl\/o-nas\/polecenia-prawnikow\/#primaryimage"},"image":{"@id":"https:\/\/plattalaw.com\/pl\/o-nas\/polecenia-prawnikow\/#primaryimage"},"thumbnailUrl":"https:\/\/plattalaw.com\/wp-content\/uploads\/2025\/08\/Slawek-Platta-300x300-1.webp","datePublished":"2021-08-10T20:49:01+00:00","dateModified":"2026-04-03T20:08:27+00:00","description":"Je\u015bli s\u0105 Pa\u0144stwo zainteresowani skierowaniem sprawy do The Platta Law Firm, prosimy o przes\u0142anie zapytania online poprzez nasz\u0105 stron\u0119 internetow\u0105 lub kontakt telefoniczny pod numerem (212) 514-5100.","breadcrumb":{"@id":"https:\/\/plattalaw.com\/pl\/o-nas\/polecenia-prawnikow\/#breadcrumb"},"inLanguage":"pl-PL","potentialAction":[{"@type":"ReadAction","target":["https:\/\/plattalaw.com\/pl\/o-nas\/polecenia-prawnikow\/"]}]},{"@type":"ImageObject","inLanguage":"pl-PL","@id":"https:\/\/plattalaw.com\/pl\/o-nas\/polecenia-prawnikow\/#primaryimage","url":"https:\/\/plattalaw.com\/wp-content\/uploads\/2025\/08\/Slawek-Platta-300x300-1.webp","contentUrl":"https:\/\/plattalaw.com\/wp-content\/uploads\/2025\/08\/Slawek-Platta-300x300-1.webp"},{"@type":"BreadcrumbList","@id":"https:\/\/plattalaw.com\/pl\/o-nas\/polecenia-prawnikow\/#breadcrumb","itemListElement":[{"@type":"ListItem","position":1,"name":"Strona g\u0142\u00f3wna","item":"https:\/\/plattalaw.com\/pl\/"},{"@type":"ListItem","position":2,"name":"O nas","item":"https:\/\/plattalaw.com\/pl\/about-the-firm\/"},{"@type":"ListItem","position":3,"name":"Polecenia prawnik\u00f3w"}]},{"@type":"WebSite","@id":"https:\/\/plattalaw.com\/pl\/#website","url":"https:\/\/plattalaw.com\/pl\/","name":"The Platta Law Firm","description":"Personal Injury Lawyer","publisher":{"@id":"https:\/\/plattalaw.com\/pl\/#organization"},"potentialAction":[{"@type":"SearchAction","target":{"@type":"EntryPoint","urlTemplate":"https:\/\/plattalaw.com\/pl\/?s={search_term_string}"},"query-input":{"@type":"PropertyValueSpecification","valueRequired":true,"valueName":"search_term_string"}}],"inLanguage":"pl-PL"},{"@type":"Organization","@id":"https:\/\/plattalaw.com\/pl\/#organization","name":"Kancelaria Prawna Platta","url":"https:\/\/plattalaw.com\/pl\/","logo":{"@type":"ImageObject","inLanguage":"pl-PL","@id":"https:\/\/plattalaw.com\/pl\/#\/schema\/logo\/image\/","url":"https:\/\/plattalaw.com\/wp-content\/uploads\/2021\/07\/The-Platta-Law-Firm-Website-Logo.webp","contentUrl":"https:\/\/plattalaw.com\/wp-content\/uploads\/2021\/07\/The-Platta-Law-Firm-Website-Logo.webp","width":1648,"height":198,"caption":"Kancelaria Prawna Platta"},"image":{"@id":"https:\/\/plattalaw.com\/pl\/#\/schema\/logo\/image\/"}}]}},"_links":{"self":[{"href":"https:\/\/plattalaw.com\/pl\/wp-json\/wp\/v2\/pages\/117166","targetHints":{"allow":["GET"]}}],"collection":[{"href":"https:\/\/plattalaw.com\/pl\/wp-json\/wp\/v2\/pages"}],"about":[{"href":"https:\/\/plattalaw.com\/pl\/wp-json\/wp\/v2\/types\/page"}],"author":[{"embeddable":true,"href":"https:\/\/plattalaw.com\/pl\/wp-json\/wp\/v2\/users\/2"}],"replies":[{"embeddable":true,"href":"https:\/\/plattalaw.com\/pl\/wp-json\/wp\/v2\/comments?post=117166"}],"version-history":[{"count":1,"href":"https:\/\/plattalaw.com\/pl\/wp-json\/wp\/v2\/pages\/117166\/revisions"}],"predecessor-version":[{"id":120651,"href":"https:\/\/plattalaw.com\/pl\/wp-json\/wp\/v2\/pages\/117166\/revisions\/120651"}],"up":[{"embeddable":true,"href":"https:\/\/plattalaw.com\/pl\/wp-json\/wp\/v2\/pages\/116963"}],"wp:attachment":[{"href":"https:\/\/plattalaw.com\/pl\/wp-json\/wp\/v2\/media?parent=117166"}],"curies":[{"name":"wp","href":"https:\/\/api.w.org\/{rel}","templated":true}]}}