{"id":117164,"date":"2021-08-09T15:36:50","date_gmt":"2021-08-09T19:36:50","guid":{"rendered":"https:\/\/plattalaw.com\/nasi-prawnicy\/slawomir-platta\/"},"modified":"2026-04-06T09:44:49","modified_gmt":"2026-04-06T13:44:49","slug":"slawomir-platta","status":"publish","type":"page","link":"https:\/\/plattalaw.com\/pl\/nasi-prawnicy\/slawomir-platta\/","title":{"rendered":"Slawomir Platta"},"content":{"rendered":"\t\t<div data-elementor-type=\"wp-page\" data-elementor-id=\"117164\" class=\"elementor elementor-117164 elementor-3236\" data-elementor-post-type=\"page\">\n\t\t\t\t<div class=\"elementor-element elementor-element-36cb34a elementor-hidden-tablet e-flex e-con-boxed e-con e-parent\" data-id=\"36cb34a\" data-element_type=\"container\" data-e-type=\"container\" data-settings=\"{&quot;background_background&quot;:&quot;classic&quot;}\">\n\t\t\t\t\t<div class=\"e-con-inner\">\n\t\t\t\t<div class=\"elementor-element elementor-element-80b92f7 elementor-hidden-desktop elementor-hidden-tablet elementor-widget-mobile__width-initial elementor-widget elementor-widget-heading\" data-id=\"80b92f7\" data-element_type=\"widget\" data-e-type=\"widget\" data-widget_type=\"heading.default\">\n\t\t\t\t\t<p class=\"elementor-heading-title elementor-size-default\">Nasi prawnicy<\/p>\t\t\t\t<\/div>\n\t\t\t\t<div class=\"elementor-element elementor-element-6a0249b elementor-align-center elementor-hidden-desktop elementor-hidden-tablet elementor-hidden-laptop elementor-widget elementor-widget-button\" data-id=\"6a0249b\" data-element_type=\"widget\" data-e-type=\"widget\" data-widget_type=\"button.default\">\n\t\t\t\t\t\t\t\t\t\t<a class=\"elementor-button elementor-button-link elementor-size-sm elementor-animation-shrink\" href=\"#free-case-evaluation\">\n\t\t\t\t\t\t<span class=\"elementor-button-content-wrapper\">\n\t\t\t\t\t\t\t\t\t<span class=\"elementor-button-text\">Bezp\u0142atna ocena sprawy<\/span>\n\t\t\t\t\t<\/span>\n\t\t\t\t\t<\/a>\n\t\t\t\t\t\t\t\t<\/div>\n\t\t\t\t\t<\/div>\n\t\t\t\t<\/div>\n\t\t<div class=\"elementor-element elementor-element-722c961 e-flex e-con-boxed e-con e-parent\" data-id=\"722c961\" data-element_type=\"container\" data-e-type=\"container\">\n\t\t\t\t\t<div class=\"e-con-inner\">\n\t\t\t\t<div class=\"elementor-element elementor-element-2099deb elementor-widget__width-initial elementor-position-top elementor-widget elementor-widget-image-box\" data-id=\"2099deb\" data-element_type=\"widget\" data-e-type=\"widget\" data-widget_type=\"image-box.default\">\n\t\t\t\t\t<div class=\"elementor-image-box-wrapper\"><figure class=\"elementor-image-box-img\"><img decoding=\"async\" width=\"300\" height=\"300\" src=\"https:\/\/plattalaw.com\/wp-content\/uploads\/2025\/08\/Slawek-Platta-300x300-1.webp\" class=\"attachment-full size-full wp-image-117042\" alt=\"S\u0142awek Platta, Esq.\" srcset=\"https:\/\/plattalaw.com\/wp-content\/uploads\/2025\/08\/Slawek-Platta-300x300-1.webp 300w, https:\/\/plattalaw.com\/wp-content\/uploads\/2025\/08\/Slawek-Platta-300x300-1-150x150.webp 150w\" sizes=\"(max-width: 300px) 100vw, 300px\" \/><\/figure><div class=\"elementor-image-box-content\"><h1 class=\"elementor-image-box-title\">Slawomir Platta<\/h1><p class=\"elementor-image-box-description\">\n<p style=\"margin-top: -20px;font-size: 20px;color: #5d5d5d;font-weight:600\">Partner Za\u0142o\u017cyciel<\/p>\n<p style=\"margin-top: 20px;font-size: 20px;color: #5d5d5d;font-weight:500\">Telefon: <a href=\"tel:2125145100\">(212) 514-5100<\/a><\/p>\n<p style=\"margin-top: -15px;font-size: 20px;color: #5d5d5d;font-weight:500\">E-mail: <a href=\"mailto:swp@plattalaw.com\">Wy\u015blij e-mail<\/a><\/p><\/p><\/div><\/div>\t\t\t\t<\/div>\n\t\t<div class=\"elementor-element elementor-element-cab2ca5 e-con-full e-flex e-con e-child\" data-id=\"cab2ca5\" data-element_type=\"container\" data-e-type=\"container\">\n\t\t\t\t<div class=\"elementor-element elementor-element-8694fb7 elementor-tabs-view-horizontal elementor-widget elementor-widget-tabs\" data-id=\"8694fb7\" data-element_type=\"widget\" data-e-type=\"widget\" data-widget_type=\"tabs.default\">\n\t\t\t\t\t\t\t<div class=\"elementor-tabs\">\n\t\t\t<div class=\"elementor-tabs-wrapper\" role=\"tablist\" >\n\t\t\t\t\t\t\t\t\t<div id=\"elementor-tab-title-1411\" class=\"elementor-tab-title elementor-tab-desktop-title\" aria-selected=\"true\" data-tab=\"1\" role=\"tab\" tabindex=\"0\" aria-controls=\"elementor-tab-content-1411\" aria-expanded=\"false\">Wyr\u00f3\u017cnienia i Stowarzyszenia<\/div>\n\t\t\t\t\t\t\t\t\t<div id=\"elementor-tab-title-1412\" class=\"elementor-tab-title elementor-tab-desktop-title\" aria-selected=\"false\" data-tab=\"2\" role=\"tab\" tabindex=\"-1\" aria-controls=\"elementor-tab-content-1412\" aria-expanded=\"false\">Uprawnienia Adwokackie<\/div>\n\t\t\t\t\t\t\t\t\t<div id=\"elementor-tab-title-1413\" class=\"elementor-tab-title elementor-tab-desktop-title\" aria-selected=\"false\" data-tab=\"3\" role=\"tab\" tabindex=\"-1\" aria-controls=\"elementor-tab-content-1413\" aria-expanded=\"false\">Wykszta\u0142cenie<\/div>\n\t\t\t\t\t\t\t<\/div>\n\t\t\t<div class=\"elementor-tabs-content-wrapper\" role=\"tablist\" aria-orientation=\"vertical\">\n\t\t\t\t\t\t\t\t\t<div class=\"elementor-tab-title elementor-tab-mobile-title\" aria-selected=\"true\" data-tab=\"1\" role=\"tab\" tabindex=\"0\" aria-controls=\"elementor-tab-content-1411\" aria-expanded=\"false\">Wyr\u00f3\u017cnienia i Stowarzyszenia<\/div>\n\t\t\t\t\t<div id=\"elementor-tab-content-1411\" class=\"elementor-tab-content elementor-clearfix\" data-tab=\"1\" role=\"tabpanel\" aria-labelledby=\"elementor-tab-title-1411\" tabindex=\"0\" hidden=\"false\"><ul style=\"margin-left: -10px;\">\n<li>Opublikowane wydanie Verdict\u2019s Search \u201eNajlepsze wyroki w Nowym Jorku\u201d i \u201eNajlepsze ugody w Nowym Jorku\u201d<\/li>\n<li>Superlawyers \u2013 Nowy Jork Metro<\/li>\n<li>Nagroda Uznania od Konsulatu Generalnego Rzeczypospolitej Polskiej \u2013 Sekcja Nowy Jork (2018)<\/li>\n<li>Doroczna Nagroda Uznania \u2013 Kongres Polonii Ameryka\u0144skiej Oddzia\u0142 New Jersey (2018)<\/li>\n<li>Wielki Marsza\u0142ek Parady Pu\u0142askiego<\/li>\n<li>Cz\u0142onek Stowarzyszenia Adwokat\u00f3w Procesowych Stanu Nowy Jork<\/li>\n<li>Cz\u0142onek Ameryka\u0144skiego Stowarzyszenia na rzecz Sprawiedliwo\u015bci<\/li>\n<\/ul>\n<\/div>\n\t\t\t\t\t\t\t\t\t<div class=\"elementor-tab-title elementor-tab-mobile-title\" aria-selected=\"false\" data-tab=\"2\" role=\"tab\" tabindex=\"-1\" aria-controls=\"elementor-tab-content-1412\" aria-expanded=\"false\">Uprawnienia Adwokackie<\/div>\n\t\t\t\t\t<div id=\"elementor-tab-content-1412\" class=\"elementor-tab-content elementor-clearfix\" data-tab=\"2\" role=\"tabpanel\" aria-labelledby=\"elementor-tab-title-1412\" tabindex=\"0\" hidden=\"hidden\"><ul style=\"margin-left: -10px;\">\n<li>S\u0105dy Stanu Nowy Jork<\/li>\n<li>S\u0105d Apelacyjny Stanu Nowy Jork<\/li>\n<li>S\u0105d Apelacyjny Stan\u00f3w Zjednoczonych Drugiego Okr\u0119gu<\/li>\n<li>S\u0105d Okr\u0119gowy Stan\u00f3w Zjednoczonych \u2013 Dystrykt Wschodni Nowego Jorku<\/li>\n<li>S\u0105d Okr\u0119gowy Stan\u00f3w Zjednoczonych \u2013 Dystrykt Po\u0142udniowy Nowego Jorku<\/li>\n<\/ul>\n<\/div>\n\t\t\t\t\t\t\t\t\t<div class=\"elementor-tab-title elementor-tab-mobile-title\" aria-selected=\"false\" data-tab=\"3\" role=\"tab\" tabindex=\"-1\" aria-controls=\"elementor-tab-content-1413\" aria-expanded=\"false\">Wykszta\u0142cenie<\/div>\n\t\t\t\t\t<div id=\"elementor-tab-content-1413\" class=\"elementor-tab-content elementor-clearfix\" data-tab=\"3\" role=\"tabpanel\" aria-labelledby=\"elementor-tab-title-1413\" tabindex=\"0\" hidden=\"hidden\"><ul style=\"margin-left: -10px;\">\n<li>Uniwersytet Florydy \u2013 Fredric G. Levin College of Law (1999 \u2013 2000), Magister Prawa (LL.M.), Prawo Por\u00f3wnawcze, LL.M.<\/li>\n<li>Uniwersytet Kardyna\u0142a Stefana Wyszy\u0144skiego (1994 \u2013 1999), Doktor Prawa (JD), Prawo Kanoniczne<\/li>\n<li>Uniwersytet Warszawski (1994-1999), Doktor Prawa (JD), Prawo Cywilne<\/li>\n<\/ul>\n<\/div>\n\t\t\t\t\t\t\t<\/div>\n\t\t<\/div>\n\t\t\t\t\t\t<\/div>\n\t\t\t\t<div class=\"elementor-element elementor-element-245fb90 elementor-widget elementor-widget-heading\" data-id=\"245fb90\" data-element_type=\"widget\" data-e-type=\"widget\" data-widget_type=\"heading.default\">\n\t\t\t\t\t<h2 class=\"elementor-heading-title elementor-size-default\">Co najbardziej lubi Pan\/Pani w swojej pracy?<\/h2>\t\t\t\t<\/div>\n\t\t\t\t<div class=\"elementor-element elementor-element-3752bd2 elementor-widget elementor-widget-text-editor\" data-id=\"3752bd2\" data-element_type=\"widget\" data-e-type=\"widget\" data-widget_type=\"text-editor.default\">\n\t\t\t\t\t\t\t\t\t<p>Dla mnie bycie dyrektorem kancelarii prawnej, kt\u00f3rej misj\u0105 jest pomaganie mniej szcz\u0119\u015bliwym, to spe\u0142nienie marze\u0144. Przyjecha\u0142em do Stan\u00f3w Zjednoczonych z Polski. Moje europejskie wykszta\u0142cenie w zakresie prawa kanonicznego i cywilnego uzupe\u0142ni\u0142o dodatkowe studia prawnicze, kt\u00f3re uko\u0144czy\u0142em tutaj, w Stanach Zjednoczonych. To do\u015bwiadczenie pozwala mi s\u0142u\u017cy\u0107 klientom wiedz\u0105 i wsp\u00f3\u0142czuciem oraz rozumie\u0107 b\u00f3l, jaki znosz\u0105 w wyniku swoich wypadk\u00f3w.   <\/p><p>Najbardziej satysfakcjonuj\u0105c\u0105 cz\u0119\u015bci\u0105 mojej pracy jest bez w\u0105tpienia mo\u017cliwo\u015b\u0107 pracy dla ludzi, a nie dla systemu ubezpieczeniowego\/korporacyjnego. Nie jest \u0142atwo radzi\u0107 sobie z niepewno\u015bci\u0105 po katastrofalnym urazie. Ca\u0142e \u017cycie wywraca si\u0119 do g\u00f3ry nogami. Mo\u017cliwo\u015b\u0107 naprawienia tej sytuacji dla ofiar i os\u00f3b poszkodowanych jest urzeczywistnieniem mojej w\u0142asnej drogi, a ja wk\u0142adam cz\u0105stk\u0119 siebie w ka\u017cd\u0105 spraw\u0119, kt\u00f3r\u0105 si\u0119 zajmujemy.   <\/p>\t\t\t\t\t\t\t\t<\/div>\n\t\t\t\t<div class=\"elementor-element elementor-element-e34f47e elementor-widget elementor-widget-heading\" data-id=\"e34f47e\" data-element_type=\"widget\" data-e-type=\"widget\" data-widget_type=\"heading.default\">\n\t\t\t\t\t<h2 class=\"elementor-heading-title elementor-size-default\">Czego Pan\/Pani nie lubi najbardziej?<\/h2>\t\t\t\t<\/div>\n\t\t\t\t<div class=\"elementor-element elementor-element-5fd5a31 elementor-widget elementor-widget-text-editor\" data-id=\"5fd5a31\" data-element_type=\"widget\" data-e-type=\"widget\" data-widget_type=\"text-editor.default\">\n\t\t\t\t\t\t\t\t\t<p>Cho\u0107 pomaganie poszkodowanym w uzyskaniu nale\u017cnej im sprawiedliwo\u015bci jest satysfakcjonuj\u0105ce, tragedia mo\u017ce by\u0107 wyczerpuj\u0105ca. Ludzie przychodz\u0105 do mnie, poniewa\u017c mog\u0119 im pom\u00f3c, gdy sytuacja wydaje si\u0119 najgorsza. Oznacza to, \u017ce ka\u017cdego dnia widz\u0119 wiele cierpienia. Wiem, \u017ce wi\u0119kszo\u015b\u0107 ludzi uwa\u017ca prawnik\u00f3w za roboty i ma trudno\u015bci z nawi\u0105zaniem kontaktu z klientami.   <\/p><p>Faktem jest, \u017ce cho\u0107 czasem musimy od\u0142o\u017cy\u0107 na bok nasze uczucia, aby dobrze wykona\u0107 swoj\u0105 prac\u0119, nosimy to cierpienie i smutek ze sob\u0105. Je\u015bli tego nie robisz, to nie powiniene\u015b zajmowa\u0107 si\u0119 t\u0105 praktyk\u0105. Zawsze wierzy\u0142em, \u017ce my, jako prawnicy, musimy naprawd\u0119 wiedzie\u0107, przez co przechodzi nasz klient, je\u015bli chcemy, aby otrzyma\u0142 pe\u0142ne odszkodowanie. Czy to czasem utrudnia sprawy? Oczywi\u015bcie, ale nie ma lepszego sposobu na reprezentowanie cierpi\u0105cego cz\u0142owieka.    <\/p>\t\t\t\t\t\t\t\t<\/div>\n\t\t\t\t<div class=\"elementor-element elementor-element-bbad9c0 elementor-widget elementor-widget-heading\" data-id=\"bbad9c0\" data-element_type=\"widget\" data-e-type=\"widget\" data-widget_type=\"heading.default\">\n\t\t\t\t\t<h2 class=\"elementor-heading-title elementor-size-default\">Jak opisa\u0142by Pan\/Pani swoje podej\u015bcie do sprawy?<\/h2>\t\t\t\t<\/div>\n\t\t\t\t<div class=\"elementor-element elementor-element-6389290 elementor-widget elementor-widget-text-editor\" data-id=\"6389290\" data-element_type=\"widget\" data-e-type=\"widget\" data-widget_type=\"text-editor.default\">\n\t\t\t\t\t\t\t\t\t<p>Jednym s\u0142owem? Nieustraszony. Nie ma co do tego w\u0105tpliwo\u015bci. Kiedy odniesie Pan\/Pani obra\u017cenia na placu budowy lub w jakimkolwiek innym miejscu, druga strona b\u0119dzie pr\u00f3bowa\u0142a Pana\/Pani\u0105 zastraszy\u0107. B\u0119d\u0105 mieli \u015bledczego, kt\u00f3ry b\u0119dzie Pana\/Pani\u0105 \u015bledzi\u0107, zadawa\u0107 nieko\u0144cz\u0105ce si\u0119 pytania i pr\u00f3bowa\u0107 op\u00f3\u017ani\u0107 Pana\/Pani pozew.     Wszystko to mo\u017ce sprawi\u0107, \u017ce klient b\u0119dzie zaniepokojony i przestraszony o swoj\u0105 przysz\u0142o\u015b\u0107 oraz wynik swojej sprawy. <\/p><p>Wyra\u017anie zaznaczam, \u017ce Kancelaria Prawna Platta i nasi klienci nie dadz\u0105 si\u0119 zastraszy\u0107. Jeste\u015bmy nieust\u0119pliwi w naszym rzecznictwie. Te korporacje lubi\u0105 pr\u00f3bowa\u0107 zastrasza\u0107 swoj\u0105 wielko\u015bci\u0105 i pieni\u0119dzmi. C\u00f3\u017c, faktem jest, \u017ce pokonujemy ich od lat i nie zamierzamy teraz przestawa\u0107. Je\u015bli kogo\u015b skrzywdzisz, musisz za to zap\u0142aci\u0107, a my niestrudzenie pracujemy, dop\u00f3ki to si\u0119 nie stanie.    <\/p>\t\t\t\t\t\t\t\t<\/div>\n\t\t\t\t<\/div>\n\t\t\t\t\t<\/div>\n\t\t\t\t<\/div>\n\t\t\t\t<\/div>\n\t\t","protected":false},"excerpt":{"rendered":"<p>Nasi prawnicy Bezp\u0142atna ocena sprawy Slawomir Platta Partner Za\u0142o\u017cyciel Telefon: (212) 514-5100 E-mail: Wy\u015blij e-mail Wyr\u00f3\u017cnienia i Stowarzyszenia Uprawnienia Adwokackie Wykszta\u0142cenie Wyr\u00f3\u017cnienia i Stowarzyszenia Opublikowane wydanie Verdict\u2019s Search \u201eNajlepsze wyroki w Nowym Jorku\u201d i \u201eNajlepsze ugody w Nowym Jorku\u201d Superlawyers \u2013 Nowy Jork Metro Nagroda Uznania od Konsulatu Generalnego Rzeczypospolitej Polskiej \u2013 Sekcja Nowy Jork [&hellip;]<\/p>\n","protected":false},"author":2,"featured_media":116968,"parent":117090,"menu_order":0,"comment_status":"closed","ping_status":"closed","template":"elementor_header_footer","meta":{"footnotes":""},"class_list":["post-117164","page","type-page","status-publish","has-post-thumbnail","hentry"],"yoast_head":"<!-- This site is optimized with the Yoast SEO Premium plugin v27.4 (Yoast SEO v27.4) - https:\/\/yoast.com\/product\/yoast-seo-premium-wordpress\/ -->\n<title>Slawomir Platta, Esq. \u2013 The Platta Law Firm<\/title>\n<meta name=\"description\" content=\"Od momentu za\u0142o\u017cenia The Platta Law Firm, S\u0142awomir Platta sta\u0142 si\u0119 jednym z najbardziej prominentnych prawnik\u00f3w specjalizuj\u0105cych si\u0119 w odszkodowaniach za szkody osobowe w Nowym Jorku.\" \/>\n<meta name=\"robots\" content=\"index, follow, max-snippet:-1, max-image-preview:large, max-video-preview:-1\" \/>\n<link rel=\"canonical\" href=\"https:\/\/plattalaw.com\/pl\/nasi-prawnicy\/slawomir-platta\/\" \/>\n<meta property=\"og:locale\" content=\"pl_PL\" \/>\n<meta property=\"og:type\" content=\"article\" \/>\n<meta property=\"og:title\" content=\"Slawomir Platta\" \/>\n<meta property=\"og:description\" content=\"Od momentu za\u0142o\u017cenia The Platta Law Firm, S\u0142awomir Platta sta\u0142 si\u0119 jednym z najbardziej prominentnych prawnik\u00f3w specjalizuj\u0105cych si\u0119 w odszkodowaniach za szkody osobowe w Nowym Jorku.\" \/>\n<meta property=\"og:url\" content=\"https:\/\/plattalaw.com\/pl\/nasi-prawnicy\/slawomir-platta\/\" \/>\n<meta property=\"og:site_name\" content=\"The Platta Law Firm\" \/>\n<meta property=\"article:modified_time\" content=\"2026-04-06T13:44:49+00:00\" \/>\n<meta property=\"og:image\" content=\"https:\/\/plattalaw.com\/wp-content\/uploads\/2025\/10\/Slaweks-Desk-Image.webp\" \/>\n\t<meta property=\"og:image:width\" content=\"879\" \/>\n\t<meta property=\"og:image:height\" content=\"979\" \/>\n\t<meta property=\"og:image:type\" content=\"image\/webp\" \/>\n<meta name=\"twitter:card\" content=\"summary_large_image\" \/>\n<meta name=\"twitter:label1\" content=\"Szacowany czas czytania\" \/>\n\t<meta name=\"twitter:data1\" content=\"3 minuty\" \/>\n<script type=\"application\/ld+json\" class=\"yoast-schema-graph\">{\"@context\":\"https:\\\/\\\/schema.org\",\"@graph\":[{\"@type\":\"WebPage\",\"@id\":\"https:\\\/\\\/plattalaw.com\\\/pl\\\/nasi-prawnicy\\\/slawomir-platta\\\/\",\"url\":\"https:\\\/\\\/plattalaw.com\\\/pl\\\/nasi-prawnicy\\\/slawomir-platta\\\/\",\"name\":\"Slawomir Platta, Esq. \u2013 The Platta Law Firm\",\"isPartOf\":{\"@id\":\"https:\\\/\\\/plattalaw.com\\\/pl\\\/#website\"},\"primaryImageOfPage\":{\"@id\":\"https:\\\/\\\/plattalaw.com\\\/pl\\\/nasi-prawnicy\\\/slawomir-platta\\\/#primaryimage\"},\"image\":{\"@id\":\"https:\\\/\\\/plattalaw.com\\\/pl\\\/nasi-prawnicy\\\/slawomir-platta\\\/#primaryimage\"},\"thumbnailUrl\":\"https:\\\/\\\/plattalaw.com\\\/wp-content\\\/uploads\\\/2025\\\/10\\\/Slaweks-Desk-Image.webp\",\"datePublished\":\"2021-08-09T19:36:50+00:00\",\"dateModified\":\"2026-04-06T13:44:49+00:00\",\"description\":\"Od momentu za\u0142o\u017cenia The Platta Law Firm, S\u0142awomir Platta sta\u0142 si\u0119 jednym z najbardziej prominentnych prawnik\u00f3w specjalizuj\u0105cych si\u0119 w odszkodowaniach za szkody osobowe w Nowym Jorku.\",\"breadcrumb\":{\"@id\":\"https:\\\/\\\/plattalaw.com\\\/pl\\\/nasi-prawnicy\\\/slawomir-platta\\\/#breadcrumb\"},\"inLanguage\":\"pl-PL\",\"potentialAction\":[{\"@type\":\"ReadAction\",\"target\":[\"https:\\\/\\\/plattalaw.com\\\/pl\\\/nasi-prawnicy\\\/slawomir-platta\\\/\"]}]},{\"@type\":\"ImageObject\",\"inLanguage\":\"pl-PL\",\"@id\":\"https:\\\/\\\/plattalaw.com\\\/pl\\\/nasi-prawnicy\\\/slawomir-platta\\\/#primaryimage\",\"url\":\"https:\\\/\\\/plattalaw.com\\\/wp-content\\\/uploads\\\/2025\\\/10\\\/Slaweks-Desk-Image.webp\",\"contentUrl\":\"https:\\\/\\\/plattalaw.com\\\/wp-content\\\/uploads\\\/2025\\\/10\\\/Slaweks-Desk-Image.webp\",\"width\":879,\"height\":979,\"caption\":\"Zdj\u0119cie biurka S\u0142awka \u2013 Kancelaria Prawna Platta\"},{\"@type\":\"BreadcrumbList\",\"@id\":\"https:\\\/\\\/plattalaw.com\\\/pl\\\/nasi-prawnicy\\\/slawomir-platta\\\/#breadcrumb\",\"itemListElement\":[{\"@type\":\"ListItem\",\"position\":1,\"name\":\"Strona g\u0142\u00f3wna\",\"item\":\"https:\\\/\\\/plattalaw.com\\\/pl\\\/strona-glowna\\\/\"},{\"@type\":\"ListItem\",\"position\":2,\"name\":\"Nasi prawnicy\",\"item\":\"https:\\\/\\\/plattalaw.com\\\/pl\\\/our-attorneys\\\/\"},{\"@type\":\"ListItem\",\"position\":3,\"name\":\"Slawomir Platta\"}]},{\"@type\":\"WebSite\",\"@id\":\"https:\\\/\\\/plattalaw.com\\\/pl\\\/#website\",\"url\":\"https:\\\/\\\/plattalaw.com\\\/pl\\\/\",\"name\":\"The Platta Law Firm\",\"description\":\"Personal Injury Lawyer\",\"publisher\":{\"@id\":\"https:\\\/\\\/plattalaw.com\\\/pl\\\/#organization\"},\"potentialAction\":[{\"@type\":\"SearchAction\",\"target\":{\"@type\":\"EntryPoint\",\"urlTemplate\":\"https:\\\/\\\/plattalaw.com\\\/pl\\\/?s={search_term_string}\"},\"query-input\":{\"@type\":\"PropertyValueSpecification\",\"valueRequired\":true,\"valueName\":\"search_term_string\"}}],\"inLanguage\":\"pl-PL\"},{\"@type\":\"Organization\",\"@id\":\"https:\\\/\\\/plattalaw.com\\\/pl\\\/#organization\",\"name\":\"Kancelaria Prawna Platta\",\"url\":\"https:\\\/\\\/plattalaw.com\\\/pl\\\/\",\"logo\":{\"@type\":\"ImageObject\",\"inLanguage\":\"pl-PL\",\"@id\":\"https:\\\/\\\/plattalaw.com\\\/pl\\\/#\\\/schema\\\/logo\\\/image\\\/\",\"url\":\"https:\\\/\\\/plattalaw.com\\\/wp-content\\\/uploads\\\/2021\\\/07\\\/The-Platta-Law-Firm-Website-Logo.webp\",\"contentUrl\":\"https:\\\/\\\/plattalaw.com\\\/wp-content\\\/uploads\\\/2021\\\/07\\\/The-Platta-Law-Firm-Website-Logo.webp\",\"width\":1648,\"height\":198,\"caption\":\"Kancelaria Prawna Platta\"},\"image\":{\"@id\":\"https:\\\/\\\/plattalaw.com\\\/pl\\\/#\\\/schema\\\/logo\\\/image\\\/\"}}]}<\/script>\n<!-- \/ Yoast SEO Premium plugin. -->","yoast_head_json":{"title":"Slawomir Platta, Esq. \u2013 The Platta Law Firm","description":"Od momentu za\u0142o\u017cenia The Platta Law Firm, S\u0142awomir Platta sta\u0142 si\u0119 jednym z najbardziej prominentnych prawnik\u00f3w specjalizuj\u0105cych si\u0119 w odszkodowaniach za szkody osobowe w Nowym Jorku.","robots":{"index":"index","follow":"follow","max-snippet":"max-snippet:-1","max-image-preview":"max-image-preview:large","max-video-preview":"max-video-preview:-1"},"canonical":"https:\/\/plattalaw.com\/pl\/nasi-prawnicy\/slawomir-platta\/","og_locale":"pl_PL","og_type":"article","og_title":"Slawomir Platta","og_description":"Od momentu za\u0142o\u017cenia The Platta Law Firm, S\u0142awomir Platta sta\u0142 si\u0119 jednym z najbardziej prominentnych prawnik\u00f3w specjalizuj\u0105cych si\u0119 w odszkodowaniach za szkody osobowe w Nowym Jorku.","og_url":"https:\/\/plattalaw.com\/pl\/nasi-prawnicy\/slawomir-platta\/","og_site_name":"The Platta Law Firm","article_modified_time":"2026-04-06T13:44:49+00:00","og_image":[{"width":879,"height":979,"url":"https:\/\/plattalaw.com\/wp-content\/uploads\/2025\/10\/Slaweks-Desk-Image.webp","type":"image\/webp"}],"twitter_card":"summary_large_image","twitter_misc":{"Szacowany czas czytania":"3 minuty"},"schema":{"@context":"https:\/\/schema.org","@graph":[{"@type":"WebPage","@id":"https:\/\/plattalaw.com\/pl\/nasi-prawnicy\/slawomir-platta\/","url":"https:\/\/plattalaw.com\/pl\/nasi-prawnicy\/slawomir-platta\/","name":"Slawomir Platta, Esq. \u2013 The Platta Law Firm","isPartOf":{"@id":"https:\/\/plattalaw.com\/pl\/#website"},"primaryImageOfPage":{"@id":"https:\/\/plattalaw.com\/pl\/nasi-prawnicy\/slawomir-platta\/#primaryimage"},"image":{"@id":"https:\/\/plattalaw.com\/pl\/nasi-prawnicy\/slawomir-platta\/#primaryimage"},"thumbnailUrl":"https:\/\/plattalaw.com\/wp-content\/uploads\/2025\/10\/Slaweks-Desk-Image.webp","datePublished":"2021-08-09T19:36:50+00:00","dateModified":"2026-04-06T13:44:49+00:00","description":"Od momentu za\u0142o\u017cenia The Platta Law Firm, S\u0142awomir Platta sta\u0142 si\u0119 jednym z najbardziej prominentnych prawnik\u00f3w specjalizuj\u0105cych si\u0119 w odszkodowaniach za szkody osobowe w Nowym Jorku.","breadcrumb":{"@id":"https:\/\/plattalaw.com\/pl\/nasi-prawnicy\/slawomir-platta\/#breadcrumb"},"inLanguage":"pl-PL","potentialAction":[{"@type":"ReadAction","target":["https:\/\/plattalaw.com\/pl\/nasi-prawnicy\/slawomir-platta\/"]}]},{"@type":"ImageObject","inLanguage":"pl-PL","@id":"https:\/\/plattalaw.com\/pl\/nasi-prawnicy\/slawomir-platta\/#primaryimage","url":"https:\/\/plattalaw.com\/wp-content\/uploads\/2025\/10\/Slaweks-Desk-Image.webp","contentUrl":"https:\/\/plattalaw.com\/wp-content\/uploads\/2025\/10\/Slaweks-Desk-Image.webp","width":879,"height":979,"caption":"Zdj\u0119cie biurka S\u0142awka \u2013 Kancelaria Prawna Platta"},{"@type":"BreadcrumbList","@id":"https:\/\/plattalaw.com\/pl\/nasi-prawnicy\/slawomir-platta\/#breadcrumb","itemListElement":[{"@type":"ListItem","position":1,"name":"Strona g\u0142\u00f3wna","item":"https:\/\/plattalaw.com\/pl\/strona-glowna\/"},{"@type":"ListItem","position":2,"name":"Nasi prawnicy","item":"https:\/\/plattalaw.com\/pl\/our-attorneys\/"},{"@type":"ListItem","position":3,"name":"Slawomir Platta"}]},{"@type":"WebSite","@id":"https:\/\/plattalaw.com\/pl\/#website","url":"https:\/\/plattalaw.com\/pl\/","name":"The Platta Law Firm","description":"Personal Injury Lawyer","publisher":{"@id":"https:\/\/plattalaw.com\/pl\/#organization"},"potentialAction":[{"@type":"SearchAction","target":{"@type":"EntryPoint","urlTemplate":"https:\/\/plattalaw.com\/pl\/?s={search_term_string}"},"query-input":{"@type":"PropertyValueSpecification","valueRequired":true,"valueName":"search_term_string"}}],"inLanguage":"pl-PL"},{"@type":"Organization","@id":"https:\/\/plattalaw.com\/pl\/#organization","name":"Kancelaria Prawna Platta","url":"https:\/\/plattalaw.com\/pl\/","logo":{"@type":"ImageObject","inLanguage":"pl-PL","@id":"https:\/\/plattalaw.com\/pl\/#\/schema\/logo\/image\/","url":"https:\/\/plattalaw.com\/wp-content\/uploads\/2021\/07\/The-Platta-Law-Firm-Website-Logo.webp","contentUrl":"https:\/\/plattalaw.com\/wp-content\/uploads\/2021\/07\/The-Platta-Law-Firm-Website-Logo.webp","width":1648,"height":198,"caption":"Kancelaria Prawna Platta"},"image":{"@id":"https:\/\/plattalaw.com\/pl\/#\/schema\/logo\/image\/"}}]}},"_links":{"self":[{"href":"https:\/\/plattalaw.com\/pl\/wp-json\/wp\/v2\/pages\/117164","targetHints":{"allow":["GET"]}}],"collection":[{"href":"https:\/\/plattalaw.com\/pl\/wp-json\/wp\/v2\/pages"}],"about":[{"href":"https:\/\/plattalaw.com\/pl\/wp-json\/wp\/v2\/types\/page"}],"author":[{"embeddable":true,"href":"https:\/\/plattalaw.com\/pl\/wp-json\/wp\/v2\/users\/2"}],"replies":[{"embeddable":true,"href":"https:\/\/plattalaw.com\/pl\/wp-json\/wp\/v2\/comments?post=117164"}],"version-history":[{"count":11,"href":"https:\/\/plattalaw.com\/pl\/wp-json\/wp\/v2\/pages\/117164\/revisions"}],"predecessor-version":[{"id":120923,"href":"https:\/\/plattalaw.com\/pl\/wp-json\/wp\/v2\/pages\/117164\/revisions\/120923"}],"up":[{"embeddable":true,"href":"https:\/\/plattalaw.com\/pl\/wp-json\/wp\/v2\/pages\/117090"}],"wp:featuredmedia":[{"embeddable":true,"href":"https:\/\/plattalaw.com\/pl\/wp-json\/wp\/v2\/media\/116968"}],"wp:attachment":[{"href":"https:\/\/plattalaw.com\/pl\/wp-json\/wp\/v2\/media?parent=117164"}],"curies":[{"name":"wp","href":"https:\/\/api.w.org\/{rel}","templated":true}]}}