{"id":117162,"date":"2021-08-09T16:17:13","date_gmt":"2021-08-09T20:17:13","guid":{"rendered":"https:\/\/plattalaw.com\/nasi-prawnicy\/evi-kallfa\/"},"modified":"2026-03-10T10:14:03","modified_gmt":"2026-03-10T14:14:03","slug":"evi-kallfa","status":"publish","type":"page","link":"https:\/\/plattalaw.com\/pl\/nasi-prawnicy\/evi-kallfa\/","title":{"rendered":"Evi Kallfa"},"content":{"rendered":"\t\t<div data-elementor-type=\"wp-page\" data-elementor-id=\"117162\" class=\"elementor elementor-117162 elementor-3299\" data-elementor-post-type=\"page\">\n\t\t\t\t<div class=\"elementor-element elementor-element-4db4840 elementor-hidden-tablet e-flex e-con-boxed e-con e-parent\" data-id=\"4db4840\" data-element_type=\"container\" data-e-type=\"container\" data-settings=\"{&quot;background_background&quot;:&quot;classic&quot;}\">\n\t\t\t\t\t<div class=\"e-con-inner\">\n\t\t\t\t<div class=\"elementor-element elementor-element-2bba1a5 elementor-hidden-desktop elementor-hidden-tablet elementor-widget-mobile__width-initial elementor-widget elementor-widget-heading\" data-id=\"2bba1a5\" data-element_type=\"widget\" data-e-type=\"widget\" data-widget_type=\"heading.default\">\n\t\t\t\t\t<p class=\"elementor-heading-title elementor-size-default\">Nasi prawnicy<\/p>\t\t\t\t<\/div>\n\t\t\t\t<div class=\"elementor-element elementor-element-aa0d3d9 elementor-align-center elementor-hidden-desktop elementor-hidden-tablet elementor-widget elementor-widget-button\" data-id=\"aa0d3d9\" data-element_type=\"widget\" data-e-type=\"widget\" data-widget_type=\"button.default\">\n\t\t\t\t\t\t\t\t\t\t<a class=\"elementor-button elementor-button-link elementor-size-sm elementor-animation-shrink\" href=\"#free-case-evaluation\">\n\t\t\t\t\t\t<span class=\"elementor-button-content-wrapper\">\n\t\t\t\t\t\t\t\t\t<span class=\"elementor-button-text\">Bezp\u0142atna ocena sprawy<\/span>\n\t\t\t\t\t<\/span>\n\t\t\t\t\t<\/a>\n\t\t\t\t\t\t\t\t<\/div>\n\t\t\t\t\t<\/div>\n\t\t\t\t<\/div>\n\t\t<div class=\"elementor-element elementor-element-92689f5 e-flex e-con-boxed e-con e-parent\" data-id=\"92689f5\" data-element_type=\"container\" data-e-type=\"container\">\n\t\t\t\t\t<div class=\"e-con-inner\">\n\t\t\t\t<div class=\"elementor-element elementor-element-2b02932 elementor-widget__width-initial elementor-position-top elementor-widget elementor-widget-image-box\" data-id=\"2b02932\" data-element_type=\"widget\" data-e-type=\"widget\" data-widget_type=\"image-box.default\">\n\t\t\t\t\t<div class=\"elementor-image-box-wrapper\"><figure class=\"elementor-image-box-img\"><img decoding=\"async\" width=\"300\" height=\"300\" src=\"https:\/\/plattalaw.com\/wp-content\/uploads\/2025\/08\/Evi-Kallfa-abogado-de-lesiones-personales-en-nueva-york-300x300-1.webp\" class=\"attachment-full size-full wp-image-117045\" alt=\"Evi Kallfa, Esq.\" srcset=\"https:\/\/plattalaw.com\/wp-content\/uploads\/2025\/08\/Evi-Kallfa-abogado-de-lesiones-personales-en-nueva-york-300x300-1.webp 300w, https:\/\/plattalaw.com\/wp-content\/uploads\/2025\/08\/Evi-Kallfa-abogado-de-lesiones-personales-en-nueva-york-300x300-1-150x150.webp 150w\" sizes=\"(max-width: 300px) 100vw, 300px\" \/><\/figure><div class=\"elementor-image-box-content\"><h1 class=\"elementor-image-box-title\">Evi Kallfa<\/h1><p class=\"elementor-image-box-description\">\n<p style=\"margin-top: -15px;font-size: 20px;color: #5d5d5d\">Partner<\/p>\n<p style=\"margin-top: 20px;font-size: 20px;color: #5d5d5d;font-weight:600\">Telefon: <a href=\"tel:2125145100\">(212) 514-5100<\/a><\/p>\n<p style=\"margin-top: -15px;font-size: 20px;color: #5d5d5d;font-weight:600\">E-mail: <a href=\"mailto:ek@plattalaw.com\">Wy\u015blij wiadomo\u015b\u0107<\/a><\/p><\/p><\/div><\/div>\t\t\t\t<\/div>\n\t\t<div class=\"elementor-element elementor-element-e2e8c6b e-con-full e-flex e-con e-child\" data-id=\"e2e8c6b\" data-element_type=\"container\" data-e-type=\"container\">\n\t\t\t\t<div class=\"elementor-element elementor-element-3b799a8 elementor-tabs-view-horizontal elementor-widget elementor-widget-tabs\" data-id=\"3b799a8\" data-element_type=\"widget\" data-e-type=\"widget\" data-widget_type=\"tabs.default\">\n\t\t\t\t\t\t\t<div class=\"elementor-tabs\">\n\t\t\t<div class=\"elementor-tabs-wrapper\" role=\"tablist\" >\n\t\t\t\t\t\t\t\t\t<div id=\"elementor-tab-title-6231\" class=\"elementor-tab-title elementor-tab-desktop-title\" aria-selected=\"true\" data-tab=\"1\" role=\"tab\" tabindex=\"0\" aria-controls=\"elementor-tab-content-6231\" aria-expanded=\"false\">Uprawnienia adwokackie<\/div>\n\t\t\t\t\t\t\t\t\t<div id=\"elementor-tab-title-6232\" class=\"elementor-tab-title elementor-tab-desktop-title\" aria-selected=\"false\" data-tab=\"2\" role=\"tab\" tabindex=\"-1\" aria-controls=\"elementor-tab-content-6232\" aria-expanded=\"false\">Wykszta\u0142cenie<\/div>\n\t\t\t\t\t\t\t<\/div>\n\t\t\t<div class=\"elementor-tabs-content-wrapper\" role=\"tablist\" aria-orientation=\"vertical\">\n\t\t\t\t\t\t\t\t\t<div class=\"elementor-tab-title elementor-tab-mobile-title\" aria-selected=\"true\" data-tab=\"1\" role=\"tab\" tabindex=\"0\" aria-controls=\"elementor-tab-content-6231\" aria-expanded=\"false\">Uprawnienia adwokackie<\/div>\n\t\t\t\t\t<div id=\"elementor-tab-content-6231\" class=\"elementor-tab-content elementor-clearfix\" data-tab=\"1\" role=\"tabpanel\" aria-labelledby=\"elementor-tab-title-6231\" tabindex=\"0\" hidden=\"false\"><ul style=\"margin-left: -10px;\">\n<li>Nowy Jork (2013)<\/li>\n<li>New Jersey (2012)<\/li>\n<li>Dystrykt Po\u0142udniowy Nowego Jorku (2016)<\/li>\n<li>Dystrykt Wschodni Nowego Jorku (2016)<\/li>\n<li>S\u0105d Okr\u0119gowy New Jersey (2014)<\/li>\n<\/ul>\n<\/div>\n\t\t\t\t\t\t\t\t\t<div class=\"elementor-tab-title elementor-tab-mobile-title\" aria-selected=\"false\" data-tab=\"2\" role=\"tab\" tabindex=\"-1\" aria-controls=\"elementor-tab-content-6232\" aria-expanded=\"false\">Wykszta\u0142cenie<\/div>\n\t\t\t\t\t<div id=\"elementor-tab-content-6232\" class=\"elementor-tab-content elementor-clearfix\" data-tab=\"2\" role=\"tabpanel\" aria-labelledby=\"elementor-tab-title-6232\" tabindex=\"0\" hidden=\"hidden\"><ul style=\"margin-left: -10px;\">\n<li>Seton Hall University School of Law 2009-2012<br \/>Juris Doctorate, Prawo<\/li>\n<li>Fordham University 2005-2009<br \/>Bachelor of Arts, Nauki Polityczne i Historia<\/li>\n<\/ul>\n<\/div>\n\t\t\t\t\t\t\t<\/div>\n\t\t<\/div>\n\t\t\t\t\t\t<\/div>\n\t\t\t\t<div class=\"elementor-element elementor-element-8016edb elementor-widget elementor-widget-heading\" data-id=\"8016edb\" data-element_type=\"widget\" data-e-type=\"widget\" data-widget_type=\"heading.default\">\n\t\t\t\t\t<h2 class=\"elementor-heading-title elementor-size-default\">Co najbardziej podoba si\u0119 Panu w Pana pracy?<\/h2>\t\t\t\t<\/div>\n\t\t\t\t<div class=\"elementor-element elementor-element-05a9bc8 elementor-widget elementor-widget-text-editor\" data-id=\"05a9bc8\" data-element_type=\"widget\" data-e-type=\"widget\" data-widget_type=\"text-editor.default\">\n\t\t\t\t\t\t\t\t\t<p>Mo\u017cliwo\u015b\u0107 nawi\u0105zania kontaktu z moimi klientami, wys\u0142uchania ich historii i wykorzystania mojego do\u015bwiadczenia, aby pom\u00f3c im przej\u015b\u0107 przez bardzo trudny okres w ich \u017cyciu. Rozumiem, \u017ce proces prawny jest stresuj\u0105cy i onie\u015bmielaj\u0105cy dla wszystkich z wyj\u0105tkiem prawnik\u00f3w. Moim priorytetem jest upewnienie si\u0119, \u017ce moi klienci rozumiej\u0105 ten proces i czuj\u0105 si\u0119 wspierani oraz czuj\u0105 si\u0119 tak komfortowo, jak to tylko mo\u017cliwe. To d\u0142uga droga i chc\u0119 mie\u0107 pewno\u015b\u0107, \u017ce wiedz\u0105, i\u017c jeste\u015bmy w tym razem i poprowadz\u0119 ich przez to.   <\/p>\t\t\t\t\t\t\t\t<\/div>\n\t\t\t\t<div class=\"elementor-element elementor-element-7ca7517 elementor-widget elementor-widget-heading\" data-id=\"7ca7517\" data-element_type=\"widget\" data-e-type=\"widget\" data-widget_type=\"heading.default\">\n\t\t\t\t\t<h2 class=\"elementor-heading-title elementor-size-default\">Co najmniej podoba si\u0119 Panu?<\/h2>\t\t\t\t<\/div>\n\t\t\t\t<div class=\"elementor-element elementor-element-c1d470c elementor-widget elementor-widget-text-editor\" data-id=\"c1d470c\" data-element_type=\"widget\" data-e-type=\"widget\" data-widget_type=\"text-editor.default\">\n\t\t\t\t\t\t\t\t\t<p>Niestety harmonogramy s\u0105dowe s\u0105 niezwykle op\u00f3\u017anione, co op\u00f3\u017ania rozwi\u0105zanie sprawy. Te op\u00f3\u017anienia s\u0105 dodatkowo pog\u0142\u0119biane przez spos\u00f3b, w jaki dzia\u0142aj\u0105 firmy ubezpieczeniowe, wymagaj\u0105ce wielu poziom\u00f3w zatwierdzenia, zanim w og\u00f3le b\u0119dziemy mogli przeprowadzi\u0107 rozs\u0105dn\u0105 dyskusj\u0119 na temat tego, jak uczciwie zako\u0144czy\u0107 spraw\u0119. Te op\u00f3\u017anienia s\u0105 frustruj\u0105ce dla moich klient\u00f3w, delikatnie m\u00f3wi\u0105c. Zawsze staram si\u0119 wykorzysta\u0107 moje do\u015bwiadczenie i zrozumienie systemu, aby upewni\u0107 si\u0119, \u017ce moje sprawy przebiegaj\u0105 z poczuciem pilno\u015bci.   <\/p>\t\t\t\t\t\t\t\t<\/div>\n\t\t\t\t<div class=\"elementor-element elementor-element-5e1fac9 elementor-widget elementor-widget-heading\" data-id=\"5e1fac9\" data-element_type=\"widget\" data-e-type=\"widget\" data-widget_type=\"heading.default\">\n\t\t\t\t\t<h2 class=\"elementor-heading-title elementor-size-default\">Jak opisa\u0142by Pan swoje podej\u015bcie do sprawy?<\/h2>\t\t\t\t<\/div>\n\t\t\t\t<div class=\"elementor-element elementor-element-bdeac03 elementor-widget elementor-widget-text-editor\" data-id=\"bdeac03\" data-element_type=\"widget\" data-e-type=\"widget\" data-widget_type=\"text-editor.default\">\n\t\t\t\t\t\t\t\t\t<p>Ka\u017cda sprawa ma swoje niuanse i wa\u017cne jest, aby wiedzie\u0107, jak to si\u0119 ma do aktualnego orzecznictwa. Jestem dumny z tego, \u017ce po\u015bwi\u0119cam czas na zrozumienie, jak sprawa b\u0119dzie przebiega\u0107 od samego pocz\u0105tku. Pozwala mi to skutecznie i efektywnie prowadzi\u0107 moj\u0105 spraw\u0119 w kierunku procesu.  <\/p>\t\t\t\t\t\t\t\t<\/div>\n\t\t\t\t<\/div>\n\t\t\t\t\t<\/div>\n\t\t\t\t<\/div>\n\t\t\t\t<\/div>\n\t\t","protected":false},"excerpt":{"rendered":"<p>Nasi prawnicy Bezp\u0142atna ocena sprawy Evi Kallfa Partner Telefon: (212) 514-5100 E-mail: Wy\u015blij wiadomo\u015b\u0107 Uprawnienia adwokackie Wykszta\u0142cenie Uprawnienia adwokackie Nowy Jork (2013) New Jersey (2012) Dystrykt Po\u0142udniowy Nowego Jorku (2016) Dystrykt Wschodni Nowego Jorku (2016) S\u0105d Okr\u0119gowy New Jersey (2014) Wykszta\u0142cenie Seton Hall University School of Law 2009-2012 Juris Doctorate, Prawo Fordham University 2005-2009 Bachelor [&hellip;]<\/p>\n","protected":false},"author":2,"featured_media":0,"parent":117090,"menu_order":0,"comment_status":"closed","ping_status":"closed","template":"elementor_header_footer","meta":{"footnotes":""},"class_list":["post-117162","page","type-page","status-publish","hentry"],"yoast_head":"<!-- This site is optimized with the Yoast SEO Premium plugin v27.4 (Yoast SEO v27.4) - https:\/\/yoast.com\/product\/yoast-seo-premium-wordpress\/ -->\n<title>Evi Kallfa, Esq. - The Platta Law Firm<\/title>\n<meta name=\"description\" content=\"Wymaga wiele perswazji, aby \u0142awa przysi\u0119g\u0142ych naprawd\u0119 zrozumia\u0142a zmagania ofiary po wypadku, i to jest moja misja.\" \/>\n<meta name=\"robots\" content=\"index, follow, max-snippet:-1, max-image-preview:large, max-video-preview:-1\" \/>\n<link rel=\"canonical\" href=\"https:\/\/plattalaw.com\/pl\/nasi-prawnicy\/evi-kallfa\/\" \/>\n<meta property=\"og:locale\" content=\"pl_PL\" \/>\n<meta property=\"og:type\" content=\"article\" \/>\n<meta property=\"og:title\" content=\"Evi Kallfa\" \/>\n<meta property=\"og:description\" content=\"Wymaga wiele perswazji, aby \u0142awa przysi\u0119g\u0142ych naprawd\u0119 zrozumia\u0142a zmagania ofiary po wypadku, i to jest moja misja.\" \/>\n<meta property=\"og:url\" content=\"https:\/\/plattalaw.com\/pl\/nasi-prawnicy\/evi-kallfa\/\" \/>\n<meta property=\"og:site_name\" content=\"The Platta Law Firm\" \/>\n<meta property=\"article:modified_time\" content=\"2026-03-10T14:14:03+00:00\" \/>\n<meta property=\"og:image\" content=\"https:\/\/plattalaw.com\/wp-content\/uploads\/2025\/08\/Evi-Kallfa-abogado-de-lesiones-personales-en-nueva-york-300x300-1.webp\" \/>\n<meta name=\"twitter:card\" content=\"summary_large_image\" \/>\n<meta name=\"twitter:label1\" content=\"Szacowany czas czytania\" \/>\n\t<meta name=\"twitter:data1\" content=\"2 minuty\" \/>\n<script type=\"application\/ld+json\" class=\"yoast-schema-graph\">{\"@context\":\"https:\\\/\\\/schema.org\",\"@graph\":[{\"@type\":\"WebPage\",\"@id\":\"https:\\\/\\\/plattalaw.com\\\/pl\\\/nasi-prawnicy\\\/evi-kallfa\\\/\",\"url\":\"https:\\\/\\\/plattalaw.com\\\/pl\\\/nasi-prawnicy\\\/evi-kallfa\\\/\",\"name\":\"Evi Kallfa, Esq. - The Platta Law Firm\",\"isPartOf\":{\"@id\":\"https:\\\/\\\/plattalaw.com\\\/pl\\\/#website\"},\"primaryImageOfPage\":{\"@id\":\"https:\\\/\\\/plattalaw.com\\\/pl\\\/nasi-prawnicy\\\/evi-kallfa\\\/#primaryimage\"},\"image\":{\"@id\":\"https:\\\/\\\/plattalaw.com\\\/pl\\\/nasi-prawnicy\\\/evi-kallfa\\\/#primaryimage\"},\"thumbnailUrl\":\"https:\\\/\\\/plattalaw.com\\\/wp-content\\\/uploads\\\/2025\\\/08\\\/Evi-Kallfa-abogado-de-lesiones-personales-en-nueva-york-300x300-1.webp\",\"datePublished\":\"2021-08-09T20:17:13+00:00\",\"dateModified\":\"2026-03-10T14:14:03+00:00\",\"description\":\"Wymaga wiele perswazji, aby \u0142awa przysi\u0119g\u0142ych naprawd\u0119 zrozumia\u0142a zmagania ofiary po wypadku, i to jest moja misja.\",\"breadcrumb\":{\"@id\":\"https:\\\/\\\/plattalaw.com\\\/pl\\\/nasi-prawnicy\\\/evi-kallfa\\\/#breadcrumb\"},\"inLanguage\":\"pl-PL\",\"potentialAction\":[{\"@type\":\"ReadAction\",\"target\":[\"https:\\\/\\\/plattalaw.com\\\/pl\\\/nasi-prawnicy\\\/evi-kallfa\\\/\"]}]},{\"@type\":\"ImageObject\",\"inLanguage\":\"pl-PL\",\"@id\":\"https:\\\/\\\/plattalaw.com\\\/pl\\\/nasi-prawnicy\\\/evi-kallfa\\\/#primaryimage\",\"url\":\"https:\\\/\\\/plattalaw.com\\\/wp-content\\\/uploads\\\/2025\\\/08\\\/Evi-Kallfa-abogado-de-lesiones-personales-en-nueva-york-300x300-1.webp\",\"contentUrl\":\"https:\\\/\\\/plattalaw.com\\\/wp-content\\\/uploads\\\/2025\\\/08\\\/Evi-Kallfa-abogado-de-lesiones-personales-en-nueva-york-300x300-1.webp\"},{\"@type\":\"BreadcrumbList\",\"@id\":\"https:\\\/\\\/plattalaw.com\\\/pl\\\/nasi-prawnicy\\\/evi-kallfa\\\/#breadcrumb\",\"itemListElement\":[{\"@type\":\"ListItem\",\"position\":1,\"name\":\"Strona g\u0142\u00f3wna\",\"item\":\"https:\\\/\\\/plattalaw.com\\\/pl\\\/strona-glowna\\\/\"},{\"@type\":\"ListItem\",\"position\":2,\"name\":\"Nasi prawnicy\",\"item\":\"https:\\\/\\\/plattalaw.com\\\/pl\\\/our-attorneys\\\/\"},{\"@type\":\"ListItem\",\"position\":3,\"name\":\"Evi Kallfa\"}]},{\"@type\":\"WebSite\",\"@id\":\"https:\\\/\\\/plattalaw.com\\\/pl\\\/#website\",\"url\":\"https:\\\/\\\/plattalaw.com\\\/pl\\\/\",\"name\":\"The Platta Law Firm\",\"description\":\"Personal Injury Lawyer\",\"publisher\":{\"@id\":\"https:\\\/\\\/plattalaw.com\\\/pl\\\/#organization\"},\"potentialAction\":[{\"@type\":\"SearchAction\",\"target\":{\"@type\":\"EntryPoint\",\"urlTemplate\":\"https:\\\/\\\/plattalaw.com\\\/pl\\\/?s={search_term_string}\"},\"query-input\":{\"@type\":\"PropertyValueSpecification\",\"valueRequired\":true,\"valueName\":\"search_term_string\"}}],\"inLanguage\":\"pl-PL\"},{\"@type\":\"Organization\",\"@id\":\"https:\\\/\\\/plattalaw.com\\\/pl\\\/#organization\",\"name\":\"Kancelaria Prawna Platta\",\"url\":\"https:\\\/\\\/plattalaw.com\\\/pl\\\/\",\"logo\":{\"@type\":\"ImageObject\",\"inLanguage\":\"pl-PL\",\"@id\":\"https:\\\/\\\/plattalaw.com\\\/pl\\\/#\\\/schema\\\/logo\\\/image\\\/\",\"url\":\"https:\\\/\\\/plattalaw.com\\\/wp-content\\\/uploads\\\/2021\\\/07\\\/The-Platta-Law-Firm-Website-Logo.webp\",\"contentUrl\":\"https:\\\/\\\/plattalaw.com\\\/wp-content\\\/uploads\\\/2021\\\/07\\\/The-Platta-Law-Firm-Website-Logo.webp\",\"width\":1648,\"height\":198,\"caption\":\"Kancelaria Prawna Platta\"},\"image\":{\"@id\":\"https:\\\/\\\/plattalaw.com\\\/pl\\\/#\\\/schema\\\/logo\\\/image\\\/\"}}]}<\/script>\n<!-- \/ Yoast SEO Premium plugin. -->","yoast_head_json":{"title":"Evi Kallfa, Esq. - The Platta Law Firm","description":"Wymaga wiele perswazji, aby \u0142awa przysi\u0119g\u0142ych naprawd\u0119 zrozumia\u0142a zmagania ofiary po wypadku, i to jest moja misja.","robots":{"index":"index","follow":"follow","max-snippet":"max-snippet:-1","max-image-preview":"max-image-preview:large","max-video-preview":"max-video-preview:-1"},"canonical":"https:\/\/plattalaw.com\/pl\/nasi-prawnicy\/evi-kallfa\/","og_locale":"pl_PL","og_type":"article","og_title":"Evi Kallfa","og_description":"Wymaga wiele perswazji, aby \u0142awa przysi\u0119g\u0142ych naprawd\u0119 zrozumia\u0142a zmagania ofiary po wypadku, i to jest moja misja.","og_url":"https:\/\/plattalaw.com\/pl\/nasi-prawnicy\/evi-kallfa\/","og_site_name":"The Platta Law Firm","article_modified_time":"2026-03-10T14:14:03+00:00","og_image":[{"url":"https:\/\/plattalaw.com\/wp-content\/uploads\/2025\/08\/Evi-Kallfa-abogado-de-lesiones-personales-en-nueva-york-300x300-1.webp","type":"","width":"","height":""}],"twitter_card":"summary_large_image","twitter_misc":{"Szacowany czas czytania":"2 minuty"},"schema":{"@context":"https:\/\/schema.org","@graph":[{"@type":"WebPage","@id":"https:\/\/plattalaw.com\/pl\/nasi-prawnicy\/evi-kallfa\/","url":"https:\/\/plattalaw.com\/pl\/nasi-prawnicy\/evi-kallfa\/","name":"Evi Kallfa, Esq. - The Platta Law Firm","isPartOf":{"@id":"https:\/\/plattalaw.com\/pl\/#website"},"primaryImageOfPage":{"@id":"https:\/\/plattalaw.com\/pl\/nasi-prawnicy\/evi-kallfa\/#primaryimage"},"image":{"@id":"https:\/\/plattalaw.com\/pl\/nasi-prawnicy\/evi-kallfa\/#primaryimage"},"thumbnailUrl":"https:\/\/plattalaw.com\/wp-content\/uploads\/2025\/08\/Evi-Kallfa-abogado-de-lesiones-personales-en-nueva-york-300x300-1.webp","datePublished":"2021-08-09T20:17:13+00:00","dateModified":"2026-03-10T14:14:03+00:00","description":"Wymaga wiele perswazji, aby \u0142awa przysi\u0119g\u0142ych naprawd\u0119 zrozumia\u0142a zmagania ofiary po wypadku, i to jest moja misja.","breadcrumb":{"@id":"https:\/\/plattalaw.com\/pl\/nasi-prawnicy\/evi-kallfa\/#breadcrumb"},"inLanguage":"pl-PL","potentialAction":[{"@type":"ReadAction","target":["https:\/\/plattalaw.com\/pl\/nasi-prawnicy\/evi-kallfa\/"]}]},{"@type":"ImageObject","inLanguage":"pl-PL","@id":"https:\/\/plattalaw.com\/pl\/nasi-prawnicy\/evi-kallfa\/#primaryimage","url":"https:\/\/plattalaw.com\/wp-content\/uploads\/2025\/08\/Evi-Kallfa-abogado-de-lesiones-personales-en-nueva-york-300x300-1.webp","contentUrl":"https:\/\/plattalaw.com\/wp-content\/uploads\/2025\/08\/Evi-Kallfa-abogado-de-lesiones-personales-en-nueva-york-300x300-1.webp"},{"@type":"BreadcrumbList","@id":"https:\/\/plattalaw.com\/pl\/nasi-prawnicy\/evi-kallfa\/#breadcrumb","itemListElement":[{"@type":"ListItem","position":1,"name":"Strona g\u0142\u00f3wna","item":"https:\/\/plattalaw.com\/pl\/strona-glowna\/"},{"@type":"ListItem","position":2,"name":"Nasi prawnicy","item":"https:\/\/plattalaw.com\/pl\/our-attorneys\/"},{"@type":"ListItem","position":3,"name":"Evi Kallfa"}]},{"@type":"WebSite","@id":"https:\/\/plattalaw.com\/pl\/#website","url":"https:\/\/plattalaw.com\/pl\/","name":"The Platta Law Firm","description":"Personal Injury Lawyer","publisher":{"@id":"https:\/\/plattalaw.com\/pl\/#organization"},"potentialAction":[{"@type":"SearchAction","target":{"@type":"EntryPoint","urlTemplate":"https:\/\/plattalaw.com\/pl\/?s={search_term_string}"},"query-input":{"@type":"PropertyValueSpecification","valueRequired":true,"valueName":"search_term_string"}}],"inLanguage":"pl-PL"},{"@type":"Organization","@id":"https:\/\/plattalaw.com\/pl\/#organization","name":"Kancelaria Prawna Platta","url":"https:\/\/plattalaw.com\/pl\/","logo":{"@type":"ImageObject","inLanguage":"pl-PL","@id":"https:\/\/plattalaw.com\/pl\/#\/schema\/logo\/image\/","url":"https:\/\/plattalaw.com\/wp-content\/uploads\/2021\/07\/The-Platta-Law-Firm-Website-Logo.webp","contentUrl":"https:\/\/plattalaw.com\/wp-content\/uploads\/2021\/07\/The-Platta-Law-Firm-Website-Logo.webp","width":1648,"height":198,"caption":"Kancelaria Prawna Platta"},"image":{"@id":"https:\/\/plattalaw.com\/pl\/#\/schema\/logo\/image\/"}}]}},"_links":{"self":[{"href":"https:\/\/plattalaw.com\/pl\/wp-json\/wp\/v2\/pages\/117162","targetHints":{"allow":["GET"]}}],"collection":[{"href":"https:\/\/plattalaw.com\/pl\/wp-json\/wp\/v2\/pages"}],"about":[{"href":"https:\/\/plattalaw.com\/pl\/wp-json\/wp\/v2\/types\/page"}],"author":[{"embeddable":true,"href":"https:\/\/plattalaw.com\/pl\/wp-json\/wp\/v2\/users\/2"}],"replies":[{"embeddable":true,"href":"https:\/\/plattalaw.com\/pl\/wp-json\/wp\/v2\/comments?post=117162"}],"version-history":[{"count":0,"href":"https:\/\/plattalaw.com\/pl\/wp-json\/wp\/v2\/pages\/117162\/revisions"}],"up":[{"embeddable":true,"href":"https:\/\/plattalaw.com\/pl\/wp-json\/wp\/v2\/pages\/117090"}],"wp:attachment":[{"href":"https:\/\/plattalaw.com\/pl\/wp-json\/wp\/v2\/media?parent=117162"}],"curies":[{"name":"wp","href":"https:\/\/api.w.org\/{rel}","templated":true}]}}