{"id":117158,"date":"2021-08-11T15:25:48","date_gmt":"2021-08-11T19:25:48","guid":{"rendered":"https:\/\/plattalaw.com\/czesto-zadawane-pytania\/honorarium-prawnika\/"},"modified":"2026-03-18T09:53:41","modified_gmt":"2026-03-18T13:53:41","slug":"honorarium-prawnika","status":"publish","type":"page","link":"https:\/\/plattalaw.com\/pl\/czesto-zadawane-pytania\/honorarium-prawnika\/","title":{"rendered":"Honorarium prawnika"},"content":{"rendered":"\t\t<div data-elementor-type=\"wp-page\" data-elementor-id=\"117158\" class=\"elementor elementor-117158 elementor-4420\" data-elementor-post-type=\"page\">\n\t\t\t\t<div class=\"elementor-element elementor-element-ef255bc elementor-hidden-tablet e-flex e-con-boxed e-con e-parent\" data-id=\"ef255bc\" data-element_type=\"container\" data-e-type=\"container\" data-settings=\"{&quot;background_background&quot;:&quot;classic&quot;}\">\n\t\t\t\t\t<div class=\"e-con-inner\">\n\t\t<div class=\"elementor-element elementor-element-f8c58c9 e-con-full e-flex e-con e-child\" data-id=\"f8c58c9\" data-element_type=\"container\" data-e-type=\"container\">\n\t\t\t\t<div class=\"elementor-element elementor-element-1cd12a1 elementor-hidden-desktop elementor-hidden-tablet elementor-widget-mobile__width-initial elementor-widget elementor-widget-heading\" data-id=\"1cd12a1\" data-element_type=\"widget\" data-e-type=\"widget\" data-widget_type=\"heading.default\">\n\t\t\t\t\t<p class=\"elementor-heading-title elementor-size-default\">Cz\u0119sto zadawane pytania dotycz\u0105ce honorarium adwokackiego<\/p>\t\t\t\t<\/div>\n\t\t\t\t<div class=\"elementor-element elementor-element-694ce91 elementor-align-center elementor-hidden-desktop elementor-hidden-tablet elementor-widget elementor-widget-button\" data-id=\"694ce91\" data-element_type=\"widget\" data-e-type=\"widget\" data-widget_type=\"button.default\">\n\t\t\t\t\t\t\t\t\t\t<a class=\"elementor-button elementor-button-link elementor-size-sm elementor-animation-shrink\" href=\"#free-case-evaluation\">\n\t\t\t\t\t\t<span class=\"elementor-button-content-wrapper\">\n\t\t\t\t\t\t\t\t\t<span class=\"elementor-button-text\">Bezp\u0142atna ocena sprawy<\/span>\n\t\t\t\t\t<\/span>\n\t\t\t\t\t<\/a>\n\t\t\t\t\t\t\t\t<\/div>\n\t\t\t\t<\/div>\n\t\t\t\t\t<\/div>\n\t\t\t\t<\/div>\n\t\t<div class=\"elementor-element elementor-element-8d49d9f e-flex e-con-boxed e-con e-parent\" data-id=\"8d49d9f\" data-element_type=\"container\" data-e-type=\"container\">\n\t\t\t\t\t<div class=\"e-con-inner\">\n\t\t<div class=\"elementor-element elementor-element-9f1796f e-con-full e-flex e-con e-child\" data-id=\"9f1796f\" data-element_type=\"container\" data-e-type=\"container\">\n\t\t\t\t<div class=\"elementor-element elementor-element-9d65831 elementor-hidden-mobile elementor-widget elementor-widget-heading\" data-id=\"9d65831\" data-element_type=\"widget\" data-e-type=\"widget\" data-widget_type=\"heading.default\">\n\t\t\t\t\t<h1 class=\"elementor-heading-title elementor-size-default\">Honorarium prawnika<\/h1>\t\t\t\t<\/div>\n\t\t\t\t<div class=\"elementor-element elementor-element-1e5bc83 elementor-widget elementor-widget-text-editor\" data-id=\"1e5bc83\" data-element_type=\"widget\" data-e-type=\"widget\" data-widget_type=\"text-editor.default\">\n\t\t\t\t\t\t\t\t\t<p>Adwokaci specjalizuj\u0105cy si\u0119 w sprawach o odszkodowanie za obra\u017cenia cia\u0142a prowadz\u0105 sprawy na zasadzie wynagrodzenia warunkowego. Oznacza to, \u017ce honorarium adwokata w sprawie jest ustalane na podstawie kwoty odszkodowania dla poszkodowanego powoda. Standardowe honorarium adwokata w sprawie o odszkodowanie za obra\u017cenia cia\u0142a wynosi 33 1\/3% ca\u0142kowitej kwoty odszkodowania. Jest to w bran\u017cy znane jako wynagrodzenie warunkowe (contingency fee). Odszkodowanie mo\u017ce pochodzi\u0107 z wyroku, ugody lub orzeczenia. Generalnie istniej\u0105 dwie metody obliczania honorarium adwokata w sprawie o odszkodowanie za obra\u017cenia cia\u0142a. Adwokat powinien przedstawi\u0107 poszkodowanemu powodowi obie opcje w momencie podpisywania umowy o \u015bwiadczenie us\u0142ug prawnych.      <\/p><h2 style=\"color: #001d3d;\">Jak obliczy\u0107 honorarium adwokata w sprawie o odszkodowanie za obra\u017cenia cia\u0142a<\/h2><p>Pierwsza opcja dotycz\u0105ca honorarium adwokata zak\u0142ada, \u017ce kancelaria prawna pokrywa koszty post\u0119powania s\u0105dowego. W ramach tej opcji honorarium adwokata jest pobierane z ca\u0142kowitej kwoty odszkodowania, zanim zostan\u0105 uwzgl\u0119dnione jakiekolwiek wydatki. Nast\u0119pnie, po pobraniu honorarium adwokata, kwota odszkodowania jest pomniejszana o wydatki kancelarii zwi\u0105zane z prowadzeniem sprawy. Poszkodowany pow\u00f3d otrzyma pozosta\u0142\u0105 kwot\u0119, czyli \u201eodszkodowanie netto\u201d. Je\u015bli w sprawie nie zostanie przyznana \u017cadna kwota pieni\u0119\u017cna, kancelaria nie mo\u017ce odzyska\u0107 wydatk\u00f3w od poszkodowanego powoda. Adwokat musi ponie\u015b\u0107 strat\u0119. Na przyk\u0142ad, za\u0142\u00f3\u017cmy, \u017ce ca\u0142kowita ugoda w sprawie wynosi 100 000 $ a wydatki 10 000 $.      <\/p><p>W tym scenariuszu, zgodnie z opcj\u0105 numer jeden, honorarium adwokata wynios\u0142oby 33 1\/3% ze 100 000 $, czyli 33 330 $. Odszkodowanie netto dla poszkodowanego powoda wynosi zatem 66 670 $, pomniejszone o 10 000 $ wydatk\u00f3w. Zgodnie z opcj\u0105 numer jeden, poszkodowany pow\u00f3d otrzyma\u0142by odszkodowanie netto w wysoko\u015bci 56 670 $. Druga opcja dotycz\u0105ca honorarium adwokata zak\u0142ada, \u017ce klient wp\u0142aca pieni\u0105dze na konto z g\u00f3ry. Pieni\u0105dze te s\u0105 wykorzystywane na pokrycie koszt\u00f3w prowadzenia sprawy. W ramach tej opcji honorarium adwokata jest pobierane z odzyskanej kwoty netto, po pomniejszeniu ca\u0142kowitej kwoty odszkodowania o wydatki zwi\u0105zane ze spraw\u0105.     <\/p><p>Je\u015bli w sprawie nie nast\u0105pi odzyskanie \u015brodk\u00f3w, poszkodowany pow\u00f3d nie mo\u017ce odzyska\u0107 wydatk\u00f3w od adwokata. Musi ponie\u015b\u0107 strat\u0119. Na przyk\u0142ad, za\u0142\u00f3\u017cmy ponownie, \u017ce ca\u0142kowita ugoda wynosi 100 000 $, a wydatki 10 000 $. W tym scenariuszu, zgodnie z opcj\u0105 numer dwa, odszkodowanie netto wynosi 90 000 $ (100 000 $ minus wydatki). Z tej kwoty pobierane jest honorarium adwokata w wysoko\u015bci 33 1\/3%, czyli 30 000 $. Pozostawi\u0142oby to poszkodowanemu powodowi odszkodowanie netto w wysoko\u015bci 60 000 $.     <\/p><h2 style=\"color: #001d3d;\">Kt\u00f3ra opcja jest lepsza w przypadku honorarium adwokata?<\/h2><p>Wi\u0119kszo\u015b\u0107 poszkodowanych powod\u00f3w wybiera opcj\u0119 numer jeden z oczywistych powod\u00f3w. G\u0142\u00f3wnym powodem jest to, \u017ce w ramach opcji numer jeden koszty prowadzenia sprawy s\u0105 pokrywane przez adwokata, a nie przez poszkodowanego powoda. Prowadzenie sprawy s\u0105dowej mo\u017ce by\u0107 niezwykle kosztowne. Rzeczywi\u015bcie, koszty rozpraw s\u0105dowych, sk\u0142adania dokument\u00f3w i ekspertyz mog\u0105 si\u0119ga\u0107 dziesi\u0105tek tysi\u0119cy dolar\u00f3w. Wi\u0119kszo\u015b\u0107 ludzi nie jest w stanie zap\u0142aci\u0107 tych pieni\u0119dzy z g\u00f3ry. Ponadto, w ramach opcji numer jeden, je\u015bli sprawa nie zako\u0144czy si\u0119 odzyskaniem \u015brodk\u00f3w, to kancelaria, a nie poszkodowany pow\u00f3d, ponosi koszty poniesionych wydatk\u00f3w. Podsumowuj\u0105c, podpisuj\u0105c umow\u0119 o \u015bwiadczenie us\u0142ug prawnych, poszkodowany pow\u00f3d powinien zawsze szczeg\u00f3\u0142owo om\u00f3wi\u0107 z adwokatem kwesti\u0119 honorarium. Zapewni to wyb\u00f3r opcji, kt\u00f3ra najlepiej odpowiada jego sytuacji.       <\/p>\t\t\t\t\t\t\t\t<\/div>\n\t\t\t\t<\/div>\n\t\t\t\t\t<\/div>\n\t\t\t\t<\/div>\n\t\t\t\t<\/div>\n\t\t","protected":false},"excerpt":{"rendered":"<p>Cz\u0119sto zadawane pytania dotycz\u0105ce honorarium adwokackiego Bezp\u0142atna ocena sprawy Honorarium prawnika Adwokaci specjalizuj\u0105cy si\u0119 w sprawach o odszkodowanie za obra\u017cenia cia\u0142a prowadz\u0105 sprawy na zasadzie wynagrodzenia warunkowego. Oznacza to, \u017ce honorarium adwokata w sprawie jest ustalane na podstawie kwoty odszkodowania dla poszkodowanego powoda. Standardowe honorarium adwokata w sprawie o odszkodowanie za obra\u017cenia cia\u0142a wynosi 33 [&hellip;]<\/p>\n","protected":false},"author":2,"featured_media":0,"parent":117118,"menu_order":0,"comment_status":"closed","ping_status":"closed","template":"elementor_header_footer","meta":{"footnotes":""},"class_list":["post-117158","page","type-page","status-publish","hentry"],"yoast_head":"<!-- This site is optimized with the Yoast SEO Premium plugin v27.4 (Yoast SEO v27.4) - https:\/\/yoast.com\/product\/yoast-seo-premium-wordpress\/ -->\n<title>Honorarium prawnika - The Platta Law Firm<\/title>\n<meta name=\"description\" content=\"Kancelaria Prawna Platta nie pobierze od Pa\u0144stwa \u017cadnych op\u0142at z g\u00f3ry. Dzia\u0142amy na zasadzie wynagrodzenia warunkowego, a je\u015bli wygramy Pa\u0144stwa spraw\u0119, wtedy otrzymujemy wynagrodzenie.\" \/>\n<meta name=\"robots\" content=\"index, follow, max-snippet:-1, max-image-preview:large, max-video-preview:-1\" \/>\n<link rel=\"canonical\" href=\"https:\/\/plattalaw.com\/pl\/czesto-zadawane-pytania\/honorarium-prawnika\/\" \/>\n<meta property=\"og:locale\" content=\"pl_PL\" \/>\n<meta property=\"og:type\" content=\"article\" \/>\n<meta property=\"og:title\" content=\"Honorarium prawnika\" \/>\n<meta property=\"og:description\" content=\"Kancelaria Prawna Platta nie pobierze od Pa\u0144stwa \u017cadnych op\u0142at z g\u00f3ry. Dzia\u0142amy na zasadzie wynagrodzenia warunkowego, a je\u015bli wygramy Pa\u0144stwa spraw\u0119, wtedy otrzymujemy wynagrodzenie.\" \/>\n<meta property=\"og:url\" content=\"https:\/\/plattalaw.com\/pl\/czesto-zadawane-pytania\/honorarium-prawnika\/\" \/>\n<meta property=\"og:site_name\" content=\"The Platta Law Firm\" \/>\n<meta property=\"article:modified_time\" content=\"2026-03-18T13:53:41+00:00\" \/>\n<meta name=\"twitter:card\" content=\"summary_large_image\" \/>\n<meta name=\"twitter:label1\" content=\"Szacowany czas czytania\" \/>\n\t<meta name=\"twitter:data1\" content=\"3 minuty\" \/>\n<script type=\"application\/ld+json\" class=\"yoast-schema-graph\">{\"@context\":\"https:\\\/\\\/schema.org\",\"@graph\":[{\"@type\":\"WebPage\",\"@id\":\"https:\\\/\\\/plattalaw.com\\\/pl\\\/czesto-zadawane-pytania\\\/honorarium-prawnika\\\/\",\"url\":\"https:\\\/\\\/plattalaw.com\\\/pl\\\/czesto-zadawane-pytania\\\/honorarium-prawnika\\\/\",\"name\":\"Honorarium prawnika - The Platta Law Firm\",\"isPartOf\":{\"@id\":\"https:\\\/\\\/plattalaw.com\\\/pl\\\/#website\"},\"datePublished\":\"2021-08-11T19:25:48+00:00\",\"dateModified\":\"2026-03-18T13:53:41+00:00\",\"description\":\"Kancelaria Prawna Platta nie pobierze od Pa\u0144stwa \u017cadnych op\u0142at z g\u00f3ry. Dzia\u0142amy na zasadzie wynagrodzenia warunkowego, a je\u015bli wygramy Pa\u0144stwa spraw\u0119, wtedy otrzymujemy wynagrodzenie.\",\"breadcrumb\":{\"@id\":\"https:\\\/\\\/plattalaw.com\\\/pl\\\/czesto-zadawane-pytania\\\/honorarium-prawnika\\\/#breadcrumb\"},\"inLanguage\":\"pl-PL\",\"potentialAction\":[{\"@type\":\"ReadAction\",\"target\":[\"https:\\\/\\\/plattalaw.com\\\/pl\\\/czesto-zadawane-pytania\\\/honorarium-prawnika\\\/\"]}]},{\"@type\":\"BreadcrumbList\",\"@id\":\"https:\\\/\\\/plattalaw.com\\\/pl\\\/czesto-zadawane-pytania\\\/honorarium-prawnika\\\/#breadcrumb\",\"itemListElement\":[{\"@type\":\"ListItem\",\"position\":1,\"name\":\"Strona g\u0142\u00f3wna\",\"item\":\"https:\\\/\\\/plattalaw.com\\\/pl\\\/\"},{\"@type\":\"ListItem\",\"position\":2,\"name\":\"Cz\u0119sto zadawane pytania\",\"item\":\"https:\\\/\\\/plattalaw.com\\\/pl\\\/czesto-zadawane-pytania\\\/\"},{\"@type\":\"ListItem\",\"position\":3,\"name\":\"Honorarium prawnika\"}]},{\"@type\":\"WebSite\",\"@id\":\"https:\\\/\\\/plattalaw.com\\\/pl\\\/#website\",\"url\":\"https:\\\/\\\/plattalaw.com\\\/pl\\\/\",\"name\":\"The Platta Law Firm\",\"description\":\"Personal Injury Lawyer\",\"publisher\":{\"@id\":\"https:\\\/\\\/plattalaw.com\\\/pl\\\/#organization\"},\"potentialAction\":[{\"@type\":\"SearchAction\",\"target\":{\"@type\":\"EntryPoint\",\"urlTemplate\":\"https:\\\/\\\/plattalaw.com\\\/pl\\\/?s={search_term_string}\"},\"query-input\":{\"@type\":\"PropertyValueSpecification\",\"valueRequired\":true,\"valueName\":\"search_term_string\"}}],\"inLanguage\":\"pl-PL\"},{\"@type\":\"Organization\",\"@id\":\"https:\\\/\\\/plattalaw.com\\\/pl\\\/#organization\",\"name\":\"Kancelaria Prawna Platta\",\"url\":\"https:\\\/\\\/plattalaw.com\\\/pl\\\/\",\"logo\":{\"@type\":\"ImageObject\",\"inLanguage\":\"pl-PL\",\"@id\":\"https:\\\/\\\/plattalaw.com\\\/pl\\\/#\\\/schema\\\/logo\\\/image\\\/\",\"url\":\"https:\\\/\\\/plattalaw.com\\\/wp-content\\\/uploads\\\/2021\\\/07\\\/The-Platta-Law-Firm-Website-Logo.webp\",\"contentUrl\":\"https:\\\/\\\/plattalaw.com\\\/wp-content\\\/uploads\\\/2021\\\/07\\\/The-Platta-Law-Firm-Website-Logo.webp\",\"width\":1648,\"height\":198,\"caption\":\"Kancelaria Prawna Platta\"},\"image\":{\"@id\":\"https:\\\/\\\/plattalaw.com\\\/pl\\\/#\\\/schema\\\/logo\\\/image\\\/\"}}]}<\/script>\n<!-- \/ Yoast SEO Premium plugin. -->","yoast_head_json":{"title":"Honorarium prawnika - The Platta Law Firm","description":"Kancelaria Prawna Platta nie pobierze od Pa\u0144stwa \u017cadnych op\u0142at z g\u00f3ry. Dzia\u0142amy na zasadzie wynagrodzenia warunkowego, a je\u015bli wygramy Pa\u0144stwa spraw\u0119, wtedy otrzymujemy wynagrodzenie.","robots":{"index":"index","follow":"follow","max-snippet":"max-snippet:-1","max-image-preview":"max-image-preview:large","max-video-preview":"max-video-preview:-1"},"canonical":"https:\/\/plattalaw.com\/pl\/czesto-zadawane-pytania\/honorarium-prawnika\/","og_locale":"pl_PL","og_type":"article","og_title":"Honorarium prawnika","og_description":"Kancelaria Prawna Platta nie pobierze od Pa\u0144stwa \u017cadnych op\u0142at z g\u00f3ry. Dzia\u0142amy na zasadzie wynagrodzenia warunkowego, a je\u015bli wygramy Pa\u0144stwa spraw\u0119, wtedy otrzymujemy wynagrodzenie.","og_url":"https:\/\/plattalaw.com\/pl\/czesto-zadawane-pytania\/honorarium-prawnika\/","og_site_name":"The Platta Law Firm","article_modified_time":"2026-03-18T13:53:41+00:00","twitter_card":"summary_large_image","twitter_misc":{"Szacowany czas czytania":"3 minuty"},"schema":{"@context":"https:\/\/schema.org","@graph":[{"@type":"WebPage","@id":"https:\/\/plattalaw.com\/pl\/czesto-zadawane-pytania\/honorarium-prawnika\/","url":"https:\/\/plattalaw.com\/pl\/czesto-zadawane-pytania\/honorarium-prawnika\/","name":"Honorarium prawnika - The Platta Law Firm","isPartOf":{"@id":"https:\/\/plattalaw.com\/pl\/#website"},"datePublished":"2021-08-11T19:25:48+00:00","dateModified":"2026-03-18T13:53:41+00:00","description":"Kancelaria Prawna Platta nie pobierze od Pa\u0144stwa \u017cadnych op\u0142at z g\u00f3ry. Dzia\u0142amy na zasadzie wynagrodzenia warunkowego, a je\u015bli wygramy Pa\u0144stwa spraw\u0119, wtedy otrzymujemy wynagrodzenie.","breadcrumb":{"@id":"https:\/\/plattalaw.com\/pl\/czesto-zadawane-pytania\/honorarium-prawnika\/#breadcrumb"},"inLanguage":"pl-PL","potentialAction":[{"@type":"ReadAction","target":["https:\/\/plattalaw.com\/pl\/czesto-zadawane-pytania\/honorarium-prawnika\/"]}]},{"@type":"BreadcrumbList","@id":"https:\/\/plattalaw.com\/pl\/czesto-zadawane-pytania\/honorarium-prawnika\/#breadcrumb","itemListElement":[{"@type":"ListItem","position":1,"name":"Strona g\u0142\u00f3wna","item":"https:\/\/plattalaw.com\/pl\/"},{"@type":"ListItem","position":2,"name":"Cz\u0119sto zadawane pytania","item":"https:\/\/plattalaw.com\/pl\/czesto-zadawane-pytania\/"},{"@type":"ListItem","position":3,"name":"Honorarium prawnika"}]},{"@type":"WebSite","@id":"https:\/\/plattalaw.com\/pl\/#website","url":"https:\/\/plattalaw.com\/pl\/","name":"The Platta Law Firm","description":"Personal Injury Lawyer","publisher":{"@id":"https:\/\/plattalaw.com\/pl\/#organization"},"potentialAction":[{"@type":"SearchAction","target":{"@type":"EntryPoint","urlTemplate":"https:\/\/plattalaw.com\/pl\/?s={search_term_string}"},"query-input":{"@type":"PropertyValueSpecification","valueRequired":true,"valueName":"search_term_string"}}],"inLanguage":"pl-PL"},{"@type":"Organization","@id":"https:\/\/plattalaw.com\/pl\/#organization","name":"Kancelaria Prawna Platta","url":"https:\/\/plattalaw.com\/pl\/","logo":{"@type":"ImageObject","inLanguage":"pl-PL","@id":"https:\/\/plattalaw.com\/pl\/#\/schema\/logo\/image\/","url":"https:\/\/plattalaw.com\/wp-content\/uploads\/2021\/07\/The-Platta-Law-Firm-Website-Logo.webp","contentUrl":"https:\/\/plattalaw.com\/wp-content\/uploads\/2021\/07\/The-Platta-Law-Firm-Website-Logo.webp","width":1648,"height":198,"caption":"Kancelaria Prawna Platta"},"image":{"@id":"https:\/\/plattalaw.com\/pl\/#\/schema\/logo\/image\/"}}]}},"_links":{"self":[{"href":"https:\/\/plattalaw.com\/pl\/wp-json\/wp\/v2\/pages\/117158","targetHints":{"allow":["GET"]}}],"collection":[{"href":"https:\/\/plattalaw.com\/pl\/wp-json\/wp\/v2\/pages"}],"about":[{"href":"https:\/\/plattalaw.com\/pl\/wp-json\/wp\/v2\/types\/page"}],"author":[{"embeddable":true,"href":"https:\/\/plattalaw.com\/pl\/wp-json\/wp\/v2\/users\/2"}],"replies":[{"embeddable":true,"href":"https:\/\/plattalaw.com\/pl\/wp-json\/wp\/v2\/comments?post=117158"}],"version-history":[{"count":0,"href":"https:\/\/plattalaw.com\/pl\/wp-json\/wp\/v2\/pages\/117158\/revisions"}],"up":[{"embeddable":true,"href":"https:\/\/plattalaw.com\/pl\/wp-json\/wp\/v2\/pages\/117118"}],"wp:attachment":[{"href":"https:\/\/plattalaw.com\/pl\/wp-json\/wp\/v2\/media?parent=117158"}],"curies":[{"name":"wp","href":"https:\/\/api.w.org\/{rel}","templated":true}]}}