{"id":117153,"date":"2021-08-11T20:36:57","date_gmt":"2021-08-12T00:36:57","guid":{"rendered":"https:\/\/plattalaw.com\/polityka-prywatnosci\/"},"modified":"2026-03-13T15:36:57","modified_gmt":"2026-03-13T19:36:57","slug":"polityka-prywatnosci","status":"publish","type":"page","link":"https:\/\/plattalaw.com\/pl\/polityka-prywatnosci\/","title":{"rendered":"Polityka prywatno\u015bci"},"content":{"rendered":"\t\t<div data-elementor-type=\"wp-page\" data-elementor-id=\"117153\" class=\"elementor elementor-117153 elementor-4888\" data-elementor-post-type=\"page\">\n\t\t\t\t<div class=\"elementor-element elementor-element-e1a432b elementor-hidden-tablet e-flex e-con-boxed e-con e-parent\" data-id=\"e1a432b\" data-element_type=\"container\" data-e-type=\"container\" data-settings=\"{&quot;background_background&quot;:&quot;classic&quot;}\">\n\t\t\t\t\t<div class=\"e-con-inner\">\n\t\t\t\t<div class=\"elementor-element elementor-element-3dce0d8 elementor-hidden-desktop elementor-hidden-tablet elementor-widget-mobile__width-initial elementor-widget elementor-widget-heading\" data-id=\"3dce0d8\" data-element_type=\"widget\" data-e-type=\"widget\" data-widget_type=\"heading.default\">\n\t\t\t\t\t<p class=\"elementor-heading-title elementor-size-default\">Polityka prywatno\u015bci<\/p>\t\t\t\t<\/div>\n\t\t\t\t<div class=\"elementor-element elementor-element-38b491c elementor-align-center elementor-hidden-desktop elementor-hidden-tablet elementor-widget elementor-widget-button\" data-id=\"38b491c\" data-element_type=\"widget\" data-e-type=\"widget\" data-widget_type=\"button.default\">\n\t\t\t\t\t\t\t\t\t\t<a class=\"elementor-button elementor-button-link elementor-size-sm elementor-animation-shrink\" href=\"#free-case-evaluation\">\n\t\t\t\t\t\t<span class=\"elementor-button-content-wrapper\">\n\t\t\t\t\t\t\t\t\t<span class=\"elementor-button-text\">Bezp\u0142atna ocena sprawy<\/span>\n\t\t\t\t\t<\/span>\n\t\t\t\t\t<\/a>\n\t\t\t\t\t\t\t\t<\/div>\n\t\t\t\t\t<\/div>\n\t\t\t\t<\/div>\n\t\t<div class=\"elementor-element elementor-element-21e7485 e-flex e-con-boxed e-con e-parent\" data-id=\"21e7485\" data-element_type=\"container\" data-e-type=\"container\">\n\t\t\t\t\t<div class=\"e-con-inner\">\n\t\t\t\t<div class=\"elementor-element elementor-element-5c04f0d elementor-widget elementor-widget-text-editor\" data-id=\"5c04f0d\" data-element_type=\"widget\" data-e-type=\"widget\" data-widget_type=\"text-editor.default\">\n\t\t\t\t\t\t\t\t\t<h1>Zastrze\u017cenie<\/h1>\nInformacje zawarte na tej stronie internetowej maj\u0105 wy\u0142\u0105cznie charakter informacyjny. Niniejsza strona zawiera szczeg\u00f3\u0142y dotycz\u0105ce kwestii prawnych, ale nie stanowi to porady prawnej. \n<h2>Nasze zobowi\u0105zanie do ochrony Twojej prywatno\u015bci<\/h2>\nW Kancelarii Prawnej Platta, dost\u0119pnej pod adresem https:\/\/plattalaw.com\/, jednym z naszych g\u0142\u00f3wnych priorytet\u00f3w jest prywatno\u015b\u0107 naszych odwiedzaj\u0105cych. Niniejszy dokument Polityki Prywatno\u015bci zawiera rodzaje informacji, kt\u00f3re s\u0105 zbierane i rejestrowane przez Kancelari\u0119 Prawn\u0105 Platta oraz spos\u00f3b ich wykorzystania. Je\u015bli masz dodatkowe pytania lub potrzebujesz wi\u0119cej informacji na temat naszej Polityki Prywatno\u015bci, prosimy o kontakt.  \n\nNiniejsza Polityka Prywatno\u015bci dotyczy wy\u0142\u0105cznie naszych dzia\u0142a\u0144 online i jest wa\u017cna dla odwiedzaj\u0105cych nasz\u0105 stron\u0119 internetow\u0105 w odniesieniu do informacji, kt\u00f3re udost\u0119pnili i\/lub kt\u00f3re s\u0105 zbierane w Kancelarii Prawnej Platta. Niniejsza polityka nie dotyczy \u017cadnych informacji zbieranych offline ani za po\u015brednictwem kana\u0142\u00f3w innych ni\u017c ta strona internetowa. Nasza Polityka Prywatno\u015bci zosta\u0142a stworzona przy pomocy Free Privacy Policy Generator i Privacy Policy Generator.  \n<h2>Zgoda<\/h2>\nKorzystaj\u0105c z naszej strony internetowej, wyra\u017casz zgod\u0119 na nasz\u0105 Polityk\u0119 Prywatno\u015bci i akceptujesz jej warunki. Nasze Warunki i Zasady s\u0105 dost\u0119pne w Generatorze Warunk\u00f3w i Zasad. \n<h2>Zbierane przez nas informacje<\/h2>\nOsobiste informacje, o kt\u00f3re zostaniesz poproszony\/a, oraz powody, dla kt\u00f3rych o nie prosimy, zostan\u0105 jasno przedstawione w momencie, gdy poprosimy Ci\u0119 o podanie Twoich danych osobowych. Je\u015bli skontaktujesz si\u0119 z nami bezpo\u015brednio, mo\u017cemy otrzyma\u0107 dodatkowe informacje o Tobie, takie jak imi\u0119 i nazwisko, adres e-mail, numer telefonu, tre\u015b\u0107 wiadomo\u015bci i\/lub za\u0142\u0105cznik\u00f3w, kt\u00f3re mo\u017cesz nam wys\u0142a\u0107, oraz wszelkie inne informacje, kt\u00f3re zdecydujesz si\u0119 poda\u0107.  . Podczas rejestracji konta mo\u017cemy poprosi\u0107 o Twoje dane kontaktowe, w tym imi\u0119 i nazwisko, nazw\u0119 firmy, adres, adres e-mail i numer telefonu.\n<h2>Jak wykorzystujemy Twoje informacje<\/h2>\nWykorzystujemy zebrane informacje na r\u00f3\u017cne sposoby, w tym do:\n<ul>\n \t<li>Zapewnienia, obs\u0142ugi i utrzymania naszej strony internetowej.<\/li>\n \t<li>Ulepszania, personalizowania i rozszerzania naszej strony internetowej.<\/li>\n \t<li>Zrozumienia i analizowania sposobu korzystania z naszej strony internetowej.<\/li>\n \t<li>Opracowywania nowych produkt\u00f3w, us\u0142ug, funkcji i funkcjonalno\u015bci.<\/li>\n \t<li>Komunikowania si\u0119 z Tob\u0105, bezpo\u015brednio lub za po\u015brednictwem jednego z naszych partner\u00f3w, w tym w celu obs\u0142ugi klienta, dostarczania aktualizacji i innych informacji zwi\u0105zanych ze stron\u0105 internetow\u0105, a tak\u017ce w celach promocyjnych i marketingowych.<\/li>\n \t<li>Wysy\u0142ania Ci wiadomo\u015bci e-mail.<\/li>\n \t<li>Wykrywania i zapobiegania oszustwom.<\/li>\n<\/ul>\n<h2>Pliki dziennika<\/h2>\nKancelaria Prawna Platta stosuje standardow\u0105 procedur\u0119 u\u017cywania plik\u00f3w dziennika. Pliki te rejestruj\u0105 odwiedzaj\u0105cych podczas ich wizyt na stronach internetowych. Wszystkie firmy hostingowe to robi\u0105 i jest to cz\u0119\u015b\u0107 analizy us\u0142ug hostingowych. Informacje zbierane przez pliki dziennika obejmuj\u0105 adresy protoko\u0142u internetowego (IP), typ przegl\u0105darki, dostawc\u0119 us\u0142ug internetowych (ISP), znacznik daty i czasu, strony odsy\u0142aj\u0105ce\/wyj\u015bciowe oraz ewentualnie liczb\u0119 klikni\u0119\u0107. Nie s\u0105 one powi\u0105zane z \u017cadnymi informacjami umo\u017cliwiaj\u0105cymi identyfikacj\u0119 osobist\u0105. Celem tych informacji jest analiza trend\u00f3w, administrowanie stron\u0105, \u015bledzenie ruchu u\u017cytkownik\u00f3w na stronie internetowej oraz zbieranie danych demograficznych.     \n<h2>Polityka prywatno\u015bci partner\u00f3w reklamowych<\/h2>\nMo\u017cesz zapozna\u0107 si\u0119 z t\u0105 list\u0105, aby znale\u017a\u0107 Polityk\u0119 Prywatno\u015bci dla ka\u017cdego z partner\u00f3w reklamowych Kancelarii Prawnej Platta. Zewn\u0119trzne serwery reklamowe lub sieci reklamowe u\u017cywaj\u0105 technologii takich jak pliki cookie, JavaScript lub sygna\u0142y nawigacyjne (Web Beacons), kt\u00f3re s\u0105 wykorzystywane w ich odpowiednich reklamach i linkach pojawiaj\u0105cych si\u0119 na naszej stronie internetowej, kt\u00f3re s\u0105 wysy\u0142ane bezpo\u015brednio do przegl\u0105darek u\u017cytkownik\u00f3w. Automatycznie otrzymuj\u0105 one Tw\u00f3j adres IP, gdy to nast\u0105pi. Technologie te s\u0105 wykorzystywane do mierzenia skuteczno\u015bci kampanii reklamowych i\/lub do personalizowania tre\u015bci reklamowych, kt\u00f3re widzisz na odwiedzanych stronach internetowych. Nale\u017cy pami\u0119ta\u0107, \u017ce Kancelaria Prawna Platta nie ma dost\u0119pu ani kontroli nad tymi plikami cookie u\u017cywanymi przez zewn\u0119trznych reklamodawc\u00f3w.    \n<h2>Polityka prywatno\u015bci stron trzecich<\/h2>\nPolityka Prywatno\u015bci Kancelarii Prawnej Platta nie dotyczy innych reklamodawc\u00f3w ani stron internetowych. Dlatego zalecamy zapoznanie si\u0119 z odpowiednimi Politykami Prywatno\u015bci tych zewn\u0119trznych serwer\u00f3w reklamowych w celu uzyskania bardziej szczeg\u00f3\u0142owych informacji. Mog\u0105 one zawiera\u0107 ich praktyki i instrukcje dotycz\u0105ce rezygnacji z niekt\u00f3rych opcji. Mo\u017cesz wy\u0142\u0105czy\u0107 pliki cookie za pomoc\u0105 indywidualnych opcji przegl\u0105darki. Bardziej szczeg\u00f3\u0142owe informacje na temat zarz\u0105dzania plikami cookie w poszczeg\u00f3lnych przegl\u0105darkach internetowych mo\u017cna znale\u017a\u0107 na stronach internetowych tych przegl\u0105darek.    \n<h2>Prawa do prywatno\u015bci CCPA (nie sprzedawaj moich danych osobowych)<\/h2>\nZgodnie z CCPA, mi\u0119dzy innymi, konsumenci z Kalifornii maj\u0105 prawo do: \u017c\u0105dania od firmy, kt\u00f3ra zbiera dane osobowe konsumenta, ujawnienia konkretnych kategorii i fragment\u00f3w danych osobowych, kt\u00f3re firma zebra\u0142a o konsumentach. \u017b\u0105dania od firmy usuni\u0119cia wszelkich danych osobowych dotycz\u0105cych konsumenta, kt\u00f3re firma zebra\u0142a. \u017b\u0105dania od firmy, kt\u00f3ra sprzedaje dane osobowe konsumenta, aby nie sprzedawa\u0142a danych osobowych konsumenta. Je\u015bli z\u0142o\u017cysz wniosek, mamy jeden miesi\u0105c na udzielenie odpowiedzi. Je\u015bli chcesz skorzysta\u0107 z kt\u00f3regokolwiek z tych praw, skontaktuj si\u0119 z nami.    \n<h2>Prawa do ochrony danych RODO<\/h2>\nChcieliby\u015bmy upewni\u0107 si\u0119, \u017ce znasz wszystkie swoje prawa dotycz\u0105ce ochrony danych. Ka\u017cdy u\u017cytkownik ma prawo do nast\u0119puj\u0105cych: \n<ul>\n \t<li style=\"margin-bottom: 20px;\">Prawo dost\u0119pu: masz prawo za\u017c\u0105da\u0107 kopii swoich danych osobowych. Mo\u017cemy pobra\u0107 niewielk\u0105 op\u0142at\u0119 za t\u0119 us\u0142ug\u0119. <\/li>\n \t<li style=\"margin-bottom: 20px;\">Prawo do sprostowania: Masz prawo za\u017c\u0105da\u0107 od nas poprawienia wszelkich informacji, kt\u00f3re uwa\u017casz za niedok\u0142adne. Masz r\u00f3wnie\u017c prawo za\u017c\u0105da\u0107 od nas uzupe\u0142nienia informacji, kt\u00f3re uwa\u017casz za niekompletne. <\/li>\n \t<li style=\"margin-bottom: 20px;\">Prawo do usuni\u0119cia danych: Masz prawo za\u017c\u0105da\u0107 od nas usuni\u0119cia Twoich danych osobowych, pod pewnymi warunkami.<\/li>\n \t<li style=\"margin-bottom: 20px;\">Prawo do ograniczenia przetwarzania: Masz prawo za\u017c\u0105da\u0107 od nas ograniczenia przetwarzania Twoich danych osobowych, pod pewnymi warunkami.<\/li>\n \t<li style=\"margin-bottom: 20px;\">Prawo do sprzeciwu wobec przetwarzania: Masz prawo sprzeciwi\u0107 si\u0119 przetwarzaniu przez nas Twoich danych osobowych, pod pewnymi warunkami.<\/li>\n \t<li>Prawo do przenoszenia danych: Masz prawo za\u017c\u0105da\u0107, aby\u015bmy przekazali zebrane przez nas dane innej organizacji lub bezpo\u015brednio Tobie, pod pewnymi warunkami. Je\u015bli z\u0142o\u017cysz wniosek, mamy jeden miesi\u0105c na udzielenie odpowiedzi. <\/li>\n<\/ul>\nJe\u015bli chcesz skorzysta\u0107 z kt\u00f3regokolwiek z tych praw, skontaktuj si\u0119 z nami.\n<h2>Informacje o dzieciach<\/h2>\nInn\u0105 cz\u0119\u015bci\u0105 naszego priorytetu jest zapewnienie ochrony dzieciom podczas korzystania z Internetu. Zach\u0119camy rodzic\u00f3w i opiekun\u00f3w do obserwowania, uczestniczenia i\/lub monitorowania oraz kierowania ich aktywno\u015bci\u0105 online. Kancelaria Prawna Platta \u015bwiadomie nie zbiera \u017cadnych danych osobowych umo\u017cliwiaj\u0105cych identyfikacj\u0119 dzieci poni\u017cej 13 roku \u017cycia. Je\u015bli uwa\u017casz, \u017ce Twoje dziecko poda\u0142o tego typu informacje na naszej stronie internetowej, zdecydowanie zach\u0119camy do natychmiastowego skontaktowania si\u0119 z nami, a my do\u0142o\u017cymy wszelkich stara\u0144, aby niezw\u0142ocznie usun\u0105\u0107 takie informacje z naszych rejestr\u00f3w.   \t\t\t\t\t\t\t\t<\/div>\n\t\t\t\t\t<\/div>\n\t\t\t\t<\/div>\n\t\t\t\t<\/div>\n\t\t","protected":false},"excerpt":{"rendered":"<p>Polityka prywatno\u015bci Bezp\u0142atna ocena sprawy Zastrze\u017cenie Informacje zawarte na tej stronie internetowej maj\u0105 wy\u0142\u0105cznie charakter informacyjny. Niniejsza strona zawiera szczeg\u00f3\u0142y dotycz\u0105ce kwestii prawnych, ale nie stanowi to porady prawnej. Nasze zobowi\u0105zanie do ochrony Twojej prywatno\u015bci W Kancelarii Prawnej Platta, dost\u0119pnej pod adresem https:\/\/plattalaw.com\/, jednym z naszych g\u0142\u00f3wnych priorytet\u00f3w jest prywatno\u015b\u0107 naszych odwiedzaj\u0105cych. Niniejszy dokument Polityki [&hellip;]<\/p>\n","protected":false},"author":2,"featured_media":0,"parent":0,"menu_order":0,"comment_status":"closed","ping_status":"closed","template":"elementor_header_footer","meta":{"footnotes":""},"class_list":["post-117153","page","type-page","status-publish","hentry"],"yoast_head":"<!-- This site is optimized with the Yoast SEO Premium plugin v27.4 (Yoast SEO v27.4) - https:\/\/yoast.com\/product\/yoast-seo-premium-wordpress\/ -->\n<title>Polityka prywatno\u015bci - The Platta Law Firm<\/title>\n<meta name=\"description\" content=\"W Kancelarii Prawnej Platta jednym z naszych g\u0142\u00f3wnych priorytet\u00f3w jest ochrona prywatno\u015bci os\u00f3b odwiedzaj\u0105cych nasz\u0105 stron\u0119 internetow\u0105.\" \/>\n<meta name=\"robots\" content=\"index, follow, max-snippet:-1, max-image-preview:large, max-video-preview:-1\" \/>\n<link rel=\"canonical\" href=\"https:\/\/plattalaw.com\/pl\/polityka-prywatnosci\/\" \/>\n<meta property=\"og:locale\" content=\"pl_PL\" \/>\n<meta property=\"og:type\" content=\"article\" \/>\n<meta property=\"og:title\" content=\"Polityka prywatno\u015bci\" \/>\n<meta property=\"og:description\" content=\"W Kancelarii Prawnej Platta jednym z naszych g\u0142\u00f3wnych priorytet\u00f3w jest ochrona prywatno\u015bci os\u00f3b odwiedzaj\u0105cych nasz\u0105 stron\u0119 internetow\u0105.\" \/>\n<meta property=\"og:url\" content=\"https:\/\/plattalaw.com\/pl\/polityka-prywatnosci\/\" \/>\n<meta property=\"og:site_name\" content=\"The Platta Law Firm\" \/>\n<meta property=\"article:modified_time\" content=\"2026-03-13T19:36:57+00:00\" \/>\n<meta name=\"twitter:card\" content=\"summary_large_image\" \/>\n<meta name=\"twitter:label1\" content=\"Szacowany czas czytania\" \/>\n\t<meta name=\"twitter:data1\" content=\"5 minut\" \/>\n<script type=\"application\/ld+json\" class=\"yoast-schema-graph\">{\"@context\":\"https:\\\/\\\/schema.org\",\"@graph\":[{\"@type\":\"WebPage\",\"@id\":\"https:\\\/\\\/plattalaw.com\\\/pl\\\/polityka-prywatnosci\\\/\",\"url\":\"https:\\\/\\\/plattalaw.com\\\/pl\\\/polityka-prywatnosci\\\/\",\"name\":\"Polityka prywatno\u015bci - The Platta Law Firm\",\"isPartOf\":{\"@id\":\"https:\\\/\\\/plattalaw.com\\\/pl\\\/#website\"},\"datePublished\":\"2021-08-12T00:36:57+00:00\",\"dateModified\":\"2026-03-13T19:36:57+00:00\",\"description\":\"W Kancelarii Prawnej Platta jednym z naszych g\u0142\u00f3wnych priorytet\u00f3w jest ochrona prywatno\u015bci os\u00f3b odwiedzaj\u0105cych nasz\u0105 stron\u0119 internetow\u0105.\",\"breadcrumb\":{\"@id\":\"https:\\\/\\\/plattalaw.com\\\/pl\\\/polityka-prywatnosci\\\/#breadcrumb\"},\"inLanguage\":\"pl-PL\",\"potentialAction\":[{\"@type\":\"ReadAction\",\"target\":[\"https:\\\/\\\/plattalaw.com\\\/pl\\\/polityka-prywatnosci\\\/\"]}]},{\"@type\":\"BreadcrumbList\",\"@id\":\"https:\\\/\\\/plattalaw.com\\\/pl\\\/polityka-prywatnosci\\\/#breadcrumb\",\"itemListElement\":[{\"@type\":\"ListItem\",\"position\":1,\"name\":\"Strona g\u0142\u00f3wna\",\"item\":\"https:\\\/\\\/plattalaw.com\\\/pl\\\/\"},{\"@type\":\"ListItem\",\"position\":2,\"name\":\"Polityka prywatno\u015bci\"}]},{\"@type\":\"WebSite\",\"@id\":\"https:\\\/\\\/plattalaw.com\\\/pl\\\/#website\",\"url\":\"https:\\\/\\\/plattalaw.com\\\/pl\\\/\",\"name\":\"The Platta Law Firm\",\"description\":\"Personal Injury Lawyer\",\"publisher\":{\"@id\":\"https:\\\/\\\/plattalaw.com\\\/pl\\\/#organization\"},\"potentialAction\":[{\"@type\":\"SearchAction\",\"target\":{\"@type\":\"EntryPoint\",\"urlTemplate\":\"https:\\\/\\\/plattalaw.com\\\/pl\\\/?s={search_term_string}\"},\"query-input\":{\"@type\":\"PropertyValueSpecification\",\"valueRequired\":true,\"valueName\":\"search_term_string\"}}],\"inLanguage\":\"pl-PL\"},{\"@type\":\"Organization\",\"@id\":\"https:\\\/\\\/plattalaw.com\\\/pl\\\/#organization\",\"name\":\"Kancelaria Prawna Platta\",\"url\":\"https:\\\/\\\/plattalaw.com\\\/pl\\\/\",\"logo\":{\"@type\":\"ImageObject\",\"inLanguage\":\"pl-PL\",\"@id\":\"https:\\\/\\\/plattalaw.com\\\/pl\\\/#\\\/schema\\\/logo\\\/image\\\/\",\"url\":\"https:\\\/\\\/plattalaw.com\\\/wp-content\\\/uploads\\\/2021\\\/07\\\/The-Platta-Law-Firm-Website-Logo.webp\",\"contentUrl\":\"https:\\\/\\\/plattalaw.com\\\/wp-content\\\/uploads\\\/2021\\\/07\\\/The-Platta-Law-Firm-Website-Logo.webp\",\"width\":1648,\"height\":198,\"caption\":\"Kancelaria Prawna Platta\"},\"image\":{\"@id\":\"https:\\\/\\\/plattalaw.com\\\/pl\\\/#\\\/schema\\\/logo\\\/image\\\/\"}}]}<\/script>\n<!-- \/ Yoast SEO Premium plugin. -->","yoast_head_json":{"title":"Polityka prywatno\u015bci - The Platta Law Firm","description":"W Kancelarii Prawnej Platta jednym z naszych g\u0142\u00f3wnych priorytet\u00f3w jest ochrona prywatno\u015bci os\u00f3b odwiedzaj\u0105cych nasz\u0105 stron\u0119 internetow\u0105.","robots":{"index":"index","follow":"follow","max-snippet":"max-snippet:-1","max-image-preview":"max-image-preview:large","max-video-preview":"max-video-preview:-1"},"canonical":"https:\/\/plattalaw.com\/pl\/polityka-prywatnosci\/","og_locale":"pl_PL","og_type":"article","og_title":"Polityka prywatno\u015bci","og_description":"W Kancelarii Prawnej Platta jednym z naszych g\u0142\u00f3wnych priorytet\u00f3w jest ochrona prywatno\u015bci os\u00f3b odwiedzaj\u0105cych nasz\u0105 stron\u0119 internetow\u0105.","og_url":"https:\/\/plattalaw.com\/pl\/polityka-prywatnosci\/","og_site_name":"The Platta Law Firm","article_modified_time":"2026-03-13T19:36:57+00:00","twitter_card":"summary_large_image","twitter_misc":{"Szacowany czas czytania":"5 minut"},"schema":{"@context":"https:\/\/schema.org","@graph":[{"@type":"WebPage","@id":"https:\/\/plattalaw.com\/pl\/polityka-prywatnosci\/","url":"https:\/\/plattalaw.com\/pl\/polityka-prywatnosci\/","name":"Polityka prywatno\u015bci - The Platta Law Firm","isPartOf":{"@id":"https:\/\/plattalaw.com\/pl\/#website"},"datePublished":"2021-08-12T00:36:57+00:00","dateModified":"2026-03-13T19:36:57+00:00","description":"W Kancelarii Prawnej Platta jednym z naszych g\u0142\u00f3wnych priorytet\u00f3w jest ochrona prywatno\u015bci os\u00f3b odwiedzaj\u0105cych nasz\u0105 stron\u0119 internetow\u0105.","breadcrumb":{"@id":"https:\/\/plattalaw.com\/pl\/polityka-prywatnosci\/#breadcrumb"},"inLanguage":"pl-PL","potentialAction":[{"@type":"ReadAction","target":["https:\/\/plattalaw.com\/pl\/polityka-prywatnosci\/"]}]},{"@type":"BreadcrumbList","@id":"https:\/\/plattalaw.com\/pl\/polityka-prywatnosci\/#breadcrumb","itemListElement":[{"@type":"ListItem","position":1,"name":"Strona g\u0142\u00f3wna","item":"https:\/\/plattalaw.com\/pl\/"},{"@type":"ListItem","position":2,"name":"Polityka prywatno\u015bci"}]},{"@type":"WebSite","@id":"https:\/\/plattalaw.com\/pl\/#website","url":"https:\/\/plattalaw.com\/pl\/","name":"The Platta Law Firm","description":"Personal Injury Lawyer","publisher":{"@id":"https:\/\/plattalaw.com\/pl\/#organization"},"potentialAction":[{"@type":"SearchAction","target":{"@type":"EntryPoint","urlTemplate":"https:\/\/plattalaw.com\/pl\/?s={search_term_string}"},"query-input":{"@type":"PropertyValueSpecification","valueRequired":true,"valueName":"search_term_string"}}],"inLanguage":"pl-PL"},{"@type":"Organization","@id":"https:\/\/plattalaw.com\/pl\/#organization","name":"Kancelaria Prawna Platta","url":"https:\/\/plattalaw.com\/pl\/","logo":{"@type":"ImageObject","inLanguage":"pl-PL","@id":"https:\/\/plattalaw.com\/pl\/#\/schema\/logo\/image\/","url":"https:\/\/plattalaw.com\/wp-content\/uploads\/2021\/07\/The-Platta-Law-Firm-Website-Logo.webp","contentUrl":"https:\/\/plattalaw.com\/wp-content\/uploads\/2021\/07\/The-Platta-Law-Firm-Website-Logo.webp","width":1648,"height":198,"caption":"Kancelaria Prawna Platta"},"image":{"@id":"https:\/\/plattalaw.com\/pl\/#\/schema\/logo\/image\/"}}]}},"_links":{"self":[{"href":"https:\/\/plattalaw.com\/pl\/wp-json\/wp\/v2\/pages\/117153","targetHints":{"allow":["GET"]}}],"collection":[{"href":"https:\/\/plattalaw.com\/pl\/wp-json\/wp\/v2\/pages"}],"about":[{"href":"https:\/\/plattalaw.com\/pl\/wp-json\/wp\/v2\/types\/page"}],"author":[{"embeddable":true,"href":"https:\/\/plattalaw.com\/pl\/wp-json\/wp\/v2\/users\/2"}],"replies":[{"embeddable":true,"href":"https:\/\/plattalaw.com\/pl\/wp-json\/wp\/v2\/comments?post=117153"}],"version-history":[{"count":0,"href":"https:\/\/plattalaw.com\/pl\/wp-json\/wp\/v2\/pages\/117153\/revisions"}],"wp:attachment":[{"href":"https:\/\/plattalaw.com\/pl\/wp-json\/wp\/v2\/media?parent=117153"}],"curies":[{"name":"wp","href":"https:\/\/api.w.org\/{rel}","templated":true}]}}