{"id":117140,"date":"2021-08-11T15:10:55","date_gmt":"2021-08-11T19:10:55","guid":{"rendered":"https:\/\/plattalaw.com\/czesto-zadawane-pytania\/etapy-w-sprawie-o-odszkodowanie-za-obrazenia-osobiste\/"},"modified":"2026-03-19T14:09:05","modified_gmt":"2026-03-19T18:09:05","slug":"etapy-w-sprawie-o-odszkodowanie-za-obrazenia-osobiste","status":"publish","type":"page","link":"https:\/\/plattalaw.com\/pl\/czesto-zadawane-pytania\/etapy-w-sprawie-o-odszkodowanie-za-obrazenia-osobiste\/","title":{"rendered":"Etapy w sprawie o odszkodowanie za obra\u017cenia osobiste"},"content":{"rendered":"\t\t<div data-elementor-type=\"wp-page\" data-elementor-id=\"117140\" class=\"elementor elementor-117140 elementor-4405\" data-elementor-post-type=\"page\">\n\t\t\t\t<div class=\"elementor-element elementor-element-8eee61c elementor-hidden-tablet e-flex e-con-boxed e-con e-parent\" data-id=\"8eee61c\" data-element_type=\"container\" data-e-type=\"container\" data-settings=\"{&quot;background_background&quot;:&quot;classic&quot;}\">\n\t\t\t\t\t<div class=\"e-con-inner\">\n\t\t<div class=\"elementor-element elementor-element-46f1911 e-con-full e-flex e-con e-child\" data-id=\"46f1911\" data-element_type=\"container\" data-e-type=\"container\">\n\t\t\t\t<div class=\"elementor-element elementor-element-afae1cc elementor-hidden-desktop elementor-hidden-tablet elementor-widget-mobile__width-initial elementor-widget elementor-widget-heading\" data-id=\"afae1cc\" data-element_type=\"widget\" data-e-type=\"widget\" data-widget_type=\"heading.default\">\n\t\t\t\t\t<p class=\"elementor-heading-title elementor-size-default\">Cz\u0119sto zadawane pytania dotycz\u0105ce sprawy o odszkodowanie za obra\u017cenia cia\u0142a<\/p>\t\t\t\t<\/div>\n\t\t\t\t<div class=\"elementor-element elementor-element-23ff659 elementor-align-center elementor-hidden-desktop elementor-hidden-tablet elementor-widget elementor-widget-button\" data-id=\"23ff659\" data-element_type=\"widget\" data-e-type=\"widget\" data-widget_type=\"button.default\">\n\t\t\t\t\t\t\t\t\t\t<a class=\"elementor-button elementor-button-link elementor-size-sm elementor-animation-shrink\" href=\"#free-case-evaluation\">\n\t\t\t\t\t\t<span class=\"elementor-button-content-wrapper\">\n\t\t\t\t\t\t\t\t\t<span class=\"elementor-button-text\">Bezp\u0142atna ocena sprawy<\/span>\n\t\t\t\t\t<\/span>\n\t\t\t\t\t<\/a>\n\t\t\t\t\t\t\t\t<\/div>\n\t\t\t\t<\/div>\n\t\t\t\t\t<\/div>\n\t\t\t\t<\/div>\n\t\t<div class=\"elementor-element elementor-element-44c2999 e-flex e-con-boxed e-con e-parent\" data-id=\"44c2999\" data-element_type=\"container\" data-e-type=\"container\">\n\t\t\t\t\t<div class=\"e-con-inner\">\n\t\t<div class=\"elementor-element elementor-element-5f24447 e-con-full e-flex e-con e-child\" data-id=\"5f24447\" data-element_type=\"container\" data-e-type=\"container\">\n\t\t\t\t<div class=\"elementor-element elementor-element-60e5f4f elementor-hidden-mobile elementor-widget elementor-widget-heading\" data-id=\"60e5f4f\" data-element_type=\"widget\" data-e-type=\"widget\" data-widget_type=\"heading.default\">\n\t\t\t\t\t<h1 class=\"elementor-heading-title elementor-size-default\">Etapy w sprawie o odszkodowanie za obra\u017cenia osobiste<\/h1>\t\t\t\t<\/div>\n\t\t\t\t<div class=\"elementor-element elementor-element-90a7215 elementor-widget elementor-widget-text-editor\" data-id=\"90a7215\" data-element_type=\"widget\" data-e-type=\"widget\" data-widget_type=\"text-editor.default\">\n\t\t\t\t\t\t\t\t\tW obliczu niepewno\u015bci zwi\u0105zanej z obra\u017ceniami zmieniaj\u0105cymi \u017cycie, wa\u017cne jest, aby wiedzie\u0107, czego oczekiwa\u0107 od swojego prawnika i swojej sprawy. Rzeczywisto\u015b\u0107 jest taka, \u017ce czas trwania sprawy r\u00f3\u017cni si\u0119 z wielu powod\u00f3w. Je\u015bli poddajesz si\u0119 znacznemu leczeniu, zazwyczaj wyd\u0142u\u017cy to Twoj\u0105 spraw\u0119. Chocia\u017c Twoja sprawa mo\u017ce potrwa\u0107 nieco d\u0142u\u017cej, wa\u017cne jest, aby uzyska\u0107 pe\u0142ne odszkodowanie za doznane obra\u017cenia. Opr\u00f3cz leczenia, miejsce, w kt\u00f3rym Twoja sprawa jest rozpatrywana, mo\u017ce r\u00f3wnie\u017c wp\u0142ywa\u0107 na jej d\u0142ugo\u015b\u0107. Niekt\u00f3re hrabstwa dzia\u0142aj\u0105 szybciej ni\u017c inne. Dobry prawnik wybierze hrabstwo, kt\u00f3re najlepiej odpowiada wszystkim aspektom Twojej sprawy.      \n\nChocia\u017c harmonogram Twojego procesu mo\u017ce si\u0119 zmienia\u0107, jego etapy pozostaj\u0105 w du\u017cej mierze takie same. Tutaj staramy si\u0119 om\u00f3wi\u0107 g\u0142\u00f3wne etapy Twojej sprawy, aby\u015b mia\u0142 lepsze poj\u0119cie o tym, czego si\u0119 spodziewa\u0107. \n<h2 style=\"color: #001d3d;\">Podpisanie umowy<\/h2>\nPierwsz\u0105 rzecz\u0105, kt\u00f3ra dzieje si\u0119 w ka\u017cdej sprawie, jest wyb\u00f3r prawnika, do kt\u00f3rego zadzwonisz. Dokonuj\u0105c tego wyboru, wa\u017cne jest, aby oceni\u0107 do\u015bwiadczenie prawnika, jego osi\u0105gni\u0119cia, a co najwa\u017cniejsze, jego gotowo\u015b\u0107 do zapewnienia, \u017ce jeste\u015b r\u00f3wnorz\u0119dnym partnerem w swojej sprawie. Zbyt wielu prawnik\u00f3w nie informuje klient\u00f3w o przebiegu ich sprawy. Wa\u017cne jest, aby\u015b mia\u0142 prawnika, kt\u00f3ry b\u0119dzie transparentny w kwestii procesu. Najbardziej udane sprawy s\u0105 wynikiem pe\u0142nej wsp\u00f3\u0142pracy mi\u0119dzy prawnikiem a klientem.    \n\nW Kancelarii Prawnej Platta dbamy o to, aby\u015b zawsze wiedzia\u0142, na jakim etapie jest Twoja sprawa. W ka\u017cdej chwili mo\u017cesz sprawdzi\u0107 status swojej sprawy na naszej stronie internetowej. Dodatkowo, b\u0119dziesz otrzymywa\u0107 cz\u0119ste telefony od naszych prawnik\u00f3w i personelu, aby upewni\u0107 si\u0119, \u017ce jeste\u015b w pe\u0142ni poinformowany. Nasza historia wynik\u00f3w i recenzje od klient\u00f3w jasno pokazuj\u0105, \u017ce walczymy w tych bitwach razem.   \n<h2 style=\"color: #001d3d;\">Leczenie<\/h2>\nPo podpisaniu umowy w Twojej sprawie, natychmiast rozpoczniemy dochodzenie. Oznacza to, \u017ce poprosimy o wszelkich \u015bwiadk\u00f3w, o kt\u00f3rych mo\u017cesz wiedzie\u0107, lub o wszelkie zdj\u0119cia, kt\u00f3re mo\u017cesz mie\u0107 z miejsca wypadku. Dodatkowo, wy\u015blemy \u015bledczych na miejsce zdarzenia, aby odkry\u0107 wszystkie fakty. Podczas gdy kancelaria prawna prowadzi dochodzenie, zadaniem klienta jest poddanie si\u0119 leczeniu, kt\u00f3rego potrzebuje z powodu obra\u017ce\u0144. Ludzk\u0105 natur\u0105 jest pr\u00f3ba przetrwania trudno\u015bci lub odk\u0142adanie wizyty u lekarza. Wa\u017cne jest, aby\u015b tego nie robi\u0142, je\u015bli zosta\u0142e\u015b ranny w wypadku. Je\u015bli zosta\u0142e\u015b ranny, powiniene\u015b natychmiast szuka\u0107 leczenia i post\u0119powa\u0107 zgodnie z zaleceniami lekarza. Czasami nie jest to \u0142atwe, ale specjali\u015bci medyczni wiedz\u0105, co jest najlepsze dla Twojego d\u0142ugoterminowego zdrowia. W miar\u0119 kontynuowania procesu s\u0105dowego, Twoja dokumentacja medyczna b\u0119dzie podstaw\u0105 Twojej sprawy.        \n<h2 style=\"color: #001d3d;\">Pozew<\/h2>\nChocia\u017c nie jest niczym niezwyk\u0142ym, \u017ce sprawa zostaje rozstrzygni\u0119ta przed z\u0142o\u017ceniem pozwu, wi\u0119kszo\u015b\u0107 spraw ko\u0144czy si\u0119 pozwem. B\u0105d\u017amy szczerzy, samo z\u0142o\u017cenie pozwu nie oznacza, \u017ce Twoja sprawa trafi do s\u0105du. Ponad 95% pozw\u00f3w ko\u0144czy si\u0119 ugod\u0105. Chocia\u017c to prawda, w Kancelarii Prawnej Platta zawsze jeste\u015bmy przygotowani do prowadzenia sprawy w s\u0105dzie. Podejmuj\u0105c w\u0142a\u015bciwe kroki na pocz\u0105tku sprawy, przygotowujesz si\u0119 na sprawiedliwe odszkodowanie w dalszej cz\u0119\u015bci sprawy.    \n<h2 style=\"color: #001d3d;\">Odkrycie dowod\u00f3w<\/h2>\nMo\u017cesz us\u0142ysze\u0107, jak Tw\u00f3j prawnik m\u00f3wi o \u201eodkryciu dowod\u00f3w\u201d. Chocia\u017c termin ten obejmuje szeroki zakres temat\u00f3w, w swojej najbardziej podstawowej formie jest to wymiana informacji mi\u0119dzy stronami. Pocz\u0105tkowe odkrycie dowod\u00f3w nast\u0119puje po z\u0142o\u017ceniu pozwu. Obie strony wymieni\u0105 znaczn\u0105 ilo\u015b\u0107 dokumentacji, kt\u00f3ra zazwyczaj sk\u0142ada si\u0119 z dokumentacji medycznej, informacji o zarobkach, raport\u00f3w z wypadk\u00f3w, zdj\u0119\u0107 i wszystkiego innego, co mo\u017ce by\u0107 istotne dla sprawy.   \n<h2 style=\"color: #001d3d;\">Przes\u0142uchania<\/h2>\nPo wst\u0119pnym odkryciu dowod\u00f3w strony przeprowadz\u0105 przes\u0142uchania. Przes\u0142uchanie to zeznanie pod przysi\u0119g\u0105. Zazwyczaj odbywa si\u0119 to w sali konferencyjnej, zawsze w obecno\u015bci Twojego prawnika. W Kancelarii Prawnej Platta ci\u0119\u017cko pracujemy, aby\u015b czu\u0142 si\u0119 komfortowo z procesem przes\u0142uchania. Wa\u017cne jest, aby\u015b wiedzia\u0142, czego oczekiwa\u0107 od prawnika obrony i rozumia\u0142, \u017ce jeste\u015bmy tutaj, aby chroni\u0107 Ciebie i Twoj\u0105 spraw\u0119. Niekt\u00f3rzy prawnicy obrony b\u0119d\u0105 pr\u00f3bowali wykorzysta\u0107 przes\u0142uchania do zastraszenia poszkodowanej ofiary, my na to nie pozwolimy. Co wi\u0119cej, b\u0119dziemy mieli r\u00f3wnie\u017c okazj\u0119 zadawa\u0107 pozwanym pytania dotycz\u0105ce Twojej sprawy, dodatkowo broni\u0105c Twojej sprawy.      \n<h2 style=\"color: #001d3d;\">Mediacje<\/h2>\nPo przes\u0142uchaniach niekt\u00f3re sprawy przechodz\u0105 do mediacji. Mediacja to szansa na rozstrzygni\u0119cie sprawy z neutraln\u0105 stron\u0105 trzeci\u0105. Obie strony zgadzaj\u0105 si\u0119 na osob\u0119, kt\u00f3rej ufaj\u0105, aby pomog\u0142a doprowadzi\u0107 Twoj\u0105 spraw\u0119 do rozwi\u0105zania. Mediacje mog\u0105 by\u0107 doskona\u0142ym sposobem na rozwi\u0105zanie Twojej sprawy i cz\u0119sto s\u0105 bardzo skuteczne. Wa\u017cne jest, aby\u015b Ty i Tw\u00f3j prawnik om\u00f3wili, czego oczekiwa\u0107 na mediacji i jak przebiega ten proces. Zawsze powiniene\u015b by\u0107 w pe\u0142ni poinformowany o wszelkich rozmowach ugodowych na ka\u017cdym etapie.     \n<h2 style=\"color: #001d3d;\">Proces s\u0105dowy<\/h2>\nJe\u015bli Twoja sprawa nie zostanie rozstrzygni\u0119ta ugodowo, do rozstrzygni\u0119cia roszczenia potrzebny jest proces s\u0105dowy. Chocia\u017c wi\u0119kszo\u015b\u0107 spraw ko\u0144czy si\u0119 ugod\u0105, szczycimy si\u0119 umiej\u0119tno\u015bci\u0105 walki o klient\u00f3w na sali s\u0105dowej. Wierzymy w naszych klient\u00f3w i ich sprawy. Zawsze jeste\u015bmy przygotowani do prowadzenia ka\u017cdej sprawy w s\u0105dzie.   \n<h2 style=\"color: #001d3d;\">Podsumowanie<\/h2>\nChocia\u017c ka\u017cda sprawa jest inna, jest to og\u00f3lny przegl\u0105d tego, jak przebiega wi\u0119kszo\u015b\u0107 spraw. Najwa\u017cniejsz\u0105 rzecz\u0105 w ka\u017cdej sprawie jest komunikacja mi\u0119dzy Tob\u0105 a Twoim prawnikiem. Upewnij si\u0119, \u017ce Tw\u00f3j prawnik informuje Ci\u0119 o tym, co dzieje si\u0119 dalej, aby\u015b wiedzia\u0142, czego si\u0119 spodziewa\u0107.  \t\t\t\t\t\t\t\t<\/div>\n\t\t\t\t<\/div>\n\t\t\t\t\t<\/div>\n\t\t\t\t<\/div>\n\t\t\t\t<\/div>\n\t\t","protected":false},"excerpt":{"rendered":"<p>Cz\u0119sto zadawane pytania dotycz\u0105ce sprawy o odszkodowanie za obra\u017cenia cia\u0142a Bezp\u0142atna ocena sprawy Etapy w sprawie o odszkodowanie za obra\u017cenia osobiste W obliczu niepewno\u015bci zwi\u0105zanej z obra\u017ceniami zmieniaj\u0105cymi \u017cycie, wa\u017cne jest, aby wiedzie\u0107, czego oczekiwa\u0107 od swojego prawnika i swojej sprawy. Rzeczywisto\u015b\u0107 jest taka, \u017ce czas trwania sprawy r\u00f3\u017cni si\u0119 z wielu powod\u00f3w. Je\u015bli poddajesz [&hellip;]<\/p>\n","protected":false},"author":2,"featured_media":117122,"parent":117118,"menu_order":0,"comment_status":"closed","ping_status":"closed","template":"elementor_header_footer","meta":{"footnotes":""},"class_list":["post-117140","page","type-page","status-publish","has-post-thumbnail","hentry"],"yoast_head":"<!-- This site is optimized with the Yoast SEO Premium plugin v27.4 (Yoast SEO v27.4) - https:\/\/yoast.com\/product\/yoast-seo-premium-wordpress\/ -->\n<title>Etapy post\u0119powania w sprawie o odszkodowanie za obra\u017cenia cia\u0142a<\/title>\n<meta name=\"description\" content=\"Skontaktuj si\u0119 z Kancelari\u0105 Prawn\u0105 Platta ju\u017c dzi\u015b, aby om\u00f3wi\u0107 spraw\u0119 dotycz\u0105c\u0105 obra\u017ce\u0144 cia\u0142a. Nasza kancelaria b\u0119dzie niestrudzenie pracowa\u0107, aby uzyska\u0107 dla Ciebie nale\u017cne odszkodowanie.\" \/>\n<meta name=\"robots\" content=\"index, follow, max-snippet:-1, max-image-preview:large, max-video-preview:-1\" \/>\n<link rel=\"canonical\" href=\"https:\/\/plattalaw.com\/pl\/czesto-zadawane-pytania\/etapy-w-sprawie-o-odszkodowanie-za-obrazenia-osobiste\/\" \/>\n<meta property=\"og:locale\" content=\"pl_PL\" \/>\n<meta property=\"og:type\" content=\"article\" \/>\n<meta property=\"og:title\" content=\"Etapy w sprawie o odszkodowanie za obra\u017cenia osobiste\" \/>\n<meta property=\"og:description\" content=\"Skontaktuj si\u0119 z Kancelari\u0105 Prawn\u0105 Platta ju\u017c dzi\u015b, aby om\u00f3wi\u0107 spraw\u0119 dotycz\u0105c\u0105 obra\u017ce\u0144 cia\u0142a. Nasza kancelaria b\u0119dzie niestrudzenie pracowa\u0107, aby uzyska\u0107 dla Ciebie nale\u017cne odszkodowanie.\" \/>\n<meta property=\"og:url\" content=\"https:\/\/plattalaw.com\/pl\/czesto-zadawane-pytania\/etapy-w-sprawie-o-odszkodowanie-za-obrazenia-osobiste\/\" \/>\n<meta property=\"og:site_name\" content=\"The Platta Law Firm\" \/>\n<meta property=\"article:modified_time\" content=\"2026-03-19T18:09:05+00:00\" \/>\n<meta property=\"og:image\" content=\"https:\/\/plattalaw.com\/wp-content\/uploads\/2023\/09\/Spanish-Tile-1-768x512-1-1.webp\" \/>\n\t<meta property=\"og:image:width\" content=\"768\" \/>\n\t<meta property=\"og:image:height\" content=\"512\" \/>\n\t<meta property=\"og:image:type\" content=\"image\/webp\" \/>\n<meta name=\"twitter:card\" content=\"summary_large_image\" \/>\n<meta name=\"twitter:label1\" content=\"Szacowany czas czytania\" \/>\n\t<meta name=\"twitter:data1\" content=\"4 minuty\" \/>\n<script type=\"application\/ld+json\" class=\"yoast-schema-graph\">{\"@context\":\"https:\\\/\\\/schema.org\",\"@graph\":[{\"@type\":\"WebPage\",\"@id\":\"https:\\\/\\\/plattalaw.com\\\/pl\\\/czesto-zadawane-pytania\\\/etapy-w-sprawie-o-odszkodowanie-za-obrazenia-osobiste\\\/\",\"url\":\"https:\\\/\\\/plattalaw.com\\\/pl\\\/czesto-zadawane-pytania\\\/etapy-w-sprawie-o-odszkodowanie-za-obrazenia-osobiste\\\/\",\"name\":\"Etapy post\u0119powania w sprawie o odszkodowanie za obra\u017cenia cia\u0142a\",\"isPartOf\":{\"@id\":\"https:\\\/\\\/plattalaw.com\\\/pl\\\/#website\"},\"primaryImageOfPage\":{\"@id\":\"https:\\\/\\\/plattalaw.com\\\/pl\\\/czesto-zadawane-pytania\\\/etapy-w-sprawie-o-odszkodowanie-za-obrazenia-osobiste\\\/#primaryimage\"},\"image\":{\"@id\":\"https:\\\/\\\/plattalaw.com\\\/pl\\\/czesto-zadawane-pytania\\\/etapy-w-sprawie-o-odszkodowanie-za-obrazenia-osobiste\\\/#primaryimage\"},\"thumbnailUrl\":\"https:\\\/\\\/plattalaw.com\\\/wp-content\\\/uploads\\\/2023\\\/09\\\/Spanish-Tile-1-768x512-1-1.webp\",\"datePublished\":\"2021-08-11T19:10:55+00:00\",\"dateModified\":\"2026-03-19T18:09:05+00:00\",\"description\":\"Skontaktuj si\u0119 z Kancelari\u0105 Prawn\u0105 Platta ju\u017c dzi\u015b, aby om\u00f3wi\u0107 spraw\u0119 dotycz\u0105c\u0105 obra\u017ce\u0144 cia\u0142a. Nasza kancelaria b\u0119dzie niestrudzenie pracowa\u0107, aby uzyska\u0107 dla Ciebie nale\u017cne odszkodowanie.\",\"breadcrumb\":{\"@id\":\"https:\\\/\\\/plattalaw.com\\\/pl\\\/czesto-zadawane-pytania\\\/etapy-w-sprawie-o-odszkodowanie-za-obrazenia-osobiste\\\/#breadcrumb\"},\"inLanguage\":\"pl-PL\",\"potentialAction\":[{\"@type\":\"ReadAction\",\"target\":[\"https:\\\/\\\/plattalaw.com\\\/pl\\\/czesto-zadawane-pytania\\\/etapy-w-sprawie-o-odszkodowanie-za-obrazenia-osobiste\\\/\"]}]},{\"@type\":\"ImageObject\",\"inLanguage\":\"pl-PL\",\"@id\":\"https:\\\/\\\/plattalaw.com\\\/pl\\\/czesto-zadawane-pytania\\\/etapy-w-sprawie-o-odszkodowanie-za-obrazenia-osobiste\\\/#primaryimage\",\"url\":\"https:\\\/\\\/plattalaw.com\\\/wp-content\\\/uploads\\\/2023\\\/09\\\/Spanish-Tile-1-768x512-1-1.webp\",\"contentUrl\":\"https:\\\/\\\/plattalaw.com\\\/wp-content\\\/uploads\\\/2023\\\/09\\\/Spanish-Tile-1-768x512-1-1.webp\",\"width\":768,\"height\":512,\"caption\":\"Kroki w sprawie o odszkodowanie za obra\u017cenia osobiste \u2013 Kancelaria Prawna Platta\"},{\"@type\":\"BreadcrumbList\",\"@id\":\"https:\\\/\\\/plattalaw.com\\\/pl\\\/czesto-zadawane-pytania\\\/etapy-w-sprawie-o-odszkodowanie-za-obrazenia-osobiste\\\/#breadcrumb\",\"itemListElement\":[{\"@type\":\"ListItem\",\"position\":1,\"name\":\"Strona g\u0142\u00f3wna\",\"item\":\"https:\\\/\\\/plattalaw.com\\\/pl\\\/strona-glowna\\\/\"},{\"@type\":\"ListItem\",\"position\":2,\"name\":\"Cz\u0119sto zadawane pytania\",\"item\":\"https:\\\/\\\/plattalaw.com\\\/pl\\\/czesto-zadawane-pytania\\\/\"},{\"@type\":\"ListItem\",\"position\":3,\"name\":\"Etapy w sprawie o odszkodowanie za obra\u017cenia osobiste\"}]},{\"@type\":\"WebSite\",\"@id\":\"https:\\\/\\\/plattalaw.com\\\/pl\\\/#website\",\"url\":\"https:\\\/\\\/plattalaw.com\\\/pl\\\/\",\"name\":\"The Platta Law Firm\",\"description\":\"Personal Injury Lawyer\",\"publisher\":{\"@id\":\"https:\\\/\\\/plattalaw.com\\\/pl\\\/#organization\"},\"potentialAction\":[{\"@type\":\"SearchAction\",\"target\":{\"@type\":\"EntryPoint\",\"urlTemplate\":\"https:\\\/\\\/plattalaw.com\\\/pl\\\/?s={search_term_string}\"},\"query-input\":{\"@type\":\"PropertyValueSpecification\",\"valueRequired\":true,\"valueName\":\"search_term_string\"}}],\"inLanguage\":\"pl-PL\"},{\"@type\":\"Organization\",\"@id\":\"https:\\\/\\\/plattalaw.com\\\/pl\\\/#organization\",\"name\":\"Kancelaria Prawna Platta\",\"url\":\"https:\\\/\\\/plattalaw.com\\\/pl\\\/\",\"logo\":{\"@type\":\"ImageObject\",\"inLanguage\":\"pl-PL\",\"@id\":\"https:\\\/\\\/plattalaw.com\\\/pl\\\/#\\\/schema\\\/logo\\\/image\\\/\",\"url\":\"https:\\\/\\\/plattalaw.com\\\/wp-content\\\/uploads\\\/2021\\\/07\\\/The-Platta-Law-Firm-Website-Logo.webp\",\"contentUrl\":\"https:\\\/\\\/plattalaw.com\\\/wp-content\\\/uploads\\\/2021\\\/07\\\/The-Platta-Law-Firm-Website-Logo.webp\",\"width\":1648,\"height\":198,\"caption\":\"Kancelaria Prawna Platta\"},\"image\":{\"@id\":\"https:\\\/\\\/plattalaw.com\\\/pl\\\/#\\\/schema\\\/logo\\\/image\\\/\"}}]}<\/script>\n<!-- \/ Yoast SEO Premium plugin. -->","yoast_head_json":{"title":"Etapy post\u0119powania w sprawie o odszkodowanie za obra\u017cenia cia\u0142a","description":"Skontaktuj si\u0119 z Kancelari\u0105 Prawn\u0105 Platta ju\u017c dzi\u015b, aby om\u00f3wi\u0107 spraw\u0119 dotycz\u0105c\u0105 obra\u017ce\u0144 cia\u0142a. Nasza kancelaria b\u0119dzie niestrudzenie pracowa\u0107, aby uzyska\u0107 dla Ciebie nale\u017cne odszkodowanie.","robots":{"index":"index","follow":"follow","max-snippet":"max-snippet:-1","max-image-preview":"max-image-preview:large","max-video-preview":"max-video-preview:-1"},"canonical":"https:\/\/plattalaw.com\/pl\/czesto-zadawane-pytania\/etapy-w-sprawie-o-odszkodowanie-za-obrazenia-osobiste\/","og_locale":"pl_PL","og_type":"article","og_title":"Etapy w sprawie o odszkodowanie za obra\u017cenia osobiste","og_description":"Skontaktuj si\u0119 z Kancelari\u0105 Prawn\u0105 Platta ju\u017c dzi\u015b, aby om\u00f3wi\u0107 spraw\u0119 dotycz\u0105c\u0105 obra\u017ce\u0144 cia\u0142a. Nasza kancelaria b\u0119dzie niestrudzenie pracowa\u0107, aby uzyska\u0107 dla Ciebie nale\u017cne odszkodowanie.","og_url":"https:\/\/plattalaw.com\/pl\/czesto-zadawane-pytania\/etapy-w-sprawie-o-odszkodowanie-za-obrazenia-osobiste\/","og_site_name":"The Platta Law Firm","article_modified_time":"2026-03-19T18:09:05+00:00","og_image":[{"width":768,"height":512,"url":"https:\/\/plattalaw.com\/wp-content\/uploads\/2023\/09\/Spanish-Tile-1-768x512-1-1.webp","type":"image\/webp"}],"twitter_card":"summary_large_image","twitter_misc":{"Szacowany czas czytania":"4 minuty"},"schema":{"@context":"https:\/\/schema.org","@graph":[{"@type":"WebPage","@id":"https:\/\/plattalaw.com\/pl\/czesto-zadawane-pytania\/etapy-w-sprawie-o-odszkodowanie-za-obrazenia-osobiste\/","url":"https:\/\/plattalaw.com\/pl\/czesto-zadawane-pytania\/etapy-w-sprawie-o-odszkodowanie-za-obrazenia-osobiste\/","name":"Etapy post\u0119powania w sprawie o odszkodowanie za obra\u017cenia cia\u0142a","isPartOf":{"@id":"https:\/\/plattalaw.com\/pl\/#website"},"primaryImageOfPage":{"@id":"https:\/\/plattalaw.com\/pl\/czesto-zadawane-pytania\/etapy-w-sprawie-o-odszkodowanie-za-obrazenia-osobiste\/#primaryimage"},"image":{"@id":"https:\/\/plattalaw.com\/pl\/czesto-zadawane-pytania\/etapy-w-sprawie-o-odszkodowanie-za-obrazenia-osobiste\/#primaryimage"},"thumbnailUrl":"https:\/\/plattalaw.com\/wp-content\/uploads\/2023\/09\/Spanish-Tile-1-768x512-1-1.webp","datePublished":"2021-08-11T19:10:55+00:00","dateModified":"2026-03-19T18:09:05+00:00","description":"Skontaktuj si\u0119 z Kancelari\u0105 Prawn\u0105 Platta ju\u017c dzi\u015b, aby om\u00f3wi\u0107 spraw\u0119 dotycz\u0105c\u0105 obra\u017ce\u0144 cia\u0142a. Nasza kancelaria b\u0119dzie niestrudzenie pracowa\u0107, aby uzyska\u0107 dla Ciebie nale\u017cne odszkodowanie.","breadcrumb":{"@id":"https:\/\/plattalaw.com\/pl\/czesto-zadawane-pytania\/etapy-w-sprawie-o-odszkodowanie-za-obrazenia-osobiste\/#breadcrumb"},"inLanguage":"pl-PL","potentialAction":[{"@type":"ReadAction","target":["https:\/\/plattalaw.com\/pl\/czesto-zadawane-pytania\/etapy-w-sprawie-o-odszkodowanie-za-obrazenia-osobiste\/"]}]},{"@type":"ImageObject","inLanguage":"pl-PL","@id":"https:\/\/plattalaw.com\/pl\/czesto-zadawane-pytania\/etapy-w-sprawie-o-odszkodowanie-za-obrazenia-osobiste\/#primaryimage","url":"https:\/\/plattalaw.com\/wp-content\/uploads\/2023\/09\/Spanish-Tile-1-768x512-1-1.webp","contentUrl":"https:\/\/plattalaw.com\/wp-content\/uploads\/2023\/09\/Spanish-Tile-1-768x512-1-1.webp","width":768,"height":512,"caption":"Kroki w sprawie o odszkodowanie za obra\u017cenia osobiste \u2013 Kancelaria Prawna Platta"},{"@type":"BreadcrumbList","@id":"https:\/\/plattalaw.com\/pl\/czesto-zadawane-pytania\/etapy-w-sprawie-o-odszkodowanie-za-obrazenia-osobiste\/#breadcrumb","itemListElement":[{"@type":"ListItem","position":1,"name":"Strona g\u0142\u00f3wna","item":"https:\/\/plattalaw.com\/pl\/strona-glowna\/"},{"@type":"ListItem","position":2,"name":"Cz\u0119sto zadawane pytania","item":"https:\/\/plattalaw.com\/pl\/czesto-zadawane-pytania\/"},{"@type":"ListItem","position":3,"name":"Etapy w sprawie o odszkodowanie za obra\u017cenia osobiste"}]},{"@type":"WebSite","@id":"https:\/\/plattalaw.com\/pl\/#website","url":"https:\/\/plattalaw.com\/pl\/","name":"The Platta Law Firm","description":"Personal Injury Lawyer","publisher":{"@id":"https:\/\/plattalaw.com\/pl\/#organization"},"potentialAction":[{"@type":"SearchAction","target":{"@type":"EntryPoint","urlTemplate":"https:\/\/plattalaw.com\/pl\/?s={search_term_string}"},"query-input":{"@type":"PropertyValueSpecification","valueRequired":true,"valueName":"search_term_string"}}],"inLanguage":"pl-PL"},{"@type":"Organization","@id":"https:\/\/plattalaw.com\/pl\/#organization","name":"Kancelaria Prawna Platta","url":"https:\/\/plattalaw.com\/pl\/","logo":{"@type":"ImageObject","inLanguage":"pl-PL","@id":"https:\/\/plattalaw.com\/pl\/#\/schema\/logo\/image\/","url":"https:\/\/plattalaw.com\/wp-content\/uploads\/2021\/07\/The-Platta-Law-Firm-Website-Logo.webp","contentUrl":"https:\/\/plattalaw.com\/wp-content\/uploads\/2021\/07\/The-Platta-Law-Firm-Website-Logo.webp","width":1648,"height":198,"caption":"Kancelaria Prawna Platta"},"image":{"@id":"https:\/\/plattalaw.com\/pl\/#\/schema\/logo\/image\/"}}]}},"_links":{"self":[{"href":"https:\/\/plattalaw.com\/pl\/wp-json\/wp\/v2\/pages\/117140","targetHints":{"allow":["GET"]}}],"collection":[{"href":"https:\/\/plattalaw.com\/pl\/wp-json\/wp\/v2\/pages"}],"about":[{"href":"https:\/\/plattalaw.com\/pl\/wp-json\/wp\/v2\/types\/page"}],"author":[{"embeddable":true,"href":"https:\/\/plattalaw.com\/pl\/wp-json\/wp\/v2\/users\/2"}],"replies":[{"embeddable":true,"href":"https:\/\/plattalaw.com\/pl\/wp-json\/wp\/v2\/comments?post=117140"}],"version-history":[{"count":0,"href":"https:\/\/plattalaw.com\/pl\/wp-json\/wp\/v2\/pages\/117140\/revisions"}],"up":[{"embeddable":true,"href":"https:\/\/plattalaw.com\/pl\/wp-json\/wp\/v2\/pages\/117118"}],"wp:featuredmedia":[{"embeddable":true,"href":"https:\/\/plattalaw.com\/pl\/wp-json\/wp\/v2\/media\/117122"}],"wp:attachment":[{"href":"https:\/\/plattalaw.com\/pl\/wp-json\/wp\/v2\/media?parent=117140"}],"curies":[{"name":"wp","href":"https:\/\/api.w.org\/{rel}","templated":true}]}}