{"id":117124,"date":"2021-08-09T16:14:35","date_gmt":"2021-08-09T20:14:35","guid":{"rendered":"https:\/\/plattalaw.com\/nasi-prawnicy\/elan-hallhauser\/"},"modified":"2026-03-10T10:16:25","modified_gmt":"2026-03-10T14:16:25","slug":"elan-hallhauser","status":"publish","type":"page","link":"https:\/\/plattalaw.com\/pl\/nasi-prawnicy\/elan-hallhauser\/","title":{"rendered":"Elan Hallhauser"},"content":{"rendered":"\t\t<div data-elementor-type=\"wp-page\" data-elementor-id=\"117124\" class=\"elementor elementor-117124 elementor-3293\" data-elementor-post-type=\"page\">\n\t\t\t\t<div class=\"elementor-element elementor-element-ee5edf2 elementor-hidden-tablet e-flex e-con-boxed e-con e-parent\" data-id=\"ee5edf2\" data-element_type=\"container\" data-e-type=\"container\" data-settings=\"{&quot;background_background&quot;:&quot;classic&quot;}\">\n\t\t\t\t\t<div class=\"e-con-inner\">\n\t\t\t\t<div class=\"elementor-element elementor-element-de35f67 elementor-hidden-desktop elementor-hidden-tablet elementor-widget-mobile__width-initial elementor-widget elementor-widget-heading\" data-id=\"de35f67\" data-element_type=\"widget\" data-e-type=\"widget\" data-widget_type=\"heading.default\">\n\t\t\t\t\t<p class=\"elementor-heading-title elementor-size-default\">Nasi prawnicy<\/p>\t\t\t\t<\/div>\n\t\t\t\t<div class=\"elementor-element elementor-element-7ee9269 elementor-align-center elementor-hidden-desktop elementor-hidden-tablet elementor-widget elementor-widget-button\" data-id=\"7ee9269\" data-element_type=\"widget\" data-e-type=\"widget\" data-widget_type=\"button.default\">\n\t\t\t\t\t\t\t\t\t\t<a class=\"elementor-button elementor-button-link elementor-size-sm elementor-animation-shrink\" href=\"#free-case-evaluation\">\n\t\t\t\t\t\t<span class=\"elementor-button-content-wrapper\">\n\t\t\t\t\t\t\t\t\t<span class=\"elementor-button-text\">Bezp\u0142atna ocena sprawy<\/span>\n\t\t\t\t\t<\/span>\n\t\t\t\t\t<\/a>\n\t\t\t\t\t\t\t\t<\/div>\n\t\t\t\t\t<\/div>\n\t\t\t\t<\/div>\n\t\t<div class=\"elementor-element elementor-element-f87a637 e-flex e-con-boxed e-con e-parent\" data-id=\"f87a637\" data-element_type=\"container\" data-e-type=\"container\">\n\t\t\t\t\t<div class=\"e-con-inner\">\n\t\t\t\t<div class=\"elementor-element elementor-element-c4c26c4 elementor-widget__width-initial elementor-position-top elementor-widget elementor-widget-image-box\" data-id=\"c4c26c4\" data-element_type=\"widget\" data-e-type=\"widget\" data-widget_type=\"image-box.default\">\n\t\t\t\t\t<div class=\"elementor-image-box-wrapper\"><figure class=\"elementor-image-box-img\"><img decoding=\"async\" width=\"300\" height=\"300\" src=\"https:\/\/plattalaw.com\/wp-content\/uploads\/2025\/08\/Abogado-de-lesiones-personales-de-Nueva-York-elan-hallhouser-300x300-1.webp\" class=\"attachment-full size-full wp-image-117046\" alt=\"Elan Hallhouser, Esq.\" srcset=\"https:\/\/plattalaw.com\/wp-content\/uploads\/2025\/08\/Abogado-de-lesiones-personales-de-Nueva-York-elan-hallhouser-300x300-1.webp 300w, https:\/\/plattalaw.com\/wp-content\/uploads\/2025\/08\/Abogado-de-lesiones-personales-de-Nueva-York-elan-hallhouser-300x300-1-150x150.webp 150w\" sizes=\"(max-width: 300px) 100vw, 300px\" \/><\/figure><div class=\"elementor-image-box-content\"><h1 class=\"elementor-image-box-title\">Elan Hallhauser<\/h1><p class=\"elementor-image-box-description\">\n<p style=\"margin-top: -15px;font-size: 20px;color: #5d5d5d\">Partner<\/p>\n<p style=\"margin-top: 20px;font-size: 20px;color: #5d5d5d;font-weight:500\">Telefon: <a href=\"tel:2125145100\">(212) 514-5100<\/a><\/p>\n<p style=\"margin-top: -15px;font-size: 20px;color: #5d5d5d;font-weight:500\">E-mail: <a href=\"mailto:eh@plattalaw.com\">Wy\u015blij e-mail<\/a><\/p><\/p><\/div><\/div>\t\t\t\t<\/div>\n\t\t<div class=\"elementor-element elementor-element-0e907a6 e-con-full e-flex e-con e-child\" data-id=\"0e907a6\" data-element_type=\"container\" data-e-type=\"container\">\n\t\t\t\t<div class=\"elementor-element elementor-element-bc315bd elementor-tabs-view-horizontal elementor-widget elementor-widget-tabs\" data-id=\"bc315bd\" data-element_type=\"widget\" data-e-type=\"widget\" data-widget_type=\"tabs.default\">\n\t\t\t\t\t\t\t<div class=\"elementor-tabs\">\n\t\t\t<div class=\"elementor-tabs-wrapper\" role=\"tablist\" >\n\t\t\t\t\t\t\t\t\t<div id=\"elementor-tab-title-1971\" class=\"elementor-tab-title elementor-tab-desktop-title\" aria-selected=\"true\" data-tab=\"1\" role=\"tab\" tabindex=\"0\" aria-controls=\"elementor-tab-content-1971\" aria-expanded=\"false\">Wyr\u00f3\u017cnienia i Stowarzyszenia<\/div>\n\t\t\t\t\t\t\t\t\t<div id=\"elementor-tab-title-1972\" class=\"elementor-tab-title elementor-tab-desktop-title\" aria-selected=\"false\" data-tab=\"2\" role=\"tab\" tabindex=\"-1\" aria-controls=\"elementor-tab-content-1972\" aria-expanded=\"false\">Uprawnienia Adwokackie<\/div>\n\t\t\t\t\t\t\t\t\t<div id=\"elementor-tab-title-1973\" class=\"elementor-tab-title elementor-tab-desktop-title\" aria-selected=\"false\" data-tab=\"3\" role=\"tab\" tabindex=\"-1\" aria-controls=\"elementor-tab-content-1973\" aria-expanded=\"false\">Wykszta\u0142cenie<\/div>\n\t\t\t\t\t\t\t<\/div>\n\t\t\t<div class=\"elementor-tabs-content-wrapper\" role=\"tablist\" aria-orientation=\"vertical\">\n\t\t\t\t\t\t\t\t\t<div class=\"elementor-tab-title elementor-tab-mobile-title\" aria-selected=\"true\" data-tab=\"1\" role=\"tab\" tabindex=\"0\" aria-controls=\"elementor-tab-content-1971\" aria-expanded=\"false\">Wyr\u00f3\u017cnienia i Stowarzyszenia<\/div>\n\t\t\t\t\t<div id=\"elementor-tab-content-1971\" class=\"elementor-tab-content elementor-clearfix\" data-tab=\"1\" role=\"tabpanel\" aria-labelledby=\"elementor-tab-title-1971\" tabindex=\"0\" hidden=\"false\"><ul style=\"margin-left: -10px;\">\n<li>Super Lawyers Rising Stars NY Metro area 2019, 2020, 2021, 2022, 2023<\/li>\n<li>Injured Workers Bar Association<\/li>\n<\/ul>\n<\/div>\n\t\t\t\t\t\t\t\t\t<div class=\"elementor-tab-title elementor-tab-mobile-title\" aria-selected=\"false\" data-tab=\"2\" role=\"tab\" tabindex=\"-1\" aria-controls=\"elementor-tab-content-1972\" aria-expanded=\"false\">Uprawnienia Adwokackie<\/div>\n\t\t\t\t\t<div id=\"elementor-tab-content-1972\" class=\"elementor-tab-content elementor-clearfix\" data-tab=\"2\" role=\"tabpanel\" aria-labelledby=\"elementor-tab-title-1972\" tabindex=\"0\" hidden=\"hidden\"><ul style=\"margin-left: -10px;\">\n<li>S\u0105dy Stanu Nowy Jork<\/li>\n<li>S\u0105d Okr\u0119gowy Stan\u00f3w Zjednoczonych \u2013 Dystrykt Po\u0142udniowy Nowego Jorku<\/li>\n<li>S\u0105d Okr\u0119gowy Stan\u00f3w Zjednoczonych \u2013 Dystrykt Wschodni Nowego Jorku<\/li>\n<\/ul>\n<\/div>\n\t\t\t\t\t\t\t\t\t<div class=\"elementor-tab-title elementor-tab-mobile-title\" aria-selected=\"false\" data-tab=\"3\" role=\"tab\" tabindex=\"-1\" aria-controls=\"elementor-tab-content-1973\" aria-expanded=\"false\">Wykszta\u0142cenie<\/div>\n\t\t\t\t\t<div id=\"elementor-tab-content-1973\" class=\"elementor-tab-content elementor-clearfix\" data-tab=\"3\" role=\"tabpanel\" aria-labelledby=\"elementor-tab-title-1973\" tabindex=\"0\" hidden=\"hidden\"><ul style=\"margin-left: -10px;\">\n<li>Florida Coastal School of Law, Juris Doctor, 2013<\/li>\n<li>SUNY Binghamton, B.A. Nauki Polityczne, 2007<\/li>\n<\/ul>\n<\/div>\n\t\t\t\t\t\t\t<\/div>\n\t\t<\/div>\n\t\t\t\t\t\t<\/div>\n\t\t\t\t<div class=\"elementor-element elementor-element-90e1b3e elementor-widget elementor-widget-heading\" data-id=\"90e1b3e\" data-element_type=\"widget\" data-e-type=\"widget\" data-widget_type=\"heading.default\">\n\t\t\t\t\t<h2 class=\"elementor-heading-title elementor-size-default\">Co najbardziej lubi Pan\/Pani w swojej pracy?<\/h2>\t\t\t\t<\/div>\n\t\t\t\t<div class=\"elementor-element elementor-element-4df1c66 elementor-widget elementor-widget-text-editor\" data-id=\"4df1c66\" data-element_type=\"widget\" data-e-type=\"widget\" data-widget_type=\"text-editor.default\">\n\t\t\t\t\t\t\t\t\t<p>Najlepsz\u0105 cz\u0119\u015bci\u0105 mojej pracy jest pomaganie w ochronie poszkodowanych pracownik\u00f3w. Wa\u017cne jest, aby walczy\u0107 o ludzi ci\u0119\u017cko pracuj\u0105cych i uzyskiwa\u0107 nale\u017cne \u015bwiadczenia. Kiedy klienci czuj\u0105 si\u0119 chronieni i ufaj\u0105 swojemu prawnikowi, nie ma lepszego uczucia. Jednym z najbardziej satysfakcjonuj\u0105cych aspekt\u00f3w tej pracy jest moment, gdy poszkodowani pracownicy otrzymuj\u0105 odpowiedni\u0105 opiek\u0119 medyczn\u0105 i odszkodowanie, dzi\u0119ki czemu mog\u0105 spa\u0107 spokojnie.   <\/p>\t\t\t\t\t\t\t\t<\/div>\n\t\t\t\t<div class=\"elementor-element elementor-element-29d8103 elementor-widget elementor-widget-heading\" data-id=\"29d8103\" data-element_type=\"widget\" data-e-type=\"widget\" data-widget_type=\"heading.default\">\n\t\t\t\t\t<h2 class=\"elementor-heading-title elementor-size-default\">Czego Pan\/Pani nie lubi najbardziej?<\/h2>\t\t\t\t<\/div>\n\t\t\t\t<div class=\"elementor-element elementor-element-7d99baf elementor-widget elementor-widget-text-editor\" data-id=\"7d99baf\" data-element_type=\"widget\" data-e-type=\"widget\" data-widget_type=\"text-editor.default\">\n\t\t\t\t\t\t\t\t\t<p>Niestety, cho\u0107 poszkodowany pracownik jest uprawniony do wielu zabezpiecze\u0144 prawnych, ubezpieczyciele staraj\u0105 si\u0119 na wszelkie sposoby unika\u0107 wyp\u0142acania tych \u015bwiadcze\u0144. Wielu poszkodowanych, ci\u0119\u017cko pracuj\u0105cych m\u0119\u017cczyzn i kobiet czuje si\u0119 zastraszonych przez tych du\u017cych ubezpieczycieli i nie stawia oporu. Wa\u017cne jest, aby wiedzie\u0107, \u017ce w\u0142a\u015bnie dlatego jeste\u015bmy tutaj, aby pom\u00f3c i zapewni\u0107 nale\u017cne \u015bwiadczenia.  <\/p>\t\t\t\t\t\t\t\t<\/div>\n\t\t\t\t<div class=\"elementor-element elementor-element-d2e366f elementor-widget elementor-widget-heading\" data-id=\"d2e366f\" data-element_type=\"widget\" data-e-type=\"widget\" data-widget_type=\"heading.default\">\n\t\t\t\t\t<h2 class=\"elementor-heading-title elementor-size-default\">Jak opisa\u0142by Pan\/Pani swoje podej\u015bcie do sprawy?<\/h2>\t\t\t\t<\/div>\n\t\t\t\t<div class=\"elementor-element elementor-element-edbd18f elementor-widget elementor-widget-text-editor\" data-id=\"edbd18f\" data-element_type=\"widget\" data-e-type=\"widget\" data-widget_type=\"text-editor.default\">\n\t\t\t\t\t\t\t\t\t<p>Wa\u017cne jest, aby zacz\u0105\u0107 od zbudowania relacji z klientem. Po nawi\u0105zaniu relacji, konieczne jest prowadzenie sprawy w taki spos\u00f3b, aby poszkodowany m\u00f3g\u0142 uzyska\u0107 niezb\u0119dn\u0105 opiek\u0119 medyczn\u0105 i odszkodowanie. Wa\u017cne jest, aby moi klienci wiedzieli, \u017ce zawsze jestem got\u00f3w walczy\u0107 o to, co jest konieczne. Moim celem jest uzyskanie najlepszych wynik\u00f3w dla moich klient\u00f3w w danym momencie i na zako\u0144czenie sprawy.   <\/p>\t\t\t\t\t\t\t\t<\/div>\n\t\t\t\t<\/div>\n\t\t\t\t\t<\/div>\n\t\t\t\t<\/div>\n\t\t\t\t<\/div>\n\t\t","protected":false},"excerpt":{"rendered":"<p>Nasi prawnicy Bezp\u0142atna ocena sprawy Elan Hallhauser Partner Telefon: (212) 514-5100 E-mail: Wy\u015blij e-mail Wyr\u00f3\u017cnienia i Stowarzyszenia Uprawnienia Adwokackie Wykszta\u0142cenie Wyr\u00f3\u017cnienia i Stowarzyszenia Super Lawyers Rising Stars NY Metro area 2019, 2020, 2021, 2022, 2023 Injured Workers Bar Association Uprawnienia Adwokackie S\u0105dy Stanu Nowy Jork S\u0105d Okr\u0119gowy Stan\u00f3w Zjednoczonych \u2013 Dystrykt Po\u0142udniowy Nowego Jorku S\u0105d [&hellip;]<\/p>\n","protected":false},"author":2,"featured_media":0,"parent":117090,"menu_order":0,"comment_status":"closed","ping_status":"closed","template":"elementor_header_footer","meta":{"footnotes":""},"class_list":["post-117124","page","type-page","status-publish","hentry"],"yoast_head":"<!-- This site is optimized with the Yoast SEO Premium plugin v27.4 (Yoast SEO v27.4) - https:\/\/yoast.com\/product\/yoast-seo-premium-wordpress\/ -->\n<title>Elan Hallhauser - Kancelaria Prawna Platta<\/title>\n<meta name=\"description\" content=\"Najlepsz\u0105 cz\u0119\u015bci\u0105 mojej pracy jest ochrona poszkodowanych pracownik\u00f3w. Wa\u017cne jest, aby walczy\u0107 o ludzi ci\u0119\u017cko pracuj\u0105cych i uzyskiwa\u0107 nale\u017cne \u015bwiadczenia.\" \/>\n<meta name=\"robots\" content=\"index, follow, max-snippet:-1, max-image-preview:large, max-video-preview:-1\" \/>\n<link rel=\"canonical\" href=\"https:\/\/plattalaw.com\/pl\/nasi-prawnicy\/elan-hallhauser\/\" \/>\n<meta property=\"og:locale\" content=\"pl_PL\" \/>\n<meta property=\"og:type\" content=\"article\" \/>\n<meta property=\"og:title\" content=\"Elan Hallhauser\" \/>\n<meta property=\"og:description\" content=\"Najlepsz\u0105 cz\u0119\u015bci\u0105 mojej pracy jest ochrona poszkodowanych pracownik\u00f3w. Wa\u017cne jest, aby walczy\u0107 o ludzi ci\u0119\u017cko pracuj\u0105cych i uzyskiwa\u0107 nale\u017cne \u015bwiadczenia.\" \/>\n<meta property=\"og:url\" content=\"https:\/\/plattalaw.com\/pl\/nasi-prawnicy\/elan-hallhauser\/\" \/>\n<meta property=\"og:site_name\" content=\"The Platta Law Firm\" \/>\n<meta property=\"article:modified_time\" content=\"2026-03-10T14:16:25+00:00\" \/>\n<meta property=\"og:image\" content=\"https:\/\/plattalaw.com\/wp-content\/uploads\/2025\/08\/Abogado-de-lesiones-personales-de-Nueva-York-elan-hallhouser-300x300-1.webp\" \/>\n<meta name=\"twitter:card\" content=\"summary_large_image\" \/>\n<meta name=\"twitter:label1\" content=\"Szacowany czas czytania\" \/>\n\t<meta name=\"twitter:data1\" content=\"2 minuty\" \/>\n<script type=\"application\/ld+json\" class=\"yoast-schema-graph\">{\"@context\":\"https:\\\/\\\/schema.org\",\"@graph\":[{\"@type\":\"WebPage\",\"@id\":\"https:\\\/\\\/plattalaw.com\\\/pl\\\/nasi-prawnicy\\\/elan-hallhauser\\\/\",\"url\":\"https:\\\/\\\/plattalaw.com\\\/pl\\\/nasi-prawnicy\\\/elan-hallhauser\\\/\",\"name\":\"Elan Hallhauser - Kancelaria Prawna Platta\",\"isPartOf\":{\"@id\":\"https:\\\/\\\/plattalaw.com\\\/pl\\\/#website\"},\"primaryImageOfPage\":{\"@id\":\"https:\\\/\\\/plattalaw.com\\\/pl\\\/nasi-prawnicy\\\/elan-hallhauser\\\/#primaryimage\"},\"image\":{\"@id\":\"https:\\\/\\\/plattalaw.com\\\/pl\\\/nasi-prawnicy\\\/elan-hallhauser\\\/#primaryimage\"},\"thumbnailUrl\":\"https:\\\/\\\/plattalaw.com\\\/wp-content\\\/uploads\\\/2025\\\/08\\\/Abogado-de-lesiones-personales-de-Nueva-York-elan-hallhouser-300x300-1.webp\",\"datePublished\":\"2021-08-09T20:14:35+00:00\",\"dateModified\":\"2026-03-10T14:16:25+00:00\",\"description\":\"Najlepsz\u0105 cz\u0119\u015bci\u0105 mojej pracy jest ochrona poszkodowanych pracownik\u00f3w. Wa\u017cne jest, aby walczy\u0107 o ludzi ci\u0119\u017cko pracuj\u0105cych i uzyskiwa\u0107 nale\u017cne \u015bwiadczenia.\",\"breadcrumb\":{\"@id\":\"https:\\\/\\\/plattalaw.com\\\/pl\\\/nasi-prawnicy\\\/elan-hallhauser\\\/#breadcrumb\"},\"inLanguage\":\"pl-PL\",\"potentialAction\":[{\"@type\":\"ReadAction\",\"target\":[\"https:\\\/\\\/plattalaw.com\\\/pl\\\/nasi-prawnicy\\\/elan-hallhauser\\\/\"]}]},{\"@type\":\"ImageObject\",\"inLanguage\":\"pl-PL\",\"@id\":\"https:\\\/\\\/plattalaw.com\\\/pl\\\/nasi-prawnicy\\\/elan-hallhauser\\\/#primaryimage\",\"url\":\"https:\\\/\\\/plattalaw.com\\\/wp-content\\\/uploads\\\/2025\\\/08\\\/Abogado-de-lesiones-personales-de-Nueva-York-elan-hallhouser-300x300-1.webp\",\"contentUrl\":\"https:\\\/\\\/plattalaw.com\\\/wp-content\\\/uploads\\\/2025\\\/08\\\/Abogado-de-lesiones-personales-de-Nueva-York-elan-hallhouser-300x300-1.webp\"},{\"@type\":\"BreadcrumbList\",\"@id\":\"https:\\\/\\\/plattalaw.com\\\/pl\\\/nasi-prawnicy\\\/elan-hallhauser\\\/#breadcrumb\",\"itemListElement\":[{\"@type\":\"ListItem\",\"position\":1,\"name\":\"Strona g\u0142\u00f3wna\",\"item\":\"https:\\\/\\\/plattalaw.com\\\/pl\\\/strona-glowna\\\/\"},{\"@type\":\"ListItem\",\"position\":2,\"name\":\"Nasi prawnicy\",\"item\":\"https:\\\/\\\/plattalaw.com\\\/pl\\\/our-attorneys\\\/\"},{\"@type\":\"ListItem\",\"position\":3,\"name\":\"Elan Hallhauser\"}]},{\"@type\":\"WebSite\",\"@id\":\"https:\\\/\\\/plattalaw.com\\\/pl\\\/#website\",\"url\":\"https:\\\/\\\/plattalaw.com\\\/pl\\\/\",\"name\":\"The Platta Law Firm\",\"description\":\"Personal Injury Lawyer\",\"publisher\":{\"@id\":\"https:\\\/\\\/plattalaw.com\\\/pl\\\/#organization\"},\"potentialAction\":[{\"@type\":\"SearchAction\",\"target\":{\"@type\":\"EntryPoint\",\"urlTemplate\":\"https:\\\/\\\/plattalaw.com\\\/pl\\\/?s={search_term_string}\"},\"query-input\":{\"@type\":\"PropertyValueSpecification\",\"valueRequired\":true,\"valueName\":\"search_term_string\"}}],\"inLanguage\":\"pl-PL\"},{\"@type\":\"Organization\",\"@id\":\"https:\\\/\\\/plattalaw.com\\\/pl\\\/#organization\",\"name\":\"Kancelaria Prawna Platta\",\"url\":\"https:\\\/\\\/plattalaw.com\\\/pl\\\/\",\"logo\":{\"@type\":\"ImageObject\",\"inLanguage\":\"pl-PL\",\"@id\":\"https:\\\/\\\/plattalaw.com\\\/pl\\\/#\\\/schema\\\/logo\\\/image\\\/\",\"url\":\"https:\\\/\\\/plattalaw.com\\\/wp-content\\\/uploads\\\/2021\\\/07\\\/The-Platta-Law-Firm-Website-Logo.webp\",\"contentUrl\":\"https:\\\/\\\/plattalaw.com\\\/wp-content\\\/uploads\\\/2021\\\/07\\\/The-Platta-Law-Firm-Website-Logo.webp\",\"width\":1648,\"height\":198,\"caption\":\"Kancelaria Prawna Platta\"},\"image\":{\"@id\":\"https:\\\/\\\/plattalaw.com\\\/pl\\\/#\\\/schema\\\/logo\\\/image\\\/\"}}]}<\/script>\n<!-- \/ Yoast SEO Premium plugin. -->","yoast_head_json":{"title":"Elan Hallhauser - Kancelaria Prawna Platta","description":"Najlepsz\u0105 cz\u0119\u015bci\u0105 mojej pracy jest ochrona poszkodowanych pracownik\u00f3w. Wa\u017cne jest, aby walczy\u0107 o ludzi ci\u0119\u017cko pracuj\u0105cych i uzyskiwa\u0107 nale\u017cne \u015bwiadczenia.","robots":{"index":"index","follow":"follow","max-snippet":"max-snippet:-1","max-image-preview":"max-image-preview:large","max-video-preview":"max-video-preview:-1"},"canonical":"https:\/\/plattalaw.com\/pl\/nasi-prawnicy\/elan-hallhauser\/","og_locale":"pl_PL","og_type":"article","og_title":"Elan Hallhauser","og_description":"Najlepsz\u0105 cz\u0119\u015bci\u0105 mojej pracy jest ochrona poszkodowanych pracownik\u00f3w. Wa\u017cne jest, aby walczy\u0107 o ludzi ci\u0119\u017cko pracuj\u0105cych i uzyskiwa\u0107 nale\u017cne \u015bwiadczenia.","og_url":"https:\/\/plattalaw.com\/pl\/nasi-prawnicy\/elan-hallhauser\/","og_site_name":"The Platta Law Firm","article_modified_time":"2026-03-10T14:16:25+00:00","og_image":[{"url":"https:\/\/plattalaw.com\/wp-content\/uploads\/2025\/08\/Abogado-de-lesiones-personales-de-Nueva-York-elan-hallhouser-300x300-1.webp","type":"","width":"","height":""}],"twitter_card":"summary_large_image","twitter_misc":{"Szacowany czas czytania":"2 minuty"},"schema":{"@context":"https:\/\/schema.org","@graph":[{"@type":"WebPage","@id":"https:\/\/plattalaw.com\/pl\/nasi-prawnicy\/elan-hallhauser\/","url":"https:\/\/plattalaw.com\/pl\/nasi-prawnicy\/elan-hallhauser\/","name":"Elan Hallhauser - Kancelaria Prawna Platta","isPartOf":{"@id":"https:\/\/plattalaw.com\/pl\/#website"},"primaryImageOfPage":{"@id":"https:\/\/plattalaw.com\/pl\/nasi-prawnicy\/elan-hallhauser\/#primaryimage"},"image":{"@id":"https:\/\/plattalaw.com\/pl\/nasi-prawnicy\/elan-hallhauser\/#primaryimage"},"thumbnailUrl":"https:\/\/plattalaw.com\/wp-content\/uploads\/2025\/08\/Abogado-de-lesiones-personales-de-Nueva-York-elan-hallhouser-300x300-1.webp","datePublished":"2021-08-09T20:14:35+00:00","dateModified":"2026-03-10T14:16:25+00:00","description":"Najlepsz\u0105 cz\u0119\u015bci\u0105 mojej pracy jest ochrona poszkodowanych pracownik\u00f3w. Wa\u017cne jest, aby walczy\u0107 o ludzi ci\u0119\u017cko pracuj\u0105cych i uzyskiwa\u0107 nale\u017cne \u015bwiadczenia.","breadcrumb":{"@id":"https:\/\/plattalaw.com\/pl\/nasi-prawnicy\/elan-hallhauser\/#breadcrumb"},"inLanguage":"pl-PL","potentialAction":[{"@type":"ReadAction","target":["https:\/\/plattalaw.com\/pl\/nasi-prawnicy\/elan-hallhauser\/"]}]},{"@type":"ImageObject","inLanguage":"pl-PL","@id":"https:\/\/plattalaw.com\/pl\/nasi-prawnicy\/elan-hallhauser\/#primaryimage","url":"https:\/\/plattalaw.com\/wp-content\/uploads\/2025\/08\/Abogado-de-lesiones-personales-de-Nueva-York-elan-hallhouser-300x300-1.webp","contentUrl":"https:\/\/plattalaw.com\/wp-content\/uploads\/2025\/08\/Abogado-de-lesiones-personales-de-Nueva-York-elan-hallhouser-300x300-1.webp"},{"@type":"BreadcrumbList","@id":"https:\/\/plattalaw.com\/pl\/nasi-prawnicy\/elan-hallhauser\/#breadcrumb","itemListElement":[{"@type":"ListItem","position":1,"name":"Strona g\u0142\u00f3wna","item":"https:\/\/plattalaw.com\/pl\/strona-glowna\/"},{"@type":"ListItem","position":2,"name":"Nasi prawnicy","item":"https:\/\/plattalaw.com\/pl\/our-attorneys\/"},{"@type":"ListItem","position":3,"name":"Elan Hallhauser"}]},{"@type":"WebSite","@id":"https:\/\/plattalaw.com\/pl\/#website","url":"https:\/\/plattalaw.com\/pl\/","name":"The Platta Law Firm","description":"Personal Injury Lawyer","publisher":{"@id":"https:\/\/plattalaw.com\/pl\/#organization"},"potentialAction":[{"@type":"SearchAction","target":{"@type":"EntryPoint","urlTemplate":"https:\/\/plattalaw.com\/pl\/?s={search_term_string}"},"query-input":{"@type":"PropertyValueSpecification","valueRequired":true,"valueName":"search_term_string"}}],"inLanguage":"pl-PL"},{"@type":"Organization","@id":"https:\/\/plattalaw.com\/pl\/#organization","name":"Kancelaria Prawna Platta","url":"https:\/\/plattalaw.com\/pl\/","logo":{"@type":"ImageObject","inLanguage":"pl-PL","@id":"https:\/\/plattalaw.com\/pl\/#\/schema\/logo\/image\/","url":"https:\/\/plattalaw.com\/wp-content\/uploads\/2021\/07\/The-Platta-Law-Firm-Website-Logo.webp","contentUrl":"https:\/\/plattalaw.com\/wp-content\/uploads\/2021\/07\/The-Platta-Law-Firm-Website-Logo.webp","width":1648,"height":198,"caption":"Kancelaria Prawna Platta"},"image":{"@id":"https:\/\/plattalaw.com\/pl\/#\/schema\/logo\/image\/"}}]}},"_links":{"self":[{"href":"https:\/\/plattalaw.com\/pl\/wp-json\/wp\/v2\/pages\/117124","targetHints":{"allow":["GET"]}}],"collection":[{"href":"https:\/\/plattalaw.com\/pl\/wp-json\/wp\/v2\/pages"}],"about":[{"href":"https:\/\/plattalaw.com\/pl\/wp-json\/wp\/v2\/types\/page"}],"author":[{"embeddable":true,"href":"https:\/\/plattalaw.com\/pl\/wp-json\/wp\/v2\/users\/2"}],"replies":[{"embeddable":true,"href":"https:\/\/plattalaw.com\/pl\/wp-json\/wp\/v2\/comments?post=117124"}],"version-history":[{"count":0,"href":"https:\/\/plattalaw.com\/pl\/wp-json\/wp\/v2\/pages\/117124\/revisions"}],"up":[{"embeddable":true,"href":"https:\/\/plattalaw.com\/pl\/wp-json\/wp\/v2\/pages\/117090"}],"wp:attachment":[{"href":"https:\/\/plattalaw.com\/pl\/wp-json\/wp\/v2\/media?parent=117124"}],"curies":[{"name":"wp","href":"https:\/\/api.w.org\/{rel}","templated":true}]}}