{"id":117118,"date":"2021-07-29T14:36:20","date_gmt":"2021-07-29T18:36:20","guid":{"rendered":"https:\/\/plattalaw.com\/czesto-zadawane-pytania\/"},"modified":"2026-03-19T14:21:16","modified_gmt":"2026-03-19T18:21:16","slug":"czesto-zadawane-pytania","status":"publish","type":"page","link":"https:\/\/plattalaw.com\/pl\/czesto-zadawane-pytania\/","title":{"rendered":"Cz\u0119sto zadawane pytania"},"content":{"rendered":"\t\t<div data-elementor-type=\"wp-page\" data-elementor-id=\"117118\" class=\"elementor elementor-117118 elementor-805\" data-elementor-post-type=\"page\">\n\t\t\t\t<div class=\"elementor-element elementor-element-05c5de9 elementor-hidden-tablet e-flex e-con-boxed e-con e-parent\" data-id=\"05c5de9\" data-element_type=\"container\" data-e-type=\"container\" data-settings=\"{&quot;background_background&quot;:&quot;classic&quot;}\">\n\t\t\t\t\t<div class=\"e-con-inner\">\n\t\t<div class=\"elementor-element elementor-element-79c28a4 e-con-full e-flex e-con e-child\" data-id=\"79c28a4\" data-element_type=\"container\" data-e-type=\"container\">\n\t\t\t\t<div class=\"elementor-element elementor-element-c46c037 elementor-hidden-desktop elementor-hidden-tablet elementor-widget elementor-widget-heading\" data-id=\"c46c037\" data-element_type=\"widget\" data-e-type=\"widget\" data-widget_type=\"heading.default\">\n\t\t\t\t\t<p class=\"elementor-heading-title elementor-size-default\">FAQ<\/p>\t\t\t\t<\/div>\n\t\t\t\t<div class=\"elementor-element elementor-element-e4fb7ab elementor-align-center elementor-hidden-desktop elementor-hidden-tablet elementor-widget elementor-widget-button\" data-id=\"e4fb7ab\" data-element_type=\"widget\" data-e-type=\"widget\" data-widget_type=\"button.default\">\n\t\t\t\t\t\t\t\t\t\t<a class=\"elementor-button elementor-button-link elementor-size-sm elementor-animation-shrink\" href=\"#free-case-evaluation\">\n\t\t\t\t\t\t<span class=\"elementor-button-content-wrapper\">\n\t\t\t\t\t\t\t\t\t<span class=\"elementor-button-text\">Bezp\u0142atna ocena sprawy<\/span>\n\t\t\t\t\t<\/span>\n\t\t\t\t\t<\/a>\n\t\t\t\t\t\t\t\t<\/div>\n\t\t\t\t<\/div>\n\t\t\t\t\t<\/div>\n\t\t\t\t<\/div>\n\t\t<div class=\"elementor-element elementor-element-84a2329 e-flex e-con-boxed e-con e-parent\" data-id=\"84a2329\" data-element_type=\"container\" data-e-type=\"container\">\n\t\t\t\t\t<div class=\"e-con-inner\">\n\t\t<div class=\"elementor-element elementor-element-77d01e7 e-con-full e-flex e-con e-child\" data-id=\"77d01e7\" data-element_type=\"container\" data-e-type=\"container\">\n\t\t\t\t<div class=\"elementor-element elementor-element-058193e elementor-hidden-mobile elementor-widget elementor-widget-heading\" data-id=\"058193e\" data-element_type=\"widget\" data-e-type=\"widget\" data-widget_type=\"heading.default\">\n\t\t\t\t\t<h1 class=\"elementor-heading-title elementor-size-default\">Cz\u0119sto zadawane pytania<\/h1>\t\t\t\t<\/div>\n\t\t<div class=\"elementor-element elementor-element-b624b38 e-con-full e-flex e-con e-child\" data-id=\"b624b38\" data-element_type=\"container\" data-e-type=\"container\">\n\t\t<div class=\"elementor-element elementor-element-ca7048f e-con-full e-flex e-con e-child\" data-id=\"ca7048f\" data-element_type=\"container\" data-e-type=\"container\" data-settings=\"{&quot;background_background&quot;:&quot;classic&quot;}\">\n\t\t\t\t<div class=\"elementor-element elementor-element-1b7762c elementor-widget elementor-widget-spacer\" data-id=\"1b7762c\" data-element_type=\"widget\" data-e-type=\"widget\" data-widget_type=\"spacer.default\">\n\t\t\t\t\t\t\t<div class=\"elementor-spacer\">\n\t\t\t<div class=\"elementor-spacer-inner\"><\/div>\n\t\t<\/div>\n\t\t\t\t\t\t<\/div>\n\t\t\t\t<\/div>\n\t\t<div class=\"elementor-element elementor-element-d1ab160 e-con-full e-flex e-con e-child\" data-id=\"d1ab160\" data-element_type=\"container\" data-e-type=\"container\" data-settings=\"{&quot;background_background&quot;:&quot;classic&quot;}\">\n\t\t\t\t<div class=\"elementor-element elementor-element-45d2251 elementor-widget elementor-widget-heading\" data-id=\"45d2251\" data-element_type=\"widget\" data-e-type=\"widget\" data-widget_type=\"heading.default\">\n\t\t\t\t\t<h2 class=\"elementor-heading-title elementor-size-default\"><a href=\"https:\/\/plattalaw.com\/pl\/czesto-zadawane-pytania\/etapy-w-sprawie-o-odszkodowanie-za-obrazenia-osobiste\/\">Etapy w sprawie o odszkodowanie za obra\u017cenia osobiste<\/a><\/h2>\t\t\t\t<\/div>\n\t\t\t\t<div class=\"elementor-element elementor-element-1410910 elementor-widget elementor-widget-text-editor\" data-id=\"1410910\" data-element_type=\"widget\" data-e-type=\"widget\" data-widget_type=\"text-editor.default\">\n\t\t\t\t\t\t\t\t\tOdniesienie obra\u017ce\u0144 mo\u017ce by\u0107 jednym z najbardziej stresuj\u0105cych moment\u00f3w w \u017cyciu. Niepewno\u015b\u0107 co do dalszego przebiegu \u017cycia jest traumatycznym do\u015bwiadczeniem. Musisz znale\u017a\u0107 odpowiedniego prawnika specjalizuj\u0105cego si\u0119 w sprawach o odszkodowanie za obra\u017cenia osobiste, kt\u00f3ry pomo\u017ce Ci uzyska\u0107 nale\u017cne odszkodowanie. Komunikacja jest wa\u017cnym czynnikiem mi\u0119dzy Tob\u0105 a Twoim prawnikiem i zawsze musisz by\u0107 informowany o kolejnych krokach.   \t\t\t\t\t\t\t\t<\/div>\n\t\t\t\t<div class=\"elementor-element elementor-element-2666e93 elementor-align-justify elementor-widget__width-initial elementor-widget-tablet__width-initial elementor-widget elementor-widget-button\" data-id=\"2666e93\" data-element_type=\"widget\" data-e-type=\"widget\" data-widget_type=\"button.default\">\n\t\t\t\t\t\t\t\t\t\t<a class=\"elementor-button elementor-button-link elementor-size-sm elementor-animation-shrink\" href=\"https:\/\/plattalaw.com\/pl\/czesto-zadawane-pytania\/etapy-w-sprawie-o-odszkodowanie-za-obrazenia-osobiste\/\">\n\t\t\t\t\t\t<span class=\"elementor-button-content-wrapper\">\n\t\t\t\t\t\t\t\t\t<span class=\"elementor-button-text\">Czytaj wi\u0119cej<\/span>\n\t\t\t\t\t<\/span>\n\t\t\t\t\t<\/a>\n\t\t\t\t\t\t\t\t<\/div>\n\t\t\t\t<\/div>\n\t\t\t\t<\/div>\n\t\t<div class=\"elementor-element elementor-element-0bf7d65 e-con-full e-flex e-con e-child\" data-id=\"0bf7d65\" data-element_type=\"container\" data-e-type=\"container\">\n\t\t<div class=\"elementor-element elementor-element-197b138 e-con-full e-flex e-con e-child\" data-id=\"197b138\" data-element_type=\"container\" data-e-type=\"container\" data-settings=\"{&quot;background_background&quot;:&quot;classic&quot;}\">\n\t\t\t\t<div class=\"elementor-element elementor-element-5f5e478 elementor-widget elementor-widget-heading\" data-id=\"5f5e478\" data-element_type=\"widget\" data-e-type=\"widget\" data-widget_type=\"heading.default\">\n\t\t\t\t\t<h2 class=\"elementor-heading-title elementor-size-default\"><a href=\"https:\/\/plattalaw.com\/pl\/czesto-zadawane-pytania\/zmiana-prawnika\/\">Zmiana prawnika<\/a><\/h2>\t\t\t\t<\/div>\n\t\t\t\t<div class=\"elementor-element elementor-element-e7508b4 elementor-widget elementor-widget-text-editor\" data-id=\"e7508b4\" data-element_type=\"widget\" data-e-type=\"widget\" data-widget_type=\"text-editor.default\">\n\t\t\t\t\t\t\t\t\tMo\u017ce zdarzy\u0107 si\u0119 sytuacja, w kt\u00f3rej Twoja relacja z prawnikiem nie uk\u0142ada si\u0119 pomy\u015blnie. Zmiana prawnika w sprawie o odszkodowanie za obra\u017cenia osobiste mo\u017ce by\u0107 \u0142atwym procesem. Tw\u00f3j prawnik pracuje dla Ciebie. Kwota, kt\u00f3ra zostanie pobrana od Ciebie jako op\u0142ata, nie wzro\u015bnie, je\u015bli zdecydujesz si\u0119 zmieni\u0107 prawnika. Zawsze powiniene\u015b znale\u017a\u0107 kancelari\u0119 prawn\u0105, z kt\u00f3r\u0105 czujesz si\u0119 komfortowo i kt\u00f3ra b\u0119dzie walczy\u0107 o Twoje najlepsze interesy.    \t\t\t\t\t\t\t\t<\/div>\n\t\t\t\t<div class=\"elementor-element elementor-element-225b041 elementor-align-justify elementor-widget__width-initial elementor-widget-tablet__width-initial elementor-widget elementor-widget-button\" data-id=\"225b041\" data-element_type=\"widget\" data-e-type=\"widget\" data-widget_type=\"button.default\">\n\t\t\t\t\t\t\t\t\t\t<a class=\"elementor-button elementor-button-link elementor-size-sm elementor-animation-shrink\" href=\"https:\/\/plattalaw.com\/pl\/czesto-zadawane-pytania\/zmiana-prawnika\/\">\n\t\t\t\t\t\t<span class=\"elementor-button-content-wrapper\">\n\t\t\t\t\t\t\t\t\t<span class=\"elementor-button-text\">Czytaj wi\u0119cej<\/span>\n\t\t\t\t\t<\/span>\n\t\t\t\t\t<\/a>\n\t\t\t\t\t\t\t\t<\/div>\n\t\t\t\t<\/div>\n\t\t<div class=\"elementor-element elementor-element-5b41029 e-con-full e-flex e-con e-child\" data-id=\"5b41029\" data-element_type=\"container\" data-e-type=\"container\" data-settings=\"{&quot;background_background&quot;:&quot;classic&quot;}\">\n\t\t\t\t<div class=\"elementor-element elementor-element-ddd4eae elementor-widget elementor-widget-spacer\" data-id=\"ddd4eae\" data-element_type=\"widget\" data-e-type=\"widget\" data-widget_type=\"spacer.default\">\n\t\t\t\t\t\t\t<div class=\"elementor-spacer\">\n\t\t\t<div class=\"elementor-spacer-inner\"><\/div>\n\t\t<\/div>\n\t\t\t\t\t\t<\/div>\n\t\t\t\t<\/div>\n\t\t\t\t<\/div>\n\t\t<div class=\"elementor-element elementor-element-7937cbf e-con-full e-flex e-con e-child\" data-id=\"7937cbf\" data-element_type=\"container\" data-e-type=\"container\">\n\t\t<div class=\"elementor-element elementor-element-c4e5b0c e-con-full e-flex e-con e-child\" data-id=\"c4e5b0c\" data-element_type=\"container\" data-e-type=\"container\" data-settings=\"{&quot;background_background&quot;:&quot;classic&quot;}\">\n\t\t\t\t<div class=\"elementor-element elementor-element-0dc4896 elementor-widget elementor-widget-spacer\" data-id=\"0dc4896\" data-element_type=\"widget\" data-e-type=\"widget\" data-widget_type=\"spacer.default\">\n\t\t\t\t\t\t\t<div class=\"elementor-spacer\">\n\t\t\t<div class=\"elementor-spacer-inner\"><\/div>\n\t\t<\/div>\n\t\t\t\t\t\t<\/div>\n\t\t\t\t<\/div>\n\t\t<div class=\"elementor-element elementor-element-229d6fd e-con-full e-flex e-con e-child\" data-id=\"229d6fd\" data-element_type=\"container\" data-e-type=\"container\" data-settings=\"{&quot;background_background&quot;:&quot;classic&quot;}\">\n\t\t\t\t<div class=\"elementor-element elementor-element-0b12864 elementor-widget elementor-widget-heading\" data-id=\"0b12864\" data-element_type=\"widget\" data-e-type=\"widget\" data-widget_type=\"heading.default\">\n\t\t\t\t\t<h2 class=\"elementor-heading-title elementor-size-default\"><a href=\"https:\/\/plattalaw.com\/pl\/czesto-zadawane-pytania\/czy-warto-zatrudnic-prawnika-ds-obrazen-ciala\/\">Czy warto zatrudni\u0107 prawnika specjalizuj\u0105cego si\u0119 w sprawach o odszkodowanie za obra\u017cenia osobiste?<\/a><\/h2>\t\t\t\t<\/div>\n\t\t\t\t<div class=\"elementor-element elementor-element-6571be9 elementor-widget elementor-widget-text-editor\" data-id=\"6571be9\" data-element_type=\"widget\" data-e-type=\"widget\" data-widget_type=\"text-editor.default\">\n\t\t\t\t\t\t\t\t\tPytanie, kt\u00f3re zawsze powiniene\u015b sobie zada\u0107, brzmi: czy mo\u017cesz sobie pozwoli\u0107 na niezawarcie umowy z prawnikiem? Rzeczywisto\u015b\u0107 posiadania prawnika reprezentuj\u0105cego Ci\u0119 w sprawie o odszkodowanie za obra\u017cenia osobiste jest taka, \u017ce nie kosztuje Ci\u0119 to nic, chyba \u017ce wygrasz. Op\u0142ata dla prawnika specjalizuj\u0105cego si\u0119 w sprawach o odszkodowanie za obra\u017cenia osobiste wynosi zazwyczaj jedn\u0105 trzeci\u0105 ca\u0142ej ugody. Firmy ubezpieczeniowe i korporacje b\u0119d\u0105 mia\u0142y po swojej stronie najlepszego prawnika walcz\u0105cego przeciwko Tobie, dlaczego wi\u0119c nie wyr\u00f3wna\u0107 szans w walce z nimi?   \t\t\t\t\t\t\t\t<\/div>\n\t\t\t\t<div class=\"elementor-element elementor-element-60e0c61 elementor-align-justify elementor-widget__width-initial elementor-widget-tablet__width-initial elementor-widget elementor-widget-button\" data-id=\"60e0c61\" data-element_type=\"widget\" data-e-type=\"widget\" data-widget_type=\"button.default\">\n\t\t\t\t\t\t\t\t\t\t<a class=\"elementor-button elementor-button-link elementor-size-sm elementor-animation-shrink\" href=\"https:\/\/plattalaw.com\/pl\/czesto-zadawane-pytania\/czy-warto-zatrudnic-prawnika-ds-obrazen-ciala\/\">\n\t\t\t\t\t\t<span class=\"elementor-button-content-wrapper\">\n\t\t\t\t\t\t\t\t\t<span class=\"elementor-button-text\">Czytaj wi\u0119cej<\/span>\n\t\t\t\t\t<\/span>\n\t\t\t\t\t<\/a>\n\t\t\t\t\t\t\t\t<\/div>\n\t\t\t\t<\/div>\n\t\t\t\t<\/div>\n\t\t<div class=\"elementor-element elementor-element-e690790 e-con-full e-flex e-con e-child\" data-id=\"e690790\" data-element_type=\"container\" data-e-type=\"container\">\n\t\t<div class=\"elementor-element elementor-element-0fa7cfd e-con-full e-flex e-con e-child\" data-id=\"0fa7cfd\" data-element_type=\"container\" data-e-type=\"container\" data-settings=\"{&quot;background_background&quot;:&quot;classic&quot;}\">\n\t\t\t\t<div class=\"elementor-element elementor-element-c66e985 elementor-widget elementor-widget-heading\" data-id=\"c66e985\" data-element_type=\"widget\" data-e-type=\"widget\" data-widget_type=\"heading.default\">\n\t\t\t\t\t<h2 class=\"elementor-heading-title elementor-size-default\"><a href=\"https:\/\/plattalaw.com\/pl\/czesto-zadawane-pytania\/honorarium-prawnika\/\">Honorarium prawnika<\/a><\/h2>\t\t\t\t<\/div>\n\t\t\t\t<div class=\"elementor-element elementor-element-6ec59b4 elementor-widget elementor-widget-text-editor\" data-id=\"6ec59b4\" data-element_type=\"widget\" data-e-type=\"widget\" data-widget_type=\"text-editor.default\">\n\t\t\t\t\t\t\t\t\tSprawy o odszkodowanie za obra\u017cenia osobiste s\u0105 g\u0142\u00f3wnie prowadzone na zasadzie honorarium warunkowego. Prawnik otrzyma wynagrodzenie tylko wtedy, gdy uda mu si\u0119 zawrze\u0107 ugod\u0119 w Twojej sprawie. Sprawa o odszkodowanie za obra\u017cenia osobiste mo\u017ce kosztowa\u0107 Ci\u0119 dziesi\u0105tki tysi\u0119cy dolar\u00f3w z w\u0142asnej kieszeni, je\u015bli zdecydujesz si\u0119 nie korzysta\u0107 z us\u0142ug prawnika. W przypadku, gdy Twoja sprawa nie zostanie wygrana, to prawnik poniesie koszty wydatk\u00f3w, a nie Ty.   \t\t\t\t\t\t\t\t<\/div>\n\t\t\t\t<div class=\"elementor-element elementor-element-ededde0 elementor-align-justify elementor-widget__width-initial elementor-widget-tablet__width-initial elementor-widget elementor-widget-button\" data-id=\"ededde0\" data-element_type=\"widget\" data-e-type=\"widget\" data-widget_type=\"button.default\">\n\t\t\t\t\t\t\t\t\t\t<a class=\"elementor-button elementor-button-link elementor-size-sm elementor-animation-shrink\" href=\"https:\/\/plattalaw.com\/pl\/czesto-zadawane-pytania\/honorarium-prawnika\/\">\n\t\t\t\t\t\t<span class=\"elementor-button-content-wrapper\">\n\t\t\t\t\t\t\t\t\t<span class=\"elementor-button-text\">Czytaj wi\u0119cej<\/span>\n\t\t\t\t\t<\/span>\n\t\t\t\t\t<\/a>\n\t\t\t\t\t\t\t\t<\/div>\n\t\t\t\t<\/div>\n\t\t<div class=\"elementor-element elementor-element-c6be599 e-con-full e-flex e-con e-child\" data-id=\"c6be599\" data-element_type=\"container\" data-e-type=\"container\" data-settings=\"{&quot;background_background&quot;:&quot;classic&quot;}\">\n\t\t\t\t<div class=\"elementor-element elementor-element-fc2ccab elementor-widget elementor-widget-spacer\" data-id=\"fc2ccab\" data-element_type=\"widget\" data-e-type=\"widget\" data-widget_type=\"spacer.default\">\n\t\t\t\t\t\t\t<div class=\"elementor-spacer\">\n\t\t\t<div class=\"elementor-spacer-inner\"><\/div>\n\t\t<\/div>\n\t\t\t\t\t\t<\/div>\n\t\t\t\t<\/div>\n\t\t\t\t<\/div>\n\t\t\t\t<\/div>\n\t\t\t\t\t<\/div>\n\t\t\t\t<\/div>\n\t\t\t\t<\/div>\n\t\t","protected":false},"excerpt":{"rendered":"<p>FAQ Bezp\u0142atna ocena sprawy Cz\u0119sto zadawane pytania Etapy w sprawie o odszkodowanie za obra\u017cenia osobiste Odniesienie obra\u017ce\u0144 mo\u017ce by\u0107 jednym z najbardziej stresuj\u0105cych moment\u00f3w w \u017cyciu. Niepewno\u015b\u0107 co do dalszego przebiegu \u017cycia jest traumatycznym do\u015bwiadczeniem. Musisz znale\u017a\u0107 odpowiedniego prawnika specjalizuj\u0105cego si\u0119 w sprawach o odszkodowanie za obra\u017cenia osobiste, kt\u00f3ry pomo\u017ce Ci uzyska\u0107 nale\u017cne odszkodowanie. Komunikacja [&hellip;]<\/p>\n","protected":false},"author":2,"featured_media":0,"parent":0,"menu_order":0,"comment_status":"closed","ping_status":"closed","template":"elementor_header_footer","meta":{"footnotes":""},"class_list":["post-117118","page","type-page","status-publish","hentry"],"yoast_head":"<!-- This site is optimized with the Yoast SEO Premium plugin v27.4 (Yoast SEO v27.4) - https:\/\/yoast.com\/product\/yoast-seo-premium-wordpress\/ -->\n<title>Cz\u0119sto zadawane pytania \u2013 Kancelaria Prawna Platta<\/title>\n<meta name=\"description\" content=\"Uzyskaj odpowiedzi na najcz\u0119\u015bciej zadawane pytania dotycz\u0105ce wypadk\u00f3w powoduj\u0105cych obra\u017cenia osobiste. Zadzwo\u0144 do nas ju\u017c dzi\u015b pod numer 212-514-5100 w celu bezp\u0142atnej konsultacji.\" \/>\n<meta name=\"robots\" content=\"index, follow, max-snippet:-1, max-image-preview:large, max-video-preview:-1\" \/>\n<link rel=\"canonical\" href=\"https:\/\/plattalaw.com\/pl\/czesto-zadawane-pytania\/\" \/>\n<meta property=\"og:locale\" content=\"pl_PL\" \/>\n<meta property=\"og:type\" content=\"article\" \/>\n<meta property=\"og:title\" content=\"Cz\u0119sto zadawane pytania\" \/>\n<meta property=\"og:description\" content=\"Uzyskaj odpowiedzi na najcz\u0119\u015bciej zadawane pytania dotycz\u0105ce wypadk\u00f3w powoduj\u0105cych obra\u017cenia osobiste. Zadzwo\u0144 do nas ju\u017c dzi\u015b pod numer 212-514-5100 w celu bezp\u0142atnej konsultacji.\" \/>\n<meta property=\"og:url\" content=\"https:\/\/plattalaw.com\/pl\/czesto-zadawane-pytania\/\" \/>\n<meta property=\"og:site_name\" content=\"The Platta Law Firm\" \/>\n<meta property=\"article:modified_time\" content=\"2026-03-19T18:21:16+00:00\" \/>\n<meta name=\"twitter:card\" content=\"summary_large_image\" \/>\n<meta name=\"twitter:label1\" content=\"Szacowany czas czytania\" \/>\n\t<meta name=\"twitter:data1\" content=\"2 minuty\" \/>\n<script type=\"application\/ld+json\" class=\"yoast-schema-graph\">{\"@context\":\"https:\\\/\\\/schema.org\",\"@graph\":[{\"@type\":\"WebPage\",\"@id\":\"https:\\\/\\\/plattalaw.com\\\/pl\\\/czesto-zadawane-pytania\\\/\",\"url\":\"https:\\\/\\\/plattalaw.com\\\/pl\\\/czesto-zadawane-pytania\\\/\",\"name\":\"Cz\u0119sto zadawane pytania \u2013 Kancelaria Prawna Platta\",\"isPartOf\":{\"@id\":\"https:\\\/\\\/plattalaw.com\\\/pl\\\/#website\"},\"datePublished\":\"2021-07-29T18:36:20+00:00\",\"dateModified\":\"2026-03-19T18:21:16+00:00\",\"description\":\"Uzyskaj odpowiedzi na najcz\u0119\u015bciej zadawane pytania dotycz\u0105ce wypadk\u00f3w powoduj\u0105cych obra\u017cenia osobiste. Zadzwo\u0144 do nas ju\u017c dzi\u015b pod numer 212-514-5100 w celu bezp\u0142atnej konsultacji.\",\"breadcrumb\":{\"@id\":\"https:\\\/\\\/plattalaw.com\\\/pl\\\/czesto-zadawane-pytania\\\/#breadcrumb\"},\"inLanguage\":\"pl-PL\",\"potentialAction\":[{\"@type\":\"ReadAction\",\"target\":[\"https:\\\/\\\/plattalaw.com\\\/pl\\\/czesto-zadawane-pytania\\\/\"]}]},{\"@type\":\"BreadcrumbList\",\"@id\":\"https:\\\/\\\/plattalaw.com\\\/pl\\\/czesto-zadawane-pytania\\\/#breadcrumb\",\"itemListElement\":[{\"@type\":\"ListItem\",\"position\":1,\"name\":\"Strona g\u0142\u00f3wna\",\"item\":\"https:\\\/\\\/plattalaw.com\\\/pl\\\/strona-glowna\\\/\"},{\"@type\":\"ListItem\",\"position\":2,\"name\":\"Cz\u0119sto zadawane pytania\"}]},{\"@type\":\"WebSite\",\"@id\":\"https:\\\/\\\/plattalaw.com\\\/pl\\\/#website\",\"url\":\"https:\\\/\\\/plattalaw.com\\\/pl\\\/\",\"name\":\"The Platta Law Firm\",\"description\":\"Personal Injury Lawyer\",\"publisher\":{\"@id\":\"https:\\\/\\\/plattalaw.com\\\/pl\\\/#organization\"},\"potentialAction\":[{\"@type\":\"SearchAction\",\"target\":{\"@type\":\"EntryPoint\",\"urlTemplate\":\"https:\\\/\\\/plattalaw.com\\\/pl\\\/?s={search_term_string}\"},\"query-input\":{\"@type\":\"PropertyValueSpecification\",\"valueRequired\":true,\"valueName\":\"search_term_string\"}}],\"inLanguage\":\"pl-PL\"},{\"@type\":\"Organization\",\"@id\":\"https:\\\/\\\/plattalaw.com\\\/pl\\\/#organization\",\"name\":\"Kancelaria Prawna Platta\",\"url\":\"https:\\\/\\\/plattalaw.com\\\/pl\\\/\",\"logo\":{\"@type\":\"ImageObject\",\"inLanguage\":\"pl-PL\",\"@id\":\"https:\\\/\\\/plattalaw.com\\\/pl\\\/#\\\/schema\\\/logo\\\/image\\\/\",\"url\":\"https:\\\/\\\/plattalaw.com\\\/wp-content\\\/uploads\\\/2021\\\/07\\\/The-Platta-Law-Firm-Website-Logo.webp\",\"contentUrl\":\"https:\\\/\\\/plattalaw.com\\\/wp-content\\\/uploads\\\/2021\\\/07\\\/The-Platta-Law-Firm-Website-Logo.webp\",\"width\":1648,\"height\":198,\"caption\":\"Kancelaria Prawna Platta\"},\"image\":{\"@id\":\"https:\\\/\\\/plattalaw.com\\\/pl\\\/#\\\/schema\\\/logo\\\/image\\\/\"}}]}<\/script>\n<!-- \/ Yoast SEO Premium plugin. -->","yoast_head_json":{"title":"Cz\u0119sto zadawane pytania \u2013 Kancelaria Prawna Platta","description":"Uzyskaj odpowiedzi na najcz\u0119\u015bciej zadawane pytania dotycz\u0105ce wypadk\u00f3w powoduj\u0105cych obra\u017cenia osobiste. Zadzwo\u0144 do nas ju\u017c dzi\u015b pod numer 212-514-5100 w celu bezp\u0142atnej konsultacji.","robots":{"index":"index","follow":"follow","max-snippet":"max-snippet:-1","max-image-preview":"max-image-preview:large","max-video-preview":"max-video-preview:-1"},"canonical":"https:\/\/plattalaw.com\/pl\/czesto-zadawane-pytania\/","og_locale":"pl_PL","og_type":"article","og_title":"Cz\u0119sto zadawane pytania","og_description":"Uzyskaj odpowiedzi na najcz\u0119\u015bciej zadawane pytania dotycz\u0105ce wypadk\u00f3w powoduj\u0105cych obra\u017cenia osobiste. Zadzwo\u0144 do nas ju\u017c dzi\u015b pod numer 212-514-5100 w celu bezp\u0142atnej konsultacji.","og_url":"https:\/\/plattalaw.com\/pl\/czesto-zadawane-pytania\/","og_site_name":"The Platta Law Firm","article_modified_time":"2026-03-19T18:21:16+00:00","twitter_card":"summary_large_image","twitter_misc":{"Szacowany czas czytania":"2 minuty"},"schema":{"@context":"https:\/\/schema.org","@graph":[{"@type":"WebPage","@id":"https:\/\/plattalaw.com\/pl\/czesto-zadawane-pytania\/","url":"https:\/\/plattalaw.com\/pl\/czesto-zadawane-pytania\/","name":"Cz\u0119sto zadawane pytania \u2013 Kancelaria Prawna Platta","isPartOf":{"@id":"https:\/\/plattalaw.com\/pl\/#website"},"datePublished":"2021-07-29T18:36:20+00:00","dateModified":"2026-03-19T18:21:16+00:00","description":"Uzyskaj odpowiedzi na najcz\u0119\u015bciej zadawane pytania dotycz\u0105ce wypadk\u00f3w powoduj\u0105cych obra\u017cenia osobiste. Zadzwo\u0144 do nas ju\u017c dzi\u015b pod numer 212-514-5100 w celu bezp\u0142atnej konsultacji.","breadcrumb":{"@id":"https:\/\/plattalaw.com\/pl\/czesto-zadawane-pytania\/#breadcrumb"},"inLanguage":"pl-PL","potentialAction":[{"@type":"ReadAction","target":["https:\/\/plattalaw.com\/pl\/czesto-zadawane-pytania\/"]}]},{"@type":"BreadcrumbList","@id":"https:\/\/plattalaw.com\/pl\/czesto-zadawane-pytania\/#breadcrumb","itemListElement":[{"@type":"ListItem","position":1,"name":"Strona g\u0142\u00f3wna","item":"https:\/\/plattalaw.com\/pl\/strona-glowna\/"},{"@type":"ListItem","position":2,"name":"Cz\u0119sto zadawane pytania"}]},{"@type":"WebSite","@id":"https:\/\/plattalaw.com\/pl\/#website","url":"https:\/\/plattalaw.com\/pl\/","name":"The Platta Law Firm","description":"Personal Injury Lawyer","publisher":{"@id":"https:\/\/plattalaw.com\/pl\/#organization"},"potentialAction":[{"@type":"SearchAction","target":{"@type":"EntryPoint","urlTemplate":"https:\/\/plattalaw.com\/pl\/?s={search_term_string}"},"query-input":{"@type":"PropertyValueSpecification","valueRequired":true,"valueName":"search_term_string"}}],"inLanguage":"pl-PL"},{"@type":"Organization","@id":"https:\/\/plattalaw.com\/pl\/#organization","name":"Kancelaria Prawna Platta","url":"https:\/\/plattalaw.com\/pl\/","logo":{"@type":"ImageObject","inLanguage":"pl-PL","@id":"https:\/\/plattalaw.com\/pl\/#\/schema\/logo\/image\/","url":"https:\/\/plattalaw.com\/wp-content\/uploads\/2021\/07\/The-Platta-Law-Firm-Website-Logo.webp","contentUrl":"https:\/\/plattalaw.com\/wp-content\/uploads\/2021\/07\/The-Platta-Law-Firm-Website-Logo.webp","width":1648,"height":198,"caption":"Kancelaria Prawna Platta"},"image":{"@id":"https:\/\/plattalaw.com\/pl\/#\/schema\/logo\/image\/"}}]}},"_links":{"self":[{"href":"https:\/\/plattalaw.com\/pl\/wp-json\/wp\/v2\/pages\/117118","targetHints":{"allow":["GET"]}}],"collection":[{"href":"https:\/\/plattalaw.com\/pl\/wp-json\/wp\/v2\/pages"}],"about":[{"href":"https:\/\/plattalaw.com\/pl\/wp-json\/wp\/v2\/types\/page"}],"author":[{"embeddable":true,"href":"https:\/\/plattalaw.com\/pl\/wp-json\/wp\/v2\/users\/2"}],"replies":[{"embeddable":true,"href":"https:\/\/plattalaw.com\/pl\/wp-json\/wp\/v2\/comments?post=117118"}],"version-history":[{"count":0,"href":"https:\/\/plattalaw.com\/pl\/wp-json\/wp\/v2\/pages\/117118\/revisions"}],"wp:attachment":[{"href":"https:\/\/plattalaw.com\/pl\/wp-json\/wp\/v2\/media?parent=117118"}],"curies":[{"name":"wp","href":"https:\/\/api.w.org\/{rel}","templated":true}]}}