{"id":117090,"date":"2021-07-29T14:36:44","date_gmt":"2021-07-29T18:36:44","guid":{"rendered":"https:\/\/plattalaw.com\/nasi-prawnicy\/"},"modified":"2026-04-03T15:35:44","modified_gmt":"2026-04-03T19:35:44","slug":"nasi-prawnicy","status":"publish","type":"page","link":"https:\/\/plattalaw.com\/pl\/nasi-prawnicy\/","title":{"rendered":"Nasi prawnicy"},"content":{"rendered":"\t\t<div data-elementor-type=\"wp-page\" data-elementor-id=\"117090\" class=\"elementor elementor-117090 elementor-807\" data-elementor-post-type=\"page\">\n\t\t\t\t<div class=\"elementor-element elementor-element-0cc2254 elementor-hidden-tablet e-flex e-con-boxed e-con e-parent\" data-id=\"0cc2254\" data-element_type=\"container\" data-e-type=\"container\" data-settings=\"{&quot;background_background&quot;:&quot;classic&quot;}\">\n\t\t\t\t\t<div class=\"e-con-inner\">\n\t\t<div class=\"elementor-element elementor-element-d488cae e-con-full e-flex e-con e-child\" data-id=\"d488cae\" data-element_type=\"container\" data-e-type=\"container\">\n\t\t\t\t<div class=\"elementor-element elementor-element-9330269 elementor-hidden-desktop elementor-widget-mobile__width-initial elementor-hidden-tablet elementor-widget elementor-widget-heading\" data-id=\"9330269\" data-element_type=\"widget\" data-e-type=\"widget\" data-widget_type=\"heading.default\">\n\t\t\t\t\t<p class=\"elementor-heading-title elementor-size-default\">NASI PRAWNICY<\/p>\t\t\t\t<\/div>\n\t\t\t\t<div class=\"elementor-element elementor-element-a278abc elementor-align-center elementor-hidden-desktop elementor-hidden-tablet elementor-hidden-laptop elementor-widget elementor-widget-button\" data-id=\"a278abc\" data-element_type=\"widget\" data-e-type=\"widget\" data-widget_type=\"button.default\">\n\t\t\t\t\t\t\t\t\t\t<a class=\"elementor-button elementor-button-link elementor-size-sm elementor-animation-shrink\" href=\"#free-case-evaluation\">\n\t\t\t\t\t\t<span class=\"elementor-button-content-wrapper\">\n\t\t\t\t\t\t\t\t\t<span class=\"elementor-button-text\">Bezp\u0142atna ocena sprawy<\/span>\n\t\t\t\t\t<\/span>\n\t\t\t\t\t<\/a>\n\t\t\t\t\t\t\t\t<\/div>\n\t\t\t\t<\/div>\n\t\t\t\t\t<\/div>\n\t\t\t\t<\/div>\n\t\t<div class=\"elementor-element elementor-element-ab35d07 elementor-hidden-tablet elementor-hidden-mobile e-flex e-con-boxed e-con e-parent\" data-id=\"ab35d07\" data-element_type=\"container\" data-e-type=\"container\" data-settings=\"{&quot;background_background&quot;:&quot;classic&quot;}\">\n\t\t\t\t\t<div class=\"e-con-inner\">\n\t\t<div class=\"elementor-element elementor-element-a8106b7 e-con-full e-flex e-con e-child\" data-id=\"a8106b7\" data-element_type=\"container\" data-e-type=\"container\">\n\t\t\t\t<div class=\"elementor-element elementor-element-391b607 elementor-hidden-mobile elementor-widget elementor-widget-heading\" data-id=\"391b607\" data-element_type=\"widget\" data-e-type=\"widget\" data-widget_type=\"heading.default\">\n\t\t\t\t\t<h1 class=\"elementor-heading-title elementor-size-default\">Prawnicy Kancelarii Prawnej Platta<\/h1>\t\t\t\t<\/div>\n\t\t\t\t<div class=\"elementor-element elementor-element-6f7527f elementor-widget__width-initial elementor-widget elementor-widget-text-editor\" data-id=\"6f7527f\" data-element_type=\"widget\" data-e-type=\"widget\" data-widget_type=\"text-editor.default\">\n\t\t\t\t\t\t\t\t\t<p>Kancelaria Prawna Platta, PLLC, reprezentuje osoby, kt\u00f3re dozna\u0142y katastrofalnych obra\u017ce\u0144 cia\u0142a w wyniku bezprawnych dzia\u0142a\u0144 innych. Z zapa\u0142em bronimy praw naszych klient\u00f3w, w tym poszkodowanych pracownik\u00f3w. Przede wszystkim, ka\u017cdy wysoko wykwalifikowany prawnik ds. obra\u017ce\u0144 cia\u0142a z Nowego Jorku w Kancelarii Prawnej Platta z dum\u0105 walczy o uzyskanie odszkodowania dla naszych klient\u00f3w i ich bliskich.  <\/p>\t\t\t\t\t\t\t\t<\/div>\n\t\t\t\t<\/div>\n\t\t\t\t\t<\/div>\n\t\t\t\t<\/div>\n\t\t<div class=\"elementor-element elementor-element-0eef856 e-flex e-con-boxed e-con e-child\" data-id=\"0eef856\" data-element_type=\"container\" data-e-type=\"container\" data-settings=\"{&quot;background_background&quot;:&quot;classic&quot;}\">\n\t\t\t\t\t<div class=\"e-con-inner\">\n\t\t\t\t<div class=\"elementor-element elementor-element-e667292 elementor-widget__width-initial elementor-position-top elementor-widget elementor-widget-image-box\" data-id=\"e667292\" data-element_type=\"widget\" data-e-type=\"widget\" data-widget_type=\"image-box.default\">\n\t\t\t\t\t<div class=\"elementor-image-box-wrapper\"><figure class=\"elementor-image-box-img\"><a href=\"https:\/\/plattalaw.com\/pl\/nasi-prawnicy\/slawomir-platta\/\" tabindex=\"-1\"><img decoding=\"async\" width=\"300\" height=\"300\" src=\"https:\/\/plattalaw.com\/wp-content\/uploads\/2025\/08\/Slawek-Platta-300x300-1.webp\" class=\"attachment-full size-full wp-image-117042\" alt=\"S\u0142awek Platta, Esq.\" srcset=\"https:\/\/plattalaw.com\/wp-content\/uploads\/2025\/08\/Slawek-Platta-300x300-1.webp 300w, https:\/\/plattalaw.com\/wp-content\/uploads\/2025\/08\/Slawek-Platta-300x300-1-150x150.webp 150w\" sizes=\"(max-width: 300px) 100vw, 300px\" \/><\/a><\/figure><div class=\"elementor-image-box-content\"><p class=\"elementor-image-box-title\"><a href=\"https:\/\/plattalaw.com\/pl\/nasi-prawnicy\/slawomir-platta\/\">S\u0142awomir Platta <p style=\"font-weight: 400;font-size: 14px;margin-bottom: 30px;color:#ffffff !important\">Partner Za\u0142o\u017cyciel<\/p><\/a><\/p><p class=\"elementor-image-box-description\"><a class=\"view-profile-btn\" style=\"color:#001d3d;background: linear-gradient(87deg, #FFFFFF, #9FCCFF);padding: 12px 30px;border-radius:15px;font-weight:600;font-size: 14px\" href=\"https:\/\/plattalaw.com\/pl\/nasi-prawnicy\/slawomir-platta\/\">Zobacz profil<\/a>\n<p><\/p><\/p><\/div><\/div>\t\t\t\t<\/div>\n\t\t\t\t<div class=\"elementor-element elementor-element-f2087c2 elementor-widget__width-initial elementor-position-top elementor-widget elementor-widget-image-box\" data-id=\"f2087c2\" data-element_type=\"widget\" data-e-type=\"widget\" data-widget_type=\"image-box.default\">\n\t\t\t\t\t<div class=\"elementor-image-box-wrapper\"><figure class=\"elementor-image-box-img\"><a href=\"https:\/\/plattalaw.com\/pl\/nasi-prawnicy\/michael-taub\/\" tabindex=\"-1\"><img decoding=\"async\" width=\"300\" height=\"300\" src=\"https:\/\/plattalaw.com\/wp-content\/uploads\/2025\/08\/Michael-Taub-Personal-Injury-Attorney-300x300-1.webp\" class=\"attachment-full size-full wp-image-117043\" alt=\"Michael Taub, Esq.\" srcset=\"https:\/\/plattalaw.com\/wp-content\/uploads\/2025\/08\/Michael-Taub-Personal-Injury-Attorney-300x300-1.webp 300w, https:\/\/plattalaw.com\/wp-content\/uploads\/2025\/08\/Michael-Taub-Personal-Injury-Attorney-300x300-1-150x150.webp 150w\" sizes=\"(max-width: 300px) 100vw, 300px\" \/><\/a><\/figure><div class=\"elementor-image-box-content\"><p class=\"elementor-image-box-title\"><a href=\"https:\/\/plattalaw.com\/pl\/nasi-prawnicy\/michael-taub\/\">Michael Taub<p style=\"font-weight: 400;font-size: 14px;margin-bottom: 30px;color:#fff !important\">Partner<\/p><\/a><\/p><p class=\"elementor-image-box-description\"><a class=\"view-profile-btn\" style=\"color:#001d3d;background: linear-gradient(87deg, #FFFFFF, #9FCCFF);padding: 12px 30px;border-radius:15px;font-weight:600;font-size: 14px\" href=\"https:\/\/plattalaw.com\/pl\/nasi-prawnicy\/michael-taub\/\">Zobacz profil<\/a>\n<p><\/p><\/p><\/div><\/div>\t\t\t\t<\/div>\n\t\t\t\t<div class=\"elementor-element elementor-element-b53ba45 elementor-widget__width-initial elementor-position-top elementor-widget elementor-widget-image-box\" data-id=\"b53ba45\" data-element_type=\"widget\" data-e-type=\"widget\" data-widget_type=\"image-box.default\">\n\t\t\t\t\t<div class=\"elementor-image-box-wrapper\"><figure class=\"elementor-image-box-img\"><a href=\"https:\/\/plattalaw.com\/pl\/nasi-prawnicy\/howard-frederick\/\" tabindex=\"-1\"><img decoding=\"async\" width=\"300\" height=\"300\" src=\"https:\/\/plattalaw.com\/wp-content\/uploads\/2025\/08\/Howard-Frederick-abogado-de-lesiones-personales-en-ny.webp\" class=\"attachment-full size-full wp-image-117044\" alt=\"Howard Frederick, Esq.\" srcset=\"https:\/\/plattalaw.com\/wp-content\/uploads\/2025\/08\/Howard-Frederick-abogado-de-lesiones-personales-en-ny.webp 300w, https:\/\/plattalaw.com\/wp-content\/uploads\/2025\/08\/Howard-Frederick-abogado-de-lesiones-personales-en-ny-150x150.webp 150w\" sizes=\"(max-width: 300px) 100vw, 300px\" \/><\/a><\/figure><div class=\"elementor-image-box-content\"><p class=\"elementor-image-box-title\"><a href=\"https:\/\/plattalaw.com\/pl\/nasi-prawnicy\/howard-frederick\/\">Howard Frederick<p style=\"font-weight: 400;font-size: 14px;margin-bottom: 30px;color:#fff\">Partner<\/p><\/a><\/p><p class=\"elementor-image-box-description\"><a class=\"view-profile-btn\" style=\"color:#001d3d;background: linear-gradient(87deg, #FFFFFF, #9FCCFF);padding: 12px 30px;border-radius:15px;font-weight:600;font-size: 14px\" href=\"https:\/\/plattalaw.com\/pl\/nasi-prawnicy\/howard-frederick\/\">Zobacz profil<\/a>\n<p><\/p><\/p><\/div><\/div>\t\t\t\t<\/div>\n\t\t\t\t<div class=\"elementor-element elementor-element-9c4ce3a elementor-widget__width-initial elementor-position-top elementor-widget elementor-widget-image-box\" data-id=\"9c4ce3a\" data-element_type=\"widget\" data-e-type=\"widget\" data-widget_type=\"image-box.default\">\n\t\t\t\t\t<div class=\"elementor-image-box-wrapper\"><figure class=\"elementor-image-box-img\"><a href=\"https:\/\/plattalaw.com\/pl\/nasi-prawnicy\/evi-kallfa\/\" tabindex=\"-1\"><img decoding=\"async\" width=\"300\" height=\"300\" src=\"https:\/\/plattalaw.com\/wp-content\/uploads\/2025\/08\/Evi-Kallfa-abogado-de-lesiones-personales-en-nueva-york-300x300-1.webp\" class=\"attachment-full size-full wp-image-117045\" alt=\"Evi Kallfa, Esq.\" srcset=\"https:\/\/plattalaw.com\/wp-content\/uploads\/2025\/08\/Evi-Kallfa-abogado-de-lesiones-personales-en-nueva-york-300x300-1.webp 300w, https:\/\/plattalaw.com\/wp-content\/uploads\/2025\/08\/Evi-Kallfa-abogado-de-lesiones-personales-en-nueva-york-300x300-1-150x150.webp 150w\" sizes=\"(max-width: 300px) 100vw, 300px\" \/><\/a><\/figure><div class=\"elementor-image-box-content\"><p class=\"elementor-image-box-title\"><a href=\"https:\/\/plattalaw.com\/pl\/nasi-prawnicy\/evi-kallfa\/\">Evi Kallfa<p style=\"font-weight: 400;font-size: 14px;margin-bottom: 30px;color:#fff\">Partner<\/p><\/a><\/p><p class=\"elementor-image-box-description\"><a class=\"view-profile-btn\" style=\"color:#001d3d;background: linear-gradient(87deg, #FFFFFF, #9FCCFF);padding: 12px 30px;border-radius:15px;font-weight:600;font-size: 14px\" href=\"https:\/\/plattalaw.com\/pl\/nasi-prawnicy\/evi-kallfa\/\">Zobacz profil<\/a>\n<p><\/p>\n\n\n<\/p><\/div><\/div>\t\t\t\t<\/div>\n\t\t\t\t<div class=\"elementor-element elementor-element-68de350 elementor-widget__width-initial elementor-position-top elementor-widget elementor-widget-image-box\" data-id=\"68de350\" data-element_type=\"widget\" data-e-type=\"widget\" data-widget_type=\"image-box.default\">\n\t\t\t\t\t<div class=\"elementor-image-box-wrapper\"><figure class=\"elementor-image-box-img\"><a href=\"https:\/\/plattalaw.com\/pl\/nasi-prawnicy\/elan-hallhauser\/\" tabindex=\"-1\"><img decoding=\"async\" width=\"300\" height=\"300\" src=\"https:\/\/plattalaw.com\/wp-content\/uploads\/2025\/08\/Abogado-de-lesiones-personales-de-Nueva-York-elan-hallhouser-300x300-1.webp\" class=\"attachment-full size-full wp-image-117046\" alt=\"Elan Hallhouser, Esq.\" srcset=\"https:\/\/plattalaw.com\/wp-content\/uploads\/2025\/08\/Abogado-de-lesiones-personales-de-Nueva-York-elan-hallhouser-300x300-1.webp 300w, https:\/\/plattalaw.com\/wp-content\/uploads\/2025\/08\/Abogado-de-lesiones-personales-de-Nueva-York-elan-hallhouser-300x300-1-150x150.webp 150w\" sizes=\"(max-width: 300px) 100vw, 300px\" \/><\/a><\/figure><div class=\"elementor-image-box-content\"><p class=\"elementor-image-box-title\"><a href=\"https:\/\/plattalaw.com\/pl\/nasi-prawnicy\/elan-hallhauser\/\">Elan Hallhauser<p style=\"font-weight: 400;font-size: 14px;margin-bottom: 30px;color:#fff\">Partner<\/p><\/a><\/p><p class=\"elementor-image-box-description\"><a class=\"view-profile-btn\" style=\"color:#001d3d;background: linear-gradient(87deg, #FFFFFF, #9FCCFF);padding: 12px 30px;border-radius:15px;font-weight:600;font-size: 14px\" href=\"https:\/\/plattalaw.com\/pl\/nasi-prawnicy\/elan-hallhauser\/\">Zobacz profil<\/a>\n<p><\/p><\/p><\/div><\/div>\t\t\t\t<\/div>\n\t\t\t\t<div class=\"elementor-element elementor-element-bb2f7e6 elementor-widget__width-initial elementor-position-top elementor-widget elementor-widget-image-box\" data-id=\"bb2f7e6\" data-element_type=\"widget\" data-e-type=\"widget\" data-widget_type=\"image-box.default\">\n\t\t\t\t\t<div class=\"elementor-image-box-wrapper\"><figure class=\"elementor-image-box-img\"><a href=\"https:\/\/plattalaw.com\/pl\/nasi-prawnicy\/robert-miraglia\/\" tabindex=\"-1\"><img decoding=\"async\" width=\"300\" height=\"300\" src=\"https:\/\/plattalaw.com\/wp-content\/uploads\/2025\/08\/The-Platta-Law-Firm-Robert-Miraglia.webp\" class=\"attachment-full size-full wp-image-117047\" alt=\"Robert Miraglia, Esq.\" srcset=\"https:\/\/plattalaw.com\/wp-content\/uploads\/2025\/08\/The-Platta-Law-Firm-Robert-Miraglia.webp 300w, https:\/\/plattalaw.com\/wp-content\/uploads\/2025\/08\/The-Platta-Law-Firm-Robert-Miraglia-150x150.webp 150w\" sizes=\"(max-width: 300px) 100vw, 300px\" \/><\/a><\/figure><div class=\"elementor-image-box-content\"><p class=\"elementor-image-box-title\"><a href=\"https:\/\/plattalaw.com\/pl\/nasi-prawnicy\/robert-miraglia\/\">Robert Miraglia<p style=\"font-weight: 400;font-size: 14px;margin-bottom: 30px;color:#fff\">Prawnik Stowarzyszony<\/p><\/a><\/p><p class=\"elementor-image-box-description\"><a class=\"view-profile-btn\" style=\"color:#001d3d;background: linear-gradient(87deg, #FFFFFF, #9FCCFF);padding: 12px 30px;border-radius:15px;font-weight:600;font-size: 14px\" href=\"https:\/\/plattalaw.com\/pl\/nasi-prawnicy\/robert-miraglia\/\">Zobacz profil<\/a>\n<p><\/p><\/p><\/div><\/div>\t\t\t\t<\/div>\n\t\t\t\t<div class=\"elementor-element elementor-element-da9eb3d elementor-widget__width-initial elementor-position-top elementor-widget elementor-widget-image-box\" data-id=\"da9eb3d\" data-element_type=\"widget\" data-e-type=\"widget\" data-widget_type=\"image-box.default\">\n\t\t\t\t\t<div class=\"elementor-image-box-wrapper\"><figure class=\"elementor-image-box-img\"><a href=\"https:\/\/plattalaw.com\/pl\/nasi-prawnicy\/kyeko-m-stewart\/\" tabindex=\"-1\"><img decoding=\"async\" width=\"300\" height=\"300\" src=\"https:\/\/plattalaw.com\/wp-content\/uploads\/2025\/08\/Kyeko-M.-Stewart-Esq.-The-Platta-Law-Firm-300x300-1.webp\" class=\"attachment-full size-full wp-image-117048\" alt=\"Kyeko M. Stewart, Esq.\" srcset=\"https:\/\/plattalaw.com\/wp-content\/uploads\/2025\/08\/Kyeko-M.-Stewart-Esq.-The-Platta-Law-Firm-300x300-1.webp 300w, https:\/\/plattalaw.com\/wp-content\/uploads\/2025\/08\/Kyeko-M.-Stewart-Esq.-The-Platta-Law-Firm-300x300-1-150x150.webp 150w\" sizes=\"(max-width: 300px) 100vw, 300px\" \/><\/a><\/figure><div class=\"elementor-image-box-content\"><p class=\"elementor-image-box-title\"><a href=\"https:\/\/plattalaw.com\/pl\/nasi-prawnicy\/kyeko-m-stewart\/\">Kyeko M. Stewart<p style=\"font-weight: 400;font-size: 14px;margin-bottom: 30px;color:#fff\">Prawnik Stowarzyszony<\/p><\/a><\/p><p class=\"elementor-image-box-description\"><a class=\"view-profile-btn\" style=\"color:#001d3d;background: linear-gradient(87deg, #FFFFFF, #9FCCFF);padding: 12px 30px;border-radius:15px;font-weight:600;font-size: 14px\" href=\"https:\/\/plattalaw.com\/pl\/nasi-prawnicy\/kyeko-m-stewart\/\">Zobacz profil<\/a>\n<p><\/p><\/p><\/div><\/div>\t\t\t\t<\/div>\n\t\t\t\t\t<\/div>\n\t\t\t\t<\/div>\n\t\t\t\t<\/div>\n\t\t","protected":false},"excerpt":{"rendered":"<p>NASI PRAWNICY Bezp\u0142atna ocena sprawy Prawnicy Kancelarii Prawnej Platta Kancelaria Prawna Platta, PLLC, reprezentuje osoby, kt\u00f3re dozna\u0142y katastrofalnych obra\u017ce\u0144 cia\u0142a w wyniku bezprawnych dzia\u0142a\u0144 innych. Z zapa\u0142em bronimy praw naszych klient\u00f3w, w tym poszkodowanych pracownik\u00f3w. Przede wszystkim, ka\u017cdy wysoko wykwalifikowany prawnik ds. obra\u017ce\u0144 cia\u0142a z Nowego Jorku w Kancelarii Prawnej Platta z dum\u0105 walczy o [&hellip;]<\/p>\n","protected":false},"author":2,"featured_media":0,"parent":0,"menu_order":0,"comment_status":"closed","ping_status":"closed","template":"elementor_header_footer","meta":{"footnotes":""},"class_list":["post-117090","page","type-page","status-publish","hentry"],"yoast_head":"<!-- This site is optimized with the Yoast SEO Premium plugin v27.3 (Yoast SEO v27.3) - https:\/\/yoast.com\/product\/yoast-seo-premium-wordpress\/ -->\n<title>Nasi prawnicy - Kancelaria Prawna Platta<\/title>\n<meta name=\"description\" content=\"Kancelaria Prawna Platta szczyci si\u0119 swoimi kompetentnymi i do\u015bwiadczonymi prawnikami. Dowiedz si\u0119 wi\u0119cej o naszych nagradzanych prawnikach i o tym, jak mog\u0105 Pa\u0144stwu pom\u00f3c.\" \/>\n<meta name=\"robots\" content=\"index, follow, max-snippet:-1, max-image-preview:large, max-video-preview:-1\" \/>\n<link rel=\"canonical\" href=\"https:\/\/plattalaw.com\/pl\/nasi-prawnicy\/\" \/>\n<meta property=\"og:locale\" content=\"pl_PL\" \/>\n<meta property=\"og:type\" content=\"article\" \/>\n<meta property=\"og:title\" content=\"Nasi prawnicy\" \/>\n<meta property=\"og:description\" content=\"Kancelaria Prawna Platta szczyci si\u0119 swoimi kompetentnymi i do\u015bwiadczonymi prawnikami. Dowiedz si\u0119 wi\u0119cej o naszych nagradzanych prawnikach i o tym, jak mog\u0105 Pa\u0144stwu pom\u00f3c.\" \/>\n<meta property=\"og:url\" content=\"https:\/\/plattalaw.com\/pl\/nasi-prawnicy\/\" \/>\n<meta property=\"og:site_name\" content=\"The Platta Law Firm\" \/>\n<meta property=\"article:modified_time\" content=\"2026-04-03T19:35:44+00:00\" \/>\n<meta property=\"og:image\" content=\"https:\/\/plattalaw.com\/wp-content\/uploads\/2025\/08\/Slawek-Platta-300x300-1.webp\" \/>\n\t<meta property=\"og:image:width\" content=\"300\" \/>\n\t<meta property=\"og:image:height\" content=\"300\" \/>\n\t<meta property=\"og:image:type\" content=\"image\/webp\" \/>\n<meta name=\"twitter:card\" content=\"summary_large_image\" \/>\n<meta name=\"twitter:label1\" content=\"Szacowany czas czytania\" \/>\n\t<meta name=\"twitter:data1\" content=\"3 minuty\" \/>\n<script type=\"application\/ld+json\" class=\"yoast-schema-graph\">{\"@context\":\"https:\\\/\\\/schema.org\",\"@graph\":[{\"@type\":\"WebPage\",\"@id\":\"https:\\\/\\\/plattalaw.com\\\/pl\\\/nasi-prawnicy\\\/\",\"url\":\"https:\\\/\\\/plattalaw.com\\\/pl\\\/nasi-prawnicy\\\/\",\"name\":\"Nasi prawnicy - Kancelaria Prawna Platta\",\"isPartOf\":{\"@id\":\"https:\\\/\\\/plattalaw.com\\\/pl\\\/#website\"},\"primaryImageOfPage\":{\"@id\":\"https:\\\/\\\/plattalaw.com\\\/pl\\\/nasi-prawnicy\\\/#primaryimage\"},\"image\":{\"@id\":\"https:\\\/\\\/plattalaw.com\\\/pl\\\/nasi-prawnicy\\\/#primaryimage\"},\"thumbnailUrl\":\"https:\\\/\\\/plattalaw.com\\\/wp-content\\\/uploads\\\/2025\\\/08\\\/Slawek-Platta-300x300-1.webp\",\"datePublished\":\"2021-07-29T18:36:44+00:00\",\"dateModified\":\"2026-04-03T19:35:44+00:00\",\"description\":\"Kancelaria Prawna Platta szczyci si\u0119 swoimi kompetentnymi i do\u015bwiadczonymi prawnikami. Dowiedz si\u0119 wi\u0119cej o naszych nagradzanych prawnikach i o tym, jak mog\u0105 Pa\u0144stwu pom\u00f3c.\",\"breadcrumb\":{\"@id\":\"https:\\\/\\\/plattalaw.com\\\/pl\\\/nasi-prawnicy\\\/#breadcrumb\"},\"inLanguage\":\"pl-PL\",\"potentialAction\":[{\"@type\":\"ReadAction\",\"target\":[\"https:\\\/\\\/plattalaw.com\\\/pl\\\/nasi-prawnicy\\\/\"]}]},{\"@type\":\"ImageObject\",\"inLanguage\":\"pl-PL\",\"@id\":\"https:\\\/\\\/plattalaw.com\\\/pl\\\/nasi-prawnicy\\\/#primaryimage\",\"url\":\"https:\\\/\\\/plattalaw.com\\\/wp-content\\\/uploads\\\/2025\\\/08\\\/Slawek-Platta-300x300-1.webp\",\"contentUrl\":\"https:\\\/\\\/plattalaw.com\\\/wp-content\\\/uploads\\\/2025\\\/08\\\/Slawek-Platta-300x300-1.webp\"},{\"@type\":\"BreadcrumbList\",\"@id\":\"https:\\\/\\\/plattalaw.com\\\/pl\\\/nasi-prawnicy\\\/#breadcrumb\",\"itemListElement\":[{\"@type\":\"ListItem\",\"position\":1,\"name\":\"Strona g\u0142\u00f3wna\",\"item\":\"https:\\\/\\\/plattalaw.com\\\/pl\\\/\"},{\"@type\":\"ListItem\",\"position\":2,\"name\":\"Nasi prawnicy\"}]},{\"@type\":\"WebSite\",\"@id\":\"https:\\\/\\\/plattalaw.com\\\/pl\\\/#website\",\"url\":\"https:\\\/\\\/plattalaw.com\\\/pl\\\/\",\"name\":\"The Platta Law Firm\",\"description\":\"Personal Injury Lawyer\",\"publisher\":{\"@id\":\"https:\\\/\\\/plattalaw.com\\\/pl\\\/#organization\"},\"potentialAction\":[{\"@type\":\"SearchAction\",\"target\":{\"@type\":\"EntryPoint\",\"urlTemplate\":\"https:\\\/\\\/plattalaw.com\\\/pl\\\/?s={search_term_string}\"},\"query-input\":{\"@type\":\"PropertyValueSpecification\",\"valueRequired\":true,\"valueName\":\"search_term_string\"}}],\"inLanguage\":\"pl-PL\"},{\"@type\":\"Organization\",\"@id\":\"https:\\\/\\\/plattalaw.com\\\/pl\\\/#organization\",\"name\":\"Kancelaria Prawna Platta\",\"url\":\"https:\\\/\\\/plattalaw.com\\\/pl\\\/\",\"logo\":{\"@type\":\"ImageObject\",\"inLanguage\":\"pl-PL\",\"@id\":\"https:\\\/\\\/plattalaw.com\\\/pl\\\/#\\\/schema\\\/logo\\\/image\\\/\",\"url\":\"https:\\\/\\\/plattalaw.com\\\/wp-content\\\/uploads\\\/2021\\\/07\\\/The-Platta-Law-Firm-Website-Logo.webp\",\"contentUrl\":\"https:\\\/\\\/plattalaw.com\\\/wp-content\\\/uploads\\\/2021\\\/07\\\/The-Platta-Law-Firm-Website-Logo.webp\",\"width\":1648,\"height\":198,\"caption\":\"Kancelaria Prawna Platta\"},\"image\":{\"@id\":\"https:\\\/\\\/plattalaw.com\\\/pl\\\/#\\\/schema\\\/logo\\\/image\\\/\"}}]}<\/script>\n<!-- \/ Yoast SEO Premium plugin. -->","yoast_head_json":{"title":"Nasi prawnicy - Kancelaria Prawna Platta","description":"Kancelaria Prawna Platta szczyci si\u0119 swoimi kompetentnymi i do\u015bwiadczonymi prawnikami. Dowiedz si\u0119 wi\u0119cej o naszych nagradzanych prawnikach i o tym, jak mog\u0105 Pa\u0144stwu pom\u00f3c.","robots":{"index":"index","follow":"follow","max-snippet":"max-snippet:-1","max-image-preview":"max-image-preview:large","max-video-preview":"max-video-preview:-1"},"canonical":"https:\/\/plattalaw.com\/pl\/nasi-prawnicy\/","og_locale":"pl_PL","og_type":"article","og_title":"Nasi prawnicy","og_description":"Kancelaria Prawna Platta szczyci si\u0119 swoimi kompetentnymi i do\u015bwiadczonymi prawnikami. Dowiedz si\u0119 wi\u0119cej o naszych nagradzanych prawnikach i o tym, jak mog\u0105 Pa\u0144stwu pom\u00f3c.","og_url":"https:\/\/plattalaw.com\/pl\/nasi-prawnicy\/","og_site_name":"The Platta Law Firm","article_modified_time":"2026-04-03T19:35:44+00:00","og_image":[{"width":300,"height":300,"url":"https:\/\/plattalaw.com\/wp-content\/uploads\/2025\/08\/Slawek-Platta-300x300-1.webp","type":"image\/webp"}],"twitter_card":"summary_large_image","twitter_misc":{"Szacowany czas czytania":"3 minuty"},"schema":{"@context":"https:\/\/schema.org","@graph":[{"@type":"WebPage","@id":"https:\/\/plattalaw.com\/pl\/nasi-prawnicy\/","url":"https:\/\/plattalaw.com\/pl\/nasi-prawnicy\/","name":"Nasi prawnicy - Kancelaria Prawna Platta","isPartOf":{"@id":"https:\/\/plattalaw.com\/pl\/#website"},"primaryImageOfPage":{"@id":"https:\/\/plattalaw.com\/pl\/nasi-prawnicy\/#primaryimage"},"image":{"@id":"https:\/\/plattalaw.com\/pl\/nasi-prawnicy\/#primaryimage"},"thumbnailUrl":"https:\/\/plattalaw.com\/wp-content\/uploads\/2025\/08\/Slawek-Platta-300x300-1.webp","datePublished":"2021-07-29T18:36:44+00:00","dateModified":"2026-04-03T19:35:44+00:00","description":"Kancelaria Prawna Platta szczyci si\u0119 swoimi kompetentnymi i do\u015bwiadczonymi prawnikami. Dowiedz si\u0119 wi\u0119cej o naszych nagradzanych prawnikach i o tym, jak mog\u0105 Pa\u0144stwu pom\u00f3c.","breadcrumb":{"@id":"https:\/\/plattalaw.com\/pl\/nasi-prawnicy\/#breadcrumb"},"inLanguage":"pl-PL","potentialAction":[{"@type":"ReadAction","target":["https:\/\/plattalaw.com\/pl\/nasi-prawnicy\/"]}]},{"@type":"ImageObject","inLanguage":"pl-PL","@id":"https:\/\/plattalaw.com\/pl\/nasi-prawnicy\/#primaryimage","url":"https:\/\/plattalaw.com\/wp-content\/uploads\/2025\/08\/Slawek-Platta-300x300-1.webp","contentUrl":"https:\/\/plattalaw.com\/wp-content\/uploads\/2025\/08\/Slawek-Platta-300x300-1.webp"},{"@type":"BreadcrumbList","@id":"https:\/\/plattalaw.com\/pl\/nasi-prawnicy\/#breadcrumb","itemListElement":[{"@type":"ListItem","position":1,"name":"Strona g\u0142\u00f3wna","item":"https:\/\/plattalaw.com\/pl\/"},{"@type":"ListItem","position":2,"name":"Nasi prawnicy"}]},{"@type":"WebSite","@id":"https:\/\/plattalaw.com\/pl\/#website","url":"https:\/\/plattalaw.com\/pl\/","name":"The Platta Law Firm","description":"Personal Injury Lawyer","publisher":{"@id":"https:\/\/plattalaw.com\/pl\/#organization"},"potentialAction":[{"@type":"SearchAction","target":{"@type":"EntryPoint","urlTemplate":"https:\/\/plattalaw.com\/pl\/?s={search_term_string}"},"query-input":{"@type":"PropertyValueSpecification","valueRequired":true,"valueName":"search_term_string"}}],"inLanguage":"pl-PL"},{"@type":"Organization","@id":"https:\/\/plattalaw.com\/pl\/#organization","name":"Kancelaria Prawna Platta","url":"https:\/\/plattalaw.com\/pl\/","logo":{"@type":"ImageObject","inLanguage":"pl-PL","@id":"https:\/\/plattalaw.com\/pl\/#\/schema\/logo\/image\/","url":"https:\/\/plattalaw.com\/wp-content\/uploads\/2021\/07\/The-Platta-Law-Firm-Website-Logo.webp","contentUrl":"https:\/\/plattalaw.com\/wp-content\/uploads\/2021\/07\/The-Platta-Law-Firm-Website-Logo.webp","width":1648,"height":198,"caption":"Kancelaria Prawna Platta"},"image":{"@id":"https:\/\/plattalaw.com\/pl\/#\/schema\/logo\/image\/"}}]}},"_links":{"self":[{"href":"https:\/\/plattalaw.com\/pl\/wp-json\/wp\/v2\/pages\/117090","targetHints":{"allow":["GET"]}}],"collection":[{"href":"https:\/\/plattalaw.com\/pl\/wp-json\/wp\/v2\/pages"}],"about":[{"href":"https:\/\/plattalaw.com\/pl\/wp-json\/wp\/v2\/types\/page"}],"author":[{"embeddable":true,"href":"https:\/\/plattalaw.com\/pl\/wp-json\/wp\/v2\/users\/2"}],"replies":[{"embeddable":true,"href":"https:\/\/plattalaw.com\/pl\/wp-json\/wp\/v2\/comments?post=117090"}],"version-history":[{"count":11,"href":"https:\/\/plattalaw.com\/pl\/wp-json\/wp\/v2\/pages\/117090\/revisions"}],"predecessor-version":[{"id":120514,"href":"https:\/\/plattalaw.com\/pl\/wp-json\/wp\/v2\/pages\/117090\/revisions\/120514"}],"wp:attachment":[{"href":"https:\/\/plattalaw.com\/pl\/wp-json\/wp\/v2\/media?parent=117090"}],"curies":[{"name":"wp","href":"https:\/\/api.w.org\/{rel}","templated":true}]}}