{"id":116963,"date":"2021-07-29T14:35:59","date_gmt":"2021-07-29T18:35:59","guid":{"rendered":"https:\/\/plattalaw.com\/o-nas\/"},"modified":"2026-04-03T15:45:17","modified_gmt":"2026-04-03T19:45:17","slug":"o-nas","status":"publish","type":"page","link":"https:\/\/plattalaw.com\/pl\/o-nas\/","title":{"rendered":"O nas"},"content":{"rendered":"\t\t<div data-elementor-type=\"wp-page\" data-elementor-id=\"116963\" class=\"elementor elementor-116963 elementor-803\" data-elementor-post-type=\"page\">\n\t\t\t\t<div class=\"elementor-element elementor-element-7438d92 elementor-hidden-tablet e-flex e-con-boxed e-con e-parent\" data-id=\"7438d92\" data-element_type=\"container\" data-e-type=\"container\" data-settings=\"{&quot;background_background&quot;:&quot;classic&quot;}\">\n\t\t\t\t\t<div class=\"e-con-inner\">\n\t\t\t\t<div class=\"elementor-element elementor-element-9b7d3ab elementor-hidden-desktop elementor-hidden-tablet elementor-widget-mobile__width-initial elementor-widget elementor-widget-heading\" data-id=\"9b7d3ab\" data-element_type=\"widget\" data-e-type=\"widget\" data-widget_type=\"heading.default\">\n\t\t\t\t\t<p class=\"elementor-heading-title elementor-size-default\">O NAS<\/p>\t\t\t\t<\/div>\n\t\t\t\t<div class=\"elementor-element elementor-element-4fa986c elementor-align-center elementor-hidden-desktop elementor-hidden-tablet elementor-hidden-laptop elementor-widget elementor-widget-button\" data-id=\"4fa986c\" data-element_type=\"widget\" data-e-type=\"widget\" data-widget_type=\"button.default\">\n\t\t\t\t\t\t\t\t\t\t<a class=\"elementor-button elementor-button-link elementor-size-sm elementor-animation-shrink\" href=\"#free-case-evaluation\">\n\t\t\t\t\t\t<span class=\"elementor-button-content-wrapper\">\n\t\t\t\t\t\t\t\t\t<span class=\"elementor-button-text\">Bezp\u0142atna ocena sprawy<\/span>\n\t\t\t\t\t<\/span>\n\t\t\t\t\t<\/a>\n\t\t\t\t\t\t\t\t<\/div>\n\t\t\t\t\t<\/div>\n\t\t\t\t<\/div>\n\t\t<div class=\"elementor-element elementor-element-49ec0d3 e-flex e-con-boxed e-con e-parent\" data-id=\"49ec0d3\" data-element_type=\"container\" data-e-type=\"container\">\n\t\t\t\t\t<div class=\"e-con-inner\">\n\t\t<div class=\"elementor-element elementor-element-d1bfc3a e-con-full e-flex e-con e-child\" data-id=\"d1bfc3a\" data-element_type=\"container\" data-e-type=\"container\" data-settings=\"{&quot;background_background&quot;:&quot;classic&quot;}\">\n\t\t\t\t<div class=\"elementor-element elementor-element-ce4308a elementor-widget elementor-widget-image\" data-id=\"ce4308a\" data-element_type=\"widget\" data-e-type=\"widget\" data-widget_type=\"image.default\">\n\t\t\t\t\t\t\t\t\t\t\t\t\t\t\t\t<a href=\"https:\/\/plattalaw.com\/pl\/o-nas\/opinie-w-google\/\">\n\t\t\t\t\t\t\t<img decoding=\"async\" width=\"800\" height=\"462\" src=\"https:\/\/plattalaw.com\/wp-content\/uploads\/2025\/05\/150-reviews-of-our-clients-to-our-firm-1024x591.webp\" class=\"attachment-large size-large wp-image-116966\" alt=\"Ponad 150 opinii naszych klient\u00f3w o naszej kancelarii\" srcset=\"https:\/\/plattalaw.com\/wp-content\/uploads\/2025\/05\/150-reviews-of-our-clients-to-our-firm-1024x591.webp 1024w, https:\/\/plattalaw.com\/wp-content\/uploads\/2025\/05\/150-reviews-of-our-clients-to-our-firm-300x173.webp 300w, https:\/\/plattalaw.com\/wp-content\/uploads\/2025\/05\/150-reviews-of-our-clients-to-our-firm-768x444.webp 768w, https:\/\/plattalaw.com\/wp-content\/uploads\/2025\/05\/150-reviews-of-our-clients-to-our-firm.webp 1347w\" sizes=\"(max-width: 800px) 100vw, 800px\" \/>\t\t\t\t\t\t\t\t<\/a>\n\t\t\t\t\t\t\t\t\t\t\t\t\t\t\t<\/div>\n\t\t\t\t<div class=\"elementor-element elementor-element-932d171 elementor-widget elementor-widget-image\" data-id=\"932d171\" data-element_type=\"widget\" data-e-type=\"widget\" data-widget_type=\"image.default\">\n\t\t\t\t\t\t\t\t\t\t\t\t\t\t\t\t<a href=\"https:\/\/plattalaw.com\/pl\/o-nas\/nasze-wyroznienia\/\">\n\t\t\t\t\t\t\t<img decoding=\"async\" width=\"800\" height=\"462\" src=\"https:\/\/plattalaw.com\/wp-content\/uploads\/2025\/05\/18-Awards-to-Our-Lawyers-1024x591.webp\" class=\"attachment-large size-large wp-image-116967\" alt=\"18 nagr\u00f3d dla naszych prawnik\u00f3w\" srcset=\"https:\/\/plattalaw.com\/wp-content\/uploads\/2025\/05\/18-Awards-to-Our-Lawyers-1024x591.webp 1024w, https:\/\/plattalaw.com\/wp-content\/uploads\/2025\/05\/18-Awards-to-Our-Lawyers-300x173.webp 300w, https:\/\/plattalaw.com\/wp-content\/uploads\/2025\/05\/18-Awards-to-Our-Lawyers-768x444.webp 768w, https:\/\/plattalaw.com\/wp-content\/uploads\/2025\/05\/18-Awards-to-Our-Lawyers.webp 1347w\" sizes=\"(max-width: 800px) 100vw, 800px\" \/>\t\t\t\t\t\t\t\t<\/a>\n\t\t\t\t\t\t\t\t\t\t\t\t\t\t\t<\/div>\n\t\t\t\t<\/div>\n\t\t<div class=\"elementor-element elementor-element-8c3703a e-con-full e-flex e-con e-child\" data-id=\"8c3703a\" data-element_type=\"container\" data-e-type=\"container\">\n\t\t\t\t<div class=\"elementor-element elementor-element-a43b1f7 elementor-hidden-mobile elementor-widget elementor-widget-heading\" data-id=\"a43b1f7\" data-element_type=\"widget\" data-e-type=\"widget\" data-widget_type=\"heading.default\">\n\t\t\t\t\t<h1 class=\"elementor-heading-title elementor-size-default\">Nasza kancelaria<\/h1>\t\t\t\t<\/div>\n\t\t\t\t<div class=\"elementor-element elementor-element-ae17e30 elementor-widget elementor-widget-text-editor\" data-id=\"ae17e30\" data-element_type=\"widget\" data-e-type=\"widget\" data-widget_type=\"text-editor.default\">\n\t\t\t\t\t\t\t\t\t<p>Wiele kancelarii prawnych mo\u017ce pochwali\u0107 si\u0119 wysokimi kwotami ug\u00f3d, ale niewiele mo\u017ce powiedzie\u0107, \u017ce odegra\u0142o kluczow\u0105 rol\u0119 w zmianie prawa. To w\u0142a\u015bnie my zrobili\u015bmy w 2011 roku. Tego roku nasza kancelaria prowadzi\u0142a spraw\u0119 <a href=\"https:\/\/plattalaw.com\/pl\/o-nas\/sprawa-wilinskiego\/\">Wilinski<\/a> przeciwko 334 East 92nd Housing Development Fund Corp. a\u017c do najwy\u017cszego s\u0105du stanu Nowy Jork, Court of Appeals.  <\/p><p>Nasza skuteczna apelacja ustanowi\u0142a nowy precedens, kt\u00f3ry umo\u017cliwia pracownikom dochodzenie odszkodowa\u0144 za obra\u017cenia odniesione w wypadkach budowlanych, kt\u00f3re wcze\u015bniej nie by\u0142y chronione przez prawo stanu Nowy Jork. W sprawie Wilinski rozszerzyli\u015bmy zakres zagro\u017ce\u0144 budowlanych chronionych przez prawo, umo\u017cliwiaj\u0105c tym samym wielu pracownikom budowlanym uzyskanie odszkodowa\u0144 za ich obra\u017cenia i szkody ekonomiczne. Inne kancelarie odwo\u0142uj\u0105 si\u0119 obecnie do sprawy Wilinski, aby uzasadni\u0107 zasadno\u015b\u0107 w\u0142asnych spraw. Do tych kancelarii m\u00f3wi\u0119: nie ma za co!   <\/p>\t\t\t\t\t\t\t\t<\/div>\n\t\t\t\t<\/div>\n\t\t\t\t\t<\/div>\n\t\t\t\t<\/div>\n\t\t\t\t<\/div>\n\t\t","protected":false},"excerpt":{"rendered":"<p>O NAS Bezp\u0142atna ocena sprawy Nasza kancelaria Wiele kancelarii prawnych mo\u017ce pochwali\u0107 si\u0119 wysokimi kwotami ug\u00f3d, ale niewiele mo\u017ce powiedzie\u0107, \u017ce odegra\u0142o kluczow\u0105 rol\u0119 w zmianie prawa. To w\u0142a\u015bnie my zrobili\u015bmy w 2011 roku. Tego roku nasza kancelaria prowadzi\u0142a spraw\u0119 Wilinski przeciwko 334 East 92nd Housing Development Fund Corp. a\u017c do najwy\u017cszego s\u0105du stanu Nowy [&hellip;]<\/p>\n","protected":false},"author":2,"featured_media":116968,"parent":0,"menu_order":0,"comment_status":"closed","ping_status":"closed","template":"elementor_header_footer","meta":{"footnotes":""},"class_list":["post-116963","page","type-page","status-publish","has-post-thumbnail","hentry"],"yoast_head":"<!-- This site is optimized with the Yoast SEO Premium plugin v27.3 (Yoast SEO v27.3) - https:\/\/yoast.com\/product\/yoast-seo-premium-wordpress\/ -->\n<title>O kancelarii - The Platta Law Firm - plattalaw.com<\/title>\n<meta name=\"description\" content=\"The Platta Law Firm to presti\u017cowa kancelaria prawna specjalizuj\u0105ca si\u0119 w sprawach odszkodowawczych, zlokalizowana w dzielnicy finansowej Manhattanu. Oferujemy bezp\u0142atne konsultacje.\" \/>\n<meta name=\"robots\" content=\"index, follow, max-snippet:-1, max-image-preview:large, max-video-preview:-1\" \/>\n<link rel=\"canonical\" href=\"https:\/\/plattalaw.com\/pl\/o-nas\/\" \/>\n<meta property=\"og:locale\" content=\"pl_PL\" \/>\n<meta property=\"og:type\" content=\"article\" \/>\n<meta property=\"og:title\" content=\"O nas\" \/>\n<meta property=\"og:description\" content=\"The Platta Law Firm to presti\u017cowa kancelaria prawna specjalizuj\u0105ca si\u0119 w sprawach odszkodowawczych, zlokalizowana w dzielnicy finansowej Manhattanu. Oferujemy bezp\u0142atne konsultacje.\" \/>\n<meta property=\"og:url\" content=\"https:\/\/plattalaw.com\/pl\/o-nas\/\" \/>\n<meta property=\"og:site_name\" content=\"The Platta Law Firm\" \/>\n<meta property=\"article:modified_time\" content=\"2026-04-03T19:45:17+00:00\" \/>\n<meta property=\"og:image\" content=\"https:\/\/plattalaw.com\/wp-content\/uploads\/2025\/10\/Slaweks-Desk-Image.webp\" \/>\n\t<meta property=\"og:image:width\" content=\"879\" \/>\n\t<meta property=\"og:image:height\" content=\"979\" \/>\n\t<meta property=\"og:image:type\" content=\"image\/webp\" \/>\n<meta name=\"twitter:card\" content=\"summary_large_image\" \/>\n<meta name=\"twitter:label1\" content=\"Szacowany czas czytania\" \/>\n\t<meta name=\"twitter:data1\" content=\"1 minuta\" \/>\n<script type=\"application\/ld+json\" class=\"yoast-schema-graph\">{\"@context\":\"https:\\\/\\\/schema.org\",\"@graph\":[{\"@type\":\"WebPage\",\"@id\":\"https:\\\/\\\/plattalaw.com\\\/pl\\\/o-nas\\\/\",\"url\":\"https:\\\/\\\/plattalaw.com\\\/pl\\\/o-nas\\\/\",\"name\":\"O kancelarii - The Platta Law Firm - plattalaw.com\",\"isPartOf\":{\"@id\":\"https:\\\/\\\/plattalaw.com\\\/pl\\\/#website\"},\"primaryImageOfPage\":{\"@id\":\"https:\\\/\\\/plattalaw.com\\\/pl\\\/o-nas\\\/#primaryimage\"},\"image\":{\"@id\":\"https:\\\/\\\/plattalaw.com\\\/pl\\\/o-nas\\\/#primaryimage\"},\"thumbnailUrl\":\"https:\\\/\\\/plattalaw.com\\\/wp-content\\\/uploads\\\/2025\\\/10\\\/Slaweks-Desk-Image.webp\",\"datePublished\":\"2021-07-29T18:35:59+00:00\",\"dateModified\":\"2026-04-03T19:45:17+00:00\",\"description\":\"The Platta Law Firm to presti\u017cowa kancelaria prawna specjalizuj\u0105ca si\u0119 w sprawach odszkodowawczych, zlokalizowana w dzielnicy finansowej Manhattanu. Oferujemy bezp\u0142atne konsultacje.\",\"breadcrumb\":{\"@id\":\"https:\\\/\\\/plattalaw.com\\\/pl\\\/o-nas\\\/#breadcrumb\"},\"inLanguage\":\"pl-PL\",\"potentialAction\":[{\"@type\":\"ReadAction\",\"target\":[\"https:\\\/\\\/plattalaw.com\\\/pl\\\/o-nas\\\/\"]}]},{\"@type\":\"ImageObject\",\"inLanguage\":\"pl-PL\",\"@id\":\"https:\\\/\\\/plattalaw.com\\\/pl\\\/o-nas\\\/#primaryimage\",\"url\":\"https:\\\/\\\/plattalaw.com\\\/wp-content\\\/uploads\\\/2025\\\/10\\\/Slaweks-Desk-Image.webp\",\"contentUrl\":\"https:\\\/\\\/plattalaw.com\\\/wp-content\\\/uploads\\\/2025\\\/10\\\/Slaweks-Desk-Image.webp\",\"width\":879,\"height\":979,\"caption\":\"Zdj\u0119cie biurka S\u0142awka \u2013 Kancelaria Prawna Platta\"},{\"@type\":\"BreadcrumbList\",\"@id\":\"https:\\\/\\\/plattalaw.com\\\/pl\\\/o-nas\\\/#breadcrumb\",\"itemListElement\":[{\"@type\":\"ListItem\",\"position\":1,\"name\":\"Strona g\u0142\u00f3wna\",\"item\":\"https:\\\/\\\/plattalaw.com\\\/pl\\\/\"},{\"@type\":\"ListItem\",\"position\":2,\"name\":\"O nas\"}]},{\"@type\":\"WebSite\",\"@id\":\"https:\\\/\\\/plattalaw.com\\\/pl\\\/#website\",\"url\":\"https:\\\/\\\/plattalaw.com\\\/pl\\\/\",\"name\":\"The Platta Law Firm\",\"description\":\"Personal Injury Lawyer\",\"publisher\":{\"@id\":\"https:\\\/\\\/plattalaw.com\\\/pl\\\/#organization\"},\"potentialAction\":[{\"@type\":\"SearchAction\",\"target\":{\"@type\":\"EntryPoint\",\"urlTemplate\":\"https:\\\/\\\/plattalaw.com\\\/pl\\\/?s={search_term_string}\"},\"query-input\":{\"@type\":\"PropertyValueSpecification\",\"valueRequired\":true,\"valueName\":\"search_term_string\"}}],\"inLanguage\":\"pl-PL\"},{\"@type\":\"Organization\",\"@id\":\"https:\\\/\\\/plattalaw.com\\\/pl\\\/#organization\",\"name\":\"Kancelaria Prawna Platta\",\"url\":\"https:\\\/\\\/plattalaw.com\\\/pl\\\/\",\"logo\":{\"@type\":\"ImageObject\",\"inLanguage\":\"pl-PL\",\"@id\":\"https:\\\/\\\/plattalaw.com\\\/pl\\\/#\\\/schema\\\/logo\\\/image\\\/\",\"url\":\"https:\\\/\\\/plattalaw.com\\\/wp-content\\\/uploads\\\/2021\\\/07\\\/The-Platta-Law-Firm-Website-Logo.webp\",\"contentUrl\":\"https:\\\/\\\/plattalaw.com\\\/wp-content\\\/uploads\\\/2021\\\/07\\\/The-Platta-Law-Firm-Website-Logo.webp\",\"width\":1648,\"height\":198,\"caption\":\"Kancelaria Prawna Platta\"},\"image\":{\"@id\":\"https:\\\/\\\/plattalaw.com\\\/pl\\\/#\\\/schema\\\/logo\\\/image\\\/\"}}]}<\/script>\n<!-- \/ Yoast SEO Premium plugin. -->","yoast_head_json":{"title":"O kancelarii - The Platta Law Firm - plattalaw.com","description":"The Platta Law Firm to presti\u017cowa kancelaria prawna specjalizuj\u0105ca si\u0119 w sprawach odszkodowawczych, zlokalizowana w dzielnicy finansowej Manhattanu. Oferujemy bezp\u0142atne konsultacje.","robots":{"index":"index","follow":"follow","max-snippet":"max-snippet:-1","max-image-preview":"max-image-preview:large","max-video-preview":"max-video-preview:-1"},"canonical":"https:\/\/plattalaw.com\/pl\/o-nas\/","og_locale":"pl_PL","og_type":"article","og_title":"O nas","og_description":"The Platta Law Firm to presti\u017cowa kancelaria prawna specjalizuj\u0105ca si\u0119 w sprawach odszkodowawczych, zlokalizowana w dzielnicy finansowej Manhattanu. Oferujemy bezp\u0142atne konsultacje.","og_url":"https:\/\/plattalaw.com\/pl\/o-nas\/","og_site_name":"The Platta Law Firm","article_modified_time":"2026-04-03T19:45:17+00:00","og_image":[{"width":879,"height":979,"url":"https:\/\/plattalaw.com\/wp-content\/uploads\/2025\/10\/Slaweks-Desk-Image.webp","type":"image\/webp"}],"twitter_card":"summary_large_image","twitter_misc":{"Szacowany czas czytania":"1 minuta"},"schema":{"@context":"https:\/\/schema.org","@graph":[{"@type":"WebPage","@id":"https:\/\/plattalaw.com\/pl\/o-nas\/","url":"https:\/\/plattalaw.com\/pl\/o-nas\/","name":"O kancelarii - The Platta Law Firm - plattalaw.com","isPartOf":{"@id":"https:\/\/plattalaw.com\/pl\/#website"},"primaryImageOfPage":{"@id":"https:\/\/plattalaw.com\/pl\/o-nas\/#primaryimage"},"image":{"@id":"https:\/\/plattalaw.com\/pl\/o-nas\/#primaryimage"},"thumbnailUrl":"https:\/\/plattalaw.com\/wp-content\/uploads\/2025\/10\/Slaweks-Desk-Image.webp","datePublished":"2021-07-29T18:35:59+00:00","dateModified":"2026-04-03T19:45:17+00:00","description":"The Platta Law Firm to presti\u017cowa kancelaria prawna specjalizuj\u0105ca si\u0119 w sprawach odszkodowawczych, zlokalizowana w dzielnicy finansowej Manhattanu. Oferujemy bezp\u0142atne konsultacje.","breadcrumb":{"@id":"https:\/\/plattalaw.com\/pl\/o-nas\/#breadcrumb"},"inLanguage":"pl-PL","potentialAction":[{"@type":"ReadAction","target":["https:\/\/plattalaw.com\/pl\/o-nas\/"]}]},{"@type":"ImageObject","inLanguage":"pl-PL","@id":"https:\/\/plattalaw.com\/pl\/o-nas\/#primaryimage","url":"https:\/\/plattalaw.com\/wp-content\/uploads\/2025\/10\/Slaweks-Desk-Image.webp","contentUrl":"https:\/\/plattalaw.com\/wp-content\/uploads\/2025\/10\/Slaweks-Desk-Image.webp","width":879,"height":979,"caption":"Zdj\u0119cie biurka S\u0142awka \u2013 Kancelaria Prawna Platta"},{"@type":"BreadcrumbList","@id":"https:\/\/plattalaw.com\/pl\/o-nas\/#breadcrumb","itemListElement":[{"@type":"ListItem","position":1,"name":"Strona g\u0142\u00f3wna","item":"https:\/\/plattalaw.com\/pl\/"},{"@type":"ListItem","position":2,"name":"O nas"}]},{"@type":"WebSite","@id":"https:\/\/plattalaw.com\/pl\/#website","url":"https:\/\/plattalaw.com\/pl\/","name":"The Platta Law Firm","description":"Personal Injury Lawyer","publisher":{"@id":"https:\/\/plattalaw.com\/pl\/#organization"},"potentialAction":[{"@type":"SearchAction","target":{"@type":"EntryPoint","urlTemplate":"https:\/\/plattalaw.com\/pl\/?s={search_term_string}"},"query-input":{"@type":"PropertyValueSpecification","valueRequired":true,"valueName":"search_term_string"}}],"inLanguage":"pl-PL"},{"@type":"Organization","@id":"https:\/\/plattalaw.com\/pl\/#organization","name":"Kancelaria Prawna Platta","url":"https:\/\/plattalaw.com\/pl\/","logo":{"@type":"ImageObject","inLanguage":"pl-PL","@id":"https:\/\/plattalaw.com\/pl\/#\/schema\/logo\/image\/","url":"https:\/\/plattalaw.com\/wp-content\/uploads\/2021\/07\/The-Platta-Law-Firm-Website-Logo.webp","contentUrl":"https:\/\/plattalaw.com\/wp-content\/uploads\/2021\/07\/The-Platta-Law-Firm-Website-Logo.webp","width":1648,"height":198,"caption":"Kancelaria Prawna Platta"},"image":{"@id":"https:\/\/plattalaw.com\/pl\/#\/schema\/logo\/image\/"}}]}},"_links":{"self":[{"href":"https:\/\/plattalaw.com\/pl\/wp-json\/wp\/v2\/pages\/116963","targetHints":{"allow":["GET"]}}],"collection":[{"href":"https:\/\/plattalaw.com\/pl\/wp-json\/wp\/v2\/pages"}],"about":[{"href":"https:\/\/plattalaw.com\/pl\/wp-json\/wp\/v2\/types\/page"}],"author":[{"embeddable":true,"href":"https:\/\/plattalaw.com\/pl\/wp-json\/wp\/v2\/users\/2"}],"replies":[{"embeddable":true,"href":"https:\/\/plattalaw.com\/pl\/wp-json\/wp\/v2\/comments?post=116963"}],"version-history":[{"count":5,"href":"https:\/\/plattalaw.com\/pl\/wp-json\/wp\/v2\/pages\/116963\/revisions"}],"predecessor-version":[{"id":120551,"href":"https:\/\/plattalaw.com\/pl\/wp-json\/wp\/v2\/pages\/116963\/revisions\/120551"}],"wp:featuredmedia":[{"embeddable":true,"href":"https:\/\/plattalaw.com\/pl\/wp-json\/wp\/v2\/media\/116968"}],"wp:attachment":[{"href":"https:\/\/plattalaw.com\/pl\/wp-json\/wp\/v2\/media?parent=116963"}],"curies":[{"name":"wp","href":"https:\/\/api.w.org\/{rel}","templated":true}]}}